{"id":8165,"date":"2018-08-27T19:13:18","date_gmt":"2018-08-27T17:13:18","guid":{"rendered":"https:\/\/www.topohvar.at\/?page_id=8165"},"modified":"2020-02-26T19:32:49","modified_gmt":"2020-02-26T18:32:49","slug":"vk-cp-01-1","status":"publish","type":"page","link":"https:\/\/www.topohvar.at\/topo\/orte\/vk\/vk-cp-01-1\/","title":{"rendered":"VRISNIK &#8211; Kapela \u00bbSv. Roko\u00ab"},"content":{"rendered":"<p><strong><img loading=\"lazy\" decoding=\"async\" class=\"alignnone wp-image-8091 size-large\" src=\"https:\/\/www.topohvar.at\/wp-content\/uploads\/2018\/08\/VK-CP-01-0-1024x503.jpg\" alt=\"\" width=\"640\" height=\"314\" srcset=\"https:\/\/www.topohvar.at\/wp-content\/uploads\/2018\/08\/VK-CP-01-0-1024x503.jpg 1024w, https:\/\/www.topohvar.at\/wp-content\/uploads\/2018\/08\/VK-CP-01-0-300x147.jpg 300w, https:\/\/www.topohvar.at\/wp-content\/uploads\/2018\/08\/VK-CP-01-0-768x377.jpg 768w, https:\/\/www.topohvar.at\/wp-content\/uploads\/2018\/08\/VK-CP-01-0.jpg 1080w\" sizes=\"auto, (max-width: 640px) 100vw, 640px\" \/><\/strong><\/p>\n<p><strong>Ime \/ Name<br \/>\n<\/strong>Kapela \u00bbSv. Roko\u00ab \/ Kapelle des hl. Rochus<\/p>\n<p><strong>Code: <\/strong>VK-CP-01\u00a0 \u00a0 \u00a0 \u00a0 \u00a0 \u00a0 \u00a0 \u00a0<strong>\u00a0 \u00a0 \u00a0 \u00a0 \u00a0 \u00a0 \u00a0 \u00a0 \u00a0 \u00a0<a href=\"https:\/\/www.topohvar.at\/orte\/vk\/vk-cp-02-1\/\"><img loading=\"lazy\" decoding=\"async\" class=\"alignnone wp-image-533 size-full\" src=\"https:\/\/www.topohvar.at\/wp-content\/uploads\/2018\/07\/push-l-30.jpg\" alt=\"\" width=\"61\" height=\"30\" \/><\/a>\u00a0<a href=\"https:\/\/www.topohvar.at\/orte\/vk\/\"><img loading=\"lazy\" decoding=\"async\" class=\"alignnone wp-image-535 size-full\" src=\"https:\/\/www.topohvar.at\/wp-content\/uploads\/2018\/07\/push-o-30.jpg\" alt=\"\" width=\"61\" height=\"30\" \/><\/a>\u00a0<a href=\"https:\/\/www.topohvar.at\/orte\/vk\/vk-cp-03-1\/\"><img loading=\"lazy\" decoding=\"async\" class=\"alignnone wp-image-536 size-full\" src=\"https:\/\/www.topohvar.at\/wp-content\/uploads\/2018\/07\/push-r-30.jpg\" alt=\"\" width=\"61\" height=\"30\" \/><\/a><\/strong><\/p>\n<hr \/>\n<p><strong>Adresa \/ Adresse<br \/>\n<\/strong>Vrisnik<\/p>\n<p><strong>Lokalna polo\u017eaj \/ Position<a href=\"https:\/\/goo.gl\/maps\/XgCe9wJHDDynV52Z9\"><img loading=\"lazy\" decoding=\"async\" class=\"alignright wp-image-8235\" src=\"https:\/\/www.topohvar.at\/wp-content\/uploads\/2018\/08\/0926.jpg\" alt=\"\" width=\"134\" height=\"100\" \/><\/a><br \/>\n<\/strong><span style=\"color: #3366ff;\"><a style=\"color: #3366ff;\" href=\"https:\/\/goo.gl\/maps\/XgCe9wJHDDynV52Z9\">Latitude: N 43,15221\u00b0\u00a0 \u00a0 Longitude: E 16,65347\u00b0\u00a0<\/a><\/span><strong><br \/>\n<\/strong>Visina \/ H\u00f6he: 179 m<\/p>\n<p><strong>Zemlji\u0161te \/ Grundst\u00fccke<br \/>\n<\/strong>*124\/1, (*124\/2, *125, 938\/1, 938\/3, 958\/1, 958\/3, 1058, 1064\/1, 1064\/2)<div class='content-column one_half'><div style=\"padding-right:6px;\"><p><strong>Datum snimanja \/ Erfassungsdatum<br \/>\n<\/strong>24.05.2013 12:04:34<\/p>\n<hr \/>\n<p><strong>Informacije<\/strong><\/p>\n<p>\u017dupna crkva sv. Antuna Opata izgra\u0111ena je na uzvisini, na sjevernom rubu naselja Vrisnik. Pred prilazom crkvi je crkvica sv. Roka sa drvenim sve\u010devim kipom, koju je 1857. g. sagradio parun Ivan Grgi\u010devi\u0107 na temelju zavjeta Vrisni\u010dana u doba kad je otokom harala kolera.<\/p><\/div><\/div><div class='content-column one_half last_column'><div style=\"padding-right:0px;padding-left:6px;\"><p><strong>Za\u0161titni polo\u017eaj \/ Schutzstellung<br \/>\n<\/strong>Z-4944 (crkva Sv. Antun i kapela Sv. Roka)<\/p>\n<hr \/>\n<p><strong>Info<\/strong><\/p>\n<p>In der N\u00e4he der Pfarrkirche befindet sich die Rochuskapelle mit einer h\u00f6lzernen Figur des Heiligen, die 1857 von Ivan Grgi\u010devi\u0107 errichtet wurde, auf der Grundlage eines Gel\u00fcbdes der Menschen von Vrisnik als auf der Insel die Cholera tobte.<\/p><\/div><\/div><div class='clear_column'><\/div><div class='content-column one_half'><div style=\"padding-right:6px;\"><p>Aleja \u010dempresa iz 17. stolje\u0107a vodi od kapele gore do \u017eupne crkve Sv. Antuna Opata.<\/p><\/div><\/div><div class='content-column one_half last_column'><div style=\"padding-right:0px;padding-left:6px;\"><p>Eine Zypressenallee aus dem 17. Jahrhundert f\u00fchrt von der Kapelle hinauf zur Pfarrkirche des hl. Abt Antoniuis.<\/p><\/div><\/div><div class='clear_column'><\/div><div class='content-column one_half'><div style=\"padding-right:6px;\"><p>Kompleks \u017eupne crkve Sv. Ante Opata i kapele Sv. Roka &#8211; Registar kulturnih dobara Republike Hrvatske br. 01\/2011.<br \/>\nDatum tiskanog izdanja: 04. 08. 2011.<br \/>\nBroj registra Z-4944.<\/p><\/div><\/div><div class='content-column one_half last_column'><div style=\"padding-right:0px;padding-left:6px;\"><p>Komplex der Pfarrkirche des hl. Abtes Antonius und Kapelle des Hl. Rochus &#8211; Register der Kulturg\u00fcter der Republik Kroatien Nr. 01\/2011.<br \/>\nVer\u00f6ffentlichungsdatum: 04. 08. 2011.<br \/>\nRegistriernummer Z-4944.<\/p><\/div><\/div><div class='clear_column'><\/div><\/p>\n<hr \/>\n<p><strong>Linkovi \/ Links<\/strong><\/p>\n<p><span style=\"color: #3366ff;\"><a style=\"color: #3366ff;\" href=\"https:\/\/www.topohvar.at\/topo\/orte\/vk\/vk-ci-01-1\/\">\u017dupna crkva \u00bbSv. Antuna Opata\u00ab \/ Pfarrkirche zum hl. Abt Antonius<\/a>\u00a0<\/span><\/p>\n","protected":false},"excerpt":{"rendered":"<p>Ime \/ Name Kapela \u00bbSv. Roko\u00ab \/ Kapelle des hl. Rochus Code: VK-CP-01\u00a0 \u00a0 \u00a0 \u00a0 \u00a0 \u00a0 \u00a0 \u00a0\u00a0 \u00a0 \u00a0 \u00a0 \u00a0 \u00a0 \u00a0 \u00a0 \u00a0 \u00a0\u00a0\u00a0 Adresa \/ Adresse Vrisnik Lokalna polo\u017eaj \/ Position Latitude: N 43,15221\u00b0\u00a0 &hellip; <a href=\"https:\/\/www.topohvar.at\/topo\/orte\/vk\/vk-cp-01-1\/\">Weiterlesen <span class=\"meta-nav\">&rarr;<\/span><\/a><\/p>\n","protected":false},"author":1,"featured_media":0,"parent":113,"menu_order":0,"comment_status":"closed","ping_status":"closed","template":"","meta":{"footnotes":""},"class_list":["post-8165","page","type-page","status-publish","hentry"],"_links":{"self":[{"href":"https:\/\/www.topohvar.at\/topo\/wp-json\/wp\/v2\/pages\/8165","targetHints":{"allow":["GET"]}}],"collection":[{"href":"https:\/\/www.topohvar.at\/topo\/wp-json\/wp\/v2\/pages"}],"about":[{"href":"https:\/\/www.topohvar.at\/topo\/wp-json\/wp\/v2\/types\/page"}],"author":[{"embeddable":true,"href":"https:\/\/www.topohvar.at\/topo\/wp-json\/wp\/v2\/users\/1"}],"replies":[{"embeddable":true,"href":"https:\/\/www.topohvar.at\/topo\/wp-json\/wp\/v2\/comments?post=8165"}],"version-history":[{"count":14,"href":"https:\/\/www.topohvar.at\/topo\/wp-json\/wp\/v2\/pages\/8165\/revisions"}],"predecessor-version":[{"id":31698,"href":"https:\/\/www.topohvar.at\/topo\/wp-json\/wp\/v2\/pages\/8165\/revisions\/31698"}],"up":[{"embeddable":true,"href":"https:\/\/www.topohvar.at\/topo\/wp-json\/wp\/v2\/pages\/113"}],"wp:attachment":[{"href":"https:\/\/www.topohvar.at\/topo\/wp-json\/wp\/v2\/media?parent=8165"}],"curies":[{"name":"wp","href":"https:\/\/api.w.org\/{rel}","templated":true}]}}