{"id":8191,"date":"2018-08-27T19:31:34","date_gmt":"2018-08-27T17:31:34","guid":{"rendered":"https:\/\/www.topohvar.at\/?page_id=8191"},"modified":"2021-12-09T10:47:41","modified_gmt":"2021-12-09T09:47:41","slug":"vk-is-01-1","status":"publish","type":"page","link":"https:\/\/www.topohvar.at\/topo\/orte\/vk\/vk-is-01-1\/","title":{"rendered":"VRISNIK &#8211; Spomen plo\u010da \u00bbVrsni\u010dka Seoska Blagajna\u00ab"},"content":{"rendered":"<p><a name=\"seite_oben\"><\/a><br \/>\n<strong><img loading=\"lazy\" decoding=\"async\" class=\"alignnone wp-image-8101 size-large\" src=\"https:\/\/www.topohvar.at\/wp-content\/uploads\/2018\/08\/VK-IS-01-0-1024x503.jpg\" alt=\"\" width=\"640\" height=\"314\" srcset=\"https:\/\/www.topohvar.at\/wp-content\/uploads\/2018\/08\/VK-IS-01-0-1024x503.jpg 1024w, https:\/\/www.topohvar.at\/wp-content\/uploads\/2018\/08\/VK-IS-01-0-300x147.jpg 300w, https:\/\/www.topohvar.at\/wp-content\/uploads\/2018\/08\/VK-IS-01-0-768x377.jpg 768w, https:\/\/www.topohvar.at\/wp-content\/uploads\/2018\/08\/VK-IS-01-0.jpg 1080w\" sizes=\"auto, (max-width: 640px) 100vw, 640px\" \/><\/strong><\/p>\n<p><strong>Ime \/ Name<br \/>\n<\/strong>Spomen plo\u010da \u00bbVrsni\u010dka Seoska Blagajna\u00ab \/ Gedenktafel an die Ortskassa<\/p>\n<p><strong>Code: <\/strong>VK-IS-01\u00a0 \u00a0 \u00a0 \u00a0 \u00a0 \u00a0 \u00a0 \u00a0 \u00a0 \u00a0 \u00a0 \u00a0 \u00a0<strong>\u00a0 \u00a0 \u00a0 \u00a0 \u00a0<a href=\"https:\/\/www.topohvar.at\/orte\/vk\/vk-is-04-1\/\"><img loading=\"lazy\" decoding=\"async\" class=\"alignnone wp-image-533 size-full\" src=\"https:\/\/www.topohvar.at\/wp-content\/uploads\/2018\/07\/push-l-30.jpg\" alt=\"\" width=\"61\" height=\"30\" \/><\/a>\u00a0<a href=\"https:\/\/www.topohvar.at\/orte\/vk\/\"><img loading=\"lazy\" decoding=\"async\" class=\"alignnone wp-image-535 size-full\" src=\"https:\/\/www.topohvar.at\/wp-content\/uploads\/2018\/07\/push-o-30.jpg\" alt=\"\" width=\"61\" height=\"30\" \/><\/a>\u00a0<a href=\"https:\/\/www.topohvar.at\/orte\/vk\/vk-is-05-1\/\"><img loading=\"lazy\" decoding=\"async\" class=\"alignnone wp-image-536 size-full\" src=\"https:\/\/www.topohvar.at\/wp-content\/uploads\/2018\/07\/push-r-30.jpg\" alt=\"\" width=\"61\" height=\"30\" \/><\/a><\/strong><\/p>\n<hr \/>\n<p><strong>Adresa \/ Adresse<br \/>\n<\/strong>Vrisnik,\u00a0nasuprot crkve Sv. Apolonije \/ gegen\u00fcber der Kirche St. Apolonia<\/p>\n<p><strong>Lokacija<\/strong><strong> \/ Position<a href=\"https:\/\/goo.gl\/maps\/HdUX7nPeuZjXqX3q7\"><img loading=\"lazy\" decoding=\"async\" class=\"alignright wp-image-8272\" src=\"https:\/\/www.topohvar.at\/wp-content\/uploads\/2018\/08\/1276.jpg\" alt=\"\" width=\"134\" height=\"100\" \/><\/a><br \/>\n<\/strong><span style=\"color: #3366ff;\"><a style=\"color: #3366ff;\" href=\"https:\/\/goo.gl\/maps\/HdUX7nPeuZjXqX3q7\">Latitude: N 43,15188\u00b0\u00a0 \u00a0 Longitude: E 16,65196\u00b0\u00a0<\/a><\/span><strong><br \/>\n<\/strong>Visina \/ H\u00f6he: 140 m<\/p>\n<p><strong>Katastarska \u010destica<\/strong><strong>\u00a0\/ Grundst\u00fccke<br \/>\n<\/strong>*254\/1<div class='content-column one_half'><div style=\"padding-right:6px;\"><p><strong>Datum snimanja \/ Erfassungsdatum<br \/>\n<\/strong>24.05.2013 10:11:35<\/p>\n<hr \/>\n<p><strong>Informacije<\/strong><\/p>\n<p>Mramorna plo\u010da na zidu ku\u0107e s natpisom:<\/p>\n<p style=\"text-align: center;\">NA USPOMENU<br \/>\nXXV. GODI\u0160NJEG PLODNOG ZADRUGARSKOG RADA<br \/>\n<strong>VRISNI\u010cKA SEOSKA BLAGAJNA<\/strong><br \/>\nU ZNAK<br \/>\nIZGLEDA U SNAGU ZADRUGARSKE MISLI<br \/>\nBLAGODARNOSTI DOSADA\u0160NJIM ZADRUGARIMA<br \/>\nPOTICANJA BUDU\u0106EM NARA\u0160TAJU<br \/>\nOVU SPOMEN PLO\u010cU G. 1926.<br \/>\nP.<\/p><\/div><\/div><div class='content-column one_half last_column'><div style=\"padding-right:0px;padding-left:6px;\"><p><strong>Stupanj za\u0161tite<\/strong><strong>\u00a0\/ Schutzstellung<br \/>\n<\/strong>&#8211;<\/p>\n<hr \/>\n<p><strong>Info<\/strong><\/p>\n<p>Marmortafel an der Hauswand mit folgender Inschrift:<\/p>\n<p style=\"text-align: center;\">In Erinnerung<br \/>\nan den 25. Jahrestag des fruchtbaren genossenschaftlichen Arbeit<br \/>\nder Vrsniker Ortskasse<br \/>\nAls Symbol einer neuen Sicht auf die Kraft der Genossenschaft<br \/>\nund als Anreiz f\u00fcr die n\u00e4chste Generation<br \/>\ngedenken in Dankbarkeit die ehemaligen Genossenschaftsmitglieder.<br \/>\nDiese Gedenktafel wurde im Jahr 1926 errichtet.<br \/>\nP.<\/p><\/div><\/div><div class='clear_column'><\/div><\/p>\n<hr \/>\n<div class='content-column one_half'><div style=\"padding-right:6px;\"><p>Spomen O rastu kvalitete \u017eivota u ruralnim sredinama, koja su po svojim funkcijama po\u010detkom 20. stolje\u0107a bila bli\u017ea gradivima govori i plo\u010da podignuta u \u010dast obljetnice osnivanja Seoske blagajne u Vrisniku. Udru\u017eivanje u zadruge te osnivanje seoskih blagajni u gotovo svim mjestima na otoku olak\u0161alo je poljoprivrednicima uzimanje zajmova te plasman proizvoda na tr\u017eiste.<\/p><\/div><\/div><div class='content-column one_half last_column'><div style=\"padding-right:0px;padding-left:6px;\"><p>Eine Gedenktafel zu Ehren des Gr\u00fcndungsjubil\u00e4ums der Dorfkasse in Vrisnik erinnert an die Zunahme der Lebensqualit\u00e4t in l\u00e4ndlichen Gebieten, die zu Beginn des 20. mit dem Beitritt zu Genossenschaften und der Einrichtung von Dorfkassen an fast allen Orten der Insel es den Bauern erleichterten, Kredite aufzunehmen und Produkte auf den Markt zu bringen.<\/p><\/div><\/div><div class='clear_column'><\/div><div class='content-column one_half'><div style=\"padding-right:6px;\"><p><em>(Citat s izlo\u017ebe \u201cPisma i Pismenost otoka Hvara\u201d galerija (crkva) sv. <\/em><em>Jerolima, lipanj 2021)<\/em><\/p><\/div><\/div><div class='content-column one_half last_column'><div style=\"padding-right:0px;padding-left:6px;\"><p><em>(Zitat aus der Ausstellung \u201cSchrift und Schreibkunst der Insel Hvar\u201d Galerie (Kirche) sv. Jerolim, Juni 2021)<\/em><\/p><\/div><\/div><div class='clear_column'><\/div><\/p>\n<p style=\"text-align: right;\"><span style=\"color: #3366ff;\"><a style=\"color: #3366ff;\" href=\"#seite_oben\">natrag na vrh \/ Seitenanfang<\/a><\/span><\/p>\n<hr \/>\n<p><strong>Linkovi \/ Links<\/strong><\/p>\n<p><span style=\"color: #3366ff;\"><a style=\"color: #3366ff;\" href=\"https:\/\/www.topohvar.at\/orte\/vk\/vk-pk-01-1\/\">Zgrada \u00bbBiv\u0161a Vrsni\u010dka Seoska Blagajna\u00ab \/ Geb\u00e4ude der ehemaligen Ortskassa<\/a><\/span><\/p>\n","protected":false},"excerpt":{"rendered":"<p>Ime \/ Name Spomen plo\u010da \u00bbVrsni\u010dka Seoska Blagajna\u00ab \/ Gedenktafel an die Ortskassa Code: VK-IS-01\u00a0 \u00a0 \u00a0 \u00a0 \u00a0 \u00a0 \u00a0 \u00a0 \u00a0 \u00a0 \u00a0 \u00a0 \u00a0\u00a0 \u00a0 \u00a0 \u00a0 \u00a0\u00a0\u00a0 Adresa \/ Adresse Vrisnik,\u00a0nasuprot crkve Sv. Apolonije \/ gegen\u00fcber &hellip; <a href=\"https:\/\/www.topohvar.at\/topo\/orte\/vk\/vk-is-01-1\/\">Weiterlesen <span class=\"meta-nav\">&rarr;<\/span><\/a><\/p>\n","protected":false},"author":1,"featured_media":0,"parent":113,"menu_order":0,"comment_status":"closed","ping_status":"closed","template":"","meta":{"footnotes":""},"class_list":["post-8191","page","type-page","status-publish","hentry"],"_links":{"self":[{"href":"https:\/\/www.topohvar.at\/topo\/wp-json\/wp\/v2\/pages\/8191","targetHints":{"allow":["GET"]}}],"collection":[{"href":"https:\/\/www.topohvar.at\/topo\/wp-json\/wp\/v2\/pages"}],"about":[{"href":"https:\/\/www.topohvar.at\/topo\/wp-json\/wp\/v2\/types\/page"}],"author":[{"embeddable":true,"href":"https:\/\/www.topohvar.at\/topo\/wp-json\/wp\/v2\/users\/1"}],"replies":[{"embeddable":true,"href":"https:\/\/www.topohvar.at\/topo\/wp-json\/wp\/v2\/comments?post=8191"}],"version-history":[{"count":13,"href":"https:\/\/www.topohvar.at\/topo\/wp-json\/wp\/v2\/pages\/8191\/revisions"}],"predecessor-version":[{"id":54994,"href":"https:\/\/www.topohvar.at\/topo\/wp-json\/wp\/v2\/pages\/8191\/revisions\/54994"}],"up":[{"embeddable":true,"href":"https:\/\/www.topohvar.at\/topo\/wp-json\/wp\/v2\/pages\/113"}],"wp:attachment":[{"href":"https:\/\/www.topohvar.at\/topo\/wp-json\/wp\/v2\/media?parent=8191"}],"curies":[{"name":"wp","href":"https:\/\/api.w.org\/{rel}","templated":true}]}}