{"id":8206,"date":"2018-08-27T19:41:20","date_gmt":"2018-08-27T17:41:20","guid":{"rendered":"https:\/\/www.topohvar.at\/?page_id=8206"},"modified":"2021-12-09T10:59:33","modified_gmt":"2021-12-09T09:59:33","slug":"vk-tr-03-1","status":"publish","type":"page","link":"https:\/\/www.topohvar.at\/topo\/orte\/vk\/vk-tr-03-1\/","title":{"rendered":"VRISNIK &#8211; Trim\u00a0\u00bbVK-TR-03\u00ab"},"content":{"rendered":"<p><a name=\"seite_oben\"><\/a><br \/>\n<strong><img loading=\"lazy\" decoding=\"async\" class=\"alignnone wp-image-22603 size-large\" src=\"https:\/\/www.topohvar.at\/wp-content\/uploads\/2019\/05\/vk-tr-03-14-1024x503.jpg\" alt=\"\" width=\"640\" height=\"314\" srcset=\"https:\/\/www.topohvar.at\/wp-content\/uploads\/2019\/05\/vk-tr-03-14-1024x503.jpg 1024w, https:\/\/www.topohvar.at\/wp-content\/uploads\/2019\/05\/vk-tr-03-14-300x147.jpg 300w, https:\/\/www.topohvar.at\/wp-content\/uploads\/2019\/05\/vk-tr-03-14-768x377.jpg 768w, https:\/\/www.topohvar.at\/wp-content\/uploads\/2019\/05\/vk-tr-03-14.jpg 1080w\" sizes=\"auto, (max-width: 640px) 100vw, 640px\" \/><\/strong><\/p>\n<p><strong>Ime \/ Name<br \/>\n<\/strong>Trim\u00a0\u00bbVK-TR-03\u00ab<\/p>\n<p><strong>Code: <\/strong>VK-TR-03\u00a0 \u00a0 \u00a0 \u00a0 \u00a0 \u00a0 \u00a0 \u00a0<strong>\u00a0 \u00a0 \u00a0 \u00a0 \u00a0 \u00a0 \u00a0 \u00a0 \u00a0 <a href=\"https:\/\/www.topohvar.at\/orte\/vk\/vk-tr-00-1\/\"><img loading=\"lazy\" decoding=\"async\" class=\"alignnone wp-image-12300 size-full\" src=\"https:\/\/www.topohvar.at\/wp-content\/uploads\/2018\/09\/push-vor-30.jpg\" alt=\"\" width=\"61\" height=\"30\" \/><\/a> <a href=\"https:\/\/www.topohvar.at\/orte\/vk\/vk-tr-02-1\/\"><img loading=\"lazy\" decoding=\"async\" class=\"alignnone wp-image-533 size-full\" src=\"https:\/\/www.topohvar.at\/wp-content\/uploads\/2018\/07\/push-l-30.jpg\" alt=\"\" width=\"61\" height=\"30\" \/><\/a>\u00a0<a href=\"https:\/\/www.topohvar.at\/orte\/vk\/\"><img loading=\"lazy\" decoding=\"async\" class=\"alignnone wp-image-535 size-full\" src=\"https:\/\/www.topohvar.at\/wp-content\/uploads\/2018\/07\/push-o-30.jpg\" alt=\"\" width=\"61\" height=\"30\" \/><\/a>\u00a0<a href=\"https:\/\/www.topohvar.at\/orte\/vk\/vk-tr-04-1\/\"><img loading=\"lazy\" decoding=\"async\" class=\"alignnone wp-image-536 size-full\" src=\"https:\/\/www.topohvar.at\/wp-content\/uploads\/2018\/07\/push-r-30.jpg\" alt=\"\" width=\"61\" height=\"30\" \/><\/a><\/strong><\/p>\n<hr \/>\n<p><strong>Adresa \/ Adresse<br \/>\n<\/strong>Vrisnik,\u00a0Polanda<\/p>\n<p><strong>Lokacija<\/strong><strong> \/ Position<a href=\"https:\/\/goo.gl\/maps\/K6wrgMVfYio1jzbG7\"><img loading=\"lazy\" decoding=\"async\" class=\"alignright wp-image-8304\" src=\"https:\/\/www.topohvar.at\/wp-content\/uploads\/2018\/08\/0938.jpg\" alt=\"\" width=\"133\" height=\"100\" \/><\/a><br \/>\n<\/strong><span style=\"color: #3366ff;\"><a style=\"color: #3366ff;\" href=\"https:\/\/goo.gl\/maps\/K6wrgMVfYio1jzbG7\">Latitude: N 43,16239\u00b0\u00a0 \u00a0 Longitude: E 16,66345\u00b0<\/a>\u00a0<\/span><strong><br \/>\n<\/strong>Visina \/ H\u00f6he: 46 m<\/p>\n<p><strong>Katastarska \u010destica<\/strong><strong> \/ Grundst\u00fccke<br \/>\n<\/strong>2138\/1<div class='content-column one_half'><div style=\"padding-right:6px;\"><p><strong>Datum snimanja \/ Erfassungsdatum<br \/>\n<\/strong>14.10.2014 12:36:50<\/p>\n<hr \/>\n<p><strong>Informacije<\/strong><\/p>\n<p>Trim s najve\u0107im interijerom na otoku Hvaru nalazi se u masliniku ju\u017eno od ceste od Jelse do Svir\u010da. Kroz trapezni ulaz, koji je neko\u0107 bio zatvoren vratima, ulazite u veliku, kru\u017enu unutra\u0161njost. Gornji dio kupole je betoniran. Trim je vrlo dobro o\u010duvan i kori\u0161ten.<\/p><\/div><\/div><div class='content-column one_half last_column'><div style=\"padding-right:0px;padding-left:6px;\"><p><strong>Stupanj za\u0161tite<\/strong><strong> \/ Schutzstellung<br \/>\n<\/strong>&#8211;<\/p>\n<hr \/>\n<p><strong>Info<\/strong><\/p>\n<p>Der Trim mit dem gr\u00f6\u00dften Innenraum auf der Insel Hvar befindet sich in einem Olivengarten s\u00fcdlich der Stra\u00dfe von Jelsa nach Svir\u010de. Durch den trapezf\u00f6rmigen Eingang, der einst mit einer T\u00fcre verschlossen war, gelangt man in den gro\u00dfen, kreisrunden Innenraum. Der oberste Kuppelteil ist betoniert. Der Trim ist sehr gut erhalten und wird genutzt.<\/p><\/div><\/div><div class='clear_column'><\/div><div class='content-column one_half'><div style=\"padding-right:6px;\"><div id=\"attachment_23375\" style=\"width: 310px\" class=\"wp-caption aligncenter\"><img loading=\"lazy\" decoding=\"async\" aria-describedby=\"caption-attachment-23375\" class=\"size-medium wp-image-23375\" src=\"https:\/\/www.topohvar.at\/wp-content\/uploads\/2019\/07\/vk-tr-03-11-300x300.jpg\" alt=\"\" width=\"300\" height=\"300\" srcset=\"https:\/\/www.topohvar.at\/wp-content\/uploads\/2019\/07\/vk-tr-03-11-300x300.jpg 300w, https:\/\/www.topohvar.at\/wp-content\/uploads\/2019\/07\/vk-tr-03-11-150x150.jpg 150w, https:\/\/www.topohvar.at\/wp-content\/uploads\/2019\/07\/vk-tr-03-11.jpg 450w\" sizes=\"auto, (max-width: 300px) 100vw, 300px\" \/><p id=\"caption-attachment-23375\" class=\"wp-caption-text\">Ulaz \/<br \/>Eingang<\/p><\/div>\n<p>Dana 10.05.2019 trim je posje\u0107en i prona\u0111en je sljede\u0107i<\/p>\n<p>Lokacija: maslinik<br \/>\nPodzemlje: sklon<br \/>\nSklop: izoliran<br \/>\nUpotreba: koristi<br \/>\nStanje izgradnje: vrlo dobro uzdr\u017eati<br \/>\nBroj prstenova trima: dva prstena<br \/>\nDodatni kameni prsten: kameni prsten djelomi\u010dno<br \/>\nStepeni\u0161te: nema stepenica<br \/>\nOblik kamena: uglast<br \/>\nPodru\u010dje ispred ulaza: lako dostupni<br \/>\nVrata na stranicu: SZ (300\u00b0)<br \/>\nPromjer trima (cm): 600<br \/>\nVisina trima (cm): 450<br \/>\nVisina prstena (cm): prsten 1: 250 , prsten 2: 380<br \/>\nDebljina zida (cm): 100<br \/>\n\u0160irina vrata (cm): 90<br \/>\nVisina vrata (cm): 130<br \/>\n\u0160irina unutra (cm): 400<br \/>\nVisina unutra (cm): 420<br \/>\nVolumen iznutra (m3): 33,81<br \/>\nni\u0161a 1 (P\/\u0160\/V\/D) (cm): 75 \/ 35 \/ 35 \/ 50<\/p><\/div><\/div><div class='content-column one_half last_column'><div style=\"padding-right:0px;padding-left:6px;\"><div id=\"attachment_23376\" style=\"width: 310px\" class=\"wp-caption aligncenter\"><img loading=\"lazy\" decoding=\"async\" aria-describedby=\"caption-attachment-23376\" class=\"size-medium wp-image-23376\" src=\"https:\/\/www.topohvar.at\/wp-content\/uploads\/2019\/07\/vk-tr-03-17-300x300.jpg\" alt=\"\" width=\"300\" height=\"300\" srcset=\"https:\/\/www.topohvar.at\/wp-content\/uploads\/2019\/07\/vk-tr-03-17-300x300.jpg 300w, https:\/\/www.topohvar.at\/wp-content\/uploads\/2019\/07\/vk-tr-03-17-150x150.jpg 150w, https:\/\/www.topohvar.at\/wp-content\/uploads\/2019\/07\/vk-tr-03-17.jpg 450w\" sizes=\"auto, (max-width: 300px) 100vw, 300px\" \/><p id=\"caption-attachment-23376\" class=\"wp-caption-text\">Pogled prema jugu do trima \/<br \/>Blick nach S\u00fcden zum Trim<\/p><\/div>\n<p>Am 10.05.2019 wurde der Trim besucht und untersucht<\/p>\n<p>Standort: Olivenhain<br \/>\nUntergrund: geneigt<br \/>\nVerbunden mit: freistehend<br \/>\nNutzung: genutzt<br \/>\nZustand: sehr gut erhalten<br \/>\nRinge\/Stufen des Trim: zweistufig<br \/>\nZus\u00e4tzlicher Steinring: Steinring teilweise<br \/>\nStiege: keine Stufen<br \/>\nSteinform: kantig<br \/>\nEingangsbereich: frei<br \/>\nEingangsseite: NW (300\u00b0)<br \/>\nTrimdurchmesser (cm): 600<br \/>\nTrimh\u00f6he (cm): 450<br \/>\nStufen\/Ringh\u00f6he (cm): Ring 1: 250 , Ring 2: 380<br \/>\nWandst\u00e4rke: 100<br \/>\nT\u00fcrbreite (cm): 90<br \/>\nT\u00fcrh\u00f6he (cm): 130<br \/>\nInnenraumbreite (cm): 400<br \/>\nInnenraumh\u00f6he (cm): 420<br \/>\nRaumvolumen (m3): 33,81<br \/>\nNische 1 (P\/B\/H\/T) (cm): 75 \/ 35 \/ 35 \/ 50<\/p><\/div><\/div><div class='clear_column'><\/div><\/p>\n<p><img loading=\"lazy\" decoding=\"async\" class=\"aligncenter size-full wp-image-23378\" src=\"https:\/\/www.topohvar.at\/wp-content\/uploads\/2019\/07\/vk-tr-03-sca.jpg\" alt=\"\" width=\"640\" height=\"975\" srcset=\"https:\/\/www.topohvar.at\/wp-content\/uploads\/2019\/07\/vk-tr-03-sca.jpg 640w, https:\/\/www.topohvar.at\/wp-content\/uploads\/2019\/07\/vk-tr-03-sca-197x300.jpg 197w\" sizes=\"auto, (max-width: 640px) 100vw, 640px\" \/><\/p>\n<p style=\"text-align: right;\"><span style=\"color: #3366ff;\"><a style=\"color: #3366ff;\" href=\"#seite_oben\">natrag na vrh \/ Seitenanfang<\/a><\/span><\/p>\n<hr \/>\n<p><strong>Linkovi \/ Links<\/strong><\/p>\n<p>&#8211;<\/p>\n","protected":false},"excerpt":{"rendered":"<p>Ime \/ Name Trim\u00a0\u00bbVK-TR-03\u00ab Code: VK-TR-03\u00a0 \u00a0 \u00a0 \u00a0 \u00a0 \u00a0 \u00a0 \u00a0\u00a0 \u00a0 \u00a0 \u00a0 \u00a0 \u00a0 \u00a0 \u00a0 \u00a0 \u00a0\u00a0 Adresa \/ Adresse Vrisnik,\u00a0Polanda Lokacija \/ Position Latitude: N 43,16239\u00b0\u00a0 \u00a0 Longitude: E 16,66345\u00b0\u00a0 Visina \/ H\u00f6he: 46 &hellip; <a href=\"https:\/\/www.topohvar.at\/topo\/orte\/vk\/vk-tr-03-1\/\">Weiterlesen <span class=\"meta-nav\">&rarr;<\/span><\/a><\/p>\n","protected":false},"author":1,"featured_media":0,"parent":113,"menu_order":0,"comment_status":"closed","ping_status":"closed","template":"","meta":{"footnotes":""},"class_list":["post-8206","page","type-page","status-publish","hentry"],"_links":{"self":[{"href":"https:\/\/www.topohvar.at\/topo\/wp-json\/wp\/v2\/pages\/8206","targetHints":{"allow":["GET"]}}],"collection":[{"href":"https:\/\/www.topohvar.at\/topo\/wp-json\/wp\/v2\/pages"}],"about":[{"href":"https:\/\/www.topohvar.at\/topo\/wp-json\/wp\/v2\/types\/page"}],"author":[{"embeddable":true,"href":"https:\/\/www.topohvar.at\/topo\/wp-json\/wp\/v2\/users\/1"}],"replies":[{"embeddable":true,"href":"https:\/\/www.topohvar.at\/topo\/wp-json\/wp\/v2\/comments?post=8206"}],"version-history":[{"count":13,"href":"https:\/\/www.topohvar.at\/topo\/wp-json\/wp\/v2\/pages\/8206\/revisions"}],"predecessor-version":[{"id":55006,"href":"https:\/\/www.topohvar.at\/topo\/wp-json\/wp\/v2\/pages\/8206\/revisions\/55006"}],"up":[{"embeddable":true,"href":"https:\/\/www.topohvar.at\/topo\/wp-json\/wp\/v2\/pages\/113"}],"wp:attachment":[{"href":"https:\/\/www.topohvar.at\/topo\/wp-json\/wp\/v2\/media?parent=8206"}],"curies":[{"name":"wp","href":"https:\/\/api.w.org\/{rel}","templated":true}]}}