{"id":8210,"date":"2018-08-27T19:43:51","date_gmt":"2018-08-27T17:43:51","guid":{"rendered":"https:\/\/www.topohvar.at\/?page_id=8210"},"modified":"2024-06-02T08:06:53","modified_gmt":"2024-06-02T06:06:53","slug":"vk-tr-05-1","status":"publish","type":"page","link":"https:\/\/www.topohvar.at\/topo\/orte\/vk\/vk-tr-05-1\/","title":{"rendered":"VRISNIK &#8211; Sklop bunja trima \u00bbVK-TR-05\u00ab"},"content":{"rendered":"<p><a name=\"seite_oben\"><\/a><br \/>\n<strong><img loading=\"lazy\" decoding=\"async\" class=\"alignnone wp-image-8116 size-large\" src=\"https:\/\/www.topohvar.at\/wp-content\/uploads\/2018\/08\/vk-tr-05-0-1024x503.jpg\" alt=\"\" width=\"640\" height=\"314\" srcset=\"https:\/\/www.topohvar.at\/wp-content\/uploads\/2018\/08\/vk-tr-05-0-1024x503.jpg 1024w, https:\/\/www.topohvar.at\/wp-content\/uploads\/2018\/08\/vk-tr-05-0-300x147.jpg 300w, https:\/\/www.topohvar.at\/wp-content\/uploads\/2018\/08\/vk-tr-05-0-768x377.jpg 768w, https:\/\/www.topohvar.at\/wp-content\/uploads\/2018\/08\/vk-tr-05-0.jpg 1080w\" sizes=\"auto, (max-width: 640px) 100vw, 640px\" \/><\/strong><\/p>\n<p><strong>Ime \/ Name<br \/>\n<\/strong>Sklop bunja trima \/ Trimgef\u00fcge \u00bbVK-TR-05\u00ab<\/p>\n<p><strong>Code: <\/strong>VK-TR-05\u00a0 \u00a0 \u00a0 \u00a0 \u00a0 \u00a0 \u00a0 \u00a0 \u00a0 \u00a0 \u00a0 \u00a0 \u00a0<strong>\u00a0 \u00a0 \u00a0 \u00a0 <a href=\"https:\/\/www.topohvar.at\/orte\/vk\/vk-tr-00-1\/\"><img loading=\"lazy\" decoding=\"async\" class=\"alignnone wp-image-12300 size-full\" src=\"https:\/\/www.topohvar.at\/wp-content\/uploads\/2018\/09\/push-vor-30.jpg\" alt=\"\" width=\"61\" height=\"30\" \/><\/a> <a href=\"https:\/\/www.topohvar.at\/orte\/vk\/vk-tr-04-1\/\"><img loading=\"lazy\" decoding=\"async\" class=\"alignnone wp-image-533 size-full\" src=\"https:\/\/www.topohvar.at\/wp-content\/uploads\/2018\/07\/push-l-30.jpg\" alt=\"\" width=\"61\" height=\"30\" \/><\/a>\u00a0<a href=\"https:\/\/www.topohvar.at\/orte\/vk\/\"><img loading=\"lazy\" decoding=\"async\" class=\"alignnone wp-image-535 size-full\" src=\"https:\/\/www.topohvar.at\/wp-content\/uploads\/2018\/07\/push-o-30.jpg\" alt=\"\" width=\"61\" height=\"30\" \/><\/a>\u00a0<a href=\"https:\/\/www.topohvar.at\/orte\/vk\/vk-tr-08-1\/\"><img loading=\"lazy\" decoding=\"async\" class=\"alignnone wp-image-536 size-full\" src=\"https:\/\/www.topohvar.at\/wp-content\/uploads\/2018\/07\/push-r-30.jpg\" alt=\"\" width=\"61\" height=\"30\" \/><\/a><\/strong><\/p>\n<hr \/>\n<p><strong>Adresa \/ Adresse<br \/>\n<\/strong>Vrisnik, Polanda<\/p>\n<p><strong>Lokacija<\/strong><strong> \/ Position<a href=\"https:\/\/goo.gl\/maps\/DgPteexnBZSFcxrAA\"><img loading=\"lazy\" decoding=\"async\" class=\"alignright wp-image-8316\" src=\"https:\/\/www.topohvar.at\/wp-content\/uploads\/2018\/08\/1627.jpg\" alt=\"\" width=\"134\" height=\"100\" \/><\/a><br \/>\n<\/strong><span style=\"color: #3366ff;\"><a style=\"color: #3366ff;\" href=\"https:\/\/goo.gl\/maps\/DgPteexnBZSFcxrAA\">Latitude: N 43,16306\u00b0\u00a0 \u00a0 Longitude: E 16,66600\u00b0<\/a>\u00a0<\/span><strong><br \/>\n<\/strong>Visina \/ H\u00f6he: 38 m<\/p>\n<p><strong>Katastarska \u010destica<\/strong><strong> \/ Grundst\u00fccke<br \/>\n<\/strong>2126\/1, 2127\/2, 2127\/4 , 2128\/2, 2129, 2130, 2131<div class='content-column one_half'><div style=\"padding-right:6px;\"><p><strong>Datum snimanja \/ Erfassungsdatum<br \/>\n<\/strong>11.05.2015 12:00:00<\/p>\n<hr \/>\n<p><strong>Informacije<\/strong><\/p>\n<p>Podru\u010dje parcela br. 2126\/1, 2127\/2, 2127\/4, 2128\/2, 2129, 2130, 2131 smatralo se vrijednim za\u0161tite od strane Republike Hrvatske zbog svoje &#8222;sklop bunja trima&#8220; (P-2922). Preventivna za\u0161tita vrijedila je do 24. kolovoza 2011. Me\u0111utim, definitivne za\u0161tite nije postojalo.<\/p><\/div><\/div><div class='content-column one_half last_column'><div style=\"padding-right:0px;padding-left:6px;\"><p><strong>Stupanj za\u0161tite<\/strong><strong> \/ Schutzstellung<br \/>\n<\/strong>(P-2922)<\/p>\n<hr \/>\n<p><strong>Info<\/strong><\/p>\n<p>Der Bereich der Grundst\u00fccke Nr. 2126\/1, 2127\/2, 2127\/4 , 2128\/2, 2129, 2130, 2131 wurde von der Republik Kroatien wegen seines &#8222;Trimgef\u00fcges&#8220; einst als schutzw\u00fcrdig erachtet (P-2922). Der Pr\u00e4ventivschutz galt bis zum 24. August 2011.\u00a0Eine definitive Unterschutzstellung erfolgte aber nicht.<\/p><\/div><\/div><div class='clear_column'><\/div><div class='content-column one_half'><div style=\"padding-right:6px;\"><p>Tijekom obilaska mjesta u svibnju 2019. godine, prona\u0111eni su mnoge gomile i suhi kameni zidovi, ali nije bili trimi. Me\u0111utim, na ju\u017enoj granici podru\u010dja nalazi se va\u017ean vi\u0161estruki trim &#8222;Vrankovi\u0107 &#8211; U gomile&#8220; (VK-TR-04).<\/p><\/div><\/div><div class='content-column one_half last_column'><div style=\"padding-right:0px;padding-left:6px;\"><p>Bei einer Besichtigung des Gel\u00e4ndes im Mai 2019 fanden sich zwar viele Steinh\u00fcgel und Trockensteinmauern aber keine Trims. Allerdings grenzt an\u00a0 die S\u00fcdgrenze des Bereiches der bedeutende Mehrfachtrim \u201eVrankovi\u0107 \u2013 U gomile\u201c (VK-TR-04).<\/p><\/div><\/div><div class='clear_column'><\/div><\/p>\n<p><img loading=\"lazy\" decoding=\"async\" class=\"aligncenter wp-image-23407 size-large\" src=\"https:\/\/www.topohvar.at\/wp-content\/uploads\/2019\/07\/vk-tr-05-11-1024x768.jpg\" alt=\"\" width=\"640\" height=\"480\" srcset=\"https:\/\/www.topohvar.at\/wp-content\/uploads\/2019\/07\/vk-tr-05-11-1024x768.jpg 1024w, https:\/\/www.topohvar.at\/wp-content\/uploads\/2019\/07\/vk-tr-05-11-300x225.jpg 300w, https:\/\/www.topohvar.at\/wp-content\/uploads\/2019\/07\/vk-tr-05-11-768x576.jpg 768w, https:\/\/www.topohvar.at\/wp-content\/uploads\/2019\/07\/vk-tr-05-11.jpg 1080w\" sizes=\"auto, (max-width: 640px) 100vw, 640px\" \/><\/p>\n<p style=\"text-align: right;\"><span style=\"color: #3366ff;\"><a style=\"color: #3366ff;\" href=\"#seite_oben\">natrag na vrh \/ Seitenanfang<\/a><\/span><\/p>\n<hr \/>\n<p><strong>Linkovi \/ Links<\/strong><\/p>\n<p><span style=\"color: #3366ff;\"><a style=\"color: #3366ff;\" href=\"https:\/\/www.topohvar.at\/topo\/orte\/vk\/vk-tr-04-1\/\">Trim \u201eVrankovi\u0107 \u2013 U gomile\u201c (VK-TR-04)<\/a><\/span><\/p>\n","protected":false},"excerpt":{"rendered":"<p>Ime \/ Name Sklop bunja trima \/ Trimgef\u00fcge \u00bbVK-TR-05\u00ab Code: VK-TR-05\u00a0 \u00a0 \u00a0 \u00a0 \u00a0 \u00a0 \u00a0 \u00a0 \u00a0 \u00a0 \u00a0 \u00a0 \u00a0\u00a0 \u00a0 \u00a0 \u00a0 \u00a0\u00a0 Adresa \/ Adresse Vrisnik, Polanda Lokacija \/ Position Latitude: N 43,16306\u00b0\u00a0 \u00a0 Longitude: &hellip; <a href=\"https:\/\/www.topohvar.at\/topo\/orte\/vk\/vk-tr-05-1\/\">Weiterlesen <span class=\"meta-nav\">&rarr;<\/span><\/a><\/p>\n","protected":false},"author":1,"featured_media":0,"parent":113,"menu_order":0,"comment_status":"closed","ping_status":"closed","template":"","meta":{"footnotes":""},"class_list":["post-8210","page","type-page","status-publish","hentry"],"_links":{"self":[{"href":"https:\/\/www.topohvar.at\/topo\/wp-json\/wp\/v2\/pages\/8210","targetHints":{"allow":["GET"]}}],"collection":[{"href":"https:\/\/www.topohvar.at\/topo\/wp-json\/wp\/v2\/pages"}],"about":[{"href":"https:\/\/www.topohvar.at\/topo\/wp-json\/wp\/v2\/types\/page"}],"author":[{"embeddable":true,"href":"https:\/\/www.topohvar.at\/topo\/wp-json\/wp\/v2\/users\/1"}],"replies":[{"embeddable":true,"href":"https:\/\/www.topohvar.at\/topo\/wp-json\/wp\/v2\/comments?post=8210"}],"version-history":[{"count":16,"href":"https:\/\/www.topohvar.at\/topo\/wp-json\/wp\/v2\/pages\/8210\/revisions"}],"predecessor-version":[{"id":67708,"href":"https:\/\/www.topohvar.at\/topo\/wp-json\/wp\/v2\/pages\/8210\/revisions\/67708"}],"up":[{"embeddable":true,"href":"https:\/\/www.topohvar.at\/topo\/wp-json\/wp\/v2\/pages\/113"}],"wp:attachment":[{"href":"https:\/\/www.topohvar.at\/topo\/wp-json\/wp\/v2\/media?parent=8210"}],"curies":[{"name":"wp","href":"https:\/\/api.w.org\/{rel}","templated":true}]}}