{"id":8355,"date":"2018-08-28T18:45:29","date_gmt":"2018-08-28T16:45:29","guid":{"rendered":"https:\/\/www.topohvar.at\/?page_id=8355"},"modified":"2022-01-18T10:12:49","modified_gmt":"2022-01-18T09:12:49","slug":"pi-ci-01-1","status":"publish","type":"page","link":"https:\/\/www.topohvar.at\/topo\/orte\/pi\/pi-ci-01-1\/","title":{"rendered":"PITVE &#8211; \u017dupna crkva \u00bbSv. Jakova Apostola\u00ab"},"content":{"rendered":"<p><a name=\"seite_oben\"><\/a><br \/>\n<strong><img loading=\"lazy\" decoding=\"async\" class=\"alignnone wp-image-8323 size-large\" src=\"https:\/\/www.topohvar.at\/wp-content\/uploads\/2018\/08\/PI-CI-01-0-1024x503.jpg\" alt=\"\" width=\"640\" height=\"314\" srcset=\"https:\/\/www.topohvar.at\/wp-content\/uploads\/2018\/08\/PI-CI-01-0-1024x503.jpg 1024w, https:\/\/www.topohvar.at\/wp-content\/uploads\/2018\/08\/PI-CI-01-0-300x147.jpg 300w, https:\/\/www.topohvar.at\/wp-content\/uploads\/2018\/08\/PI-CI-01-0-768x377.jpg 768w, https:\/\/www.topohvar.at\/wp-content\/uploads\/2018\/08\/PI-CI-01-0.jpg 1080w\" sizes=\"auto, (max-width: 640px) 100vw, 640px\" \/><\/strong><\/p>\n<p><strong>Ime \/ Name<br \/>\n<\/strong>\u017dupna crkva \u00bbSv. Jakova Apostola\u00ab \/ Pfarrkirche zum Apostel Jakob<\/p>\n<p><strong>Code: <\/strong>PI-CI-01\u00a0 \u00a0 \u00a0 \u00a0 \u00a0 \u00a0 \u00a0 \u00a0 \u00a0 \u00a0 \u00a0 \u00a0 \u00a0 \u00a0 \u00a0 \u00a0\u00a0<strong><a href=\"https:\/\/www.topohvar.at\/orte\/pi\/pi-ck-02-1\/\"><img loading=\"lazy\" decoding=\"async\" class=\"alignnone wp-image-533 size-full\" src=\"https:\/\/www.topohvar.at\/wp-content\/uploads\/2018\/07\/push-l-30.jpg\" alt=\"\" width=\"61\" height=\"30\" \/><\/a> <a href=\"https:\/\/www.topohvar.at\/orte\/pi\/\"><img loading=\"lazy\" decoding=\"async\" class=\"alignnone wp-image-535 size-full\" src=\"https:\/\/www.topohvar.at\/wp-content\/uploads\/2018\/07\/push-o-30.jpg\" alt=\"\" width=\"61\" height=\"30\" \/><\/a> <a href=\"https:\/\/www.topohvar.at\/orte\/pi\/pi-ck-01-1\/\"><img loading=\"lazy\" decoding=\"async\" class=\"alignnone wp-image-536 size-full\" src=\"https:\/\/www.topohvar.at\/wp-content\/uploads\/2018\/07\/push-r-30.jpg\" alt=\"\" width=\"61\" height=\"30\" \/><\/a><\/strong><\/p>\n<hr \/>\n<p><strong>Adresa \/ Adresse<br \/>\n<\/strong>Gornja Pitve<\/p>\n<p><strong>Lokacija \/ Position<a href=\"https:\/\/goo.gl\/maps\/pyc2Xx75VtmzXkMF9\"><img loading=\"lazy\" decoding=\"async\" class=\"alignright wp-image-8420\" src=\"https:\/\/www.topohvar.at\/wp-content\/uploads\/2018\/08\/0465.jpg\" alt=\"\" width=\"134\" height=\"100\" \/><\/a><br \/>\n<\/strong><span style=\"color: #3366ff;\"><a style=\"color: #3366ff;\" href=\"https:\/\/goo.gl\/maps\/pyc2Xx75VtmzXkMF9\">Latitude: N 43,14731\u00b0 Longitude: E 16,66988\u00b0<\/a> <\/span><strong><br \/>\n<\/strong>Visina \/ H\u00f6he: 166 m<\/p>\n<p><strong>Katastarska \u010destica <\/strong><strong>\/ Grundst\u00fccke<br \/>\n<\/strong>*126<div class='content-column one_half'><div style=\"padding-right:6px;\"><p><strong>Datum snimanja \/ Erfassungsdatum<br \/>\n<\/strong>24.05.2013 11:14:29<\/p>\n<hr \/>\n<p><strong>Informacije<\/strong><\/p>\n<p>\u017dupna crkva sv. Jakova apostola starijeg (blagdan 25. srpnja) u Pitvama sagra\u0111ena je na slikovitom bre\u017euljku izme\u0111u starih i novih Pitava. Pitve su jedno od najstarijih naselja otoka Hvara , naseljene jo\u0161 od ilirskog razdoblja. Prva \u017eupna crkva u Pitvama spominje 1452. godine na mjestu gdje je i dana\u0161nja \u017eupna crkva. Stara crkva bila je posve\u0107ena Svim Svetima kojima je u novoj crkvi posve\u0107en jedan od bo\u010dnih oltara.<\/p><\/div><\/div><div class='content-column one_half last_column'><div style=\"padding-right:0px;padding-left:6px;\"><p><strong>Stupanj za\u0161tite<\/strong><strong> \/ Schutzstellung<br \/>\n<\/strong>Z-6582<\/p>\n<hr \/>\n<p><strong>Info<\/strong><\/p>\n<p>Die Pfarrkirche des hl. Apostel Jakobus des \u00c4lteren (Fest vom 25. Juli) in Pitve wurde auf einem malerischen H\u00fcgel zwischen dem alten und neuen Pitve erbaut. Pitve ist eine der \u00e4ltesten Siedlungen auf der Insel Hvar, die seit der illyrischen Zeit bewohnt ist. Die erste Pfarrkirche in Pitve wurde 1452 an der Stelle erw\u00e4hnt, an der sich heute die heutige Pfarrkirche befindet. Die alte Kirche war Allen Heiligen geweiht, dem auch einer der Seitenalt\u00e4re in der neuen Kirche gewidmet ist.<\/p><\/div><\/div><div class='clear_column'><\/div><div class='content-column one_half'><div style=\"padding-right:6px;\"><p>U vizitacijama veronskog biskupa Augusta Valiera koji dolazi na Hvar kao apostolski vizitator 1579. godine u Pitvama se bilje\u017ei crkva sv. Jakova , nije jasno je li crkva nanovo sagra\u0111ena ili je samo promijenila titulara. O crkvi se ka\u017ee da je posve\u0107ena i opremljena sa dva oltara, sv. Jakova i oltarom Svih Svetih.<\/p><\/div><\/div><div class='content-column one_half last_column'><div style=\"padding-right:0px;padding-left:6px;\"><p>im Zuge des Besuchs des Bischofs von Verona Augustus Valier, der 1579 als apostolischer Visitator nach Hvar kam, wurde auch die Kirche St. Jakobus besucht, wobei es unklar ist, ob die Kirche wieder aufgebaut wurde oder nur den Namen ge\u00e4ndert hat. Die Kirche soll geweiht und mit zwei Alt\u00e4ren ausgestattet sein, dem des hl. Jakobus und der Altar der\u00a0 Allerheiligen.<\/p><\/div><\/div><div class='clear_column'><\/div><div class='content-column one_half'><div style=\"padding-right:6px;\"><p>Stara crkva je sru\u0161ena 1877. godine. Na mjestu stare crkve sagra\u0111ena je nova \u017eupna crkva svetog Jakova i posve\u0107ena 1889. godine.\u00a0Jednobrodna longitudinalna gra\u0111evina sa kvadratnom apsidom i dogra\u0111enom kvadrati\u010dnom sakristijom na ju\u017enoj strani, \u0161iroka 11 a duga 26,5 metara. Crkva sv. Jakova lijep je primjer historicisti\u010dke arhitekture, dosljedno gra\u0111ena u kasnogoti\u010dkom slogu, ukazuje na povijesni trenutak u kojem nastaje. Dosljedno evociranje na starije slojeve kroz crkveni inventar i izuzetan polo\u017eaj na kojem je sagra\u0111ena \u010dine ovaj spomenik jedinstvenim kulturnim dobrom<\/p><\/div><\/div><div class='content-column one_half last_column'><div style=\"padding-right:0px;padding-left:6px;\"><p>Die alte Kirche wurde 1877 abgerissen. Die neue Pfarrkirche St. Jacob wurde an der Stelle der alten Kirche errichtet und 1889 geweiht. Das einschiffige Langhaus hat einer quadratischen Apsis und eine zus\u00e4tzliche quadratischen Sakristei auf der S\u00fcdseite. Es ist 11,5 Meter breit und 26,5 Meter lang. Die Kirche Jakobskirche ist ein sch\u00f6nes Beispiel historistischer Architektur, die konsequent im sp\u00e4tgotischen Stil erbaut wurde und auf den historischen Bezug verweist, in dem sie geschaffen wurde. Die konsequente Hervorhebung der \u00e4lteren Schichten durch das Kircheninventar und die au\u00dfergew\u00f6hnliche Lage, auf der sie errichtet wurde, machen dieses Denkmal zu einem einzigartigen Kulturgut.<\/p><\/div><\/div><div class='clear_column'><\/div><div class='content-column one_half'><div style=\"padding-right:6px;\"><p>Ima pet lijepih oltara, te \u0161esti &#8222;coram populo&#8220; od 1976.g. (oltar iz stare crkve Svih Svetih) kada je obnovljena.<\/p><\/div><\/div><div class='content-column one_half last_column'><div style=\"padding-right:0px;padding-left:6px;\"><p>Sie hat f\u00fcnf wundersch\u00f6ne Alt\u00e4re und den sechsten &#8222;coram populo&#8220; seit 1976 (ein Altar aus der alten Kirche Allerheiligen), als dieser restauriert wurde.<\/p><\/div><\/div><div class='clear_column'><\/div><div class='content-column one_half'><div style=\"padding-right:6px;\"><p>Staro groblje nalazi se na sjevernoj strani crkve. Tu je i anti\u010dka glava boga Janusa s dva lica na donjem rubnom zidu, kao simbol za\u0161tite (Janus &#8211; bog vrata, ulaza i izlaza).<\/p><\/div><\/div><div class='content-column one_half last_column'><div style=\"padding-right:0px;padding-left:6px;\"><p>An der Nordseite der Kirche befindet sich der alte Friedhof. Hier befindet sich auch auf einer niederen Begrenzungsmauer ein alter Januskopf mit zwei Gesichtern, ein Schutzsymbol (Janus ist der Gott der Tore, Ein- und Ausg\u00e4nge).<\/p><\/div><\/div><div class='clear_column'><\/div><div class='content-column one_half'><div style=\"padding-right:6px;\"><p>25. srpnja je blagdan za\u0161titnika svetog Jakova apostola.<\/p><\/div><\/div><div class='content-column one_half last_column'><div style=\"padding-right:0px;padding-left:6px;\"><p>Am 25. Juli, ist das Fest des Schutzheiligen Apostel Jakobus.<\/p><\/div><\/div><div class='clear_column'><\/div><div class='content-column one_half'><div style=\"padding-right:6px;\"><p>Registar kulturnih dobara Republike Hrvatske br. 03\/2015,<br \/>\nDatum tiskanog izdanja: 19.8.2015,<br \/>\nBroj registra: Z-6582.<\/p><\/div><\/div><div class='content-column one_half last_column'><div style=\"padding-right:0px;padding-left:6px;\"><p>Register der Kulturg\u00fcter der Republik Kroatien Nr. 03\/2015,<br \/>\nVer\u00f6ffentlichungsdatum: 19.8.2015,<br \/>\nRegistriernummer: Z-6582.<\/p><\/div><\/div><div class='clear_column'><\/div><\/p>\n<p><img loading=\"lazy\" decoding=\"async\" class=\"alignnone wp-image-34044 size-large\" src=\"https:\/\/www.topohvar.at\/wp-content\/uploads\/2020\/03\/pi-ci-01-11-1024x503.jpg\" alt=\"\" width=\"640\" height=\"314\" srcset=\"https:\/\/www.topohvar.at\/wp-content\/uploads\/2020\/03\/pi-ci-01-11-1024x503.jpg 1024w, https:\/\/www.topohvar.at\/wp-content\/uploads\/2020\/03\/pi-ci-01-11-300x147.jpg 300w, https:\/\/www.topohvar.at\/wp-content\/uploads\/2020\/03\/pi-ci-01-11-768x377.jpg 768w, https:\/\/www.topohvar.at\/wp-content\/uploads\/2020\/03\/pi-ci-01-11.jpg 1080w\" sizes=\"auto, (max-width: 640px) 100vw, 640px\" \/><\/p>\n<hr \/>\n<div class='content-column one_half'><div style=\"padding-right:6px;\"><p>Slika \u201eVeronikin rubac\u201c u crkvi.<\/p>\n<p>Registar kulturnih dobara Republike Hrvatske br. 04\/2015. Lista preventivno za\u0161ti\u0107enih kulturnih dobara.<br \/>\nDatum tiskanog izdanja: 21.7.2015.<br \/>\nIstek za\u0161tite: 21.7.2018.<br \/>\nBroj registra P-5153.<\/p><\/div><\/div><div class='content-column one_half last_column'><div style=\"padding-right:0px;padding-left:6px;\"><p>Bild \u201eVeronikas Schal\u201c in der Kirche.<\/p>\n<p>Register der Kulturg\u00fcter der Republik Kroatien Nr. 04\/2015, Liste pr\u00e4ventiv gesch\u00fctzter Kulturg\u00fcter.<br \/>\nVer\u00f6ffentlichungsdatum: 21.7.2015.<br \/>\nSchutz bis 21.7.2018.<br \/>\nRegistriernummer P-5153<\/p><\/div><\/div><div class='clear_column'><\/div><\/p>\n<p style=\"text-align: right;\"><span style=\"color: #3366ff;\"><a style=\"color: #3366ff;\" href=\"#seite_oben\">natrag na vrh \/ Seitenanfang<\/a><\/span><\/p>\n<hr \/>\n<p><strong>Linkovi \/ Links<\/strong><\/p>\n<p><span style=\"color: #3366ff;\"><a style=\"color: #3366ff;\" href=\"https:\/\/www.topohvar.at\/orte\/pi\/pi-po-01-1\/\">Anti\u010dka glava boga Janusa \/\u00a0alter Januskopf<\/a><\/span><br \/>\n<span style=\"color: #3366ff;\"><a style=\"color: #3366ff;\" href=\"https:\/\/www.topohvar.at\/orte\/pi\/pi-og-01-1\/\">Staro groblje \/ Alter Friedhof<\/a><\/span><\/p>\n<p>&nbsp;<\/p>\n","protected":false},"excerpt":{"rendered":"<p>Ime \/ Name \u017dupna crkva \u00bbSv. Jakova Apostola\u00ab \/ Pfarrkirche zum Apostel Jakob Code: PI-CI-01\u00a0 \u00a0 \u00a0 \u00a0 \u00a0 \u00a0 \u00a0 \u00a0 \u00a0 \u00a0 \u00a0 \u00a0 \u00a0 \u00a0 \u00a0 \u00a0\u00a0 Adresa \/ Adresse Gornja Pitve Lokacija \/ Position Latitude: N &hellip; <a href=\"https:\/\/www.topohvar.at\/topo\/orte\/pi\/pi-ci-01-1\/\">Weiterlesen <span class=\"meta-nav\">&rarr;<\/span><\/a><\/p>\n","protected":false},"author":1,"featured_media":0,"parent":89,"menu_order":0,"comment_status":"closed","ping_status":"closed","template":"","meta":{"footnotes":""},"class_list":["post-8355","page","type-page","status-publish","hentry"],"_links":{"self":[{"href":"https:\/\/www.topohvar.at\/topo\/wp-json\/wp\/v2\/pages\/8355","targetHints":{"allow":["GET"]}}],"collection":[{"href":"https:\/\/www.topohvar.at\/topo\/wp-json\/wp\/v2\/pages"}],"about":[{"href":"https:\/\/www.topohvar.at\/topo\/wp-json\/wp\/v2\/types\/page"}],"author":[{"embeddable":true,"href":"https:\/\/www.topohvar.at\/topo\/wp-json\/wp\/v2\/users\/1"}],"replies":[{"embeddable":true,"href":"https:\/\/www.topohvar.at\/topo\/wp-json\/wp\/v2\/comments?post=8355"}],"version-history":[{"count":20,"href":"https:\/\/www.topohvar.at\/topo\/wp-json\/wp\/v2\/pages\/8355\/revisions"}],"predecessor-version":[{"id":56300,"href":"https:\/\/www.topohvar.at\/topo\/wp-json\/wp\/v2\/pages\/8355\/revisions\/56300"}],"up":[{"embeddable":true,"href":"https:\/\/www.topohvar.at\/topo\/wp-json\/wp\/v2\/pages\/89"}],"wp:attachment":[{"href":"https:\/\/www.topohvar.at\/topo\/wp-json\/wp\/v2\/media?parent=8355"}],"curies":[{"name":"wp","href":"https:\/\/api.w.org\/{rel}","templated":true}]}}