{"id":8394,"date":"2018-08-28T19:23:51","date_gmt":"2018-08-28T17:23:51","guid":{"rendered":"https:\/\/www.topohvar.at\/?page_id=8394"},"modified":"2024-06-04T12:00:20","modified_gmt":"2024-06-04T10:00:20","slug":"pi-pu-01-1","status":"publish","type":"page","link":"https:\/\/www.topohvar.at\/topo\/orte\/pi\/pi-pu-01-1\/","title":{"rendered":"PITVE &#8211; Objekt \u00bbTunel Pitve &#8211; Zavala (sjeverni portal)\u00ab"},"content":{"rendered":"<p><a name=\"seite_oben\"><\/a><br \/>\n<strong><img loading=\"lazy\" decoding=\"async\" class=\"alignnone wp-image-8340 size-large\" src=\"https:\/\/www.topohvar.at\/wp-content\/uploads\/2018\/08\/pi-ob-01-0-1024x503.jpg\" alt=\"\" width=\"640\" height=\"314\" srcset=\"https:\/\/www.topohvar.at\/wp-content\/uploads\/2018\/08\/pi-ob-01-0-1024x503.jpg 1024w, https:\/\/www.topohvar.at\/wp-content\/uploads\/2018\/08\/pi-ob-01-0-300x147.jpg 300w, https:\/\/www.topohvar.at\/wp-content\/uploads\/2018\/08\/pi-ob-01-0-768x377.jpg 768w, https:\/\/www.topohvar.at\/wp-content\/uploads\/2018\/08\/pi-ob-01-0.jpg 1080w\" sizes=\"auto, (max-width: 640px) 100vw, 640px\" \/><\/strong><\/p>\n<p><strong>Ime \/ Name<br \/>\n<\/strong>Objekt \u00bbTunel Pitve &#8211; Zavala (sjeverni portal)\u00ab \/ Tunnel <em>Pitve &#8211; Zavala<\/em> (Nordportal)<\/p>\n<p><strong>Code: <\/strong>PI-PU-01\u00a0 \u00a0 \u00a0 \u00a0 \u00a0 \u00a0 \u00a0 \u00a0 \u00a0 \u00a0 \u00a0 \u00a0 \u00a0 \u00a0 \u00a0 \u00a0 \u00a0 \u00a0\u00a0<strong> <a href=\"https:\/\/www.topohvar.at\/topo\/orte\/pi\/pi-ob-01-1\"><img loading=\"lazy\" decoding=\"async\" class=\"alignnone wp-image-12300 size-full\" src=\"https:\/\/www.topohvar.at\/wp-content\/uploads\/2018\/09\/push-vor-30.jpg\" alt=\"\" width=\"61\" height=\"30\" \/><\/a> <a href=\"https:\/\/www.topohvar.at\/orte\/pi\/pi-pu-04-1\/\"><img loading=\"lazy\" decoding=\"async\" class=\"alignnone wp-image-533 size-full\" src=\"https:\/\/www.topohvar.at\/wp-content\/uploads\/2018\/07\/push-l-30.jpg\" alt=\"\" width=\"61\" height=\"30\" \/><\/a> <a href=\"https:\/\/www.topohvar.at\/orte\/pi\/\"><img loading=\"lazy\" decoding=\"async\" class=\"alignnone wp-image-535 size-full\" src=\"https:\/\/www.topohvar.at\/wp-content\/uploads\/2018\/07\/push-o-30.jpg\" alt=\"\" width=\"61\" height=\"30\" \/><\/a> <a href=\"https:\/\/www.topohvar.at\/orte\/pi\/pi-pu-02-1\/\"><img loading=\"lazy\" decoding=\"async\" class=\"alignnone wp-image-536 size-full\" src=\"https:\/\/www.topohvar.at\/wp-content\/uploads\/2018\/07\/push-r-30.jpg\" alt=\"\" width=\"61\" height=\"30\" \/><\/a> <a href=\"https:\/\/www.topohvar.at\/orte\/pi\/pi-og-01-1\/\"><img loading=\"lazy\" decoding=\"async\" class=\"alignnone wp-image-12299 size-full\" src=\"https:\/\/www.topohvar.at\/wp-content\/uploads\/2018\/09\/push-next-30.jpg\" alt=\"\" width=\"61\" height=\"30\" \/><\/a><\/strong><\/p>\n<hr \/>\n<p><strong>Adresa \/ Adresse<br \/>\n<\/strong>Pitve, tunel<\/p>\n<p><strong>Lokacija \/ Position<a href=\"https:\/\/goo.gl\/maps\/S1HA6YQhQabyKkak9\"><img loading=\"lazy\" decoding=\"async\" class=\"alignright wp-image-8492\" src=\"https:\/\/www.topohvar.at\/wp-content\/uploads\/2018\/08\/1683.jpg\" alt=\"\" width=\"134\" height=\"100\" \/><\/a><br \/>\n<\/strong><span style=\"color: #3366ff;\"><a style=\"color: #3366ff;\" href=\"https:\/\/goo.gl\/maps\/S1HA6YQhQabyKkak9\">Latitude: N 43,14053\u00b0 Longitude: E 16,67432\u00b0<\/a> <\/span><strong><br \/>\n<\/strong>Visina \/ H\u00f6he: 205 m<\/p>\n<p><strong>Katastarska \u010destica <\/strong><strong>\/ Grundst\u00fccke<br \/>\n<\/strong>2313<div class='content-column one_half'><div style=\"padding-right:6px;\"><p><strong>Datum snimanja \/ Erfassungsdatum<br \/>\n<\/strong>24.05.2013 16:00:00<\/p>\n<hr \/>\n<p><strong>Informacije<\/strong><\/p>\n<p>Pitve tunel od 1,4 km povezuje Zavalu, Ivan Dolac i Sveta Nedjelja, a izgra\u0111en je samo funkcionalno i bez udobnosti. Nije asfaltiran i nema svjetla, a \u0161irok je dovoljno tek za jednosmjerni promet, pa se smjer prometovanja regulira semaforima na ulazima u tunel.<\/p><\/div><\/div><div class='content-column one_half last_column'><div style=\"padding-right:0px;padding-left:6px;\"><p><strong>Stupanj za\u0161tite<\/strong><strong> \/ Schutzstellung<br \/>\n<\/strong>&#8211;<\/p>\n<hr \/>\n<p><strong>Info<\/strong><\/p>\n<p>Der 1,4 km lange Tunnel der Pitve mit den Orten Zavala, Ivan Dolac und Sveta Nedjelja verbindet, wurde nur funktionell und ohne Komfort gebaut. Er ist nicht asphaltiert, es gibt keine Beleuchtung, und die Breite reicht nur f\u00fcr einen Einbahnverkehr mittels Ampelregelung an den Tunneleing\u00e4ngen.<\/p><\/div><\/div><div class='clear_column'><\/div><div class='content-column one_half'><div style=\"padding-right:6px;\"><p>O\u0161tro izrezbarena vojskom po\u010detkom \u0161ezdesetih, za potrebe vodoopskrbe, koji se za tu namjenu nije koristio, ve\u0107 je zbog prometne izoliranosti ju\u017enoga dijela otoka, iako neprikladne \u0161irine, prenamijenjen u cestovni tunel.\u00a0Prije je bila samo stara staza preko planine do Zavale.<\/p><\/div><\/div><div class='content-column one_half last_column'><div style=\"padding-right:0px;padding-left:6px;\"><p>Vom Milit\u00e4r Anfang der 1960er Jahre zum Zwecke der Wasserversorgung grob ausgehauen, wurde er jedoch nicht f\u00fcr diesen Zweck verwendet, sondern wegen der Isolierung des s\u00fcdlichen Teils der Insel. Obwohl ungeeignet wegen seiner Gr\u00f6\u00dfe, wurde er\u00a0 in einen Stra\u00dfentunnel umfunktioniert. Vorher gab es nur den alten Fu\u00dfweg \u00fcber den Berg nach Zavala.<\/p><\/div><\/div><div class='clear_column'><\/div><div class='content-column one_half'><div style=\"padding-right:6px;\"><p>U sredini tunela nalaze se dva mjesta za izbjegavanje, ina\u010de je tunel samo oko 2,5 m \u0161irok i oko 2,8 m visok. Otvoren je 24.11.1963. godine.<\/p><\/div><\/div><div class='content-column one_half last_column'><div style=\"padding-right:0px;padding-left:6px;\"><p>In der Tunnelmitte befinden sich zwei Ausweichstellen, ansonsten ist der Tunnel nur etwa 2,5 m breit und etwa 2,8 m hoch. Er wurde am 24.11.1963 er\u00f6ffnet.<\/p><\/div><\/div><div class='clear_column'><\/div><\/p>\n<p><img loading=\"lazy\" decoding=\"async\" class=\"alignnone size-full wp-image-8341 aligncenter\" src=\"https:\/\/www.topohvar.at\/wp-content\/uploads\/2018\/08\/PI-ob-01-01.jpg\" alt=\"\" width=\"400\" height=\"300\" srcset=\"https:\/\/www.topohvar.at\/wp-content\/uploads\/2018\/08\/PI-ob-01-01.jpg 400w, https:\/\/www.topohvar.at\/wp-content\/uploads\/2018\/08\/PI-ob-01-01-300x225.jpg 300w\" sizes=\"auto, (max-width: 400px) 100vw, 400px\" \/><\/p>\n<div class='content-column one_half'><div style=\"padding-right:6px;\"><p>Tunel tako\u0111er ima tajnu. S lijeve strane, nedugo nakon ulaska u tunel iz Pitve, mo\u017eete vidjeti, ako pogledate usko, vrata. Jo\u0161 ve\u0107e iznena\u0111enje je ono \u0161to je iza vrata. Hladni uvjeti tunela o\u010dito su savr\u0161eni za spremanje vina. Barem za Zlatan Otok, vode\u0107i hvarsko vinogradar, to se \u010dini kao da se prostor iza vrata koristi za pohranu nekih njegovih izvrsnih vina.<\/p><\/div><\/div><div class='content-column one_half last_column'><div style=\"padding-right:0px;padding-left:6px;\"><p>Der Tunnel hat auch ein Geheimnis. Auf der linken Seite, kurz nachdem man den Tunnel von Pitve her betreten hat, kann man, wenn man genau hinschaut, ein Tor sehen. Eine noch gr\u00f6\u00dfere \u00dcberraschung ist, was hinter dem Tor liegt. Die k\u00fchlen Bedingungen des Tunnels sind offensichtlich perfekt f\u00fcr die Lagerung von Wein. Zumindest f\u00fcr Zlatan Otok, Hvar&#8217;s f\u00fchrenden Winzer, scheint dies so zu sein, denn der Platz hinter dem Tor wird benutzt, um einige seiner exzellenten Weine zu lagern.<\/p><\/div><\/div><div class='clear_column'><\/div><div class='content-column one_half'><div style=\"padding-right:6px;\"><p>Od 2004 godine tako\u0111er vodi neotkrivenu cestu preko planine od Pitve do Zavale.<\/p><\/div><\/div><div class='content-column one_half last_column'><div style=\"padding-right:0px;padding-left:6px;\"><p>Seit 2004 f\u00fchrt auch eine nicht asphaltierte Stra\u00dfe \u00fcber den Berg von Pitve nach Zavala.<\/p><\/div><\/div><div class='clear_column'><\/div><\/p>\n<p style=\"text-align: right;\"><span style=\"color: #3366ff;\"><a style=\"color: #3366ff;\" href=\"#seite_oben\">natrag na vrh \/ Seitenanfang<\/a><\/span><\/p>\n<hr \/>\n<p><strong>Linkovi \/ Links<\/strong><\/p>\n<p><span style=\"color: #3366ff;\"><a style=\"color: #3366ff;\" href=\"https:\/\/www.topohvar.at\/orte\/zv\/zv-pu-01-1\/\">Objekt \u00bbTunel Pitve &#8211; Zavala (ju\u017eni portal)\u00ab \/ Tunnel <em>Pitve &#8211; Zavala<\/em> (S\u00fcdportal)<\/a><\/span><\/p>\n<p><a href=\"https:\/\/youtu.be\/gnL5xhczQkI\"><img loading=\"lazy\" decoding=\"async\" class=\"alignleft wp-image-29686 size-full\" src=\"https:\/\/www.topohvar.at\/wp-content\/uploads\/2020\/01\/pi-ob-01-video.jpg\" alt=\"\" width=\"200\" height=\"56\" \/><\/a><\/p>\n","protected":false},"excerpt":{"rendered":"<p>Ime \/ Name Objekt \u00bbTunel Pitve &#8211; Zavala (sjeverni portal)\u00ab \/ Tunnel Pitve &#8211; Zavala (Nordportal) Code: PI-PU-01\u00a0 \u00a0 \u00a0 \u00a0 \u00a0 \u00a0 \u00a0 \u00a0 \u00a0 \u00a0 \u00a0 \u00a0 \u00a0 \u00a0 \u00a0 \u00a0 \u00a0 \u00a0\u00a0 Adresa \/ Adresse Pitve, tunel &hellip; <a href=\"https:\/\/www.topohvar.at\/topo\/orte\/pi\/pi-pu-01-1\/\">Weiterlesen <span class=\"meta-nav\">&rarr;<\/span><\/a><\/p>\n","protected":false},"author":1,"featured_media":0,"parent":89,"menu_order":0,"comment_status":"closed","ping_status":"closed","template":"","meta":{"footnotes":""},"class_list":["post-8394","page","type-page","status-publish","hentry"],"_links":{"self":[{"href":"https:\/\/www.topohvar.at\/topo\/wp-json\/wp\/v2\/pages\/8394","targetHints":{"allow":["GET"]}}],"collection":[{"href":"https:\/\/www.topohvar.at\/topo\/wp-json\/wp\/v2\/pages"}],"about":[{"href":"https:\/\/www.topohvar.at\/topo\/wp-json\/wp\/v2\/types\/page"}],"author":[{"embeddable":true,"href":"https:\/\/www.topohvar.at\/topo\/wp-json\/wp\/v2\/users\/1"}],"replies":[{"embeddable":true,"href":"https:\/\/www.topohvar.at\/topo\/wp-json\/wp\/v2\/comments?post=8394"}],"version-history":[{"count":19,"href":"https:\/\/www.topohvar.at\/topo\/wp-json\/wp\/v2\/pages\/8394\/revisions"}],"predecessor-version":[{"id":67976,"href":"https:\/\/www.topohvar.at\/topo\/wp-json\/wp\/v2\/pages\/8394\/revisions\/67976"}],"up":[{"embeddable":true,"href":"https:\/\/www.topohvar.at\/topo\/wp-json\/wp\/v2\/pages\/89"}],"wp:attachment":[{"href":"https:\/\/www.topohvar.at\/topo\/wp-json\/wp\/v2\/media?parent=8394"}],"curies":[{"name":"wp","href":"https:\/\/api.w.org\/{rel}","templated":true}]}}