{"id":8400,"date":"2018-08-28T19:31:08","date_gmt":"2018-08-28T17:31:08","guid":{"rendered":"https:\/\/www.topohvar.at\/?page_id=8400"},"modified":"2024-07-16T17:24:19","modified_gmt":"2024-07-16T15:24:19","slug":"pi-tg-02-1","status":"publish","type":"page","link":"https:\/\/www.topohvar.at\/topo\/orte\/pi\/pi-tg-02-1\/","title":{"rendered":"PITVE &#8211; Zgrada javna \u00bbVinogradarski muzej\u00ab"},"content":{"rendered":"<p><a name=\"seite_oben\"><\/a><strong><img loading=\"lazy\" decoding=\"async\" class=\"alignnone wp-image-8346 size-large\" src=\"https:\/\/www.topohvar.at\/wp-content\/uploads\/2018\/08\/pi-tg-02-0-1024x503.jpg\" alt=\"\" width=\"640\" height=\"314\" srcset=\"https:\/\/www.topohvar.at\/wp-content\/uploads\/2018\/08\/pi-tg-02-0-1024x503.jpg 1024w, https:\/\/www.topohvar.at\/wp-content\/uploads\/2018\/08\/pi-tg-02-0-300x147.jpg 300w, https:\/\/www.topohvar.at\/wp-content\/uploads\/2018\/08\/pi-tg-02-0-768x377.jpg 768w, https:\/\/www.topohvar.at\/wp-content\/uploads\/2018\/08\/pi-tg-02-0.jpg 1080w\" sizes=\"auto, (max-width: 640px) 100vw, 640px\" \/><\/strong><\/p>\n<p><strong>Ime \/ Name<br \/>\n<\/strong>Zgrada javna \u00bbVinogradarski muzej\u00ab \/ Weinbaumuseum<\/p>\n<p><strong>Code: <\/strong>PI-TG-02\u00a0 \u00a0 \u00a0 \u00a0 \u00a0 \u00a0 \u00a0 \u00a0 \u00a0 \u00a0 \u00a0 \u00a0 \u00a0 \u00a0 \u00a0 \u00a0 \u00a0 \u00a0 \u00a0 \u00a0 \u00a0\u00a0<strong> <a href=\"https:\/\/www.topohvar.at\/orte\/pi\/pi-tg-04-1\/\"><img loading=\"lazy\" decoding=\"async\" class=\"alignnone wp-image-533 size-full\" src=\"https:\/\/www.topohvar.at\/wp-content\/uploads\/2018\/07\/push-l-30.jpg\" alt=\"\" width=\"61\" height=\"30\" \/><\/a> <a href=\"https:\/\/www.topohvar.at\/orte\/pi\/\"><img loading=\"lazy\" decoding=\"async\" class=\"alignnone wp-image-535 size-full\" src=\"https:\/\/www.topohvar.at\/wp-content\/uploads\/2018\/07\/push-o-30.jpg\" alt=\"\" width=\"61\" height=\"30\" \/><\/a> <a href=\"https:\/\/www.topohvar.at\/topo\/orte\/pi\/pi-tg-03-1\/\"><img loading=\"lazy\" decoding=\"async\" class=\"alignnone wp-image-536 size-full\" src=\"https:\/\/www.topohvar.at\/wp-content\/uploads\/2018\/07\/push-r-30.jpg\" alt=\"\" width=\"61\" height=\"30\" \/><\/a> <\/strong><\/p>\n<hr \/>\n<p><strong>Adresa \/ Adresse<br \/>\n<\/strong>Pitve<\/p>\n<p><strong>Lokacija \/ Position<a href=\"https:\/\/goo.gl\/maps\/WPTH98iQHkcvCWz97\"><img loading=\"lazy\" decoding=\"async\" class=\"alignright wp-image-8475\" src=\"https:\/\/www.topohvar.at\/wp-content\/uploads\/2018\/08\/0476.jpg\" alt=\"\" width=\"134\" height=\"100\" \/><\/a><br \/>\n<\/strong><span style=\"color: #3366ff;\"><a style=\"color: #3366ff;\" href=\"https:\/\/goo.gl\/maps\/WPTH98iQHkcvCWz97\">Latitude: N 43,14835\u00b0 Longitude: E 16,67030\u00b0<\/a> <\/span><strong><br \/>\n<\/strong>Visina \/ H\u00f6he: 129\u00a0 m<\/p>\n<p><strong>Katastarska \u010destica <\/strong><strong>\/ Grundst\u00fccke<br \/>\n<\/strong>*313<div class='content-column one_half'><div style=\"padding-right:6px;\"><p><strong>Datum snimanja \/ Erfassungsdatum<br \/>\n<\/strong>14.10.2014 12:17:31<\/p>\n<hr \/>\n<p><strong>Informacije<\/strong><\/p>\n<p>Vinogradarski muzej se nalazi u nekada\u0161njoj zgradi pu\u010dke osnovne \u0161kole koja je zavr\u0161ila sa radom 1965.godine i zasebna je zbirka koja pripada Muzeju op\u0107ine Jelsa.<\/p><\/div><\/div><div class='content-column one_half last_column'><div style=\"padding-right:0px;padding-left:6px;\"><p><strong>Stupanj za\u0161tite<\/strong><strong> \/ Schutzstellung<br \/>\n<\/strong>Z-2865, P-3160<\/p>\n<hr \/>\n<p><strong>Info<\/strong><\/p>\n<p>Das Weinmuseum befindet sich im ehemaligen Geb\u00e4ude der Grundschule, die 1965 ihren Betrieb einstellte, und ist eine separate Sammlung, die zum Museum der Gemeinde Jelsa geh\u00f6rt.<\/p><\/div><\/div><div class='clear_column'><\/div><div class='content-column one_half'><div style=\"padding-right:6px;\"><h2>1. \u0160kola<\/h2>\n<p>Pomo\u0107na \u0161kola postojala je u Pitve od 1864. godine. Ova \u0161kolska zgrada sagra\u0111ena je 1903. godine. Od sredine 19. st. se osim glavnih osnovnih \u0161kola, koji je uglavnom imale \u010detiri razreda i postojale su u ve\u0107im naseljima, postupno osnivaju u samostalne, \u010de\u0161\u0107e pomo\u0107ne, javne \u0161kole u selima oko Hvara (Brusje 1844. g., Grablje 1878. g.), oko Staroga Grada (Dol 1876. g., Vrisnik 1864. g., Svir\u010de 1851. g.) i oko Jelse (Pitve 1864. g., Sv. Nedjelja 1872. g., Poljica 1905. g.,). itd.).<\/p><\/div><\/div><div class='content-column one_half last_column'><div style=\"padding-right:0px;padding-left:6px;\"><h2>1. Schule<\/h2>\n<p>Eine \u201eHilfsschule\u201c gab es in Pitve seit 1864. Dieses Schulgeb\u00e4ude wurde im Jahr 1903 erbaut. Ab der Mitte des 19. Jahrhunderts wurden in den D\u00f6rfern rund um Hvar (Brusje im Jahr 1844, Grablje im Jahr 1844) neben den Hauptgrundschulen, die meist aus vier Klassen bestanden und in gr\u00f6\u00dferen Siedlungen existierten, nach und nach unabh\u00e4ngige, oft auch Hilfsschulen, \u00f6ffentliche Schulen gegr\u00fcndet 1878), um Stari Grad (Dol 1876, Vrisnik 1864, Svir\u010de 1851) und um Jelsa (Pitva 1864, Sv. Nedjelja 1872, Poljica 1905). usw.).<\/p><\/div><\/div><div class='clear_column'><\/div><\/p>\n<p style=\"text-align: center;\"><em>(OTOK HVAR \u2013 Miro A. Mihovilovi\u0107 i suradnici)<\/em><\/p>\n<div id=\"attachment_69222\" style=\"width: 650px\" class=\"wp-caption aligncenter\"><img loading=\"lazy\" decoding=\"async\" aria-describedby=\"caption-attachment-69222\" class=\"wp-image-69222 size-full\" src=\"https:\/\/www.topohvar.at\/wp-content\/uploads\/2024\/07\/pi-tg-02-11.jpg\" alt=\"\" width=\"640\" height=\"418\" srcset=\"https:\/\/www.topohvar.at\/wp-content\/uploads\/2024\/07\/pi-tg-02-11.jpg 640w, https:\/\/www.topohvar.at\/wp-content\/uploads\/2024\/07\/pi-tg-02-11-300x196.jpg 300w\" sizes=\"auto, (max-width: 640px) 100vw, 640px\" \/><p id=\"caption-attachment-69222\" class=\"wp-caption-text\">Zgrada biv\u0161e \u0161kole \/ ehemaliges Schulgeb\u00e4ude (<em>Foto: visitjelsa.hr<\/em>)<\/p><\/div>\n<hr \/>\n<div class='content-column one_half'><div style=\"padding-right:6px;\"><h2>2. Spomen dom<\/h2>\n<p>U zgradi nekada\u0161nje \u0161kole, 2. studenoga 1981. godine, utemeljen je spomen dom na boraca NOR-a Pitve. Na prvom katu bila je memorijalna zbirka NOR-a.<\/p><\/div><\/div><div class='content-column one_half last_column'><div style=\"padding-right:0px;padding-left:6px;\"><h2>2. Gedenkst\u00e4tte<\/h2>\n<p>Im Geb\u00e4ude der ehemaligen Schule wurde am 2. November 1981 eine Gedenkst\u00e4tte f\u00fcr die K\u00e4mpfer des Nationalen Befreiungskampfes von Pitve eingerichtet. In der ersten Etage befand sich eine Sammlung zum Gedenken des Nationalen Befreiungskampfes.<\/p><\/div><\/div><div class='clear_column'><\/div><div class='content-column one_half'><div style=\"padding-right:6px;\"><p>Na pro\u010delju, pored ulaza, nalazi se spomen plo\u010da poginulima.<\/p><\/div><\/div><div class='content-column one_half last_column'><div style=\"padding-right:0px;padding-left:6px;\"><p>An der Fassade, neben dem Eingang, befindet sich eine Gedenktafel f\u00fcr die Gefallenen.<\/p><\/div><\/div><div class='clear_column'><\/div><\/p>\n<hr \/>\n<div class='content-column one_half'><div style=\"padding-right:6px;\"><h2>3. Zbirka vinogradarstva<\/h2>\n<p>Dr\u017eavna vinogradarska zbirka centra za za\u0161titu kulturne ba\u0161tine otoka Hvara je ure\u0111ena i otvorena za javnost 1989. g.; sadr\u017eava vinarski i vinigradarski pribor i opremu.<\/p><\/div><\/div><div class='content-column one_half last_column'><div style=\"padding-right:0px;padding-left:6px;\"><h2>3. Weinbausammlung<\/h2>\n<p>Die Weinbausammlung des Zentrums f\u00fcr das kulturelle Erbe der Insel Hvar wurde 1989 er\u00f6ffnet und der \u00d6ffentlichkeit zug\u00e4nglich gemacht. Sie enthielt Winzer- und Weinbauzubeh\u00f6r und Ausr\u00fcstung.<\/p><\/div><\/div><div class='clear_column'><\/div><div class='content-column one_half'><div style=\"padding-right:6px;\"><p>Plo\u010da na vanjskom zidu:<br \/>\nVINOGRADARSKI MUZEJ PITVE<\/p><\/div><\/div><div class='content-column one_half last_column'><div style=\"padding-right:0px;padding-left:6px;\"><p>Tafel an der Au\u00dfenwand:<br \/>\nWeinbaumuseum Pitve<\/p><\/div><\/div><div class='clear_column'><\/div><\/p>\n<div id=\"attachment_28522\" style=\"width: 503px\" class=\"wp-caption aligncenter\"><img loading=\"lazy\" decoding=\"async\" aria-describedby=\"caption-attachment-28522\" class=\"wp-image-28522 size-full\" src=\"https:\/\/www.topohvar.at\/wp-content\/uploads\/2020\/01\/pi-tg-02-7.jpg\" alt=\"\" width=\"493\" height=\"300\" srcset=\"https:\/\/www.topohvar.at\/wp-content\/uploads\/2020\/01\/pi-tg-02-7.jpg 493w, https:\/\/www.topohvar.at\/wp-content\/uploads\/2020\/01\/pi-tg-02-7-300x183.jpg 300w\" sizes=\"auto, (max-width: 493px) 100vw, 493px\" \/><p id=\"caption-attachment-28522\" class=\"wp-caption-text\">(Izvor \/ Quelle: OTOK HVAR \u2013 Miro A. Mihovilovi\u0107 i suradnici)<\/p><\/div>\n<hr \/>\n<div class='content-column one_half'><div style=\"padding-right:6px;\"><h2>4. Po\u017ear &#8211; ru\u0161evina<\/h2>\n<p>2012. godine po\u017ear je uni\u0161tio zgradu. U po\u017earu je stradala cijela unutarnja konstrukcija i krovi\u0161te. Zgrada je 2013. bila ru\u0161evina, ali je 2015. dobila novi krov, a izvana je renovirana 2017. godine.<\/p><\/div><\/div><div class='content-column one_half last_column'><div style=\"padding-right:0px;padding-left:6px;\"><h2>4. Brandruine<\/h2>\n<p>Im Jahr 2012 zerst\u00f6rte ein Brand das Geb\u00e4ude. Die gesamte Innenstruktur und das Dach fielen dem Feuer zum Opfer. Das Geb\u00e4ude war im Jahr 2013 eine Ruine, erhielt aber im Jahr 2015 ein neues Dach und wurde 2017 au\u00dfen renoviert.<\/p><\/div><\/div><div class='clear_column'><\/div><div class='content-column one_half'><div style=\"padding-right:6px;\"><h2>5. Vinogradarski muzej<\/h2>\n<p>Muzej se nalazi u nekada\u0161njoj zgradi osnovne \u0161kole, gdje zauzima prostor u\u010dionice u prizemlju. Vinogradarstvo i vinarstvo zna\u010dajan su dio identiteta stanovnika otoka Hvara jo\u0161 od vremena gr\u010dke kolonizacije otoka u 4. stolje\u0107u prije Krista.<\/p><\/div><\/div><div class='content-column one_half last_column'><div style=\"padding-right:0px;padding-left:6px;\"><h2>5. Weinbaumuseum<\/h2>\n<p>Das Museum befindet sich im ehemaligen Grundschulgeb\u00e4ude und belegt dort den Unterrichtsraum im Erdgeschoss.\u00a0Weinbau und Weinherstellung sind seit der griechischen Kolonisierung der Insel im 4. Jahrhundert v. Chr. ein wichtiger Teil der Identit\u00e4t der Bewohner der Insel Hvar.<\/p><\/div><\/div><div class='clear_column'><\/div><div class='content-column one_half'><div style=\"padding-right:6px;\"><p>Vinogradarska zbirka sadr\u017ei tradicijske alate za obradu zemlje, rad u vinogradu i konobi, opremu za proizvodnju i \u010duvanje vina kao i inventar tradicijske kuhinje, ali i modernih audio vizualnih pomagala koji do\u010daravaju vremena na otoku Hvaru iz druge polovice 19 stolje\u0107a i prve polovice 20 stolje\u0107a.<\/p><\/div><\/div><div class='content-column one_half last_column'><div style=\"padding-right:0px;padding-left:6px;\"><p>Die Weinbausammlung umfasst traditionelle Werkzeuge f\u00fcr die Bodenbearbeitung, die Arbeit im Weinberg und in der Taverne, Ger\u00e4te f\u00fcr die Herstellung und Lagerung von Wein sowie ein Inventar der traditionellen K\u00fcche, aber auch moderne audiovisuelle Hilfsmittel, die an die Zeiten auf dem Weinbau erinnern Insel Hvar aus der zweiten H\u00e4lfte des 19. Jahrhunderts und der ersten H\u00e4lfte des 20. Jahrhunderts.<\/p><\/div><\/div><div class='clear_column'><\/div><\/p>\n<div id=\"attachment_69227\" style=\"width: 994px\" class=\"wp-caption aligncenter\"><img loading=\"lazy\" decoding=\"async\" aria-describedby=\"caption-attachment-69227\" class=\"wp-image-69227 size-full\" src=\"https:\/\/www.topohvar.at\/wp-content\/uploads\/2024\/07\/pi-tg-02-20.jpg\" alt=\"\" width=\"984\" height=\"550\" srcset=\"https:\/\/www.topohvar.at\/wp-content\/uploads\/2024\/07\/pi-tg-02-20.jpg 984w, https:\/\/www.topohvar.at\/wp-content\/uploads\/2024\/07\/pi-tg-02-20-300x168.jpg 300w, https:\/\/www.topohvar.at\/wp-content\/uploads\/2024\/07\/pi-tg-02-20-768x429.jpg 768w\" sizes=\"auto, (max-width: 984px) 100vw, 984px\" \/><p id=\"caption-attachment-69227\" class=\"wp-caption-text\">28.02.2023. otvorenje muzeja \/ 28.02.2023 Er\u00f6ffnung des Museums (<em>Foto: visitjelsa.hr<\/em>)<\/p><\/div>\n<hr \/>\n<div class='content-column one_half'><div style=\"padding-right:6px;\"><p>Lista za\u0161ti\u0107enih kulturnih dobara Republike Hrvatske br. 02\/2006.<br \/>\nDatum tiskanog izdanja: 15. 11. 2006.<br \/>\nBroj registra: Z-2865<\/p><\/div><\/div><div class='content-column one_half last_column'><div style=\"padding-right:0px;padding-left:6px;\"><p>Liste der Kulturg\u00fcter der Republik Kroatien Nr. 02\/2006.<br \/>\nVer\u00f6ffentlichungsdatum: 15. 11. 2006.<br \/>\nRegistriernumme:r Z-2865<\/p><\/div><\/div><div class='clear_column'><\/div><\/p>\n<p style=\"text-align: right;\"><span style=\"color: #3366ff;\"><a style=\"color: #3366ff;\" href=\"#seite_oben\">natrag na vrh \/ Seitenanfang<\/a><\/span><\/p>\n<hr \/>\n<p><strong>Linkovi \/ Links<\/strong><\/p>\n<p><span style=\"color: #3366ff;\"><a style=\"color: #3366ff;\" href=\"https:\/\/www.topohvar.at\/orte\/pi\/pi-is-01-1\/\">Spomen plo\u010da palim borcima\u00a0na vanjskom zidu \/ Denkmal f\u00fcr die Gefallenen an der Au\u00dfenwand<\/a><\/span><\/p>\n","protected":false},"excerpt":{"rendered":"<p>Ime \/ Name Zgrada javna \u00bbVinogradarski muzej\u00ab \/ Weinbaumuseum Code: PI-TG-02\u00a0 \u00a0 \u00a0 \u00a0 \u00a0 \u00a0 \u00a0 \u00a0 \u00a0 \u00a0 \u00a0 \u00a0 \u00a0 \u00a0 \u00a0 \u00a0 \u00a0 \u00a0 \u00a0 \u00a0 \u00a0\u00a0 Adresa \/ Adresse Pitve Lokacija \/ Position Latitude: N &hellip; <a href=\"https:\/\/www.topohvar.at\/topo\/orte\/pi\/pi-tg-02-1\/\">Weiterlesen <span class=\"meta-nav\">&rarr;<\/span><\/a><\/p>\n","protected":false},"author":1,"featured_media":0,"parent":89,"menu_order":0,"comment_status":"closed","ping_status":"closed","template":"","meta":{"footnotes":""},"class_list":["post-8400","page","type-page","status-publish","hentry"],"_links":{"self":[{"href":"https:\/\/www.topohvar.at\/topo\/wp-json\/wp\/v2\/pages\/8400","targetHints":{"allow":["GET"]}}],"collection":[{"href":"https:\/\/www.topohvar.at\/topo\/wp-json\/wp\/v2\/pages"}],"about":[{"href":"https:\/\/www.topohvar.at\/topo\/wp-json\/wp\/v2\/types\/page"}],"author":[{"embeddable":true,"href":"https:\/\/www.topohvar.at\/topo\/wp-json\/wp\/v2\/users\/1"}],"replies":[{"embeddable":true,"href":"https:\/\/www.topohvar.at\/topo\/wp-json\/wp\/v2\/comments?post=8400"}],"version-history":[{"count":28,"href":"https:\/\/www.topohvar.at\/topo\/wp-json\/wp\/v2\/pages\/8400\/revisions"}],"predecessor-version":[{"id":69229,"href":"https:\/\/www.topohvar.at\/topo\/wp-json\/wp\/v2\/pages\/8400\/revisions\/69229"}],"up":[{"embeddable":true,"href":"https:\/\/www.topohvar.at\/topo\/wp-json\/wp\/v2\/pages\/89"}],"wp:attachment":[{"href":"https:\/\/www.topohvar.at\/topo\/wp-json\/wp\/v2\/media?parent=8400"}],"curies":[{"name":"wp","href":"https:\/\/api.w.org\/{rel}","templated":true}]}}