{"id":8649,"date":"2018-08-30T17:18:57","date_gmt":"2018-08-30T15:18:57","guid":{"rendered":"https:\/\/www.topohvar.at\/?page_id=8649"},"modified":"2021-11-30T16:57:34","modified_gmt":"2021-11-30T15:57:34","slug":"je-aa-02-1","status":"publish","type":"page","link":"https:\/\/www.topohvar.at\/topo\/orte\/je\/je-aa-02-1\/","title":{"rendered":"JELSA &#8211; Sklop ku\u0107a \u00bbGr\u010dina\u00ab"},"content":{"rendered":"<p><a name=\"seite_oben\"><\/a><br \/>\n<strong><img loading=\"lazy\" decoding=\"async\" class=\"alignnone wp-image-8617 size-large\" src=\"https:\/\/www.topohvar.at\/wp-content\/uploads\/2018\/08\/je-tg-02-0-1024x503.jpg\" alt=\"\" width=\"640\" height=\"314\" srcset=\"https:\/\/www.topohvar.at\/wp-content\/uploads\/2018\/08\/je-tg-02-0-1024x503.jpg 1024w, https:\/\/www.topohvar.at\/wp-content\/uploads\/2018\/08\/je-tg-02-0-300x147.jpg 300w, https:\/\/www.topohvar.at\/wp-content\/uploads\/2018\/08\/je-tg-02-0-768x377.jpg 768w, https:\/\/www.topohvar.at\/wp-content\/uploads\/2018\/08\/je-tg-02-0.jpg 1080w\" sizes=\"auto, (max-width: 640px) 100vw, 640px\" \/><\/strong><\/p>\n<p><strong>Ime \/ Name<br \/>\n<\/strong>Sklop ku\u0107a \/ H\u00e4usergruppe \u00bbGr\u010dina\u00ab<\/p>\n<p><strong>Code: <\/strong>JE-AA-02\u00a0 \u00a0 \u00a0 \u00a0 \u00a0 \u00a0 \u00a0 \u00a0 \u00a0 \u00a0 \u00a0 \u00a0 \u00a0 \u00a0 \u00a0 \u00a0 \u00a0 \u00a0 \u00a0 \u00a0 \u00a0 \u00a0 \u00a0 \u00a0 \u00a0\u00a0<strong>\u00a0<a href=\"https:\/\/www.topohvar.at\/orte\/je\/je-aa-01-1\/\"><img loading=\"lazy\" decoding=\"async\" class=\"alignnone wp-image-533 size-full\" src=\"https:\/\/www.topohvar.at\/wp-content\/uploads\/2018\/07\/push-l-30.jpg\" alt=\"\" width=\"61\" height=\"30\" \/><\/a> <a href=\"https:\/\/www.topohvar.at\/orte\/je\/\"><img loading=\"lazy\" decoding=\"async\" class=\"alignnone wp-image-535 size-full\" src=\"https:\/\/www.topohvar.at\/wp-content\/uploads\/2018\/07\/push-o-30.jpg\" alt=\"\" width=\"61\" height=\"30\" \/><\/a> <a href=\"https:\/\/www.topohvar.at\/orte\/je\/je-ai-01-1\/\"><img loading=\"lazy\" decoding=\"async\" class=\"alignnone wp-image-536 size-full\" src=\"https:\/\/www.topohvar.at\/wp-content\/uploads\/2018\/07\/push-r-30.jpg\" alt=\"\" width=\"61\" height=\"30\" \/><\/a> <a href=\"https:\/\/www.topohvar.at\/orte\/je\/je-au-10-1\/\"><img loading=\"lazy\" decoding=\"async\" class=\"alignnone wp-image-12299 size-full\" src=\"https:\/\/www.topohvar.at\/wp-content\/uploads\/2018\/09\/push-next-30.jpg\" alt=\"\" width=\"61\" height=\"30\" \/><\/a><\/strong><\/p>\n<hr \/>\n<p><strong>Adresa \/ Adresse<br \/>\n<\/strong>Jelsa,\u00a0Gr\u010dina<\/p>\n<p><strong>Lokacija \/ Position<a href=\"https:\/\/goo.gl\/maps\/LtQzp7zTdh8BnHTr5\"><img loading=\"lazy\" decoding=\"async\" class=\"alignright wp-image-8906\" src=\"https:\/\/www.topohvar.at\/wp-content\/uploads\/2018\/08\/1258.jpg\" alt=\"\" width=\"134\" height=\"100\" \/><\/a><br \/>\n<\/strong><span style=\"color: #3366ff;\"><a style=\"color: #3366ff;\" href=\"https:\/\/goo.gl\/maps\/LtQzp7zTdh8BnHTr5\">Latitude: N 43,16100\u00b0\u00a0 \u00a0Longitude: E 16,69220\u00b0<\/a> <\/span><strong><br \/>\n<\/strong>Visina \/ H\u00f6he: 5 m<\/p>\n<p><strong>Katastarska \u010destica <\/strong><strong>\/ Grundst\u00fccke<br \/>\n<\/strong>*111\/1-4, *112\/1, *113\/1, *114\/1, *114\/2<div class='content-column one_half'><div style=\"padding-right:6px;\"><p><strong>Datum snimanja \/ Erfassungsdatum<br \/>\n<\/strong>19.05.2017 17:50:00<\/p>\n<hr \/>\n<p><strong>Informacije<\/strong><\/p>\n<p>Sklop ku\u0107a Gr\u010dina nalazi se uz ulicu koja sa sredi\u0161njeg trga Pjace vodi do \u017eupne crkve.<\/p><\/div><\/div><div class='content-column one_half last_column'><div style=\"padding-right:0px;padding-left:6px;\"><p><strong>Stupanj za\u0161tite<\/strong><strong> \/ Schutzstellung<br \/>\n<\/strong>(RST-629), Z-5141<\/p>\n<hr \/>\n<p><strong>Info<\/strong><\/p>\n<p>Der Gr\u010dina-Hauskomplex befindet sich entlang der Stra\u00dfe, die vom zentralen Platz von Pjace zur Pfarrkirche f\u00fchrt.<\/p><\/div><\/div><div class='clear_column'><\/div><div class='content-column one_half'><div style=\"padding-right:6px;\"><p>Ttvori ga nekoliko zgrada koje me\u0111usobno zatvaraju dvori\u0161ta u kojima su gospodarske prizemnice, a u jednom od njih je tijesak za gro\u017e\u0111e. Ku\u0107e su dvokatnice s konobama u prizemlju. Imaju jednostavne prozore i vrata uokvirena glatkim kamenim okvirima. Na kat se ulazi sularom. Gra\u0111ene su od nepravilna kamena, a mjestimi\u010dno su o\u017ebukane glatkom \u017ebukom. Pokrivene su vi\u0161edijelnim krovom.<\/p><\/div><\/div><div class='content-column one_half last_column'><div style=\"padding-right:0px;padding-left:6px;\"><p>Er besteht aus mehreren Geb\u00e4uden mit Innenh\u00f6fen die mit Wirtschaftsgeb\u00e4uden umschlossen sind. In einem Innenhof findet sich eine Plattform zur Pressen von Trauben. Die H\u00e4user sind zweist\u00f6ckig mit Tavernen im Erdgeschoss. Sie haben einfache Fenster und T\u00fcren, die von glatten Steinrahmen eingerahmt sind. Das Obergeschoss ist mit dem Sular erreichbar. Sie bestehen aus unregelm\u00e4\u00dfigem Stein und sind manchmal mit glattem Putz verputzt. Sie sind von einem mehrteiligen Dach abgedeckt.<\/p><\/div><\/div><div class='clear_column'><\/div><div class='content-column one_half'><div style=\"padding-right:6px;\"><p>Datiraju se u prvu polovicu 19. st. Pripadaju tipu pu\u010dke gradnje za stanovanje s potrebnim gospodarskim zdanjima uklopljenim u zajedni\u010dki ambijent, \u0161to je bilo karakteristi\u010dno za gradnju tog razdoblja na Hvaru.<\/p><\/div><\/div><div class='content-column one_half last_column'><div style=\"padding-right:0px;padding-left:6px;\"><p>Die Bauten stammen aus der ersten H\u00e4lfte des 19. Jahrhunderts und geh\u00f6ren zu der Art von Bauten f\u00fcr Wohnzwecke mit den notwendigen Nebengeb\u00e4uden, die in ein gemeinsames Umfeld integriert sind, das f\u00fcr die Baukultur dieser Zeit in Hvar charakteristisch war.<\/p><\/div><\/div><div class='clear_column'><\/div><div class='content-column one_half'><div style=\"padding-right:6px;\"><p>Nepokretno kulturno dobro &#8211; pojedina\u010dno. Registar kulturnih dobara Republike Hrvatske br. 01\/2011. Datum tiskanog izdanja: 04. 08. 2011.<br \/>\nBroj registra Z-5141 (ranije RST-629)<\/p><\/div><\/div><div class='content-column one_half last_column'><div style=\"padding-right:0px;padding-left:6px;\"><p>Unbewegliches kulturelles Kulturgut. Register der Kulturg\u00fcter der Republik Kroatien Nr. 01\/2011. Ver\u00f6ffentlichungsdatum: 04. 08. 2011.<br \/>\nRegistriernummer Z-5141 (vormals RST-629)<\/p><\/div><\/div><div class='clear_column'><\/div><\/p>\n<p style=\"text-align: right;\"><span style=\"color: #3366ff;\"><a style=\"color: #3366ff;\" href=\"#seite_oben\">natrag na vrh \/ Seitenanfang<\/a><\/span><\/p>\n<hr \/>\n<p><strong>Linkovi \/ Links<\/strong><\/p>\n<p>&#8211;<\/p>\n","protected":false},"excerpt":{"rendered":"<p>Ime \/ Name Sklop ku\u0107a \/ H\u00e4usergruppe \u00bbGr\u010dina\u00ab Code: JE-AA-02\u00a0 \u00a0 \u00a0 \u00a0 \u00a0 \u00a0 \u00a0 \u00a0 \u00a0 \u00a0 \u00a0 \u00a0 \u00a0 \u00a0 \u00a0 \u00a0 \u00a0 \u00a0 \u00a0 \u00a0 \u00a0 \u00a0 \u00a0 \u00a0 \u00a0\u00a0\u00a0 Adresa \/ Adresse Jelsa,\u00a0Gr\u010dina Lokacija \/ &hellip; <a href=\"https:\/\/www.topohvar.at\/topo\/orte\/je\/je-aa-02-1\/\">Weiterlesen <span class=\"meta-nav\">&rarr;<\/span><\/a><\/p>\n","protected":false},"author":1,"featured_media":0,"parent":85,"menu_order":0,"comment_status":"closed","ping_status":"closed","template":"","meta":{"footnotes":""},"class_list":["post-8649","page","type-page","status-publish","hentry"],"_links":{"self":[{"href":"https:\/\/www.topohvar.at\/topo\/wp-json\/wp\/v2\/pages\/8649","targetHints":{"allow":["GET"]}}],"collection":[{"href":"https:\/\/www.topohvar.at\/topo\/wp-json\/wp\/v2\/pages"}],"about":[{"href":"https:\/\/www.topohvar.at\/topo\/wp-json\/wp\/v2\/types\/page"}],"author":[{"embeddable":true,"href":"https:\/\/www.topohvar.at\/topo\/wp-json\/wp\/v2\/users\/1"}],"replies":[{"embeddable":true,"href":"https:\/\/www.topohvar.at\/topo\/wp-json\/wp\/v2\/comments?post=8649"}],"version-history":[{"count":17,"href":"https:\/\/www.topohvar.at\/topo\/wp-json\/wp\/v2\/pages\/8649\/revisions"}],"predecessor-version":[{"id":53867,"href":"https:\/\/www.topohvar.at\/topo\/wp-json\/wp\/v2\/pages\/8649\/revisions\/53867"}],"up":[{"embeddable":true,"href":"https:\/\/www.topohvar.at\/topo\/wp-json\/wp\/v2\/pages\/85"}],"wp:attachment":[{"href":"https:\/\/www.topohvar.at\/topo\/wp-json\/wp\/v2\/media?parent=8649"}],"curies":[{"name":"wp","href":"https:\/\/api.w.org\/{rel}","templated":true}]}}