{"id":8651,"date":"2018-08-30T17:20:34","date_gmt":"2018-08-30T15:20:34","guid":{"rendered":"https:\/\/www.topohvar.at\/?page_id=8651"},"modified":"2021-11-30T17:00:21","modified_gmt":"2021-11-30T16:00:21","slug":"je-ca-01-1","status":"publish","type":"page","link":"https:\/\/www.topohvar.at\/topo\/orte\/je\/je-ca-01-1\/","title":{"rendered":"JELSA &#8211; Samostan \u00bbBiv\u0161i samostan Augustinaca\u00ab"},"content":{"rendered":"<p><a name=\"seite_oben\"><\/a><br \/>\n<strong><img loading=\"lazy\" decoding=\"async\" class=\"alignnone wp-image-8520 size-large\" src=\"https:\/\/www.topohvar.at\/wp-content\/uploads\/2018\/08\/je-ca-01-0-1024x503.jpg\" alt=\"\" width=\"640\" height=\"314\" srcset=\"https:\/\/www.topohvar.at\/wp-content\/uploads\/2018\/08\/je-ca-01-0-1024x503.jpg 1024w, https:\/\/www.topohvar.at\/wp-content\/uploads\/2018\/08\/je-ca-01-0-300x147.jpg 300w, https:\/\/www.topohvar.at\/wp-content\/uploads\/2018\/08\/je-ca-01-0-768x377.jpg 768w, https:\/\/www.topohvar.at\/wp-content\/uploads\/2018\/08\/je-ca-01-0.jpg 1080w\" sizes=\"auto, (max-width: 640px) 100vw, 640px\" \/><\/strong><\/p>\n<p><strong>Ime \/ Name<br \/>\n<\/strong>Samostan \u00bbBiv\u0161i samostan Augustinaca\u00ab \/ Ehemaliges Augustinerkloster<\/p>\n<p><strong>Code: <\/strong>JE-CA-01\u00a0 \u00a0 \u00a0 \u00a0 \u00a0 \u00a0 \u00a0 \u00a0 \u00a0 \u00a0 \u00a0 \u00a0 \u00a0 \u00a0 \u00a0\u00a0<strong><a href=\"https:\/\/www.topohvar.at\/orte\/je\/je-ck-02-1\/\"><img loading=\"lazy\" decoding=\"async\" class=\"alignnone wp-image-533 size-full\" src=\"https:\/\/www.topohvar.at\/wp-content\/uploads\/2018\/07\/push-l-30.jpg\" alt=\"\" width=\"61\" height=\"30\" \/><\/a> <a href=\"https:\/\/www.topohvar.at\/orte\/je\/\"><img loading=\"lazy\" decoding=\"async\" class=\"alignnone wp-image-535 size-full\" src=\"https:\/\/www.topohvar.at\/wp-content\/uploads\/2018\/07\/push-o-30.jpg\" alt=\"\" width=\"61\" height=\"30\" \/><\/a> <a href=\"https:\/\/www.topohvar.at\/orte\/je\/je-ca-02-1\/\"><img loading=\"lazy\" decoding=\"async\" class=\"alignnone wp-image-536 size-full\" src=\"https:\/\/www.topohvar.at\/wp-content\/uploads\/2018\/07\/push-r-30.jpg\" alt=\"\" width=\"61\" height=\"30\" \/><\/a><\/strong><\/p>\n<hr \/>\n<p><strong>Adresa \/ Adresse<br \/>\n<\/strong>Jelsa, gradsko groblje \/ st\u00e4dtischer Friedhof<\/p>\n<p><strong>Lokacija \/ Position<a href=\"https:\/\/goo.gl\/maps\/VkqxRge2x6j2kkCZ9\"><img loading=\"lazy\" decoding=\"async\" class=\"alignright wp-image-8910\" src=\"https:\/\/www.topohvar.at\/wp-content\/uploads\/2018\/08\/0389.jpg\" alt=\"\" width=\"133\" height=\"100\" \/><\/a><br \/>\n<\/strong><span style=\"color: #3366ff;\"><a style=\"color: #3366ff;\" href=\"https:\/\/goo.gl\/maps\/VkqxRge2x6j2kkCZ9\">Latitude: N 43,16524\u00b0\u00a0 \u00a0Longitude: E 16,70279\u00b0<\/a> <\/span><strong><br \/>\n<\/strong>Visina \/ H\u00f6he: 14 m<\/p>\n<p><strong>Katastarska \u010destica <\/strong><strong>\/ Grundst\u00fccke<br \/>\n<\/strong>*565, 2481<div class='content-column one_half'><div style=\"padding-right:6px;\"><p><strong>Datum snimanja \/ Erfassungsdatum<br \/>\n<\/strong>25.05.2013 12:18:46<\/p>\n<hr \/>\n<p><strong>Informacije<\/strong><\/p>\n<p>Na poluotoku Gradini u kasnoanti\u010dko doba nalazio se bizantski kastrum. 1605. godine utemeljen je ovdje, na poluoto\u010di\u0107u, koj i s isto\u010dne strane zatvara jel\u0161ansku luku, samostan augustinaca,. Zbog sukoba oko jurisdikcije s pitovskim \u017eupnikom dozvola za \u00a0celebriranje je dobijene tek 1611. g. Redovnici su u samostanu \u017eivjeli od 1605. do 1787., kada je red ukinut.<\/p><\/div><\/div><div class='content-column one_half last_column'><div style=\"padding-right:0px;padding-left:6px;\"><p><strong>Stupanj za\u0161tite<\/strong><strong> \/ Schutzstellung<br \/>\n<\/strong>RST-0027, RST-0326,24<\/p>\n<hr \/>\n<p><strong>Info<\/strong><\/p>\n<p>Auf der Halbinsel Gradina stand in der Sp\u00e4tantike\u00a0 ein byzantinisches castrum. Im Jahr 1605 wurde hier auf der Halbinsel, die an die Ostseite des Hafens von Jelsa anschlie\u00dft, ein Augustinerkloster gegr\u00fcndet. Aufgrund des Konflikts mit der Gerichtsbarkeit und dem Pfarrer von Pitve wurde erst 1611 die Weihe genehmigt. Die M\u00f6nche lebten in dem Kloster von 1605 bis zu seiner Aufhebung im Jahr 1787.<\/p><\/div><\/div><div class='clear_column'><\/div><div class='content-column one_half'><div style=\"padding-right:6px;\"><p>U samostanu su \u010dlanovi Velikog bratstva Gospa od cinture. Eksproprijacija crkve i samostana tako\u0111er ozna\u010dava i po\u010detak propasti &#8211; jedini preostao je bratstvo, koje se raspada 1807. godine.<\/p><\/div><\/div><div class='content-column one_half last_column'><div style=\"padding-right:0px;padding-left:6px;\"><p>Im Kloster wurden die Mitglieder der Gro\u00dfen Bruderschaft &#8222;Maria vom G\u00fcrtel&#8220; begraben. Die Enteignung der Kirche und des Klosters bedeutet dann auch den Anfang ihres Verfalls \u2013 \u00fcbrig blieb einzig die Bruderschaft, welche 1807 aufgel\u00f6st wird.<\/p><\/div><\/div><div class='clear_column'><\/div><div class='content-column one_half'><div style=\"padding-right:6px;\"><p>1850. godine ovaj napu\u0161teni samostan po\u010deli su ru\u0161iti za gradnju groblja (spomen plo\u010da na ulazu u groblje). Obrisi samostana vide se i danas, a sa\u010duvana je samo barokna crkva koja se koristi kao grobi\u0161na kapela.<\/p><\/div><\/div><div class='content-column one_half last_column'><div style=\"padding-right:0px;padding-left:6px;\"><p>Im Jahr 1850 wurde begonnen das verlassene Kloster zu abzurei\u00dfen, um einen Friedhof zu bauen (Gedenktafel am Friedhofseingang). Die Umrisse des Klosters k\u00f6nnen heute noch gesehen werden. Einzig die Barockkirche blieb erhalten und wird als Friedhofskapelle genutzt.<\/p><\/div><\/div><div class='clear_column'><\/div><div class='content-column one_half'><div style=\"padding-right:6px;\"><p>Uz sjeveroisto\u010dni ugao izgra\u0111en je zvonik zatvorenog tipa, katova markiranih jednostavnim razdjelnim vijencima, sa zidanom lo\u017eom i \u010detverostre\u0161nim krovom.<\/p><\/div><\/div><div class='content-column one_half last_column'><div style=\"padding-right:0px;padding-left:6px;\"><p>Im nord\u00f6stlichen Eck befindet sich der Glockenturm in geschlossener Form, wobei einfache Gesimse die Etagen markierten, mit einer Loggia aus Ziegelsteinen und einem Zeltdach.<\/p><\/div><\/div><div class='clear_column'><\/div><\/p>\n<p style=\"text-align: right;\"><span style=\"color: #3366ff;\"><a style=\"color: #3366ff;\" href=\"#seite_oben\">natrag na vrh \/ Seitenanfang<\/a><\/span><\/p>\n<hr \/>\n<p><strong>Linkovi \/ Links<\/strong><\/p>\n<p><a href=\"https:\/\/www.topohvar.at\/orte\/je\/je-po-03-1\/\"><span style=\"color: #3366ff;\">Arheoloski lokalitet \/ arch\u00e4ologische St\u00e4tte \u00bbGradina\u00ab<\/span><\/a><br \/>\n<span style=\"color: #3366ff;\"><a style=\"color: #3366ff;\" href=\"https:\/\/www.topohvar.at\/orte\/je\/je-is-02-1\/\">Spomen plo\u010da \u00bbBiv\u0161i Augustinaca samostan\u00ab \/ Gedenktafel an das ehemalige Augustinerkloster<\/a><\/span><br \/>\n<span style=\"color: #3366ff;\"><a style=\"color: #3366ff;\" href=\"https:\/\/www.topohvar.at\/orte\/je\/je-ci-04-1\/\">Crkva <em>na Gradini<\/em> \/ Friedhofskapelle<\/a><\/span><br \/>\n<span style=\"color: #3366ff;\"><a style=\"color: #3366ff;\" href=\"https:\/\/www.topohvar.at\/orte\/je\/je-og-01-1\/\">Groblje \/ st\u00e4dtischer Friedhof<\/a><\/span><\/p>\n","protected":false},"excerpt":{"rendered":"<p>Ime \/ Name Samostan \u00bbBiv\u0161i samostan Augustinaca\u00ab \/ Ehemaliges Augustinerkloster Code: JE-CA-01\u00a0 \u00a0 \u00a0 \u00a0 \u00a0 \u00a0 \u00a0 \u00a0 \u00a0 \u00a0 \u00a0 \u00a0 \u00a0 \u00a0 \u00a0\u00a0 Adresa \/ Adresse Jelsa, gradsko groblje \/ st\u00e4dtischer Friedhof Lokacija \/ Position Latitude: N &hellip; <a href=\"https:\/\/www.topohvar.at\/topo\/orte\/je\/je-ca-01-1\/\">Weiterlesen <span class=\"meta-nav\">&rarr;<\/span><\/a><\/p>\n","protected":false},"author":1,"featured_media":0,"parent":85,"menu_order":0,"comment_status":"closed","ping_status":"closed","template":"","meta":{"footnotes":""},"class_list":["post-8651","page","type-page","status-publish","hentry"],"_links":{"self":[{"href":"https:\/\/www.topohvar.at\/topo\/wp-json\/wp\/v2\/pages\/8651","targetHints":{"allow":["GET"]}}],"collection":[{"href":"https:\/\/www.topohvar.at\/topo\/wp-json\/wp\/v2\/pages"}],"about":[{"href":"https:\/\/www.topohvar.at\/topo\/wp-json\/wp\/v2\/types\/page"}],"author":[{"embeddable":true,"href":"https:\/\/www.topohvar.at\/topo\/wp-json\/wp\/v2\/users\/1"}],"replies":[{"embeddable":true,"href":"https:\/\/www.topohvar.at\/topo\/wp-json\/wp\/v2\/comments?post=8651"}],"version-history":[{"count":15,"href":"https:\/\/www.topohvar.at\/topo\/wp-json\/wp\/v2\/pages\/8651\/revisions"}],"predecessor-version":[{"id":53871,"href":"https:\/\/www.topohvar.at\/topo\/wp-json\/wp\/v2\/pages\/8651\/revisions\/53871"}],"up":[{"embeddable":true,"href":"https:\/\/www.topohvar.at\/topo\/wp-json\/wp\/v2\/pages\/85"}],"wp:attachment":[{"href":"https:\/\/www.topohvar.at\/topo\/wp-json\/wp\/v2\/media?parent=8651"}],"curies":[{"name":"wp","href":"https:\/\/api.w.org\/{rel}","templated":true}]}}