{"id":8657,"date":"2018-08-30T17:25:41","date_gmt":"2018-08-30T15:25:41","guid":{"rendered":"https:\/\/www.topohvar.at\/?page_id=8657"},"modified":"2024-07-30T15:45:55","modified_gmt":"2024-07-30T13:45:55","slug":"je-ci-02-1","status":"publish","type":"page","link":"https:\/\/www.topohvar.at\/topo\/orte\/je\/je-ci-02-1\/","title":{"rendered":"JELSA &#8211; Crkva \u00bbGospa od Zdravlja\u00ab"},"content":{"rendered":"<p><a name=\"seite_oben\"><\/a><strong><img loading=\"lazy\" decoding=\"async\" class=\"alignnone wp-image-8523 size-large\" src=\"https:\/\/www.topohvar.at\/wp-content\/uploads\/2018\/08\/JE-CI-02-0-1024x503.jpg\" alt=\"\" width=\"640\" height=\"314\" srcset=\"https:\/\/www.topohvar.at\/wp-content\/uploads\/2018\/08\/JE-CI-02-0-1024x503.jpg 1024w, https:\/\/www.topohvar.at\/wp-content\/uploads\/2018\/08\/JE-CI-02-0-300x147.jpg 300w, https:\/\/www.topohvar.at\/wp-content\/uploads\/2018\/08\/JE-CI-02-0-768x377.jpg 768w, https:\/\/www.topohvar.at\/wp-content\/uploads\/2018\/08\/JE-CI-02-0.jpg 1080w\" sizes=\"auto, (max-width: 640px) 100vw, 640px\" \/><\/strong><\/p>\n<p><strong>Ime \/ Name<br \/>\n<\/strong>Crkva \u00bbGospa od Zdravlja\u00ab \/ Kirche Unserer Lieben Frau vom Heil<\/p>\n<p><strong>Code: <\/strong>JE-CI-02\u00a0 \u00a0 \u00a0 \u00a0 \u00a0 \u00a0 \u00a0 \u00a0 \u00a0 \u00a0 \u00a0 \u00a0 \u00a0 \u00a0 \u00a0\u00a0<strong><a href=\"https:\/\/www.topohvar.at\/orte\/je\/je-ci-01-1\/\"><img loading=\"lazy\" decoding=\"async\" class=\"alignnone wp-image-533 size-full\" src=\"https:\/\/www.topohvar.at\/wp-content\/uploads\/2018\/07\/push-l-30.jpg\" alt=\"\" width=\"61\" height=\"30\" \/><\/a> <a href=\"https:\/\/www.topohvar.at\/orte\/je\/\"><img loading=\"lazy\" decoding=\"async\" class=\"alignnone wp-image-535 size-full\" src=\"https:\/\/www.topohvar.at\/wp-content\/uploads\/2018\/07\/push-o-30.jpg\" alt=\"\" width=\"61\" height=\"30\" \/><\/a> <a href=\"https:\/\/www.topohvar.at\/orte\/je\/je-ci-03-1\/\"><img loading=\"lazy\" decoding=\"async\" class=\"alignnone wp-image-536 size-full\" src=\"https:\/\/www.topohvar.at\/wp-content\/uploads\/2018\/07\/push-r-30.jpg\" alt=\"\" width=\"61\" height=\"30\" \/><\/a><\/strong><\/p>\n<hr \/>\n<p><strong>Adresa \/ Adresse<br \/>\n<\/strong>Jelsa,\u00a0Bre\u017euljk Ra\u010di\u0107<\/p>\n<p><strong>Lokacija \/ Position<a href=\"https:\/\/goo.gl\/maps\/qYpGVHMEGr1ARvSSA\"><img loading=\"lazy\" decoding=\"async\" class=\"alignright wp-image-8946\" src=\"https:\/\/www.topohvar.at\/wp-content\/uploads\/2018\/08\/0392.jpg\" alt=\"\" width=\"133\" height=\"100\" \/><\/a><br \/>\n<\/strong><span style=\"color: #3366ff;\"><a style=\"color: #3366ff;\" href=\"https:\/\/goo.gl\/maps\/qYpGVHMEGr1ARvSSA\">Latitude: N 43,15818\u00b0\u00a0 \u00a0Longitude: E 16,69677\u00b0<\/a> <\/span><strong><br \/>\n<\/strong>Visina \/ H\u00f6he: 73 m<\/p>\n<p><strong>Katastarska \u010destica <\/strong><strong>\/ Grundst\u00fccke<br \/>\n<\/strong>*392, 1703<div class='content-column one_half'><div style=\"padding-right:6px;\"><p><strong>Datum snimanja \/ Erfassungsdatum<br \/>\n<\/strong>18.05.2013 12:20:25<\/p>\n<hr \/>\n<p><strong>Informacije<\/strong><\/p>\n<p>Ve\u0107 u XIV. stolje\u0107u na bre\u017euljku Ra\u010di\u0107 nalazila se mala kapela. Nakon pu\u010dke bune na Hvaru (1510-1514.) i malarije koja je neposredno harala, u ime zavjeta dogradi\u0161e 1535. godine crkvicu, koja \u0107e se od tada pod imenom Gospe od Zdravlja po\u010deti intenzivnije \u0161tovati. I augustinci \u0107e mnogo doprinijeti pro\u0161irenju tog \u0161tovanja, kad su u Velikom tjednu po\u010deli u procesiji poha\u0111ati crkvicu na Ra\u010di\u0107u.<\/p><\/div><\/div><div class='content-column one_half last_column'><div style=\"padding-right:0px;padding-left:6px;\"><p><strong>Stupanj za\u0161tite<\/strong><strong> \/ Schutzstellung<br \/>\n<\/strong>Z-6631<\/p>\n<hr \/>\n<p><strong>Info<\/strong><\/p>\n<p>Schon im 14. Jahrhundert stand auf dem H\u00fcgel Ra\u010di\u0107 eine kleine Kapelle. Nach dem Volksaufstand in Hvar (1510-1514) w\u00fctete in Jelsa die Malaria und so wurde im Jahr 1535 nach einem Gel\u00fcbde eine Kirche gebaut, in der seither Unsere Liebe Frau vom Heil verehrt wird. Die Augustiner hatten gro\u00dfen Anteil zur Ausweitung des Gottesdienstes, als sie begannen, diese Kirche in der Karwoche zu besuchen.<\/p><\/div><\/div><div class='clear_column'><\/div><div class='content-column one_half'><div style=\"padding-right:6px;\"><p>Nakon kolere u Starom Gradu i okolici 1855. godine od koje su umrle 204 osobe, po\u010de\u0161e i zavjetne procesije iz Dola i Svete Nedjelje. Na uspomenu prestanka i iz zavjeta Gospi zapo\u010deta je 1862. g. dogradnja zapadne la\u0111e i zvonika. Blagoslov je bio 15. studenoga 1863. g.<\/p><\/div><\/div><div class='content-column one_half last_column'><div style=\"padding-right:0px;padding-left:6px;\"><p>Bei der Cholera die in Stari Grad und Umgebung im Jahr 1855 w\u00fctete, starben 204 Menschen. In Dol und Sveta Nedjelja wurden Votivprozessionen veranstaltet. Im Jahr 1862 wurde zum Ged\u00e4chtnis an das Ende der Cholera und nach einem Gel\u00fcbde an die Jungfrau Maria, mit der Erweiterung des Kirchenschiffes gegen Westen und dem Bau des Glockenturms begonnen. Eingeweiht wurde die Kirche am 15. November 1863.<\/p><\/div><\/div><div class='clear_column'><\/div><div class='content-column one_half'><div style=\"padding-right:6px;\"><p>Nad ulazom u crkvu natpis potvr\u0111uje zavjet: EX VOTO FIDELIUM A. D. 1862. (na \u017eelju vjernika).<\/p><\/div><\/div><div class='content-column one_half last_column'><div style=\"padding-right:0px;padding-left:6px;\"><p>\u00dcber dem Eingang zur Kirche best\u00e4tigt die Inschrift das Gel\u00fcbde: EX VOTO FIDELIUM A. D. 1862 (auf Wunsch der Gl\u00e4ubigen, im Jahr 1862).<\/p><\/div><\/div><div class='clear_column'><\/div><div class='content-column one_half'><div style=\"padding-right:6px;\"><p><img loading=\"lazy\" decoding=\"async\" class=\"aligncenter size-full wp-image-69235\" src=\"https:\/\/www.topohvar.at\/wp-content\/uploads\/2024\/07\/je-ci-02-10.jpg\" alt=\"\" width=\"450\" height=\"450\" srcset=\"https:\/\/www.topohvar.at\/wp-content\/uploads\/2024\/07\/je-ci-02-10.jpg 450w, https:\/\/www.topohvar.at\/wp-content\/uploads\/2024\/07\/je-ci-02-10-300x300.jpg 300w, https:\/\/www.topohvar.at\/wp-content\/uploads\/2024\/07\/je-ci-02-10-150x150.jpg 150w\" sizes=\"auto, (max-width: 450px) 100vw, 450px\" \/><\/p><\/div><\/div><div class='content-column one_half last_column'><div style=\"padding-right:0px;padding-left:6px;\"><p>&nbsp;<\/p>\n<p style=\"text-align: center;\">Stubi\u0161te \u2013 a jedan zapis ka\u017ee da ima 305 stuba \u2013 sagra\u0111eno je 1879. g.<\/p>\n<p style=\"text-align: center;\">-\/-<\/p>\n<p style=\"text-align: center;\">Die Stiegenanlage zur Kirche mit 305 Stufen wurde 1879 gebaut<\/p><\/div><\/div><div class='clear_column'><\/div><div class='content-column one_half'><div style=\"padding-right:6px;\"><p>Borovi oko crkve posa\u0111eni su 1896. godine. Nakon Prvog svjetskog rata nabavljena su nova zvona veoma lijepog zvuka u talijanskoj ljevaonici De Poli.<\/p><\/div><\/div><div class='content-column one_half last_column'><div style=\"padding-right:0px;padding-left:6px;\"><p>Die Pinien um die Kirche wurden 1896 gepflanzt. Nach dem Ersten Weltkrieg wurden in der italienischen Gie\u00dferei De Poli neue Glocken von sehr sch\u00f6nem Klang erworben.<\/p><\/div><\/div><div class='clear_column'><\/div><div class='content-column one_half'><div style=\"padding-right:6px;\"><p>Kad se 1931. g. slavila 1500. obljetnica Efe\u0161kog koncila, a prigodom marijanskog kongresa, biskup mons. Miho Pu\u0161i\u0107 proglasio je crkvu Gospe od zdravlja Gospinim sveti\u0161tem.<\/p><\/div><\/div><div class='content-column one_half last_column'><div style=\"padding-right:0px;padding-left:6px;\"><p>Als 1931 der 1500. Jahrestag des Konzils von Epheus gefeiert wurde, proklamierte anl\u00e4sslich des Marienkongresses Bischof Msgr. Miho Pu\u0161i\u0107 die Kirche zum Heiligtum Unserer Lieben Frau vom Heil.<\/p><\/div><\/div><div class='clear_column'><\/div><div class='content-column one_half'><div style=\"padding-right:6px;\"><p>Slijede\u0107e godine, tj. 1932. na mjestu one manje iz 1535. podignuta bi kapela s novim oltarom i sakristijom (spomen plo\u010da).<\/p><\/div><\/div><div class='content-column one_half last_column'><div style=\"padding-right:0px;padding-left:6px;\"><p>Im folgenden Jahr 1932, wurde an der Stelle der im Jahr 1535 zerst\u00f6rten Kapelle ein neuer Altar und die Sakristei errichtet (Gedenktafel).<\/p><\/div><\/div><div class='clear_column'><\/div><div class='content-column one_half'><div style=\"padding-right:6px;\"><p>Tri godine kasnije, tj. 17. i 1. VIII. 1935. bi proslavljen u Jelsi Biskupijski euharistijsko-marijanski kongres prigodom 400. godi\u0161njice obiju crkava (spomen plo\u010da).<\/p><\/div><\/div><div class='content-column one_half last_column'><div style=\"padding-right:0px;padding-left:6px;\"><p>Drei Jahre sp\u00e4ter, am 17. und 1. August 1935 wurde anl\u00e4sslich des 400-j\u00e4hrigen Jubil\u00e4ums der Kirche der bisch\u00f6fliche eucharistisch-marianische Kongress gefeiert (Gedenktafel).<\/p><\/div><\/div><div class='clear_column'><\/div><div class='content-column one_half'><div style=\"padding-right:6px;\"><p>God. 1971. biskup Celestin Bezmalinovi\u0107 proglasio je Gospino sveti\u0161te u Jelsi \u2013 biskupijskim marijanskim sveti\u0161tem.<\/p><\/div><\/div><div class='content-column one_half last_column'><div style=\"padding-right:0px;padding-left:6px;\"><p>Im Jahr. 1971 verk\u00fcndete Bischof Celestin Bezmalinovi\u0107, dass das Marienheiligtum in Jelsa \u2013 fortan als Marienheiligtum der Di\u00f6zese gelten soll.<\/p><\/div><\/div><div class='clear_column'><\/div><\/p>\n<p><img loading=\"lazy\" decoding=\"async\" class=\"aligncenter size-full wp-image-69260\" src=\"https:\/\/www.topohvar.at\/wp-content\/uploads\/2024\/07\/je-ci-02-13.jpg\" alt=\"\" width=\"707\" height=\"530\" srcset=\"https:\/\/www.topohvar.at\/wp-content\/uploads\/2024\/07\/je-ci-02-13.jpg 707w, https:\/\/www.topohvar.at\/wp-content\/uploads\/2024\/07\/je-ci-02-13-300x225.jpg 300w\" sizes=\"auto, (max-width: 707px) 100vw, 707px\" \/><\/p>\n<div class='content-column one_half'><div style=\"padding-right:6px;\"><p>Na oltar je postavljena \u010da\u0161\u0107ena Gospina slika na kojoj su uz Gospu s Djetetom prikazani sv. Rok i sv. Ivan Krstitelj. koju predaja pripisuje Palmi Mla\u0111em (1544. &#8211; 1628.). U crkvi se nalaze dvije drvene skulpture iz XVIII. st. te vrijedna ikona u renesansnom okviru iz XVI. st.<\/p><\/div><\/div><div class='content-column one_half last_column'><div style=\"padding-right:0px;padding-left:6px;\"><p>Auf dem Altar befindet sich ein Votivbild der Muttergottes, das Maria mit Kind, sowie die Heiligen Georg und Johannes den T\u00e4ufer zeigt. Das Altarbild wird Palma den J\u00fcngeren (1544 &#8211; 1628) zugeschrieben. In der Kirche befinden sich weiters zwei Holzskulpturen aus dem 18. Jh. und wertvolle Ikonen mit Renaissance-Rahmen aus dem 16. Jh.<\/p><\/div><\/div><div class='clear_column'><\/div><div class='content-column one_half'><div style=\"padding-right:6px;\"><p>Gospa od zdravlja za\u0161titnica je Jelse i okolnih mjesta od bolesti, pa se, po\u0161tuju\u0107i vi\u0161estoljetnu tradiciju, 21. studenog, na njezin dan, stanovnici sredi\u0161njeg dijela\u00a0\u00a0 otoka okupljaju na slu\u017ebi Bo\u017ejoj.<\/p><\/div><\/div><div class='content-column one_half last_column'><div style=\"padding-right:0px;padding-left:6px;\"><p><em>Unsere Liebe Frau vom Heil<\/em> ist die Schutzpatronin von Jelsa und der umliegenden Orte gegen Krankheiten. Daher versammeln sich am 21. November die Bewohner des zentralen Teils der Insel Hvar zum traditionellen Gottesdienst.<\/p><\/div><\/div><div class='clear_column'><\/div><div class='content-column one_half'><div style=\"padding-right:6px;\"><p>Nepokretno kulturno dobro \u2013 pojedina\u010dno. Registar kulturnih dobara Republike Hrvatske.\u00a0Broj registra Z-6631<\/p><\/div><\/div><div class='content-column one_half last_column'><div style=\"padding-right:0px;padding-left:6px;\"><p>Unbewegliches kulturelles Kulturgut. Register der Kulturg\u00fcter der Republik Kroatien:\u00a0Registriernummer Z-6631<\/p><\/div><\/div><div class='clear_column'><\/div><\/p>\n<p style=\"text-align: right;\"><span style=\"color: #3366ff;\"><a style=\"color: #3366ff;\" href=\"#seite_oben\">natrag na vrh \/ Seitenanfang<\/a><\/span><\/p>\n<hr \/>\n<p><strong>Linkovi \/ Links<\/strong><\/p>\n<p><span style=\"color: #3366ff;\"><a style=\"color: #3366ff;\" href=\"https:\/\/www.topohvar.at\/orte\/je\/je-ir-04-1\/\">Kip u ni\u0161u isnad vrata \/ Statue \u00fcber dem Kirchenportal<\/a><br \/>\n<a style=\"color: #3366ff;\" href=\"https:\/\/www.topohvar.at\/orte\/je\/je-in-06-1\/\">Natpis iznad vrata \/ Inschrift \u00fcber dem Kirchenportal<\/a><\/span><br \/>\n<span style=\"color: #3366ff;\"><a style=\"color: #3366ff;\" href=\"https:\/\/www.topohvar.at\/orte\/je\/je-is-17-1\/\">Spomen plo\u010da \u00bbIzgradnja kapela sakrestija\u00ab \/ Gedenktafel an den Bau der Kapelle und Sakristei<\/a><\/span><br \/>\n<span style=\"color: #3366ff;\"><a style=\"color: #3366ff;\" href=\"https:\/\/www.topohvar.at\/orte\/je\/je-is-18-1\/\">Spomen plo\u010da \u00bbMarijanski Kongresi\u00ab \/ Gedenktafel an den Marianischen Kongress<\/a><\/span><\/p>\n","protected":false},"excerpt":{"rendered":"<p>Ime \/ Name Crkva \u00bbGospa od Zdravlja\u00ab \/ Kirche Unserer Lieben Frau vom Heil Code: JE-CI-02\u00a0 \u00a0 \u00a0 \u00a0 \u00a0 \u00a0 \u00a0 \u00a0 \u00a0 \u00a0 \u00a0 \u00a0 \u00a0 \u00a0 \u00a0\u00a0 Adresa \/ Adresse Jelsa,\u00a0Bre\u017euljk Ra\u010di\u0107 Lokacija \/ Position Latitude: N &hellip; <a href=\"https:\/\/www.topohvar.at\/topo\/orte\/je\/je-ci-02-1\/\">Weiterlesen <span class=\"meta-nav\">&rarr;<\/span><\/a><\/p>\n","protected":false},"author":1,"featured_media":0,"parent":85,"menu_order":0,"comment_status":"closed","ping_status":"closed","template":"","meta":{"footnotes":""},"class_list":["post-8657","page","type-page","status-publish","hentry"],"_links":{"self":[{"href":"https:\/\/www.topohvar.at\/topo\/wp-json\/wp\/v2\/pages\/8657","targetHints":{"allow":["GET"]}}],"collection":[{"href":"https:\/\/www.topohvar.at\/topo\/wp-json\/wp\/v2\/pages"}],"about":[{"href":"https:\/\/www.topohvar.at\/topo\/wp-json\/wp\/v2\/types\/page"}],"author":[{"embeddable":true,"href":"https:\/\/www.topohvar.at\/topo\/wp-json\/wp\/v2\/users\/1"}],"replies":[{"embeddable":true,"href":"https:\/\/www.topohvar.at\/topo\/wp-json\/wp\/v2\/comments?post=8657"}],"version-history":[{"count":17,"href":"https:\/\/www.topohvar.at\/topo\/wp-json\/wp\/v2\/pages\/8657\/revisions"}],"predecessor-version":[{"id":69262,"href":"https:\/\/www.topohvar.at\/topo\/wp-json\/wp\/v2\/pages\/8657\/revisions\/69262"}],"up":[{"embeddable":true,"href":"https:\/\/www.topohvar.at\/topo\/wp-json\/wp\/v2\/pages\/85"}],"wp:attachment":[{"href":"https:\/\/www.topohvar.at\/topo\/wp-json\/wp\/v2\/media?parent=8657"}],"curies":[{"name":"wp","href":"https:\/\/api.w.org\/{rel}","templated":true}]}}