{"id":8659,"date":"2018-08-30T17:27:21","date_gmt":"2018-08-30T15:27:21","guid":{"rendered":"https:\/\/www.topohvar.at\/?page_id=8659"},"modified":"2021-11-30T17:04:48","modified_gmt":"2021-11-30T16:04:48","slug":"je-ci-03-1","status":"publish","type":"page","link":"https:\/\/www.topohvar.at\/topo\/orte\/je\/je-ci-03-1\/","title":{"rendered":"JELSA &#8211; Crkva \u00bbSv. Ivana Krstitelja\u00ab"},"content":{"rendered":"<p><a name=\"seite_oben\"><\/a><br \/>\n<strong><img loading=\"lazy\" decoding=\"async\" class=\"aligncenter wp-image-24004 size-large\" src=\"https:\/\/www.topohvar.at\/wp-content\/uploads\/2019\/08\/je-ci-03-20-1024x503.jpg\" alt=\"\" width=\"640\" height=\"314\" srcset=\"https:\/\/www.topohvar.at\/wp-content\/uploads\/2019\/08\/je-ci-03-20-1024x503.jpg 1024w, https:\/\/www.topohvar.at\/wp-content\/uploads\/2019\/08\/je-ci-03-20-300x147.jpg 300w, https:\/\/www.topohvar.at\/wp-content\/uploads\/2019\/08\/je-ci-03-20-768x377.jpg 768w, https:\/\/www.topohvar.at\/wp-content\/uploads\/2019\/08\/je-ci-03-20.jpg 1080w\" sizes=\"auto, (max-width: 640px) 100vw, 640px\" \/><\/strong><\/p>\n<p><strong>Ime \/ Name<br \/>\n<\/strong>Crkva \u00bbSv. Ivana Krstitelja\u00ab \/ Kirche zum hl. Johannes dem T\u00e4ufer<\/p>\n<p><strong>Code: <\/strong>JE-CI-03\u00a0 \u00a0 \u00a0 \u00a0 \u00a0 \u00a0 \u00a0 \u00a0 \u00a0 \u00a0 \u00a0 \u00a0 \u00a0 \u00a0 \u00a0\u00a0<strong><a href=\"https:\/\/www.topohvar.at\/orte\/je\/je-ci-02-1\/\"><img loading=\"lazy\" decoding=\"async\" class=\"alignnone wp-image-533 size-full\" src=\"https:\/\/www.topohvar.at\/wp-content\/uploads\/2018\/07\/push-l-30.jpg\" alt=\"\" width=\"61\" height=\"30\" \/><\/a> <a href=\"https:\/\/www.topohvar.at\/orte\/je\/\"><img loading=\"lazy\" decoding=\"async\" class=\"alignnone wp-image-535 size-full\" src=\"https:\/\/www.topohvar.at\/wp-content\/uploads\/2018\/07\/push-o-30.jpg\" alt=\"\" width=\"61\" height=\"30\" \/><\/a> <a href=\"https:\/\/www.topohvar.at\/orte\/je\/je-ci-04-1\/\"><img loading=\"lazy\" decoding=\"async\" class=\"alignnone wp-image-536 size-full\" src=\"https:\/\/www.topohvar.at\/wp-content\/uploads\/2018\/07\/push-r-30.jpg\" alt=\"\" width=\"61\" height=\"30\" \/><\/a><\/strong><\/p>\n<hr \/>\n<p><strong>Adresa \/ Adresse<br \/>\n<\/strong>Jelsa,\u00a0Trg Sv. Ivana<\/p>\n<p><strong>Lokacija \/ Position<a href=\"https:\/\/goo.gl\/maps\/BqiJhzqHZr9zNono6\"><img loading=\"lazy\" decoding=\"async\" class=\"alignright wp-image-8954\" src=\"https:\/\/www.topohvar.at\/wp-content\/uploads\/2018\/08\/0393.jpg\" alt=\"\" width=\"133\" height=\"100\" \/><\/a><br \/>\n<\/strong><span style=\"color: #3366ff;\"><a style=\"color: #3366ff;\" href=\"https:\/\/goo.gl\/maps\/BqiJhzqHZr9zNono6\">Latitude: N 43,16133\u00b0\u00a0 \u00a0Longitude: E 16,69361\u00b0<\/a> <\/span><strong><br \/>\n<\/strong>Visina \/ H\u00f6he: 1 m<\/p>\n<p><strong>Katastarska \u010destica <\/strong><strong>\/ Grundst\u00fccke<br \/>\n<\/strong>*136<div class='content-column one_half'><div style=\"padding-right:6px;\"><p><strong>Datum snimanja \/ Erfassungsdatum<br \/>\n<\/strong>15.05.2013 11:35:24<\/p>\n<hr \/>\n<p><strong>Informacije<\/strong><\/p>\n<p>Crkvica sv. Ivana je nastala poslije 1331. g. jer je nema u Statutu, ali prije prvih ku\u0107a na Maloj bandi jer je gratie spominju kao orjentir prvih ku\u0107a. Valier 1579. g. spominje Sv. Ivana kao malu crkvicu u lo\u0161em stanju, uvijek otvorenu, bez imanja i rektora.<\/p><\/div><\/div><div class='content-column one_half last_column'><div style=\"padding-right:0px;padding-left:6px;\"><p><strong>Stupanj za\u0161tite<\/strong><strong> \/ Schutzstellung<br \/>\n<\/strong>Z-4872, Z-4899<\/p>\n<hr \/>\n<p><strong>Info<\/strong><\/p>\n<p>Die Johanneskirche wurde nach 1331 errichtet, weil sie nicht im Statut vorkommt, jedoch aber vor den ersten H\u00e4usern in Malo Bando weil die Gratie (?) als Orientierung f\u00fcr die ersten H\u00e4user erw\u00e4hnt wird. Valier erw\u00e4hnt 1579 St. Johannes als kleine Kirche in einem schlechten Zustand, immer offen und ohne Besitzer und Rektor.<\/p><\/div><\/div><div class='clear_column'><\/div><div class='content-column one_half'><div style=\"padding-right:6px;\"><p>Crkva na malom slikovitom trgu povu\u010denom od obale, najzna\u010dajniji je spomenik Jelse. Osmerokutna crkva je nastala u 17. st. Crkva se odlikuje raznoliko\u0161\u0107u stilskih obilje\u017eja: gotike, renesanse i baroka.<\/p><\/div><\/div><div class='content-column one_half last_column'><div style=\"padding-right:0px;padding-left:6px;\"><p>Die Kirche auf dem kleinen, malerischen, von der K\u00fcste etwas entfernter Platz, gilt als wichtigstes Denkmal des Ortes Jelsa. Die achteckige Kirche wurde im 17. Jahrhundert gebaut und vereinigt drei verschiedene Stilarten: Gotik, Renaissance und Barock.<\/p><\/div><\/div><div class='clear_column'><\/div><div class='content-column one_half'><div style=\"padding-right:6px;\"><p>Pro\u010delje crkvice ima krasi rozeta obrubljena razigranim, valovitim linijama izvedenimu plitkom reljefu, jedinstvena na otoku.<\/p><\/div><\/div><div class='content-column one_half last_column'><div style=\"padding-right:0px;padding-left:6px;\"><p>Die Fassade der Kirche hat eine sch\u00f6ne Rosette, die von verspielten Wellenlinien, in Flachrelief gefertigt, umrahmt ist &#8211; einzigartig auf der Insel.<\/p><\/div><\/div><div class='clear_column'><\/div><div class='content-column one_half'><div style=\"padding-right:6px;\"><p>Registar kulturnih dobara Republike Hrvatske br. 01\/2011.<br \/>\nDatum tiskanog izdanja: 04. 08. 2011.<br \/>\nBroj registra: Z-4872<\/p><\/div><\/div><div class='content-column one_half last_column'><div style=\"padding-right:0px;padding-left:6px;\"><p>Register der Kulturg\u00fcter der Republik Kroatien Nr. 01\/2011.<br \/>\nVer\u00f6ffentlichungsdatum: 04. 08. 2011.<br \/>\nRegistriernummer Z-4872<\/p><\/div><\/div><div class='clear_column'><\/div><div class='content-column one_half'><div style=\"padding-right:6px;\"><p><strong>Inventar crkve Sv. Ivana<\/strong> <strong>Krstitelja<\/strong><\/p>\n<p>Inventar crkve Sv. Ivana Krstitelja uklju\u010duje predoltarnik i oltarna pregrada, 18. st, sliku &#8222;Sv. Ivana Krstitelja i sv. Jakov &#8222;iz 18. st. i svije\u0107njaci i postolja za palme, 18-19. st.<\/p><\/div><\/div><div class='content-column one_half last_column'><div style=\"padding-right:0px;padding-left:6px;\"><p><strong>Inventar der Kirche <\/strong><strong>zum hl. Johannes<\/strong><strong> dem T\u00e4ufer<\/strong><\/p>\n<p>Zum Inventar der Kirche des hl. Johannes dem T\u00e4ufer z\u00e4hlen Altarvorderwand und Altaraufsatz aus dem 18. Jh., das Bild \u201eDer hl. Johannes der T\u00e4ufer und der hl. Jakob\u201c aus dem 18. Jh. sowie Leuchter und Podeste f\u00fcr Palmen aus dem 18.\/19. Jh.<\/p><\/div><\/div><div class='clear_column'><\/div><\/p>\n<p><img loading=\"lazy\" decoding=\"async\" class=\"aligncenter size-large wp-image-8524\" src=\"https:\/\/www.topohvar.at\/wp-content\/uploads\/2018\/08\/je-ci-03-0-1024x503.jpg\" alt=\"\" width=\"640\" height=\"314\" srcset=\"https:\/\/www.topohvar.at\/wp-content\/uploads\/2018\/08\/je-ci-03-0-1024x503.jpg 1024w, https:\/\/www.topohvar.at\/wp-content\/uploads\/2018\/08\/je-ci-03-0-300x147.jpg 300w, https:\/\/www.topohvar.at\/wp-content\/uploads\/2018\/08\/je-ci-03-0-768x377.jpg 768w, https:\/\/www.topohvar.at\/wp-content\/uploads\/2018\/08\/je-ci-03-0.jpg 1080w\" sizes=\"auto, (max-width: 640px) 100vw, 640px\" \/><div class='content-column one_half'><div style=\"padding-right:6px;\"><p>Registar kulturnih dobara Republike Hrvatske br. 01\/2011.<br \/>\nDatum tiskanog izdanja: 04. 08. 2011.<br \/>\nBroj registra Z-4899<\/p><\/div><\/div><div class='content-column one_half last_column'><div style=\"padding-right:0px;padding-left:6px;\"><p>Register der Kulturg\u00fcter der Republik Kroatien Nr. 01\/2011.<br \/>\nVer\u00f6ffentlichungsdatum: 04. 08. 2011.<br \/>\nRegistriernummer Z-4899<\/p><\/div><\/div><div class='clear_column'><\/div><\/p>\n<p style=\"text-align: right;\"><span style=\"color: #3366ff;\"><a style=\"color: #3366ff;\" href=\"#seite_oben\">natrag na vrh \/ Seitenanfang<\/a><\/span><\/p>\n<hr \/>\n<p><strong>Linkovi \/ Links<\/strong><\/p>\n<p><span style=\"color: #3366ff;\"><a style=\"color: #3366ff;\" href=\"https:\/\/www.topohvar.at\/orte\/je\/je-pu-02-1\/\">Trg Sv. Ivan \/ Platz des hl. Johannes<\/a><\/span><\/p>\n","protected":false},"excerpt":{"rendered":"<p>Ime \/ Name Crkva \u00bbSv. Ivana Krstitelja\u00ab \/ Kirche zum hl. Johannes dem T\u00e4ufer Code: JE-CI-03\u00a0 \u00a0 \u00a0 \u00a0 \u00a0 \u00a0 \u00a0 \u00a0 \u00a0 \u00a0 \u00a0 \u00a0 \u00a0 \u00a0 \u00a0\u00a0 Adresa \/ Adresse Jelsa,\u00a0Trg Sv. Ivana Lokacija \/ Position Latitude: &hellip; <a href=\"https:\/\/www.topohvar.at\/topo\/orte\/je\/je-ci-03-1\/\">Weiterlesen <span class=\"meta-nav\">&rarr;<\/span><\/a><\/p>\n","protected":false},"author":1,"featured_media":0,"parent":85,"menu_order":0,"comment_status":"closed","ping_status":"closed","template":"","meta":{"footnotes":""},"class_list":["post-8659","page","type-page","status-publish","hentry"],"_links":{"self":[{"href":"https:\/\/www.topohvar.at\/topo\/wp-json\/wp\/v2\/pages\/8659","targetHints":{"allow":["GET"]}}],"collection":[{"href":"https:\/\/www.topohvar.at\/topo\/wp-json\/wp\/v2\/pages"}],"about":[{"href":"https:\/\/www.topohvar.at\/topo\/wp-json\/wp\/v2\/types\/page"}],"author":[{"embeddable":true,"href":"https:\/\/www.topohvar.at\/topo\/wp-json\/wp\/v2\/users\/1"}],"replies":[{"embeddable":true,"href":"https:\/\/www.topohvar.at\/topo\/wp-json\/wp\/v2\/comments?post=8659"}],"version-history":[{"count":14,"href":"https:\/\/www.topohvar.at\/topo\/wp-json\/wp\/v2\/pages\/8659\/revisions"}],"predecessor-version":[{"id":53878,"href":"https:\/\/www.topohvar.at\/topo\/wp-json\/wp\/v2\/pages\/8659\/revisions\/53878"}],"up":[{"embeddable":true,"href":"https:\/\/www.topohvar.at\/topo\/wp-json\/wp\/v2\/pages\/85"}],"wp:attachment":[{"href":"https:\/\/www.topohvar.at\/topo\/wp-json\/wp\/v2\/media?parent=8659"}],"curies":[{"name":"wp","href":"https:\/\/api.w.org\/{rel}","templated":true}]}}