{"id":8663,"date":"2018-08-30T17:30:44","date_gmt":"2018-08-30T15:30:44","guid":{"rendered":"https:\/\/www.topohvar.at\/?page_id=8663"},"modified":"2022-01-18T08:28:16","modified_gmt":"2022-01-18T07:28:16","slug":"je-ck-01-1","status":"publish","type":"page","link":"https:\/\/www.topohvar.at\/topo\/orte\/je\/je-ck-01-1\/","title":{"rendered":"JELSA &#8211; Crkvica \u00bbSv. Roka\u00ab"},"content":{"rendered":"<p><a name=\"seite_oben\"><\/a><br \/>\n<strong><img loading=\"lazy\" decoding=\"async\" class=\"alignnone wp-image-8526 size-large\" src=\"https:\/\/www.topohvar.at\/wp-content\/uploads\/2018\/08\/JE-CK-01-0-1024x503.jpg\" alt=\"\" width=\"640\" height=\"314\" srcset=\"https:\/\/www.topohvar.at\/wp-content\/uploads\/2018\/08\/JE-CK-01-0-1024x503.jpg 1024w, https:\/\/www.topohvar.at\/wp-content\/uploads\/2018\/08\/JE-CK-01-0-300x147.jpg 300w, https:\/\/www.topohvar.at\/wp-content\/uploads\/2018\/08\/JE-CK-01-0-768x377.jpg 768w, https:\/\/www.topohvar.at\/wp-content\/uploads\/2018\/08\/JE-CK-01-0.jpg 1080w\" sizes=\"auto, (max-width: 640px) 100vw, 640px\" \/><\/strong><\/p>\n<p><strong>Ime \/ Name<br \/>\n<\/strong>Crkvica \u00bbSv. Roka\u00ab \/ keine Kirche zum hl. Rochus<\/p>\n<p><strong>Code: <\/strong>JE-CK-01\u00a0 \u00a0 \u00a0 \u00a0 \u00a0 \u00a0 \u00a0 \u00a0 \u00a0 \u00a0 \u00a0 \u00a0 \u00a0 \u00a0 \u00a0\u00a0<strong><a href=\"https:\/\/www.topohvar.at\/orte\/je\/je-ci-04-1\/\"><img loading=\"lazy\" decoding=\"async\" class=\"alignnone wp-image-533 size-full\" src=\"https:\/\/www.topohvar.at\/wp-content\/uploads\/2018\/07\/push-l-30.jpg\" alt=\"\" width=\"61\" height=\"30\" \/><\/a> <a href=\"https:\/\/www.topohvar.at\/orte\/je\/\"><img loading=\"lazy\" decoding=\"async\" class=\"alignnone wp-image-535 size-full\" src=\"https:\/\/www.topohvar.at\/wp-content\/uploads\/2018\/07\/push-o-30.jpg\" alt=\"\" width=\"61\" height=\"30\" \/><\/a> <a href=\"https:\/\/www.topohvar.at\/orte\/je\/je-ck-02-1\/\"><img loading=\"lazy\" decoding=\"async\" class=\"alignnone wp-image-536 size-full\" src=\"https:\/\/www.topohvar.at\/wp-content\/uploads\/2018\/07\/push-r-30.jpg\" alt=\"\" width=\"61\" height=\"30\" \/><\/a><\/strong><\/p>\n<hr \/>\n<p><strong>Adresa \/ Adresse<br \/>\n<\/strong>Jelsa,\u00a0Put Sv. Roka<\/p>\n<p><strong>Lokacija \/ Position<a href=\"https:\/\/goo.gl\/maps\/CZwcxfsu792FndcV8\"><img loading=\"lazy\" decoding=\"async\" class=\"alignright wp-image-8963\" src=\"https:\/\/www.topohvar.at\/wp-content\/uploads\/2018\/08\/0394.jpg\" alt=\"\" width=\"133\" height=\"100\" \/><\/a><br \/>\n<\/strong><span style=\"color: #3366ff;\"><a style=\"color: #3366ff;\" href=\"https:\/\/goo.gl\/maps\/CZwcxfsu792FndcV8\">Latitude: N 43,16142\u00b0\u00a0 \u00a0Longitude: E 16,68955\u00b0<\/a> <\/span><strong><br \/>\n<\/strong>Visina \/ H\u00f6he: 3 m<\/p>\n<p><strong>Katastarska \u010destica <\/strong><strong>\/ Grundst\u00fccke<br \/>\n<\/strong>*85<div class='content-column one_half'><div style=\"padding-right:6px;\"><p><strong>Datum snimanja \/ Erfassungsdatum<br \/>\n<\/strong>24.05.2013 17:28:00<\/p>\n<hr \/>\n<p><strong>Informacije<\/strong><\/p>\n<p>Prvi se put spominje 1601. g., a gra\u0111ena je u drugoj polovici XVI. stolje\u0107a. Vjerojatno je sredi\u0161nji dio stariji, dok je manji oltarni (apsidijalni) prostor kasnije izgra\u0111en. Renesansna Crkva je nekoliko puta dogra\u0111ivana i preure\u0111ivana s vidljivim elementima gotike i romanike, sa zvonikom na preslicu te postavili zvono koje je izradio Luka Ivandija iz Zagreba.<\/p><\/div><\/div><div class='content-column one_half last_column'><div style=\"padding-right:0px;padding-left:6px;\"><p><strong>Stupanj za\u0161tite<\/strong><strong> \/ Schutzstellung<br \/>\n<\/strong>Z-4871,\u00a0Z-4898<\/p>\n<hr \/>\n<p><strong>Info<\/strong><\/p>\n<p>Die Kirche wurde in der zweiten H\u00e4lfte des 16. Jahrhundert erbaut und erstmals im Jahre 1601 erw\u00e4hnt. Wahrscheinlich ist der zentrale Teil \u00e4lter, w\u00e4hrend der kleinere Altarraum (Apsis) sp\u00e4ter gebaut wurde. Die Renaissancekirche wurde mehrmals umgebaut und renoviert und weist gotische und romanische Elemente auf. \u00dcber der Fassade findet sich ein Glockenturm mit einer Glocke des Lukas Ivandij aus Zagreb.<\/p><\/div><\/div><div class='clear_column'><\/div><div class='content-column one_half'><div style=\"padding-right:6px;\"><p>Na isto\u010dnom zidu uklesan je u plitkom reljefu Sv. Roko.\u00a0Obnovljena je 1999. godine.<\/p><\/div><\/div><div class='content-column one_half last_column'><div style=\"padding-right:0px;padding-left:6px;\"><p>An der Ostwand befindet sich ein Flachrelief des hl. Rochus.\u00a0Die letzte Renovierung erfolgte im Jahr 1999.<\/p><\/div><\/div><div class='clear_column'><\/div><div class='content-column one_half'><div style=\"padding-right:6px;\"><p>Registar kulturnih dobara Republike Hrvatske br. 01\/2011.<br \/>\nDatum tiskanog izdanja: 04. 08. 2011.<br \/>\nBroj registra: Z-4871<\/p><\/div><\/div><div class='content-column one_half last_column'><div style=\"padding-right:0px;padding-left:6px;\"><p>Register der Kulturg\u00fcter der Republik Kroatien Nr. 01\/2011.<br \/>\nVer\u00f6ffentlichungsdatum: 04. 08. 2011.<br \/>\nRegistriernummer: Z-4871<\/p><\/div><\/div><div class='clear_column'><\/div><div class='content-column one_half'><div style=\"padding-right:6px;\"><p><strong>Inventar <\/strong><strong>crkve Sv. Roka<\/strong><\/p>\n<p>Inventar crkve Sv. Roka uklju\u010duje: Barokna slika na oltaru s vrlo vrijednim mleta\u010dkim okvirom, prikazuje Gospu pod oblacima, s desne je strane Sv. Ante Padovanski s golim djetetom u rukama, Sv. Rok zami\u0161ljen kle\u010di, a do nogu mu je pas koji ga promatra. Predaja je pripisuje Palmi Mla\u0111em (1544. &#8211; 1628.)<\/p><\/div><\/div><div class='content-column one_half last_column'><div style=\"padding-right:0px;padding-left:6px;\"><p><strong>Inventar der Kirche <\/strong><strong>des hl. Rochus<\/strong><\/p>\n<p>Das Inventar der Kirche: Das barocke Altarbild mit sehr wertvollem venezianischen Rahmen wird Palma dem J\u00fcngeren zugeschrieben (1544 &#8211; 1628) und stellt die Jungfrau Maria unter den Wolken dar. An ihrer rechten Seite befindet sich der hl. Antonius von Padua mit einem nackten Kind in den Armen sowie der nachdenklich knieende hl. Rochus mit dem Hund zu seinen F\u00fc\u00dfen, der ihn beobachtet.<\/p><\/div><\/div><div class='clear_column'><\/div><div class='content-column one_half'><div style=\"padding-right:6px;\"><p>Inventar pokretnih predmeta i umjetnina &#8211; Registar kulturnih dobara Republike Hrvatske br. 01\/2011.<br \/>\nDatum tiskanog izdanja: 04. 08. 2011.<br \/>\nBroj registra: Z-4898<\/p><\/div><\/div><div class='content-column one_half last_column'><div style=\"padding-right:0px;padding-left:6px;\"><p>Inventar der beweglichen Objekte und Kunstwerke &#8211; Register der Kulturg\u00fcter der Republik Kroatien Nr. 01\/2011.<br \/>\nVer\u00f6ffentlichungsdatum: 04. 08. 2011.<br \/>\nRegistriernummer: Z-4898<\/p><\/div><\/div><div class='clear_column'><\/div><\/p>\n<p style=\"text-align: right;\"><span style=\"color: #3366ff;\"><a style=\"color: #3366ff;\" href=\"#seite_oben\">natrag na vrh \/ Seitenanfang<\/a><\/span><\/p>\n<hr \/>\n<p><strong>Linkovi \/ Links<\/strong><\/p>\n<p><span style=\"color: #3366ff;\"><a style=\"color: #3366ff;\" href=\"https:\/\/www.topohvar.at\/orte\/je\/je-ir-03-1\/\">Reljef Sv. Roka na isto\u010dnom zidu \/ Relief des hl. Rochus an der Ostwand<\/a><br \/>\n<a style=\"color: #3366ff;\" href=\"https:\/\/www.topohvar.at\/orte\/je\/je-cz-02-1\/\">Kri\u017e \u00bbkod Sv. Roka\u00ab \/ Kreuz vor der Kirche zum hl. Rochus<\/a><br \/>\n<\/span><\/p>\n","protected":false},"excerpt":{"rendered":"<p>Ime \/ Name Crkvica \u00bbSv. Roka\u00ab \/ keine Kirche zum hl. Rochus Code: JE-CK-01\u00a0 \u00a0 \u00a0 \u00a0 \u00a0 \u00a0 \u00a0 \u00a0 \u00a0 \u00a0 \u00a0 \u00a0 \u00a0 \u00a0 \u00a0\u00a0 Adresa \/ Adresse Jelsa,\u00a0Put Sv. Roka Lokacija \/ Position Latitude: N 43,16142\u00b0\u00a0 &hellip; <a href=\"https:\/\/www.topohvar.at\/topo\/orte\/je\/je-ck-01-1\/\">Weiterlesen <span class=\"meta-nav\">&rarr;<\/span><\/a><\/p>\n","protected":false},"author":1,"featured_media":0,"parent":85,"menu_order":0,"comment_status":"closed","ping_status":"closed","template":"","meta":{"footnotes":""},"class_list":["post-8663","page","type-page","status-publish","hentry"],"_links":{"self":[{"href":"https:\/\/www.topohvar.at\/topo\/wp-json\/wp\/v2\/pages\/8663","targetHints":{"allow":["GET"]}}],"collection":[{"href":"https:\/\/www.topohvar.at\/topo\/wp-json\/wp\/v2\/pages"}],"about":[{"href":"https:\/\/www.topohvar.at\/topo\/wp-json\/wp\/v2\/types\/page"}],"author":[{"embeddable":true,"href":"https:\/\/www.topohvar.at\/topo\/wp-json\/wp\/v2\/users\/1"}],"replies":[{"embeddable":true,"href":"https:\/\/www.topohvar.at\/topo\/wp-json\/wp\/v2\/comments?post=8663"}],"version-history":[{"count":13,"href":"https:\/\/www.topohvar.at\/topo\/wp-json\/wp\/v2\/pages\/8663\/revisions"}],"predecessor-version":[{"id":56273,"href":"https:\/\/www.topohvar.at\/topo\/wp-json\/wp\/v2\/pages\/8663\/revisions\/56273"}],"up":[{"embeddable":true,"href":"https:\/\/www.topohvar.at\/topo\/wp-json\/wp\/v2\/pages\/85"}],"wp:attachment":[{"href":"https:\/\/www.topohvar.at\/topo\/wp-json\/wp\/v2\/media?parent=8663"}],"curies":[{"name":"wp","href":"https:\/\/api.w.org\/{rel}","templated":true}]}}