{"id":8665,"date":"2018-08-30T17:32:40","date_gmt":"2018-08-30T15:32:40","guid":{"rendered":"https:\/\/www.topohvar.at\/?page_id=8665"},"modified":"2021-11-30T17:07:36","modified_gmt":"2021-11-30T16:07:36","slug":"je-ck-02-1","status":"publish","type":"page","link":"https:\/\/www.topohvar.at\/topo\/orte\/je\/je-ck-02-1\/","title":{"rendered":"JELSA &#8211; Crkvica \u00bbSv. Mihovila\u00ab"},"content":{"rendered":"<p><a name=\"seite_oben\"><\/a><br \/>\n<strong><img loading=\"lazy\" decoding=\"async\" class=\"alignnone wp-image-8527 size-large\" src=\"https:\/\/www.topohvar.at\/wp-content\/uploads\/2018\/08\/JE-CK-02-0-1024x503.jpg\" alt=\"\" width=\"640\" height=\"314\" srcset=\"https:\/\/www.topohvar.at\/wp-content\/uploads\/2018\/08\/JE-CK-02-0-1024x503.jpg 1024w, https:\/\/www.topohvar.at\/wp-content\/uploads\/2018\/08\/JE-CK-02-0-300x147.jpg 300w, https:\/\/www.topohvar.at\/wp-content\/uploads\/2018\/08\/JE-CK-02-0-768x377.jpg 768w, https:\/\/www.topohvar.at\/wp-content\/uploads\/2018\/08\/JE-CK-02-0.jpg 1080w\" sizes=\"auto, (max-width: 640px) 100vw, 640px\" \/><\/strong><\/p>\n<p><strong>Ime \/ Name<br \/>\n<\/strong>Crkvica \u00bbSv. Mihovila\u00ab \/ kleine Kirche des hl. Michael<\/p>\n<p><strong>Code: <\/strong>JE-CK-02\u00a0 \u00a0 \u00a0 \u00a0 \u00a0 \u00a0 \u00a0 \u00a0 \u00a0 \u00a0 \u00a0 \u00a0 \u00a0 \u00a0 \u00a0\u00a0<strong><a href=\"https:\/\/www.topohvar.at\/orte\/je\/je-ck-01-1\/\"><img loading=\"lazy\" decoding=\"async\" class=\"alignnone wp-image-533 size-full\" src=\"https:\/\/www.topohvar.at\/wp-content\/uploads\/2018\/07\/push-l-30.jpg\" alt=\"\" width=\"61\" height=\"30\" \/><\/a> <a href=\"https:\/\/www.topohvar.at\/orte\/je\/\"><img loading=\"lazy\" decoding=\"async\" class=\"alignnone wp-image-535 size-full\" src=\"https:\/\/www.topohvar.at\/wp-content\/uploads\/2018\/07\/push-o-30.jpg\" alt=\"\" width=\"61\" height=\"30\" \/><\/a> <a href=\"https:\/\/www.topohvar.at\/orte\/je\/je-ca-01-1\/\"><img loading=\"lazy\" decoding=\"async\" class=\"alignnone wp-image-536 size-full\" src=\"https:\/\/www.topohvar.at\/wp-content\/uploads\/2018\/07\/push-r-30.jpg\" alt=\"\" width=\"61\" height=\"30\" \/><\/a><\/strong><\/p>\n<hr \/>\n<p><strong>Adresa \/ Adresse<br \/>\n<\/strong>Jelsa,\u00a0Put Mihovila<\/p>\n<p><strong>Lokacija \/ Position<a href=\"https:\/\/goo.gl\/maps\/5qWTWjPRsXpCnTsD6\"><img loading=\"lazy\" decoding=\"async\" class=\"alignright wp-image-8970\" src=\"https:\/\/www.topohvar.at\/wp-content\/uploads\/2018\/08\/0395.jpg\" alt=\"\" width=\"133\" height=\"100\" \/><\/a><br \/>\n<\/strong><span style=\"color: #3366ff;\"><a style=\"color: #3366ff;\" href=\"https:\/\/goo.gl\/maps\/5qWTWjPRsXpCnTsD6\">Latitude: N 43,16335\u00b0\u00a0 \u00a0Longitude: E 16,69075\u00b0<\/a> <\/span><strong><br \/>\n<\/strong>Visina \/ H\u00f6he: 8 m<\/p>\n<p><strong>Katastarska \u010destica <\/strong><strong>\/ Grundst\u00fccke<br \/>\n<\/strong>*62\/2<div class='content-column one_half'><div style=\"padding-right:6px;\"><p><strong>Datum snimanja \/ Erfassungsdatum<br \/>\n<\/strong>30.05.2013 10:32:48<\/p>\n<hr \/>\n<p><strong>Informacije<\/strong><\/p>\n<p>Na maloj uzvisini podno bre\u017euljka Burkova nalazi se crkvica Sv.Mihovila. Crkvu sagradila su 1463. godine u goti\u010dkom stilu bra\u0107a Rada\u0161ini\u0107, a u drugoj polovici XVIII. stolje\u0107a bra\u0107a Palaversi\u0107 je pro\u0161iruju dodavanjem novog oltara i zapadnog\u00a0 pro\u010delja u baroknom stilu.<\/p><\/div><\/div><div class='content-column one_half last_column'><div style=\"padding-right:0px;padding-left:6px;\"><p><strong>Stupanj za\u0161tite<\/strong><strong> \/ Schutzstellung<br \/>\n<\/strong>Z-4646<\/p>\n<hr \/>\n<p><strong>Info<\/strong><\/p>\n<p>Auf einem kleinen H\u00fcgel am Fu\u00dfe des H\u00fcgels Burkov steht die kleine Kirche des hl. Michael. Die Kirche wurde im Jahre 1463 im gotischen Stil von den Br\u00fcdern Rada\u0161ini\u0107 gebaut. In der zweiten H\u00e4lfte des 18. Jh. wurde sie durch die Br\u00fcder Palaversi\u0107 um einen neuen Altar erweitert, sowie die Westfassade im Barockstil neu gestaltet.<\/p><\/div><\/div><div class='clear_column'><\/div><div class='content-column one_half'><div style=\"padding-right:6px;\"><p>Lista za\u0161ti\u0107enih kulturnih dobara Republike Hrvatske br. 06\/2010.<br \/>\nDatum tiskanog izdanja: 22. 04. 2011.<br \/>\nBroj registra: Z-4646<\/p><\/div><\/div><div class='content-column one_half last_column'><div style=\"padding-right:0px;padding-left:6px;\"><p>Liste der Kulturg\u00fcter der Republik Kroatien Nr. 06\/2010.<br \/>\nVer\u00f6ffentlichungsdatum: 22. 04. 2011.<br \/>\nRegistriernummer: Z-4646<\/p><\/div><\/div><div class='clear_column'><\/div><\/p>\n<p style=\"text-align: right;\"><span style=\"color: #3366ff;\"><a style=\"color: #3366ff;\" href=\"#seite_oben\">natrag na vrh \/ Seitenanfang<\/a><\/span><\/p>\n<hr \/>\n<p><strong>Linkovi \/ Links<\/strong><\/p>\n<p>&#8211;<\/p>\n","protected":false},"excerpt":{"rendered":"<p>Ime \/ Name Crkvica \u00bbSv. Mihovila\u00ab \/ kleine Kirche des hl. Michael Code: JE-CK-02\u00a0 \u00a0 \u00a0 \u00a0 \u00a0 \u00a0 \u00a0 \u00a0 \u00a0 \u00a0 \u00a0 \u00a0 \u00a0 \u00a0 \u00a0\u00a0 Adresa \/ Adresse Jelsa,\u00a0Put Mihovila Lokacija \/ Position Latitude: N 43,16335\u00b0\u00a0 \u00a0Longitude: &hellip; <a href=\"https:\/\/www.topohvar.at\/topo\/orte\/je\/je-ck-02-1\/\">Weiterlesen <span class=\"meta-nav\">&rarr;<\/span><\/a><\/p>\n","protected":false},"author":1,"featured_media":0,"parent":85,"menu_order":0,"comment_status":"closed","ping_status":"closed","template":"","meta":{"footnotes":""},"class_list":["post-8665","page","type-page","status-publish","hentry"],"_links":{"self":[{"href":"https:\/\/www.topohvar.at\/topo\/wp-json\/wp\/v2\/pages\/8665","targetHints":{"allow":["GET"]}}],"collection":[{"href":"https:\/\/www.topohvar.at\/topo\/wp-json\/wp\/v2\/pages"}],"about":[{"href":"https:\/\/www.topohvar.at\/topo\/wp-json\/wp\/v2\/types\/page"}],"author":[{"embeddable":true,"href":"https:\/\/www.topohvar.at\/topo\/wp-json\/wp\/v2\/users\/1"}],"replies":[{"embeddable":true,"href":"https:\/\/www.topohvar.at\/topo\/wp-json\/wp\/v2\/comments?post=8665"}],"version-history":[{"count":7,"href":"https:\/\/www.topohvar.at\/topo\/wp-json\/wp\/v2\/pages\/8665\/revisions"}],"predecessor-version":[{"id":53883,"href":"https:\/\/www.topohvar.at\/topo\/wp-json\/wp\/v2\/pages\/8665\/revisions\/53883"}],"up":[{"embeddable":true,"href":"https:\/\/www.topohvar.at\/topo\/wp-json\/wp\/v2\/pages\/85"}],"wp:attachment":[{"href":"https:\/\/www.topohvar.at\/topo\/wp-json\/wp\/v2\/media?parent=8665"}],"curies":[{"name":"wp","href":"https:\/\/api.w.org\/{rel}","templated":true}]}}