{"id":8667,"date":"2018-08-30T17:34:13","date_gmt":"2018-08-30T15:34:13","guid":{"rendered":"https:\/\/www.topohvar.at\/?page_id=8667"},"modified":"2021-11-30T17:08:44","modified_gmt":"2021-11-30T16:08:44","slug":"je-cp-01-1","status":"publish","type":"page","link":"https:\/\/www.topohvar.at\/topo\/orte\/je\/je-cp-01-1\/","title":{"rendered":"JELSA &#8211; Kapela \u00bbSv. Antonija\u00ab"},"content":{"rendered":"<p><a name=\"seite_oben\"><\/a><br \/>\n<strong><img loading=\"lazy\" decoding=\"async\" class=\"alignnone wp-image-8529 size-large\" src=\"https:\/\/www.topohvar.at\/wp-content\/uploads\/2018\/08\/JE-CP-01-0-1024x503.jpg\" alt=\"\" width=\"640\" height=\"314\" srcset=\"https:\/\/www.topohvar.at\/wp-content\/uploads\/2018\/08\/JE-CP-01-0-1024x503.jpg 1024w, https:\/\/www.topohvar.at\/wp-content\/uploads\/2018\/08\/JE-CP-01-0-300x147.jpg 300w, https:\/\/www.topohvar.at\/wp-content\/uploads\/2018\/08\/JE-CP-01-0-768x377.jpg 768w, https:\/\/www.topohvar.at\/wp-content\/uploads\/2018\/08\/JE-CP-01-0.jpg 1080w\" sizes=\"auto, (max-width: 640px) 100vw, 640px\" \/><\/strong><\/p>\n<p><strong>Ime \/ Name<br \/>\n<\/strong>Kapela \u00bbSv. Antonija\u00ab \/ Kapelle des hl. Antonius<\/p>\n<p><strong>Code: <\/strong>JE-CP-01\u00a0 \u00a0 \u00a0 \u00a0 \u00a0 \u00a0 \u00a0 \u00a0 \u00a0 \u00a0 \u00a0 \u00a0 \u00a0 \u00a0 \u00a0\u00a0<strong><a href=\"https:\/\/www.topohvar.at\/orte\/je\/je-cp-05-1\/\"><img loading=\"lazy\" decoding=\"async\" class=\"alignnone wp-image-533 size-full\" src=\"https:\/\/www.topohvar.at\/wp-content\/uploads\/2018\/07\/push-l-30.jpg\" alt=\"\" width=\"61\" height=\"30\" \/><\/a> <a href=\"https:\/\/www.topohvar.at\/orte\/je\/\"><img loading=\"lazy\" decoding=\"async\" class=\"alignnone wp-image-535 size-full\" src=\"https:\/\/www.topohvar.at\/wp-content\/uploads\/2018\/07\/push-o-30.jpg\" alt=\"\" width=\"61\" height=\"30\" \/><\/a> <a href=\"https:\/\/www.topohvar.at\/orte\/je\/je-cp-02-1\/\"><img loading=\"lazy\" decoding=\"async\" class=\"alignnone wp-image-536 size-full\" src=\"https:\/\/www.topohvar.at\/wp-content\/uploads\/2018\/07\/push-r-30.jpg\" alt=\"\" width=\"61\" height=\"30\" \/><\/a><\/strong><\/p>\n<hr \/>\n<p><strong>Adresa \/ Adresse<br \/>\n<\/strong>Jelsa,\u00a0\u0160etali\u0161te jel\u0161anskih pomoraca, ispod Hotel <em>Fontana<\/em> \/ unterhalb des Hotels <em>Fontana<\/em><\/p>\n<p><strong>Lokacija \/ Position<a href=\"https:\/\/goo.gl\/maps\/W1QDXa2fmkamozmB8\"><img loading=\"lazy\" decoding=\"async\" class=\"alignright wp-image-8973\" src=\"https:\/\/www.topohvar.at\/wp-content\/uploads\/2018\/09\/0398.jpg\" alt=\"\" width=\"133\" height=\"100\" \/><\/a><br \/>\n<\/strong><span style=\"color: #3366ff;\"><a style=\"color: #3366ff;\" href=\"https:\/\/goo.gl\/maps\/W1QDXa2fmkamozmB8\">Latitude: N 43,16602\u00b0\u00a0 \u00a0Longitude: E 16,69760\u00b0<\/a> <\/span><strong><br \/>\n<\/strong>Visina \/ H\u00f6he: 7 m<\/p>\n<p><strong>Katastarska \u010destica <\/strong><strong>\/ Grundst\u00fccke<br \/>\n<\/strong>166\/5<div class='content-column one_half'><div style=\"padding-right:6px;\"><p><strong>Datum snimanja \/ Erfassungsdatum<br \/>\n<\/strong>25.05.2013 13:17:44<\/p>\n<hr \/>\n<p><strong>Informacije<\/strong><\/p>\n<p>Obnovljena kapelica 2015. godine na &#8217;sike&#8216; ispod hotela <em>Fontana<\/em>, djelo je mladih iz Udruge \u00bbSun\u010dani sat\u00ab, a koje su ovaj put nesebi\u010dno potpomogli kamenoklesar Edi \u0160tambuk izradom sve\u010devog kipa i Antonio Reljanovi\u0107 ugradnjom rasvjete.<\/p><\/div><\/div><div class='content-column one_half last_column'><div style=\"padding-right:0px;padding-left:6px;\"><p><strong>Stupanj za\u0161tite<\/strong><strong> \/ Schutzstellung<br \/>\n<\/strong>&#8211;<\/p>\n<hr \/>\n<p><strong>Info<\/strong><\/p>\n<p>Die im Jahr 2015 rekonstruierte Kapelle in &#8222;Sika&#8220; unter dem Hotel <em>Fontana<\/em> ist eine Arbeit von jungen Leuten des Vereins &#8222;Sonnenuhr&#8220;, die selbstlos von dem Bildhauer Edi \u0160tambuk mit einer Statue und von Antonio Reljanovi\u0107 mit der Lichtinstallation unterst\u00fctzt wurde.<\/p><\/div><\/div><div class='clear_column'><\/div><\/p>\n<p style=\"text-align: right;\"><span style=\"color: #3366ff;\"><a style=\"color: #3366ff;\" href=\"#seite_oben\">natrag na vrh \/ Seitenanfang<\/a><\/span><\/p>\n<hr \/>\n<p><strong>Linkovi \/ Links<\/strong><\/p>\n<p>&#8211;<\/p>\n","protected":false},"excerpt":{"rendered":"<p>Ime \/ Name Kapela \u00bbSv. Antonija\u00ab \/ Kapelle des hl. Antonius Code: JE-CP-01\u00a0 \u00a0 \u00a0 \u00a0 \u00a0 \u00a0 \u00a0 \u00a0 \u00a0 \u00a0 \u00a0 \u00a0 \u00a0 \u00a0 \u00a0\u00a0 Adresa \/ Adresse Jelsa,\u00a0\u0160etali\u0161te jel\u0161anskih pomoraca, ispod Hotel Fontana \/ unterhalb des Hotels &hellip; <a href=\"https:\/\/www.topohvar.at\/topo\/orte\/je\/je-cp-01-1\/\">Weiterlesen <span class=\"meta-nav\">&rarr;<\/span><\/a><\/p>\n","protected":false},"author":1,"featured_media":0,"parent":85,"menu_order":0,"comment_status":"closed","ping_status":"closed","template":"","meta":{"footnotes":""},"class_list":["post-8667","page","type-page","status-publish","hentry"],"_links":{"self":[{"href":"https:\/\/www.topohvar.at\/topo\/wp-json\/wp\/v2\/pages\/8667","targetHints":{"allow":["GET"]}}],"collection":[{"href":"https:\/\/www.topohvar.at\/topo\/wp-json\/wp\/v2\/pages"}],"about":[{"href":"https:\/\/www.topohvar.at\/topo\/wp-json\/wp\/v2\/types\/page"}],"author":[{"embeddable":true,"href":"https:\/\/www.topohvar.at\/topo\/wp-json\/wp\/v2\/users\/1"}],"replies":[{"embeddable":true,"href":"https:\/\/www.topohvar.at\/topo\/wp-json\/wp\/v2\/comments?post=8667"}],"version-history":[{"count":9,"href":"https:\/\/www.topohvar.at\/topo\/wp-json\/wp\/v2\/pages\/8667\/revisions"}],"predecessor-version":[{"id":53884,"href":"https:\/\/www.topohvar.at\/topo\/wp-json\/wp\/v2\/pages\/8667\/revisions\/53884"}],"up":[{"embeddable":true,"href":"https:\/\/www.topohvar.at\/topo\/wp-json\/wp\/v2\/pages\/85"}],"wp:attachment":[{"href":"https:\/\/www.topohvar.at\/topo\/wp-json\/wp\/v2\/media?parent=8667"}],"curies":[{"name":"wp","href":"https:\/\/api.w.org\/{rel}","templated":true}]}}