{"id":8671,"date":"2018-08-30T17:36:58","date_gmt":"2018-08-30T15:36:58","guid":{"rendered":"https:\/\/www.topohvar.at\/?page_id=8671"},"modified":"2022-01-29T12:52:23","modified_gmt":"2022-01-29T11:52:23","slug":"je-cp-02-1","status":"publish","type":"page","link":"https:\/\/www.topohvar.at\/topo\/orte\/je\/je-cp-02-1\/","title":{"rendered":"JELSA &#8211; Kapela \u00bbBl. Alojzija Stepinca\u00ab"},"content":{"rendered":"<p><a name=\"seite_oben\"><\/a><br \/>\n<strong><img loading=\"lazy\" decoding=\"async\" class=\"alignnone wp-image-8530 size-large\" src=\"https:\/\/www.topohvar.at\/wp-content\/uploads\/2018\/08\/je-cp-02-0-1024x503.jpg\" alt=\"\" width=\"640\" height=\"314\" srcset=\"https:\/\/www.topohvar.at\/wp-content\/uploads\/2018\/08\/je-cp-02-0-1024x503.jpg 1024w, https:\/\/www.topohvar.at\/wp-content\/uploads\/2018\/08\/je-cp-02-0-300x147.jpg 300w, https:\/\/www.topohvar.at\/wp-content\/uploads\/2018\/08\/je-cp-02-0-768x377.jpg 768w, https:\/\/www.topohvar.at\/wp-content\/uploads\/2018\/08\/je-cp-02-0.jpg 1080w\" sizes=\"auto, (max-width: 640px) 100vw, 640px\" \/><\/strong><\/p>\n<p><strong>Ime \/ Name<br \/>\n<\/strong>Kapela \u00bbBl. Alojzija Stepinca\u00ab \/ Kapelle des seligen Aloisius Stepenic<\/p>\n<p><strong>Code: <\/strong>JE-CP-02\u00a0 \u00a0 \u00a0 \u00a0 \u00a0 \u00a0 \u00a0 \u00a0 \u00a0 \u00a0 \u00a0 \u00a0 \u00a0 \u00a0 \u00a0\u00a0<strong><a href=\"https:\/\/www.topohvar.at\/orte\/je\/je-cp-01-1\/\"><img loading=\"lazy\" decoding=\"async\" class=\"alignnone wp-image-533 size-full\" src=\"https:\/\/www.topohvar.at\/wp-content\/uploads\/2018\/07\/push-l-30.jpg\" alt=\"\" width=\"61\" height=\"30\" \/><\/a> <a href=\"https:\/\/www.topohvar.at\/orte\/je\/\"><img loading=\"lazy\" decoding=\"async\" class=\"alignnone wp-image-535 size-full\" src=\"https:\/\/www.topohvar.at\/wp-content\/uploads\/2018\/07\/push-o-30.jpg\" alt=\"\" width=\"61\" height=\"30\" \/><\/a> <a href=\"https:\/\/www.topohvar.at\/orte\/je\/je-cp-03-1\/\"><img loading=\"lazy\" decoding=\"async\" class=\"alignnone wp-image-536 size-full\" src=\"https:\/\/www.topohvar.at\/wp-content\/uploads\/2018\/07\/push-r-30.jpg\" alt=\"\" width=\"61\" height=\"30\" \/><\/a><\/strong><\/p>\n<hr \/>\n<p><strong>Adresa \/ Adresse<br \/>\n<\/strong>Jelsa, Vrisna<\/p>\n<p><strong>Lokacija \/ Position<a href=\"https:\/\/goo.gl\/maps\/zukxHATBQNoN2mgZ8\"><img loading=\"lazy\" decoding=\"async\" class=\"alignright wp-image-8977\" src=\"https:\/\/www.topohvar.at\/wp-content\/uploads\/2018\/09\/0399.jpg\" alt=\"\" width=\"133\" height=\"100\" \/><\/a><br \/>\n<\/strong><span style=\"color: #3366ff;\"><a style=\"color: #3366ff;\" href=\"https:\/\/goo.gl\/maps\/zukxHATBQNoN2mgZ8\">Latitude: N 43,16136\u00b0\u00a0 \u00a0Longitude: E 16,68653\u00b0<\/a> <\/span><strong><br \/>\n<\/strong>Visina \/ H\u00f6he: 8 m<\/p>\n<p><strong>Katastarska \u010destica <\/strong><strong>\/ Grundst\u00fccke<br \/>\n<\/strong>5627\/1<div class='content-column one_half'><div style=\"padding-right:6px;\"><p><strong>Datum snimanja \/ Erfassungsdatum<br \/>\n<\/strong>10.10.2015 12:43:58<\/p>\n<hr \/>\n<p><strong>Informacije<\/strong><\/p>\n<p>Izgradnja kapelice zapo\u010dela je 11. sije\u010dnja 2014. g. na zemlji\u0161tu koje je darovao Toni Buj, dok je radove izveo Pjer Grgi\u010devi\u0107. Podignuta kapelica u \u010dast hrvatskoga bla\u017eenika blagoslovljena je 25. kolovoza zajedno s bla\u017eenikovim kipom koji su \u017eupi darovali Maja i Nenad Juras iz Zagreba. Izgradnju kapelice financirali su \u017eupljani i ostali darivatelji.<\/p><\/div><\/div><div class='content-column one_half last_column'><div style=\"padding-right:0px;padding-left:6px;\"><p><strong>Stupanj za\u0161tite<\/strong><strong> \/ Schutzstellung<br \/>\n<\/strong>&#8211;<\/p>\n<hr \/>\n<p><strong>Info<\/strong><\/p>\n<p>Der Bau der Kapelle begann am 11. Januar 2014 auf einem von Toni Buj gespendeten Grundst\u00fcck, w\u00e4hrend die Arbeiten von Pjer Grgi\u010devi\u0107 ausgef\u00fchrt wurden. Die errichtete Kapelle zu Ehren des kroatischen Seligen wurde am 25. August zusammen mit der Statue des Seligen gesegnet, die Maja und Nenad Juras aus Zagreb der Pfarrei gestiftet hatten. Der Bau der Kapelle wurde von Gemeindemitgliedern und anderen Spendern finanziert.<\/p><\/div><\/div><div class='clear_column'><\/div><\/p>\n<p style=\"text-align: center;\"><em>(Izvor: \/ Quelle: <span style=\"color: #3366ff;\"><a style=\"color: #3366ff;\" href=\"https:\/\/ika.hkm.hr\/novosti\/podignuta-kapelica-bl-alojzija-stepinca-u-jelsi-na-otoku-hvaru\/\">Informativna Katoli\u010dka Agencija<\/a><\/span>)<\/em><\/p>\n<hr \/>\n<div class='content-column one_half'><div style=\"padding-right:6px;\"><p><strong>Alojzije Viktor kardinal Stepinac<br \/>\n<\/strong>Ro\u0111en 8. svibnja 1898. u Brezari\u0107u z Kra\u0161i\u0107u, Austro-Ugarska, \u2020 10. velja\u010de 1960. ibid.<\/p><\/div><\/div><div class='content-column one_half last_column'><div style=\"padding-right:0px;padding-left:6px;\"><p><strong>Alojzije Viktor Kardinal Stepinac<\/strong> (verdeutscht Alois Viktor Kardinal Stepinac) * 8. Mai 1898 in Brezari\u0107 zu Kra\u0161i\u0107, \u00d6sterreich-Ungarn; \u2020 10. Februar 1960 ebenda.<\/p><\/div><\/div><div class='clear_column'><\/div><div class='content-column one_half'><div style=\"padding-right:6px;\"><p>Bio je rimokatoli\u010dki teolog, kardinal i od 1937. do 1960. nadbiskup zagreba\u010dki. Stepinca je papa Ivan Pavao II blagoslovio 1998. kao mu\u010denik.<\/p><\/div><\/div><div class='content-column one_half last_column'><div style=\"padding-right:0px;padding-left:6px;\"><p>Er war ein r\u00f6misch-katholischer Theologe, Kardinal und von 1937 bis 1960 Erzbischof von Zagreb. Stepinac wurde 1998 von Papst Johannes Paul II. als M\u00e4rtyrer seliggesprochen.<\/p><\/div><\/div><div class='clear_column'><\/div><\/p>\n<p style=\"text-align: right;\"><span style=\"color: #3366ff;\"><a style=\"color: #3366ff;\" href=\"#seite_oben\">natrag na vrh \/ Seitenanfang<\/a><\/span><\/p>\n<hr \/>\n<p><strong>Linkovi \/ Links<\/strong><\/p>\n<p>&#8211;<\/p>\n","protected":false},"excerpt":{"rendered":"<p>Ime \/ Name Kapela \u00bbBl. Alojzija Stepinca\u00ab \/ Kapelle des seligen Aloisius Stepenic Code: JE-CP-02\u00a0 \u00a0 \u00a0 \u00a0 \u00a0 \u00a0 \u00a0 \u00a0 \u00a0 \u00a0 \u00a0 \u00a0 \u00a0 \u00a0 \u00a0\u00a0 Adresa \/ Adresse Jelsa, Vrisna Lokacija \/ Position Latitude: N 43,16136\u00b0\u00a0 &hellip; <a href=\"https:\/\/www.topohvar.at\/topo\/orte\/je\/je-cp-02-1\/\">Weiterlesen <span class=\"meta-nav\">&rarr;<\/span><\/a><\/p>\n","protected":false},"author":1,"featured_media":0,"parent":85,"menu_order":0,"comment_status":"closed","ping_status":"closed","template":"","meta":{"footnotes":""},"class_list":["post-8671","page","type-page","status-publish","hentry"],"_links":{"self":[{"href":"https:\/\/www.topohvar.at\/topo\/wp-json\/wp\/v2\/pages\/8671","targetHints":{"allow":["GET"]}}],"collection":[{"href":"https:\/\/www.topohvar.at\/topo\/wp-json\/wp\/v2\/pages"}],"about":[{"href":"https:\/\/www.topohvar.at\/topo\/wp-json\/wp\/v2\/types\/page"}],"author":[{"embeddable":true,"href":"https:\/\/www.topohvar.at\/topo\/wp-json\/wp\/v2\/users\/1"}],"replies":[{"embeddable":true,"href":"https:\/\/www.topohvar.at\/topo\/wp-json\/wp\/v2\/comments?post=8671"}],"version-history":[{"count":12,"href":"https:\/\/www.topohvar.at\/topo\/wp-json\/wp\/v2\/pages\/8671\/revisions"}],"predecessor-version":[{"id":56916,"href":"https:\/\/www.topohvar.at\/topo\/wp-json\/wp\/v2\/pages\/8671\/revisions\/56916"}],"up":[{"embeddable":true,"href":"https:\/\/www.topohvar.at\/topo\/wp-json\/wp\/v2\/pages\/85"}],"wp:attachment":[{"href":"https:\/\/www.topohvar.at\/topo\/wp-json\/wp\/v2\/media?parent=8671"}],"curies":[{"name":"wp","href":"https:\/\/api.w.org\/{rel}","templated":true}]}}