{"id":8673,"date":"2018-08-30T17:38:51","date_gmt":"2018-08-30T15:38:51","guid":{"rendered":"https:\/\/www.topohvar.at\/?page_id=8673"},"modified":"2021-11-30T17:10:52","modified_gmt":"2021-11-30T16:10:52","slug":"je-cp-03-1","status":"publish","type":"page","link":"https:\/\/www.topohvar.at\/topo\/orte\/je\/je-cp-03-1\/","title":{"rendered":"JELSA &#8211; Kapela \u00bbSv. Liberata (nova)\u00ab"},"content":{"rendered":"<p><a name=\"seite_oben\"><\/a><br \/>\n<strong><img loading=\"lazy\" decoding=\"async\" class=\"alignnone wp-image-8531 size-large\" src=\"https:\/\/www.topohvar.at\/wp-content\/uploads\/2018\/08\/JE-CP-03-0-1024x503.jpg\" alt=\"\" width=\"640\" height=\"314\" srcset=\"https:\/\/www.topohvar.at\/wp-content\/uploads\/2018\/08\/JE-CP-03-0-1024x503.jpg 1024w, https:\/\/www.topohvar.at\/wp-content\/uploads\/2018\/08\/JE-CP-03-0-300x147.jpg 300w, https:\/\/www.topohvar.at\/wp-content\/uploads\/2018\/08\/JE-CP-03-0-768x377.jpg 768w, https:\/\/www.topohvar.at\/wp-content\/uploads\/2018\/08\/JE-CP-03-0.jpg 1080w\" sizes=\"auto, (max-width: 640px) 100vw, 640px\" \/><\/strong><\/p>\n<p><strong>Ime \/ Name<br \/>\n<\/strong>Kapela \u00bbSv. Liberata (nova)\u00ab \/ Neue Kapelle des hl. Liberat<\/p>\n<p><strong>Code: <\/strong>JE-CP-03\u00a0 \u00a0 \u00a0 \u00a0 \u00a0 \u00a0 \u00a0 \u00a0 \u00a0 \u00a0 \u00a0 \u00a0 \u00a0 \u00a0 \u00a0\u00a0<strong><a href=\"https:\/\/www.topohvar.at\/orte\/je\/je-cp-02-1\/\"><img loading=\"lazy\" decoding=\"async\" class=\"alignnone wp-image-533 size-full\" src=\"https:\/\/www.topohvar.at\/wp-content\/uploads\/2018\/07\/push-l-30.jpg\" alt=\"\" width=\"61\" height=\"30\" \/><\/a> <a href=\"https:\/\/www.topohvar.at\/orte\/je\/\"><img loading=\"lazy\" decoding=\"async\" class=\"alignnone wp-image-535 size-full\" src=\"https:\/\/www.topohvar.at\/wp-content\/uploads\/2018\/07\/push-o-30.jpg\" alt=\"\" width=\"61\" height=\"30\" \/><\/a> <a href=\"https:\/\/www.topohvar.at\/orte\/je\/je-cp-04-1\/\"><img loading=\"lazy\" decoding=\"async\" class=\"alignnone wp-image-536 size-full\" src=\"https:\/\/www.topohvar.at\/wp-content\/uploads\/2018\/07\/push-r-30.jpg\" alt=\"\" width=\"61\" height=\"30\" \/><\/a><\/strong><\/p>\n<hr \/>\n<p><strong>Adresa \/ Adresse<br \/>\n<\/strong>Jelsa,\u00a0Put Gradine<\/p>\n<p><strong>Lokacija<\/strong><strong> \/ Position<a href=\"https:\/\/goo.gl\/maps\/mGyKvnrrKhHoEhu26\"><img loading=\"lazy\" decoding=\"async\" class=\"alignright wp-image-8981\" src=\"https:\/\/www.topohvar.at\/wp-content\/uploads\/2018\/09\/1067.jpg\" alt=\"\" width=\"134\" height=\"100\" \/><\/a><br \/>\n<\/strong><span style=\"color: #3366ff;\"><a style=\"color: #3366ff;\" href=\"https:\/\/goo.gl\/maps\/mGyKvnrrKhHoEhu26\">Latitude: N 43,16359\u00b0\u00a0 \u00a0Longitude: E 16,70123\u00b0<\/a> <\/span><strong><br \/>\n<\/strong>Visina \/ H\u00f6he: 12 m<\/p>\n<p><strong>Katastarska \u010destica <\/strong><strong>\/ Grundst\u00fccke<br \/>\n<\/strong>5546\/1<div class='content-column one_half'><div style=\"padding-right:6px;\"><p><strong>Datum snimanja \/ Erfassungsdatum<br \/>\n<\/strong>13.05.2016 10:47:49<\/p>\n<hr \/>\n<p><strong>Informacije<\/strong><\/p>\n<p>Inicijativom i projektom Vinka Ivani\u0161evi\u0107a, a uz sudjelovanje mje\u0161tana i \u017dupe Uznesenja Marijina, u Jelsi je na putu za Gradinu zavjetno izgra\u0111ena nova kapelica sv. Liberata.<\/p><\/div><\/div><div class='content-column one_half last_column'><div style=\"padding-right:0px;padding-left:6px;\"><p><strong>Stupanj za\u0161tite<\/strong><strong> \/ Schutzstellung<br \/>\n<\/strong>&#8211;<\/p>\n<hr \/>\n<p><strong>Info<\/strong><\/p>\n<p>Auf Initiative und nach dem Projekt des Vinko Ivani\u0161evi\u0107, sowie mit der Beteiligung der \u00f6rtlichen Bev\u00f6lkerung und der Pfarre Mari\u00e4 Himmelfahrt, wurde in Jelsa am Weg nach Gradina die neue Votivkapelle des hl. Liberat errichtet.<\/p><\/div><\/div><div class='clear_column'><\/div><div class='content-column one_half'><div style=\"padding-right:6px;\"><p>Stara kapela Sv. Liberata je 1964. godine bila sru\u0161ena.\u00a0Zanimljivo je i to da se u njoj \u010duva metalni kri\u017e s biv\u0161e kapelice, \u0161to ga je iz mora izvadio i desetlje\u0107ima ustrajno \u010duvao Jakov Novak iz Jelse.<\/p><\/div><\/div><div class='content-column one_half last_column'><div style=\"padding-right:0px;padding-left:6px;\"><p>Die alte Kapelle des hl. Liberat wurde im Jahr 1964 abgerissen. Interessant ist auch das Metallkreuz aus der alten Kapelle, das Jakob Novak aus Jelsa aus dem Meer holte und\u00a0 aufbewahrte.<\/p><\/div><\/div><div class='clear_column'><\/div><div class='content-column one_half'><div style=\"padding-right:6px;\"><p>Sve\u010dev kip je darovao akad. kipar Josip Grgev\u010di\u0107 i kamenoklesarske radove je izvrsno izveo bra\u010dki majstor Vito Man\u010di\u0107.<\/p><\/div><\/div><div class='content-column one_half last_column'><div style=\"padding-right:0px;padding-left:6px;\"><p>Die Statue des Heiligen spendete der akademische Bildhauer Josef Grgev\u010di\u0107, die bemerkenswerten Steinarbeiten wurden durch den hervorragenden Bra\u010der Meister Vito Man\u010di\u0107 durchgef\u00fchrt.<\/p><\/div><\/div><div class='clear_column'><\/div><div class='content-column one_half'><div style=\"padding-right:6px;\"><p>Na ju\u017enom zidu je spomen plo\u010da s datumom podi\u017ee &#8211; 5. kolovoza 2015. g. I na zidu kapelicu sa spomen obilje\u017ejem i sedam plo\u010dica koje ozna\u010davaju zna\u010dajne hrvatske boji\u0161nice je tijekom sve\u010dane svete mise blagoslovio \u017eupnik don Stanko Jer\u010di\u0107.<\/p><\/div><\/div><div class='content-column one_half last_column'><div style=\"padding-right:0px;padding-left:6px;\"><p>An der s\u00fcdlichen Au\u00dfenwand befindet sich eine Gedenktafel mit dem Errichtungsdatum, dem 5. August 2015. An der Au\u00dfenwand befindet sich weiters ein Denkmal, bestehend aus sieben Fliesen die an die kroatischen Schlachtfelder erinnern, und das im Rahmen einer feierlichen Messe von Pfarrer Don Stanko Jer\u010di\u0107 eingeweiht wurde.<\/p><\/div><\/div><div class='clear_column'><\/div><\/p>\n<p style=\"text-align: right;\"><span style=\"color: #3366ff;\"><a style=\"color: #3366ff;\" href=\"#seite_oben\">natrag na vrh \/ Seitenanfang<\/a><\/span><\/p>\n<hr \/>\n<p><strong>Linkovi \/ Links<\/strong><\/p>\n<p><span style=\"color: #3366ff;\"><a style=\"color: #3366ff;\" href=\"https:\/\/www.topohvar.at\/orte\/je\/je-cp-04-1\/\">Stara kapela Sv. Liberata \/ Alte Kapelle des hl. Liberat<\/a><\/span><br \/>\n<span style=\"color: #3366ff;\"><a style=\"color: #3366ff;\" href=\"https:\/\/www.topohvar.at\/orte\/je\/je-is-19-1\/\">Spomen plo\u010da \/ Gedenktafel<\/a><br \/>\n<a style=\"color: #3366ff;\" href=\"https:\/\/www.topohvar.at\/orte\/je\/je-cs-11-1\/\">Kapelica \u00bbSv. Liberata\u00ab (<strong>vi\u0161e 0 sv. Liberata<\/strong>) \/ Bildstock des hl. Liberat (<strong>mehr \u00fcber den hl. Liberat<\/strong>)<\/a><br \/>\n<\/span><\/p>\n","protected":false},"excerpt":{"rendered":"<p>Ime \/ Name Kapela \u00bbSv. Liberata (nova)\u00ab \/ Neue Kapelle des hl. Liberat Code: JE-CP-03\u00a0 \u00a0 \u00a0 \u00a0 \u00a0 \u00a0 \u00a0 \u00a0 \u00a0 \u00a0 \u00a0 \u00a0 \u00a0 \u00a0 \u00a0\u00a0 Adresa \/ Adresse Jelsa,\u00a0Put Gradine Lokacija \/ Position Latitude: N 43,16359\u00b0\u00a0 &hellip; <a href=\"https:\/\/www.topohvar.at\/topo\/orte\/je\/je-cp-03-1\/\">Weiterlesen <span class=\"meta-nav\">&rarr;<\/span><\/a><\/p>\n","protected":false},"author":1,"featured_media":0,"parent":85,"menu_order":0,"comment_status":"closed","ping_status":"closed","template":"","meta":{"footnotes":""},"class_list":["post-8673","page","type-page","status-publish","hentry"],"_links":{"self":[{"href":"https:\/\/www.topohvar.at\/topo\/wp-json\/wp\/v2\/pages\/8673","targetHints":{"allow":["GET"]}}],"collection":[{"href":"https:\/\/www.topohvar.at\/topo\/wp-json\/wp\/v2\/pages"}],"about":[{"href":"https:\/\/www.topohvar.at\/topo\/wp-json\/wp\/v2\/types\/page"}],"author":[{"embeddable":true,"href":"https:\/\/www.topohvar.at\/topo\/wp-json\/wp\/v2\/users\/1"}],"replies":[{"embeddable":true,"href":"https:\/\/www.topohvar.at\/topo\/wp-json\/wp\/v2\/comments?post=8673"}],"version-history":[{"count":14,"href":"https:\/\/www.topohvar.at\/topo\/wp-json\/wp\/v2\/pages\/8673\/revisions"}],"predecessor-version":[{"id":53887,"href":"https:\/\/www.topohvar.at\/topo\/wp-json\/wp\/v2\/pages\/8673\/revisions\/53887"}],"up":[{"embeddable":true,"href":"https:\/\/www.topohvar.at\/topo\/wp-json\/wp\/v2\/pages\/85"}],"wp:attachment":[{"href":"https:\/\/www.topohvar.at\/topo\/wp-json\/wp\/v2\/media?parent=8673"}],"curies":[{"name":"wp","href":"https:\/\/api.w.org\/{rel}","templated":true}]}}