{"id":8677,"date":"2018-08-30T17:43:01","date_gmt":"2018-08-30T15:43:01","guid":{"rendered":"https:\/\/www.topohvar.at\/?page_id=8677"},"modified":"2022-01-25T10:01:53","modified_gmt":"2022-01-25T09:01:53","slug":"je-cp-05-1","status":"publish","type":"page","link":"https:\/\/www.topohvar.at\/topo\/orte\/je\/je-cp-05-1\/","title":{"rendered":"JELSA &#8211; Kapela \u00bbSv. Luka (Crkvica)\u00ab"},"content":{"rendered":"<p><a name=\"seite_oben\"><\/a><br \/>\n<strong><img loading=\"lazy\" decoding=\"async\" class=\"alignnone wp-image-8528 size-large\" src=\"https:\/\/www.topohvar.at\/wp-content\/uploads\/2018\/08\/JE-CK-03-0-1024x503.jpg\" alt=\"\" width=\"640\" height=\"314\" srcset=\"https:\/\/www.topohvar.at\/wp-content\/uploads\/2018\/08\/JE-CK-03-0-1024x503.jpg 1024w, https:\/\/www.topohvar.at\/wp-content\/uploads\/2018\/08\/JE-CK-03-0-300x147.jpg 300w, https:\/\/www.topohvar.at\/wp-content\/uploads\/2018\/08\/JE-CK-03-0-768x377.jpg 768w, https:\/\/www.topohvar.at\/wp-content\/uploads\/2018\/08\/JE-CK-03-0.jpg 1080w\" sizes=\"auto, (max-width: 640px) 100vw, 640px\" \/><\/strong><\/p>\n<p><strong>Ime \/ Name<br \/>\n<\/strong>Kapela \u00bbSv. Luka (Crkvica)\u00ab \/ Kapelle des hl. Lukas (Crkvica)<\/p>\n<p><strong>Code: <\/strong>JE-CP-05\u00a0 \u00a0 \u00a0 \u00a0 \u00a0 \u00a0 \u00a0 \u00a0 \u00a0 \u00a0 \u00a0 \u00a0 \u00a0 \u00a0 \u00a0\u00a0<strong><a href=\"https:\/\/www.topohvar.at\/orte\/je\/je-cp-04-1\/\"><img loading=\"lazy\" decoding=\"async\" class=\"alignnone wp-image-533 size-full\" src=\"https:\/\/www.topohvar.at\/wp-content\/uploads\/2018\/07\/push-l-30.jpg\" alt=\"\" width=\"61\" height=\"30\" \/><\/a> <a href=\"https:\/\/www.topohvar.at\/orte\/je\/\"><img loading=\"lazy\" decoding=\"async\" class=\"alignnone wp-image-535 size-full\" src=\"https:\/\/www.topohvar.at\/wp-content\/uploads\/2018\/07\/push-o-30.jpg\" alt=\"\" width=\"61\" height=\"30\" \/><\/a> <a href=\"https:\/\/www.topohvar.at\/orte\/je\/je-cp-01-1\/\"><img loading=\"lazy\" decoding=\"async\" class=\"alignnone wp-image-536 size-full\" src=\"https:\/\/www.topohvar.at\/wp-content\/uploads\/2018\/07\/push-r-30.jpg\" alt=\"\" width=\"61\" height=\"30\" \/><\/a><\/strong><\/p>\n<hr \/>\n<p><strong>Adresa \/ Adresse<br \/>\n<\/strong>Jelsa, Uvala Crkvica \/ Bucht <em>Kleine Kirche<\/em><\/p>\n<p><strong>Lokacija \/ Position<a href=\"https:\/\/goo.gl\/maps\/t6pygqQa7DjofHDC7\"><img loading=\"lazy\" decoding=\"async\" class=\"alignright wp-image-8996\" src=\"https:\/\/www.topohvar.at\/wp-content\/uploads\/2018\/09\/0396.jpg\" alt=\"\" width=\"133\" height=\"100\" \/><\/a><br \/>\n<\/strong><span style=\"color: #3366ff;\"><a style=\"color: #3366ff;\" href=\"https:\/\/goo.gl\/maps\/t6pygqQa7DjofHDC7\">Latitude: N 43,15816\u00b0\u00a0 \u00a0Longitude: E 16,72560\u00b0<\/a> <\/span><strong><br \/>\n<\/strong>Visina \/ H\u00f6he: 4 m<\/p>\n<p><strong>Katastarska \u010destica <\/strong><strong>\/ Grundst\u00fccke<br \/>\n<\/strong>*456\/2<div class='content-column one_half'><div style=\"padding-right:6px;\"><p><strong>Datum snimanja \/ Erfassungsdatum<br \/>\n<\/strong>25.05.2013 12:53:30<\/p>\n<hr \/>\n<p><strong>Informacije<\/strong><\/p>\n<p>4 km isto\u010dno od Jelse nalazi se Uvala Crikvica (Vala Sv. Luke) s kapelom Sv. Luke.<\/p><\/div><\/div><div class='content-column one_half last_column'><div style=\"padding-right:0px;padding-left:6px;\"><p><strong>Stupanj za\u0161tite<\/strong><strong> \/ Schutzstellung<br \/>\n<\/strong>P-1764<\/p>\n<hr \/>\n<p><strong>Info<\/strong><\/p>\n<p>4 km \u00f6stlich von Jelsa befindet sich die Bucht Crikvica mit der Kapelle des hl. Lukas.<\/p><\/div><\/div><div class='clear_column'><\/div><div class='content-column one_half'><div style=\"padding-right:6px;\"><p>Kapela je patronat najstarijeg oto\u010dkog plemstva iz XIV st. kasnije pove\u0107ana i dovedena u dana\u0161nje stanje. Oltar je barokni,a kameni kip sveca je iz XVI st.<\/p><\/div><\/div><div class='content-column one_half last_column'><div style=\"padding-right:0px;padding-left:6px;\"><p>Die Kapelle stand unter der Schirmherrschaft des \u00e4ltesten Adels der Insel aus dem 14. Jh. Sp\u00e4ter wurde sie auf einem h\u00f6heren Ort neu errichtet. Der Altar stammt aus der Barockzeit. Es gab eine steinerne Heiligenstatue aus dem 16. Jh.<\/p><\/div><\/div><div class='clear_column'><\/div><div class='content-column one_half'><div style=\"padding-right:6px;\"><p>Kapelica je zaboravljena tijekom komunisti\u010dkih vremena nekoliko desetlje\u0107a i oskvrnuta grafitima. Od 2007. godine odr\u017eani su godi\u0161nji sajmovi na blagdan Sv. Lukas. Istodobno su po\u010dele obnove. Blagdan Sv. Evan\u0111elist Luka se slavi 18. listopada. Ovo je jedini dan u godini u kojoj se u ovoj kapeli slavi misa.<\/p><\/div><\/div><div class='content-column one_half last_column'><div style=\"padding-right:0px;padding-left:6px;\"><p>Die Kapelle wurde zu kommunistischen Zeiten mehrere Jahrzehnte vernachl\u00e4ssigt und durch Graffiti entweiht. Ab dem Jahr 2007 wurden wieder j\u00e4hrliche Messen zur Feier des hl. Lukas gelesen, zur gleichen Zeit wurde mit Renovierungen begonnen. Das Fest des hl. Evangelisten Lukas wird am 18. Oktober gefeiert.<\/p><\/div><\/div><div class='clear_column'><\/div><\/p>\n<p style=\"text-align: right;\"><span style=\"color: #3366ff;\"><a style=\"color: #3366ff;\" href=\"#seite_oben\">natrag na vrh \/ Seitenanfang<\/a><\/span><\/p>\n<hr \/>\n<div class='content-column one_half'><div style=\"padding-right:6px;\"><p>U uvali Carkvica, 4 km isto\u010dno od Jelse, nalazi se crkvica sv. Luke iz 14. stolje\u0107a. Uvala ima slikovitu \u0161ljun\u010danu pla\u017eu s koje se pru\u017ea pogled na kopno, ali i na crkvicu koja daje posebno obilje\u017eje ovoj skrivenoj uvalici, okru\u017eenoj maslinicima i borovoj \u0161umi. Nedaleko uz more mogu se prona\u0107i ostaci rimske \u201eville rustice\u201d, a na zapadnoj strani uvale ostaci su ilirskog groblja. \u0160etnjica vodi iz Jelse, prolazi kroz uvalu te se nastavlja sve do Prapatne. \u0160etnja od uvale Crkivica kroz borovu \u0161umu, idealna je za sve ljubitelje pje\u0161a\u010denja. Uz valove i stijene okupane suncem, prona\u0107i \u0107ete razli\u010dite mediteranske biljke: kadulju, smilje i mnoge druge.<\/p><\/div><\/div><div class='content-column one_half last_column'><div style=\"padding-right:0px;padding-left:6px;\"><p>In der Bucht Carkvica, 4 km \u00f6stlich von Jelsa, befindet sich die kleine Kirche des hl. Lukas aus dem 14. Jahrhundert. Die Bucht hat einen malerischen Kiesstrand mit Blick auf das Festland. Die Kirche verleiht dieser versteckten Bucht, die von Olivenhainen und Pinienw\u00e4ldern umgeben ist, eine Besonderheit. Nicht weit vom Meer entfernt findet man die \u00dcberreste der r\u00f6mischen \u201eVilla Rustica\u201c, und auf der Westseite der Bucht befinden sich die \u00dcberreste eines illyrischen Friedhofs. Eine Promenade f\u00fchrt von Jelsa durch die Bucht weiter bis nach Prapatna. Ein Spaziergang von der Bucht Crkivica durch den Kiefernwald ist ideal f\u00fcr alle Wanderfreunde. Entlang der von der Sonne gebadeten Wellen und Felsen finden Sie eine Vielzahl mediterraner Pflanzen: Salbei, Immortelle und viele andere.<\/p><\/div><\/div><div class='clear_column'><\/div><\/p>\n<p style=\"text-align: center;\"><em>(Izvor: \/ Quelle: <span style=\"color: #3366ff;\"><a style=\"color: #3366ff;\" href=\"https:\/\/tzjelsa.hr\/hr\/603\/crkvica-sv-luke\/\">TZ Jelsa<\/a><\/span>)<\/em><\/p>\n<p style=\"text-align: right;\"><span style=\"color: #3366ff;\"><a style=\"color: #3366ff;\" href=\"#seite_oben\">natrag na vrh \/ Seitenanfang<\/a><\/span><\/p>\n<hr \/>\n<p><strong>Linkovi \/ Links<\/strong><\/p>\n<p><span style=\"color: #3366ff;\"><a style=\"color: #3366ff;\" href=\"https:\/\/www.topohvar.at\/topo\/orte\/je\/je-au-10-1\/#je-16\">Uvala Crkvica<\/a><br \/>\n<a style=\"color: #3366ff;\" href=\"https:\/\/www.topohvar.at\/orte\/je\/je-po-04-1\/\">Anti\u010dko nazali\u0161te <em>Uvala Crkvica<\/em> \/ Antike St\u00e4tte <em>Bucht Crkvica<\/em><\/a><br \/>\n<a style=\"color: #3366ff;\" href=\"https:\/\/www.total-croatia-news.com\/spiritual-hvar\/6444-st-luke-s-feast-day-a-perfect-celebration\">Blagdan sv. Luke \/Fest des hl Lukas<\/a><\/span><\/p>\n","protected":false},"excerpt":{"rendered":"<p>Ime \/ Name Kapela \u00bbSv. Luka (Crkvica)\u00ab \/ Kapelle des hl. Lukas (Crkvica) Code: JE-CP-05\u00a0 \u00a0 \u00a0 \u00a0 \u00a0 \u00a0 \u00a0 \u00a0 \u00a0 \u00a0 \u00a0 \u00a0 \u00a0 \u00a0 \u00a0\u00a0 Adresa \/ Adresse Jelsa, Uvala Crkvica \/ Bucht Kleine Kirche Lokacija &hellip; <a href=\"https:\/\/www.topohvar.at\/topo\/orte\/je\/je-cp-05-1\/\">Weiterlesen <span class=\"meta-nav\">&rarr;<\/span><\/a><\/p>\n","protected":false},"author":1,"featured_media":0,"parent":85,"menu_order":0,"comment_status":"closed","ping_status":"closed","template":"","meta":{"footnotes":""},"class_list":["post-8677","page","type-page","status-publish","hentry"],"_links":{"self":[{"href":"https:\/\/www.topohvar.at\/topo\/wp-json\/wp\/v2\/pages\/8677","targetHints":{"allow":["GET"]}}],"collection":[{"href":"https:\/\/www.topohvar.at\/topo\/wp-json\/wp\/v2\/pages"}],"about":[{"href":"https:\/\/www.topohvar.at\/topo\/wp-json\/wp\/v2\/types\/page"}],"author":[{"embeddable":true,"href":"https:\/\/www.topohvar.at\/topo\/wp-json\/wp\/v2\/users\/1"}],"replies":[{"embeddable":true,"href":"https:\/\/www.topohvar.at\/topo\/wp-json\/wp\/v2\/comments?post=8677"}],"version-history":[{"count":17,"href":"https:\/\/www.topohvar.at\/topo\/wp-json\/wp\/v2\/pages\/8677\/revisions"}],"predecessor-version":[{"id":56721,"href":"https:\/\/www.topohvar.at\/topo\/wp-json\/wp\/v2\/pages\/8677\/revisions\/56721"}],"up":[{"embeddable":true,"href":"https:\/\/www.topohvar.at\/topo\/wp-json\/wp\/v2\/pages\/85"}],"wp:attachment":[{"href":"https:\/\/www.topohvar.at\/topo\/wp-json\/wp\/v2\/media?parent=8677"}],"curies":[{"name":"wp","href":"https:\/\/api.w.org\/{rel}","templated":true}]}}