{"id":8715,"date":"2018-08-30T18:20:09","date_gmt":"2018-08-30T16:20:09","guid":{"rendered":"https:\/\/www.topohvar.at\/?page_id=8715"},"modified":"2021-11-30T17:24:03","modified_gmt":"2021-11-30T16:24:03","slug":"je-cs-09-1","status":"publish","type":"page","link":"https:\/\/www.topohvar.at\/topo\/orte\/je\/je-cs-09-1\/","title":{"rendered":"JELSA &#8211; Kapelica \u00bbSv. Ante (4)\u00ab"},"content":{"rendered":"<p><a name=\"seite_oben\"><\/a><br \/>\n<strong><img loading=\"lazy\" decoding=\"async\" class=\"alignnone wp-image-38436 size-full\" src=\"https:\/\/www.topohvar.at\/wp-content\/uploads\/2020\/06\/je-cs-09-20.jpg\" alt=\"\" width=\"1080\" height=\"530\" srcset=\"https:\/\/www.topohvar.at\/wp-content\/uploads\/2020\/06\/je-cs-09-20.jpg 1080w, https:\/\/www.topohvar.at\/wp-content\/uploads\/2020\/06\/je-cs-09-20-300x147.jpg 300w, https:\/\/www.topohvar.at\/wp-content\/uploads\/2020\/06\/je-cs-09-20-1024x503.jpg 1024w, https:\/\/www.topohvar.at\/wp-content\/uploads\/2020\/06\/je-cs-09-20-768x377.jpg 768w\" sizes=\"auto, (max-width: 1080px) 100vw, 1080px\" \/><\/strong><\/p>\n<p><strong>Ime \/ Name<br \/>\n<\/strong>Kapelica \u00bbSv. Ante (4)\u00ab \/ Bildstock des hl. Antonius (4)<\/p>\n<p><strong>Code: <\/strong>JE-CS-09\u00a0 \u00a0 \u00a0 \u00a0 \u00a0 \u00a0 \u00a0 \u00a0 \u00a0 \u00a0 \u00a0 \u00a0 \u00a0 \u00a0 \u00a0\u00a0<strong><a href=\"https:\/\/www.topohvar.at\/orte\/je\/je-cs-11-1\/\"><img loading=\"lazy\" decoding=\"async\" class=\"alignnone wp-image-533 size-full\" src=\"https:\/\/www.topohvar.at\/wp-content\/uploads\/2018\/07\/push-l-30.jpg\" alt=\"\" width=\"61\" height=\"30\" \/><\/a> <a href=\"https:\/\/www.topohvar.at\/orte\/je\/\"><img loading=\"lazy\" decoding=\"async\" class=\"alignnone wp-image-535 size-full\" src=\"https:\/\/www.topohvar.at\/wp-content\/uploads\/2018\/07\/push-o-30.jpg\" alt=\"\" width=\"61\" height=\"30\" \/><\/a> <a href=\"https:\/\/www.topohvar.at\/orte\/je\/je-cs-10-1\/\"><img loading=\"lazy\" decoding=\"async\" class=\"alignnone wp-image-536 size-full\" src=\"https:\/\/www.topohvar.at\/wp-content\/uploads\/2018\/07\/push-r-30.jpg\" alt=\"\" width=\"61\" height=\"30\" \/><\/a><\/strong><\/p>\n<hr \/>\n<p><strong>Adresa \/ Adresse<br \/>\n<\/strong>Jelsa,\u00a0Put Gradine<\/p>\n<p><strong>Lokacija \/ Position<a href=\"https:\/\/goo.gl\/maps\/eBi5heUPoTButdfb8\"><img loading=\"lazy\" decoding=\"async\" class=\"alignright wp-image-9046\" src=\"https:\/\/www.topohvar.at\/wp-content\/uploads\/2018\/09\/1501.jpg\" alt=\"\" width=\"134\" height=\"100\" \/><\/a><br \/>\n<\/strong><span style=\"color: #3366ff;\"><a style=\"color: #3366ff;\" href=\"https:\/\/goo.gl\/maps\/eBi5heUPoTButdfb8\">Latitude: N 43,16425\u00b0\u00a0 \u00a0Longitude: E 16,70190\u00b0<\/a> <\/span><strong><br \/>\n<\/strong>Visina \/ H\u00f6he: 9 m<\/p>\n<p><strong>Katastarska \u010destica <\/strong><strong>\/ Grundst\u00fccke<br \/>\n<\/strong>2474\/4<div class='content-column one_half'><div style=\"padding-right:6px;\"><p><strong>Datum snimanja \/ Erfassungsdatum<br \/>\n<\/strong>20.05.2017 11:42:00<\/p>\n<hr \/>\n<p><strong>Informacije<\/strong><\/p>\n<p>U kamenom zidu na putu do groblja na Gradini ugra\u0111ena je kamena kapela. Zatvorena je vratima re\u0161etke od \u017eeljeza.<\/p><\/div><\/div><div class='content-column one_half last_column'><div style=\"padding-right:0px;padding-left:6px;\"><p><strong>Stupanj za\u0161tite<\/strong><strong> \/ Schutzstellung<br \/>\n<\/strong>&#8211;<\/p>\n<hr \/>\n<p><strong>Info<\/strong><\/p>\n<p>In der Steinmauer am Weg zum Friedhof auf Gradina ist der steinerne Bildstock\u00a0 eingelassen. Er ist mit einer Gittert\u00fcre aus Eisen verschlossen.<\/p><\/div><\/div><div class='clear_column'><\/div><div class='content-column one_half'><div style=\"padding-right:6px;\"><p>Iznad re\u0161etke je uklesan:<\/div><\/div><div class='content-column one_half last_column'><div style=\"padding-right:0px;padding-left:6px;\"><p>\u00dcber dem Gitter ist eingraviert:<\/div><\/div><div class='clear_column'><\/div><\/p>\n<p style=\"text-align: center;\">A. D. 1905<\/p>\n<div class='content-column one_half'><div style=\"padding-right:6px;\"><p>(= U godini gospodina 1905.)<\/p><\/div><\/div><div class='content-column one_half last_column'><div style=\"padding-right:0px;padding-left:6px;\"><p>(= Im Jahr des Herren 1905)<\/p><\/div><\/div><div class='clear_column'><\/div><\/p>\n<p style=\"text-align: right;\"><span style=\"color: #3366ff;\"><a style=\"color: #3366ff;\" href=\"#seite_oben\">natrag na vrh \/ Seitenanfang<\/a><\/span><\/p>\n<p><img loading=\"lazy\" decoding=\"async\" class=\"size-full wp-image-38437 aligncenter\" src=\"https:\/\/www.topohvar.at\/wp-content\/uploads\/2020\/06\/je-cs-09-24.jpg\" alt=\"\" width=\"274\" height=\"300\" \/><\/p>\n<hr \/>\n<p><strong>Linkovi \/ Links<\/strong><\/p>\n<p>&#8211;<\/p>\n","protected":false},"excerpt":{"rendered":"<p>Ime \/ Name Kapelica \u00bbSv. Ante (4)\u00ab \/ Bildstock des hl. Antonius (4) Code: JE-CS-09\u00a0 \u00a0 \u00a0 \u00a0 \u00a0 \u00a0 \u00a0 \u00a0 \u00a0 \u00a0 \u00a0 \u00a0 \u00a0 \u00a0 \u00a0\u00a0 Adresa \/ Adresse Jelsa,\u00a0Put Gradine Lokacija \/ Position Latitude: N 43,16425\u00b0\u00a0 &hellip; <a href=\"https:\/\/www.topohvar.at\/topo\/orte\/je\/je-cs-09-1\/\">Weiterlesen <span class=\"meta-nav\">&rarr;<\/span><\/a><\/p>\n","protected":false},"author":1,"featured_media":0,"parent":85,"menu_order":0,"comment_status":"closed","ping_status":"closed","template":"","meta":{"footnotes":""},"class_list":["post-8715","page","type-page","status-publish","hentry"],"_links":{"self":[{"href":"https:\/\/www.topohvar.at\/topo\/wp-json\/wp\/v2\/pages\/8715","targetHints":{"allow":["GET"]}}],"collection":[{"href":"https:\/\/www.topohvar.at\/topo\/wp-json\/wp\/v2\/pages"}],"about":[{"href":"https:\/\/www.topohvar.at\/topo\/wp-json\/wp\/v2\/types\/page"}],"author":[{"embeddable":true,"href":"https:\/\/www.topohvar.at\/topo\/wp-json\/wp\/v2\/users\/1"}],"replies":[{"embeddable":true,"href":"https:\/\/www.topohvar.at\/topo\/wp-json\/wp\/v2\/comments?post=8715"}],"version-history":[{"count":12,"href":"https:\/\/www.topohvar.at\/topo\/wp-json\/wp\/v2\/pages\/8715\/revisions"}],"predecessor-version":[{"id":53907,"href":"https:\/\/www.topohvar.at\/topo\/wp-json\/wp\/v2\/pages\/8715\/revisions\/53907"}],"up":[{"embeddable":true,"href":"https:\/\/www.topohvar.at\/topo\/wp-json\/wp\/v2\/pages\/85"}],"wp:attachment":[{"href":"https:\/\/www.topohvar.at\/topo\/wp-json\/wp\/v2\/media?parent=8715"}],"curies":[{"name":"wp","href":"https:\/\/api.w.org\/{rel}","templated":true}]}}