{"id":8766,"date":"2018-08-30T19:20:10","date_gmt":"2018-08-30T17:20:10","guid":{"rendered":"https:\/\/www.topohvar.at\/?page_id=8766"},"modified":"2024-03-23T15:21:23","modified_gmt":"2024-03-23T14:21:23","slug":"je-mo-06-1","status":"publish","type":"page","link":"https:\/\/www.topohvar.at\/topo\/orte\/je\/je-mo-06-1\/","title":{"rendered":"JELSA &#8211; Skulptura \u00bbNa\u0161 tovor\u00ab"},"content":{"rendered":"<p><a name=\"seite_oben\"><\/a><br \/>\n<strong><img loading=\"lazy\" decoding=\"async\" class=\"alignnone wp-image-8600 size-large\" src=\"https:\/\/www.topohvar.at\/wp-content\/uploads\/2018\/08\/je-mo-06-0-1024x503.jpg\" alt=\"\" width=\"640\" height=\"314\" srcset=\"https:\/\/www.topohvar.at\/wp-content\/uploads\/2018\/08\/je-mo-06-0-1024x503.jpg 1024w, https:\/\/www.topohvar.at\/wp-content\/uploads\/2018\/08\/je-mo-06-0-300x147.jpg 300w, https:\/\/www.topohvar.at\/wp-content\/uploads\/2018\/08\/je-mo-06-0-768x377.jpg 768w, https:\/\/www.topohvar.at\/wp-content\/uploads\/2018\/08\/je-mo-06-0.jpg 1080w\" sizes=\"auto, (max-width: 640px) 100vw, 640px\" \/><\/strong><\/p>\n<p><strong>Ime \/ Name<br \/>\n<\/strong>Skulptura \u00bbNa\u0161 tovor\u00ab \/ Skulptur \u00bbUnser Esel\u00ab<\/p>\n<p><strong>Code: <\/strong>JE-MO-06\u00a0 \u00a0 \u00a0 \u00a0 \u00a0 \u00a0 \u00a0 \u00a0 \u00a0 \u00a0 \u00a0 \u00a0 \u00a0 \u00a0 \u00a0\u00a0<strong><a href=\"https:\/\/www.topohvar.at\/orte\/je\/je-mo-10-1\/\"><img loading=\"lazy\" decoding=\"async\" class=\"alignnone wp-image-533 size-full\" src=\"https:\/\/www.topohvar.at\/wp-content\/uploads\/2018\/07\/push-l-30.jpg\" alt=\"\" width=\"61\" height=\"30\" \/><\/a> <a href=\"https:\/\/www.topohvar.at\/orte\/je\/\"><img loading=\"lazy\" decoding=\"async\" class=\"alignnone wp-image-535 size-full\" src=\"https:\/\/www.topohvar.at\/wp-content\/uploads\/2018\/07\/push-o-30.jpg\" alt=\"\" width=\"61\" height=\"30\" \/><\/a> <a href=\"https:\/\/www.topohvar.at\/orte\/je\/je-mo-09-1\/\"><img loading=\"lazy\" decoding=\"async\" class=\"alignnone wp-image-536 size-full\" src=\"https:\/\/www.topohvar.at\/wp-content\/uploads\/2018\/07\/push-r-30.jpg\" alt=\"\" width=\"61\" height=\"30\" \/><\/a><\/strong><\/p>\n<hr \/>\n<p><strong>Adresa \/ Adresse<br \/>\n<\/strong>Jelsa,\u00a0Obala \u0106iro Gamulin<\/p>\n<p><strong>Lokacija \/ Position<a href=\"https:\/\/goo.gl\/maps\/jKs2m6swRgHWX8Yz5\"><img loading=\"lazy\" decoding=\"async\" class=\"alignright wp-image-12974\" src=\"https:\/\/www.topohvar.at\/wp-content\/uploads\/2018\/10\/1503.jpg\" alt=\"\" width=\"134\" height=\"100\" \/><\/a><br \/>\n<\/strong><span style=\"color: #3366ff;\"><a style=\"color: #3366ff;\" href=\"https:\/\/goo.gl\/maps\/jKs2m6swRgHWX8Yz5\">Latitude: N 43,16144\u00b0\u00a0 \u00a0Longitude: E 16,69430\u00b0<\/a> <\/span><strong><br \/>\n<\/strong>Visina \/ H\u00f6he: 1 m<\/p>\n<p><strong>Katastarska \u010destica <\/strong><strong>\/ Grundst\u00fccke<br \/>\n<\/strong>5663\/1<div class='content-column one_half'><div style=\"padding-right:6px;\"><p><strong>Datum snimanja \/ Erfassungsdatum<br \/>\n<\/strong>20.05.2017 11:16:00<\/p>\n<hr \/>\n<p><strong>Informacije<\/strong><\/p>\n<p>Tijekom festivala vina 2016. godine do\u0161lo je do novog dodatka na rivu Jelse. Kipa jednog od simbola Dalmacije &#8211; magarca.<\/p><\/div><\/div><div class='content-column one_half last_column'><div style=\"padding-right:0px;padding-left:6px;\"><p><strong>Stupanj za\u0161tite<\/strong><strong> \/ Schutzstellung<br \/>\n<\/strong>&#8211;<\/p>\n<hr \/>\n<p><strong>Info<\/strong><\/p>\n<p>W\u00e4hrend des Weinfestes im Jahr 2016 wurde die Uferpromenade von Jelsa durch die Statue eines Esels &#8211; eines der Symbole von Dalmatien &#8211; erg\u00e4nzt.<\/p><\/div><\/div><div class='clear_column'><\/div><\/p>\n<hr \/>\n<div class='content-column one_half'><div style=\"padding-right:6px;\"><p>Natpis na plo\u010de:<\/p>\n<p style=\"text-align: center;\">\u201eNa\u0161 tovor\u201c<br \/>\nPovijesni \u010dlan mediteranske oto\u010dne obitelji s ojim smo \u017eivjeti.<br \/>\nKoji nas je othranio i u\u010dinio onim \u0161to danas jesmo.<\/p>\n<p>Autor \u2013 Ivan \u0160krmeta<\/p><\/div><\/div><div class='content-column one_half last_column'><div style=\"padding-right:0px;padding-left:6px;\"><p>Inschrift auf der Tafel:<\/p>\n<p>\u201eUnser Esel\u201c<br \/>\nEin historisches Mitglied der mediterranen Inselfamilien mit dem wir leben.<br \/>\nEr arbeitete um uns zu ern\u00e4hren und half uns zu werden, was wir heute sind.<\/p>\n<p>Autor \u2013 Ivan \u0160krmet<\/p><\/div><\/div><div class='clear_column'><\/div><\/p>\n<p style=\"text-align: right;\"><span style=\"color: #3366ff;\"><a style=\"color: #3366ff;\" href=\"#seite_oben\">natrag na vrh \/ Seitenanfang<\/a><\/span><\/p>\n<hr \/>\n<div class='content-column one_third'><div style=\"padding-right:6px;\"><p>Plo\u010da je nedostajao u listopadu 2018. godine.<\/p><\/div><\/div><div class='content-column one_third'><div style=\"padding-right:6px;\"><p><img loading=\"lazy\" decoding=\"async\" class=\"alignnone size-full wp-image-22607 aligncenter\" src=\"https:\/\/www.topohvar.at\/wp-content\/uploads\/2019\/05\/je-ip-01-11.jpg\" alt=\"\" width=\"210\" height=\"210\" srcset=\"https:\/\/www.topohvar.at\/wp-content\/uploads\/2019\/05\/je-ip-01-11.jpg 210w, https:\/\/www.topohvar.at\/wp-content\/uploads\/2019\/05\/je-ip-01-11-150x150.jpg 150w\" sizes=\"auto, (max-width: 210px) 100vw, 210px\" \/><\/p><\/div><\/div><div class='content-column one_third last_column'><div style=\"padding-right:0px;padding-left:6px;\"><p>Die Tafel fehlte im Oktober 2018.<\/p><\/div><\/div><div class='clear_column'><\/div><\/p>\n<hr \/>\n<div class='content-column one_third'><div style=\"padding-right:6px;\"><p>Plo\u010da je ponovno postavljena 2024.<\/p><\/div><\/div><div class='content-column one_third'><div style=\"padding-right:6px;\"><p><img loading=\"lazy\" decoding=\"async\" class=\"aligncenter wp-image-65542 size-full\" src=\"https:\/\/www.topohvar.at\/wp-content\/uploads\/2024\/03\/je-mo-06-11.jpg\" alt=\"\" width=\"210\" height=\"194\" \/><\/p><\/div><\/div><div class='content-column one_third last_column'><div style=\"padding-right:0px;padding-left:6px;\"><p>Im Jahr 2024 wurde die Tafel neu platziert.<\/p><\/div><\/div><div class='clear_column'><\/div><\/p>\n<hr \/>\n<div class='content-column one_half'><div style=\"padding-right:6px;\"><p>Negdje ga zovu tovor, negdje magarac, tovar, sivac, magare, ali kako god da ga nazivaju tovor je simbol Dalmacije i opstanka dalmatinskog \u010dovjeka.<\/p><\/div><\/div><div class='content-column one_half last_column'><div style=\"padding-right:0px;padding-left:6px;\"><p>Der Esel wird &#8222;tovor&#8220; aber auch &#8222;magarac&#8220; genannt. Tovor, der graue Esel, aber auch &#8222;magar&#8220;-\u00a0 wie immer sie ihn auch nennen &#8211; ist ein Symbol f\u00fcr Dalmatien und f\u00fcr das \u00dcberleben der Menschen in Dalmatien.<\/p><\/div><\/div><div class='clear_column'><\/div><div class='content-column one_half'><div style=\"padding-right:6px;\"><p>Oduvijek je bilo tako da se uz dalamtinskog \u010dovjeka ve\u017ee i tovor. On je odan, strpljiv, po\u017ertvovan, izdr\u017eljiv, sve podnosi i ni\u0161ta mu nije te\u0161ko.<\/p><\/div><\/div><div class='content-column one_half last_column'><div style=\"padding-right:0px;padding-left:6px;\"><p>Es war schon immer so, dass an dem Dalmatiner die Last gebunden war. Er ist treu, geduldig, aufopferungsvoll, ausdauernd, er ertr\u00e4gt alles und nichts f\u00e4llt ihm schwer.<\/p><\/div><\/div><div class='clear_column'><\/div><div class='content-column one_half'><div style=\"padding-right:6px;\"><p>Zapravo, magarac je poznat i kao biblijska \u2018sveta \u017eivotinja\u2019, a ne tako davno te\u017eaci su ga nazivali svojim doma\u0107im blagom. Danas se rijetko mo\u017eemo susresti s magarcem, s tim dragim i vjernim prijateljem dalmatinskog \u010dovjeka.<\/p><\/div><\/div><div class='content-column one_half last_column'><div style=\"padding-right:0px;padding-left:6px;\"><p>Tats\u00e4chlich ist der Esel auch als das biblische \u201eheilige Tier\u201c bekannt, und vor nicht allzu langer Zeit nannten ihn die Bauern ihren heimischen Schatz. Heute k\u00f6nnen wir nur noch selten einen Esel treffen, diesen lieben und treuen Freund der Dalmatiner.<\/p><\/div><\/div><div class='clear_column'><\/div><div class='content-column one_half'><div style=\"padding-right:6px;\"><p>Magarac nestaje!<\/p>\n<p>\u017divotinja koja opisuje stoljetnu muku dalmatinskog \u010dovjeka i simbol nekada\u0161njeg na\u010dina \u017eivota na \u0161koju. Dalmatinci pod svaku cijenu \u017eele o\u010duvati uspomenu na ovu vrijednu i dobro\u0107udnu \u017eivotinju. U spomen na vrijeme koje je odavno pro\u0161lo, a odnosi se na tradiciju vrijednih te\u017eaka samouki umjetnik Ivan \u0160krmeta izradio je spomenik tovaru, besprijekornu skulpturu. Na temelju sje\u0107anja te izuzetnim talentom i upornosti \u0160kmeta je uspio o\u017eivjeti taj simbol svakog te\u017eaka, dalmatinca. Sada spomenik tovaru na Novoj rivi privla\u010di pozornost mnogbrojnim turistima a oto\u010danima nostalgiju za pro\u0161lim vremenima.<\/p><\/div><\/div><div class='content-column one_half last_column'><div style=\"padding-right:0px;padding-left:6px;\"><p>Der Esel verschwindet!<\/p>\n<p>Ein Tier, das die jahrhundertealten M\u00fchen des dalmatinischen Menschen beschreibt und ein Symbol f\u00fcr die einstige Lebensweise auf dem Land ist. Die Dalmatiner wollen die Erinnerung an dieses wertvolle und wohlwollende Tier um jeden Preis bewahren. In Erinnerung an die l\u00e4ngst vergangene Zeit und an die Tradition flei\u00dfiger Bauern hat der Autodidakt Ivan \u0160krmet dem Esel ein Denkmal gesetzt. Eine makellose Skulptur. Aufgrund seines Ged\u00e4chtnisses, seines au\u00dfergew\u00f6hnlichen Talents und seiner Ausdauer gelang es \u0160krmet, dieses Symbol eines jeden Bauern, einen Dalmatiner, wiederzubeleben. Jetzt zieht das Denkmal f\u00fcr den Esel an der Neuen Riva die Aufmerksamkeit vieler Touristen und nostalgischer Inselbewohner auf sich.<\/p><\/div><\/div><div class='clear_column'><\/div><\/p>\n<p style=\"text-align: center;\"><em>(Izvor: \/ Quelle:\u00a0 <span style=\"color: #3366ff;\"><a style=\"color: #3366ff;\" href=\"https:\/\/tzjelsa.hr\/hr\/11126\/magarac-tovor\/\">TZ Jelsa<\/a><\/span>)<\/em><\/p>\n<p style=\"text-align: right;\"><span style=\"color: #3366ff;\"><a style=\"color: #3366ff;\" href=\"#seite_oben\">natrag na vrh \/ Seitenanfang<\/a><\/span><\/p>\n<hr \/>\n<p><strong>Linkovi \/ Links<\/strong><\/p>\n<p>&#8211;<\/p>\n","protected":false},"excerpt":{"rendered":"<p>Ime \/ Name Skulptura \u00bbNa\u0161 tovor\u00ab \/ Skulptur \u00bbUnser Esel\u00ab Code: JE-MO-06\u00a0 \u00a0 \u00a0 \u00a0 \u00a0 \u00a0 \u00a0 \u00a0 \u00a0 \u00a0 \u00a0 \u00a0 \u00a0 \u00a0 \u00a0\u00a0 Adresa \/ Adresse Jelsa,\u00a0Obala \u0106iro Gamulin Lokacija \/ Position Latitude: N 43,16144\u00b0\u00a0 \u00a0Longitude: E &hellip; <a href=\"https:\/\/www.topohvar.at\/topo\/orte\/je\/je-mo-06-1\/\">Weiterlesen <span class=\"meta-nav\">&rarr;<\/span><\/a><\/p>\n","protected":false},"author":1,"featured_media":0,"parent":85,"menu_order":0,"comment_status":"closed","ping_status":"closed","template":"","meta":{"footnotes":""},"class_list":["post-8766","page","type-page","status-publish","hentry"],"_links":{"self":[{"href":"https:\/\/www.topohvar.at\/topo\/wp-json\/wp\/v2\/pages\/8766","targetHints":{"allow":["GET"]}}],"collection":[{"href":"https:\/\/www.topohvar.at\/topo\/wp-json\/wp\/v2\/pages"}],"about":[{"href":"https:\/\/www.topohvar.at\/topo\/wp-json\/wp\/v2\/types\/page"}],"author":[{"embeddable":true,"href":"https:\/\/www.topohvar.at\/topo\/wp-json\/wp\/v2\/users\/1"}],"replies":[{"embeddable":true,"href":"https:\/\/www.topohvar.at\/topo\/wp-json\/wp\/v2\/comments?post=8766"}],"version-history":[{"count":17,"href":"https:\/\/www.topohvar.at\/topo\/wp-json\/wp\/v2\/pages\/8766\/revisions"}],"predecessor-version":[{"id":65544,"href":"https:\/\/www.topohvar.at\/topo\/wp-json\/wp\/v2\/pages\/8766\/revisions\/65544"}],"up":[{"embeddable":true,"href":"https:\/\/www.topohvar.at\/topo\/wp-json\/wp\/v2\/pages\/85"}],"wp:attachment":[{"href":"https:\/\/www.topohvar.at\/topo\/wp-json\/wp\/v2\/media?parent=8766"}],"curies":[{"name":"wp","href":"https:\/\/api.w.org\/{rel}","templated":true}]}}