{"id":8768,"date":"2018-08-30T19:23:04","date_gmt":"2018-08-30T17:23:04","guid":{"rendered":"https:\/\/www.topohvar.at\/?page_id=8768"},"modified":"2024-07-16T15:18:29","modified_gmt":"2024-07-16T13:18:29","slug":"je-mo-05-1","status":"publish","type":"page","link":"https:\/\/www.topohvar.at\/topo\/orte\/je\/je-mo-05-1\/","title":{"rendered":"JELSA &#8211; Skulptura \u00bbSpomenik kri\u017eono\u0161i\u00ab"},"content":{"rendered":"<p><a name=\"seite_oben\"><\/a><strong><img loading=\"lazy\" decoding=\"async\" class=\"alignnone wp-image-8599 size-large\" src=\"https:\/\/www.topohvar.at\/wp-content\/uploads\/2018\/08\/je-mo-05-0-1024x503.jpg\" alt=\"\" width=\"640\" height=\"314\" srcset=\"https:\/\/www.topohvar.at\/wp-content\/uploads\/2018\/08\/je-mo-05-0-1024x503.jpg 1024w, https:\/\/www.topohvar.at\/wp-content\/uploads\/2018\/08\/je-mo-05-0-300x147.jpg 300w, https:\/\/www.topohvar.at\/wp-content\/uploads\/2018\/08\/je-mo-05-0-768x377.jpg 768w, https:\/\/www.topohvar.at\/wp-content\/uploads\/2018\/08\/je-mo-05-0.jpg 1080w\" sizes=\"auto, (max-width: 640px) 100vw, 640px\" \/><\/strong><\/p>\n<p><strong>Ime \/ Name<br \/>\n<\/strong>Skulptura \u00bbSpomenik kri\u017eono\u0161i\u00ab \/ Skulptur Denkmal f\u00fcr die Kreuztr\u00e4ger<\/p>\n<p><strong>Code: <\/strong>JE-MO-05\u00a0 \u00a0 \u00a0 \u00a0 \u00a0 \u00a0 \u00a0 \u00a0 \u00a0 \u00a0 \u00a0 \u00a0 \u00a0 \u00a0 \u00a0\u00a0<strong><a href=\"https:\/\/www.topohvar.at\/orte\/je\/je-mo-09-1\/\"><img loading=\"lazy\" decoding=\"async\" class=\"alignnone wp-image-533 size-full\" src=\"https:\/\/www.topohvar.at\/wp-content\/uploads\/2018\/07\/push-l-30.jpg\" alt=\"\" width=\"61\" height=\"30\" \/><\/a> <a href=\"https:\/\/www.topohvar.at\/orte\/je\/\"><img loading=\"lazy\" decoding=\"async\" class=\"alignnone wp-image-535 size-full\" src=\"https:\/\/www.topohvar.at\/wp-content\/uploads\/2018\/07\/push-o-30.jpg\" alt=\"\" width=\"61\" height=\"30\" \/><\/a> <a href=\"https:\/\/www.topohvar.at\/orte\/je\/je-mo-07-2\/\"><img loading=\"lazy\" decoding=\"async\" class=\"alignnone wp-image-536 size-full\" src=\"https:\/\/www.topohvar.at\/wp-content\/uploads\/2018\/07\/push-r-30.jpg\" alt=\"\" width=\"61\" height=\"30\" \/><\/a><\/strong><\/p>\n<hr \/>\n<p><strong>Adresa \/ Adresse<br \/>\n<\/strong>Jelsa,\u00a0 Trg kri\u017eono\u0161e<\/p>\n<p><strong>Lokacija \/ Position<a href=\"https:\/\/goo.gl\/maps\/VK2T17FpL8FaJXHXA\"><img loading=\"lazy\" decoding=\"async\" class=\"alignright wp-image-9289\" src=\"https:\/\/www.topohvar.at\/wp-content\/uploads\/2018\/09\/1739.jpg\" alt=\"\" width=\"134\" height=\"100\" \/><\/a><br \/>\n<\/strong><span style=\"color: #3366ff;\"><a style=\"color: #3366ff;\" href=\"https:\/\/goo.gl\/maps\/VK2T17FpL8FaJXHXA\">Latitude: N 43,16076\u00b0\u00a0 \u00a0Longitude: E 16,69220\u00b0 <\/a><\/span><strong><br \/>\n<\/strong>Visina \/ H\u00f6he: 6 m<\/p>\n<p><strong>Katastarska \u010destica <\/strong><strong>\/ Grundst\u00fccke<br \/>\n<\/strong>5663\/1<div class='content-column one_half'><div style=\"padding-right:6px;\"><p><strong>Datum snimanja \/ Erfassungsdatum<br \/>\n<\/strong>08.05.2018 10:55:00<\/p>\n<hr \/>\n<p><strong>Informacije<\/strong><\/p>\n<p>U sredi\u0161tu novoure\u0111enoga Trga Kri\u017eono\u0161e ispred \u017eupne crkve Uznesenja BDM u Jelsi na Veliki ponedjeljak, 26. o\u017eujka 2018. g., postavljen je Spomenik Kri\u017eono\u0161i, djelo poznatoga akademskoga kipara Kuzme Kova\u010di\u0107a, s kojim je kao autor sura\u0111ivao i Vlado Krstulovi\u0107.<\/p><\/div><\/div><div class='content-column one_half last_column'><div style=\"padding-right:0px;padding-left:6px;\"><p><strong>Stupanj za\u0161tite<\/strong><strong> \/ Schutzstellung<br \/>\n<\/strong>&#8211;<\/p>\n<hr \/>\n<p><strong>Info<\/strong><\/p>\n<p>In der Mitte des neu renovierten Kri\u017eono\u0161e-Platzes vor der Pfarrkirche Mari\u00e4 Himmelfahrt in Jelsa wurde am Karmontag, dem 26. M\u00e4rz 2018, das Kruzifix-Denkmal von dem ber\u00fchmten akademischen Bildhauer Kuzma Kovacic errichtet.<\/p><\/div><\/div><div class='clear_column'><\/div><div class='content-column one_half'><div style=\"padding-right:6px;\"><p>Spomenik je znak po\u010dasti i zahvalnosti svima koji su kroz stolje\u0107a sudjelovali u toj tradicionalnoj pokorni\u010dkoj procesiji. Tradicionalna pokorni\u010dka procesija \u201eZa kri\u017een\u201d pobo\u017enost je koja se odr\u017eava u no\u0107i s Velikoga \u010detvrtka na Veliki petak i obuhva\u0107a \u0161est \u017eupa.<\/p><\/div><\/div><div class='content-column one_half last_column'><div style=\"padding-right:0px;padding-left:6px;\"><p>Das Denkmal ist ein Zeichen der Ehre und Dankbarkeit f\u00fcr alle, die im Laufe der Jahrhunderte an dieser traditionellen Bu\u00dfprozession teilgenommen haben. Die traditionelle Bu\u00dfprozession \u201eZum Kreuz\u201c ist eine Andacht, die in der Nacht von Gr\u00fcndonnerstag auf Karfreitag stattfindet und sechs Gemeinden umfasst.<\/p><\/div><\/div><div class='clear_column'><\/div><div class='content-column one_half'><div style=\"padding-right:6px;\"><p>Prvi zapis o procesiji \u201eZa kri\u017een\u201d nalazimo u vizitaciji biskupa Milania iz 1658. godine. Od 2009. godine ta je pobo\u017enost uvr\u0161tena na UNESCO-ov popis nematerijalne svjetske ba\u0161tine u Europi.<\/p><\/div><\/div><div class='content-column one_half last_column'><div style=\"padding-right:0px;padding-left:6px;\"><p>Die erste Erw\u00e4hnung der Prozession \u201eF\u00fcr die Gekreuzigten\u201c findet sich in der Visitation von Bischof Milanio aus dem Jahr 1658. Seit 2009 ist diese Andacht in die UNESCO-Liste des immateriellen Welterbes in Europa aufgenommen.<\/p><\/div><\/div><div class='clear_column'><\/div><div class='content-column one_half'><div style=\"padding-right:6px;\"><p>Rije\u010d je o bron\u010danoj skulpturi koju su ve\u0107 2004. godine na natje\u010daju Splitsko-dalmatinske \u017eupanije izabrali tada\u0161nji \u017eupan Kruno Peronja, Mario Gamulin, Fabijan Peronja, mr. Jo\u0161ko Belamari\u0107, Neno Makjani\u0107, Niko Mr\u010di\u0107 i akademik Tonko Maroevi\u0107.<\/p><\/div><\/div><div class='content-column one_half last_column'><div style=\"padding-right:0px;padding-left:6px;\"><p>Es ist eine Bronzeskulptur, die 2004 von den damaligen Pr\u00e4fekten Kruno Peronja, Mario Gamulin, Fabijan Peronja, mr. Jo\u0161ko Belamari\u0107, Neno Makjani\u0107, Niko Mr\u010di\u0107 und dem Akademiker Tonko Maroevi\u0107 im Zuge eines Wettbewerbs in der Gespanschaft Split-Dalmatien ausgew\u00e4hlt wurde.<\/p><\/div><\/div><div class='clear_column'><\/div><div class='content-column one_half'><div style=\"padding-right:6px;\"><p>Izabrani rad predstavlja kri\u017e koji je poput jarbola usa\u0111en u hrid-otok. Konopima je privezan na brodu. Preko kri\u017ea je preba\u010den pla\u0161t, kao \u0161to je to i na kri\u017eevima u poznatoj hvarskoj procesiji u no\u0107i Velikoga \u010detvrtka i Velikoga petka. Jako istaknuti \u010davli na skulpturi znak su velike muke i patnje Sina Bo\u017ejega i Sina \u010covje\u010djega. Kroz tkivo skulpture prolazi svjetlost, a na vrhu je golubica. To upu\u0107uje na nadila\u017eenje tjelesnosti i smrti. Kri\u017eono\u0161u financirale Op\u0107ina Jelsa i Splitsko-dalmatinska \u017eupanija.<\/p><\/div><\/div><div class='content-column one_half last_column'><div style=\"padding-right:0px;padding-left:6px;\"><p>Das ausgew\u00e4hlte Werk stellt ein Kreuz dar, das wie ein Mast in eine Felseninsel eingebettet ist. Er ist auf einem Boot festgemacht. \u00dcber das Kreuz wurde ein Umhang gelegt, wie es bei den Kreuzen in der ber\u00fchmten Hvar-Prozession in der Nacht von Gr\u00fcndonnerstag auf Karfreitag der Fall ist. Die stark hervorstehenden N\u00e4gel an der Skulptur sind ein Zeichen f\u00fcr die gro\u00dfe Qual und das Leiden des Gottessohnes und des Menschensohnes. Licht dringt durch das Gewebe der Skulptur, und eine Taube befindet sich oben. Dies deutet auf die \u00dcberwindung von K\u00f6rperlichkeit und Tod hin. Der Kreuztr\u00e4ger wurde von der Gemeinde Jelsa und der Gespanschaft Split-Dalmatien finanziert.<\/p><\/div><\/div><div class='clear_column'><\/div><\/p>\n<p style=\"text-align: center;\"><em>(Izvor: \/ Quelle: <span style=\"color: #3366ff;\"><a style=\"color: #3366ff;\" href=\"https:\/\/ika.hkm.hr\/novosti\/krizonosa-kuzme-kovacica-postavljen-na-trgu-ispred-zupne-crkve-u-jelsi\/\">Informativna Katoli\u010dka Agencija<\/a><\/span>)<\/em><\/p>\n<p style=\"text-align: right;\"><span style=\"color: #3366ff;\"><a style=\"color: #3366ff;\" href=\"#seite_oben\">natrag na vrh \/ Seitenanfang<\/a><\/span><\/p>\n<hr \/>\n<p><strong>Linkovi \/ Links<\/strong><\/p>\n<p><span style=\"color: #3366ff;\"><a style=\"color: #3366ff;\" href=\"https:\/\/www.topohvar.at\/orte\/je\/je-ci-01-1\/#za\">Za Kri\u017een<\/a><br \/>\n<a style=\"color: #3366ff;\" href=\"https:\/\/youtu.be\/a5Hplq3TQYA\">VIDEO Za Kri\u017een<\/a><br \/>\n<\/span><\/p>\n","protected":false},"excerpt":{"rendered":"<p>Ime \/ Name Skulptura \u00bbSpomenik kri\u017eono\u0161i\u00ab \/ Skulptur Denkmal f\u00fcr die Kreuztr\u00e4ger Code: JE-MO-05\u00a0 \u00a0 \u00a0 \u00a0 \u00a0 \u00a0 \u00a0 \u00a0 \u00a0 \u00a0 \u00a0 \u00a0 \u00a0 \u00a0 \u00a0\u00a0 Adresa \/ Adresse Jelsa,\u00a0 Trg kri\u017eono\u0161e Lokacija \/ Position Latitude: N 43,16076\u00b0\u00a0 &hellip; <a href=\"https:\/\/www.topohvar.at\/topo\/orte\/je\/je-mo-05-1\/\">Weiterlesen <span class=\"meta-nav\">&rarr;<\/span><\/a><\/p>\n","protected":false},"author":1,"featured_media":0,"parent":85,"menu_order":0,"comment_status":"closed","ping_status":"closed","template":"","meta":{"footnotes":""},"class_list":["post-8768","page","type-page","status-publish","hentry"],"_links":{"self":[{"href":"https:\/\/www.topohvar.at\/topo\/wp-json\/wp\/v2\/pages\/8768","targetHints":{"allow":["GET"]}}],"collection":[{"href":"https:\/\/www.topohvar.at\/topo\/wp-json\/wp\/v2\/pages"}],"about":[{"href":"https:\/\/www.topohvar.at\/topo\/wp-json\/wp\/v2\/types\/page"}],"author":[{"embeddable":true,"href":"https:\/\/www.topohvar.at\/topo\/wp-json\/wp\/v2\/users\/1"}],"replies":[{"embeddable":true,"href":"https:\/\/www.topohvar.at\/topo\/wp-json\/wp\/v2\/comments?post=8768"}],"version-history":[{"count":18,"href":"https:\/\/www.topohvar.at\/topo\/wp-json\/wp\/v2\/pages\/8768\/revisions"}],"predecessor-version":[{"id":69207,"href":"https:\/\/www.topohvar.at\/topo\/wp-json\/wp\/v2\/pages\/8768\/revisions\/69207"}],"up":[{"embeddable":true,"href":"https:\/\/www.topohvar.at\/topo\/wp-json\/wp\/v2\/pages\/85"}],"wp:attachment":[{"href":"https:\/\/www.topohvar.at\/topo\/wp-json\/wp\/v2\/media?parent=8768"}],"curies":[{"name":"wp","href":"https:\/\/api.w.org\/{rel}","templated":true}]}}