{"id":8785,"date":"2018-08-31T07:31:34","date_gmt":"2018-08-31T05:31:34","guid":{"rendered":"https:\/\/www.topohvar.at\/?page_id=8785"},"modified":"2022-11-16T18:42:25","modified_gmt":"2022-11-16T17:42:25","slug":"je-is-03-1","status":"publish","type":"page","link":"https:\/\/www.topohvar.at\/topo\/orte\/je\/je-is-03-1\/","title":{"rendered":"JELSA &#8211; Spomen plo\u010da \u00bbProf. \u0106iro Gamulin\u00ab"},"content":{"rendered":"<p><a name=\"seite_oben\"><\/a><br \/>\n<strong><img loading=\"lazy\" decoding=\"async\" class=\"alignnone wp-image-8577 size-large\" src=\"https:\/\/www.topohvar.at\/wp-content\/uploads\/2018\/08\/Je-IS-03-0-1024x503.jpg\" alt=\"\" width=\"640\" height=\"314\" srcset=\"https:\/\/www.topohvar.at\/wp-content\/uploads\/2018\/08\/Je-IS-03-0-1024x503.jpg 1024w, https:\/\/www.topohvar.at\/wp-content\/uploads\/2018\/08\/Je-IS-03-0-300x147.jpg 300w, https:\/\/www.topohvar.at\/wp-content\/uploads\/2018\/08\/Je-IS-03-0-768x377.jpg 768w, https:\/\/www.topohvar.at\/wp-content\/uploads\/2018\/08\/Je-IS-03-0.jpg 1080w\" sizes=\"auto, (max-width: 640px) 100vw, 640px\" \/><\/strong><\/p>\n<p><strong>Ime \/ Name<br \/>\n<\/strong>Spomen plo\u010da \u00bbProf. \u0106iro Gamulin\u00ab \/ Gedenktafel an Prof. \u0106iro Gamulin<\/p>\n<p><strong>Code: <\/strong>JE-IS-03\u00a0 \u00a0 \u00a0 \u00a0 \u00a0 \u00a0 \u00a0 \u00a0 \u00a0 \u00a0 \u00a0 \u00a0 \u00a0 \u00a0 \u00a0 \u00a0 \u00a0 \u00a0 <a href=\"https:\/\/www.topohvar.at\/orte\/je\/je-ip-01-1\/\"><img loading=\"lazy\" decoding=\"async\" class=\"alignnone wp-image-12300 size-full\" src=\"https:\/\/www.topohvar.at\/wp-content\/uploads\/2018\/09\/push-vor-30.jpg\" alt=\"\" width=\"61\" height=\"30\" \/><\/a>\u00a0<strong><a href=\"https:\/\/www.topohvar.at\/orte\/je\/je-is-14-1\/\"><img loading=\"lazy\" decoding=\"async\" class=\"alignnone wp-image-533 size-full\" src=\"https:\/\/www.topohvar.at\/wp-content\/uploads\/2018\/07\/push-l-30.jpg\" alt=\"\" width=\"61\" height=\"30\" \/><\/a> <a href=\"https:\/\/www.topohvar.at\/orte\/je\/\"><img loading=\"lazy\" decoding=\"async\" class=\"alignnone wp-image-535 size-full\" src=\"https:\/\/www.topohvar.at\/wp-content\/uploads\/2018\/07\/push-o-30.jpg\" alt=\"\" width=\"61\" height=\"30\" \/><\/a> <a href=\"https:\/\/www.topohvar.at\/orte\/je\/je-is-26-1\/\"><img loading=\"lazy\" decoding=\"async\" class=\"alignnone wp-image-536 size-full\" src=\"https:\/\/www.topohvar.at\/wp-content\/uploads\/2018\/07\/push-r-30.jpg\" alt=\"\" width=\"61\" height=\"30\" \/><\/a><\/strong><\/p>\n<hr \/>\n<p><strong>Adresa \/ Adresse<br \/>\n<\/strong>Jelsa,\u00a0Riva, rodna ku\u0107a Gamulin \/ Geburtshaus Gamulin<\/p>\n<p><strong>Lokacija \/ Position<a href=\"https:\/\/goo.gl\/maps\/tegE8R7HsBZmeVoAA\"><img loading=\"lazy\" decoding=\"async\" class=\"alignright wp-image-9143\" src=\"https:\/\/www.topohvar.at\/wp-content\/uploads\/2018\/09\/0447.jpg\" alt=\"\" width=\"133\" height=\"100\" \/><\/a><br \/>\n<\/strong><span style=\"color: #3366ff;\"><a style=\"color: #3366ff;\" href=\"https:\/\/goo.gl\/maps\/tegE8R7HsBZmeVoAA\">Latitude: N 43,16166\u00b0\u00a0 \u00a0Longitude: E 16,69329\u00b0<\/a> <\/span><strong><br \/>\n<\/strong>Visina \/ H\u00f6he: 1 m<\/p>\n<p><strong>Katastarska \u010destica <\/strong><strong>\/ Grundst\u00fccke<br \/>\n<\/strong>*128\/1<div class='content-column one_half'><div style=\"padding-right:6px;\"><p><strong>Datum snimanja \/ Erfassungsdatum<br \/>\n<\/strong>10.05.2014 16:54:24<\/p>\n<hr \/>\n<p><strong>Informacije<\/strong><\/p>\n<p>Na rodnoj ku\u0107i \u0106iro Gamulin na Rivi Jelse visi spomen plo\u010da s natpisom:<\/p><\/div><\/div><div class='content-column one_half last_column'><div style=\"padding-right:0px;padding-left:6px;\"><p><strong>Stupanj za\u0161tite<\/strong><strong> \/ Schutzstellung<br \/>\n<\/strong>&#8211;<\/p>\n<hr \/>\n<p><strong>Info<\/strong><\/p>\n<p>Am Geburtshaus des \u0106iro Gamulin an der Riva von Jelsa h\u00e4ngt eine Gedenktafel mit folgender Inschrift:<\/p><\/div><\/div><div class='clear_column'><\/div><div class='content-column one_half'><div style=\"padding-right:6px;\"><p style=\"text-align: center;\">U OVOJ KU\u0106I RODIO SE<br \/>\n26. VII 1903.<br \/>\nPROF. <strong>\u0106IRO GAMULIN<\/strong><br \/>\nMU\u0106EN I UBIJEN OD OKUPATORA<br \/>\nU FA\u0160ISTI\u010cKOJ TAMNICI U SPLITU<br \/>\n17. IV 1942<\/p>\n<p style=\"text-align: center;\">SUBNOR \u2013 JELSA<\/p><\/div><\/div><div class='content-column one_half last_column'><div style=\"padding-right:0px;padding-left:6px;\"><p style=\"text-align: center;\">In diesem Haus wurde geboren<br \/>\nam 26. Juli 1903<br \/>\n<strong>Prof. \u0106iro Gamulin<\/strong><br \/>\nGefoltert und get\u00f6tet von den Besatzern<br \/>\nim faschistischen Kerker von Split<br \/>\nam 17.4.1942<br \/>\nVereinigung der Soldaten des<br \/>\nNationalen Befreiungskampfes \u2013 Jelsa<\/p><\/div><\/div><div class='clear_column'><\/div><\/p>\n<hr \/>\n<div class='content-column one_half'><div style=\"padding-right:6px;\"><p><strong>Prof. <\/strong><strong>\u0106iro Gamulin<\/strong><\/p>\n<p>Gamulin je bio profesor biologije na Mu\u0161koj realnoj gimnaziji u Splitu, ro\u0111en prije to\u010dno 110 godina u Jelsi na otoku Hvaru, a kojega su talijanski okupatori uhitili u no\u0107i izme\u0111u 15. i 16. travnja 1942. u svome stanu.<\/p><\/div><\/div><div class='content-column one_half last_column'><div style=\"padding-right:0px;padding-left:6px;\"><p><strong>Prof. <\/strong><strong>\u0106iro Gamulin<\/strong><\/p>\n<p>Gamulin war ein Biologieprofessor am Realgymnasium f\u00fcr Knaben in Split, der vor rund 110 Jahren in Jelsa auf der Insel Hvar geboren wurde und in der Nacht zwischen dem 15. und 16. April 1942 in seiner Wohnung von italienischen Besatzern verhaftet wurde.<\/p><\/div><\/div><div class='clear_column'><\/div><div class='content-column one_half'><div style=\"padding-right:6px;\"><p>Optu\u017een je da je 15. travnja, na godi\u0161njicu ulaska talijanske vojske u Split, upozorio u\u010denike da nije vrijeme za slavlje, nego za plakanje.Ispitivanje i zvjersko mu\u010denje tog domoljuba, prirodoslovca i popularizatora znanosti potrajalo je do 17. travnja, kada je preminuo od posljedica te\u0161kog batinanja.<\/p><\/div><\/div><div class='content-column one_half last_column'><div style=\"padding-right:0px;padding-left:6px;\"><p>Ihm wurde vorgeworfen, am 15. April, dem Tag der Ankunft der italienischen Armee in Split, die Studenten gewarnt zu haben, dass es nicht an der Zeit sei zu feiern, sondern zu weinen. Der Prozess und die grausame Folter dieses Patrioten, Naturforschers und Popularisators der Wissenschaft dauerten bis zum 17. April, als er an den Folgen schwerer Schl\u00e4ge starb.<\/p><\/div><\/div><div class='clear_column'><\/div><div class='content-column one_half'><div style=\"padding-right:6px;\"><p>III. gimnazija u Splitu je nosila ime toga po\u0161tenog i hrabrog profesora od 1960. do 1978. godine, a zatim i Graditeljsko-\u0161kolski centar sve do 1986. godine.<\/p><\/div><\/div><div class='content-column one_half last_column'><div style=\"padding-right:0px;padding-left:6px;\"><p>Das III. das Gymnasium in Split trug der Name dieses ehrlichen und mutigen Professors von 1960 bis 1978, und dann das Bauschule-Ausbildungszentrum bis 1986.<\/p><\/div><\/div><div class='clear_column'><\/div><div class='content-column one_half'><div style=\"padding-right:6px;\"><p>SUBNOR je na njegovoj rodnoj ku\u0107i, na jel\u0161anskoj rivi, svojedobno postavio spomen-plo\u010du, a u\u010denici iz Splita su zajedno s prof. Mihanovi\u0107em godinama dolazili u Jelsu da bi ispred nje polo\u017eili cvije\u0107e na dan njegove mu\u010deni\u010dke smrti u fa\u0161isti\u010dkoj tamnici.<\/p><\/div><\/div><div class='content-column one_half last_column'><div style=\"padding-right:0px;padding-left:6px;\"><p>Die Vereinigung der Soldaten des Nationalen Befreiungskampfes hat seinerzeit an seinem Geburtshaus am Jelsaer Riva diese Gedenktafel errichtet und Studenten aus Split sind zusammen mit Prof. Mihanovic jahrelang nach Jelsa gekommen, um am Tag seines Foltertodes im faschistischen Kerker Blumen hier nieder zu legen.<\/p><\/div><\/div><div class='clear_column'><\/div><\/p>\n<p style=\"text-align: right;\"><span style=\"color: #3366ff;\"><a style=\"color: #3366ff;\" href=\"#seite_oben\">natrag na vrh \/ Seitenanfang<\/a><\/span><\/p>\n<hr \/>\n<p><strong>Linkovi \/ Links<\/strong><\/p>\n<p><span style=\"color: #3366ff;\"><a style=\"color: #3366ff;\" href=\"https:\/\/www.topohvar.at\/orte\/je\/je-tg-13-1\/\">Rodna ku\u0107a \u0106iro Gamulina \/ Geburtshaus des\u00a0\u0106iro Gamulin<\/a><\/span><\/p>\n","protected":false},"excerpt":{"rendered":"<p>Ime \/ Name Spomen plo\u010da \u00bbProf. \u0106iro Gamulin\u00ab \/ Gedenktafel an Prof. \u0106iro Gamulin Code: JE-IS-03\u00a0 \u00a0 \u00a0 \u00a0 \u00a0 \u00a0 \u00a0 \u00a0 \u00a0 \u00a0 \u00a0 \u00a0 \u00a0 \u00a0 \u00a0 \u00a0 \u00a0 \u00a0 \u00a0 Adresa \/ Adresse Jelsa,\u00a0Riva, rodna ku\u0107a &hellip; <a href=\"https:\/\/www.topohvar.at\/topo\/orte\/je\/je-is-03-1\/\">Weiterlesen <span class=\"meta-nav\">&rarr;<\/span><\/a><\/p>\n","protected":false},"author":1,"featured_media":0,"parent":85,"menu_order":0,"comment_status":"closed","ping_status":"closed","template":"","meta":{"footnotes":""},"class_list":["post-8785","page","type-page","status-publish","hentry"],"_links":{"self":[{"href":"https:\/\/www.topohvar.at\/topo\/wp-json\/wp\/v2\/pages\/8785","targetHints":{"allow":["GET"]}}],"collection":[{"href":"https:\/\/www.topohvar.at\/topo\/wp-json\/wp\/v2\/pages"}],"about":[{"href":"https:\/\/www.topohvar.at\/topo\/wp-json\/wp\/v2\/types\/page"}],"author":[{"embeddable":true,"href":"https:\/\/www.topohvar.at\/topo\/wp-json\/wp\/v2\/users\/1"}],"replies":[{"embeddable":true,"href":"https:\/\/www.topohvar.at\/topo\/wp-json\/wp\/v2\/comments?post=8785"}],"version-history":[{"count":16,"href":"https:\/\/www.topohvar.at\/topo\/wp-json\/wp\/v2\/pages\/8785\/revisions"}],"predecessor-version":[{"id":61908,"href":"https:\/\/www.topohvar.at\/topo\/wp-json\/wp\/v2\/pages\/8785\/revisions\/61908"}],"up":[{"embeddable":true,"href":"https:\/\/www.topohvar.at\/topo\/wp-json\/wp\/v2\/pages\/85"}],"wp:attachment":[{"href":"https:\/\/www.topohvar.at\/topo\/wp-json\/wp\/v2\/media?parent=8785"}],"curies":[{"name":"wp","href":"https:\/\/api.w.org\/{rel}","templated":true}]}}