{"id":8787,"date":"2018-08-31T07:33:18","date_gmt":"2018-08-31T05:33:18","guid":{"rendered":"https:\/\/www.topohvar.at\/?page_id=8787"},"modified":"2022-11-16T18:44:01","modified_gmt":"2022-11-16T17:44:01","slug":"je-is-07-1","status":"publish","type":"page","link":"https:\/\/www.topohvar.at\/topo\/orte\/je\/je-is-07-1\/","title":{"rendered":"JELSA &#8211; Spomen plo\u010da \u00bbAntun Dobroni\u0107\u00ab"},"content":{"rendered":"<p><a name=\"seite_oben\"><\/a><br \/>\n<strong><img loading=\"lazy\" decoding=\"async\" class=\"alignnone wp-image-8579 size-large\" src=\"https:\/\/www.topohvar.at\/wp-content\/uploads\/2018\/08\/JE-IS-07-0-1024x503.jpg\" alt=\"\" width=\"640\" height=\"314\" srcset=\"https:\/\/www.topohvar.at\/wp-content\/uploads\/2018\/08\/JE-IS-07-0-1024x503.jpg 1024w, https:\/\/www.topohvar.at\/wp-content\/uploads\/2018\/08\/JE-IS-07-0-300x147.jpg 300w, https:\/\/www.topohvar.at\/wp-content\/uploads\/2018\/08\/JE-IS-07-0-768x377.jpg 768w, https:\/\/www.topohvar.at\/wp-content\/uploads\/2018\/08\/JE-IS-07-0.jpg 1080w\" sizes=\"auto, (max-width: 640px) 100vw, 640px\" \/><\/strong><\/p>\n<p><strong>Ime \/ Name<br \/>\n<\/strong>Spomen plo\u010da \/ Gedenktafel \u00bbAntun Dobroni\u0107\u00ab<\/p>\n<p><strong>Code: <\/strong>JE-IS-07\u00a0 \u00a0 \u00a0 \u00a0 \u00a0 \u00a0 \u00a0 \u00a0 \u00a0 \u00a0 \u00a0 \u00a0 \u00a0 \u00a0 \u00a0 \u00a0 \u00a0 \u00a0 <a href=\"https:\/\/www.topohvar.at\/orte\/je\/je-ip-01-1\/\"><img loading=\"lazy\" decoding=\"async\" class=\"alignnone wp-image-12300 size-full\" src=\"https:\/\/www.topohvar.at\/wp-content\/uploads\/2018\/09\/push-vor-30.jpg\" alt=\"\" width=\"61\" height=\"30\" \/><\/a>\u00a0<strong><a href=\"https:\/\/www.topohvar.at\/orte\/je\/je-is-26-1\/\"><img loading=\"lazy\" decoding=\"async\" class=\"alignnone wp-image-533 size-full\" src=\"https:\/\/www.topohvar.at\/wp-content\/uploads\/2018\/07\/push-l-30.jpg\" alt=\"\" width=\"61\" height=\"30\" \/><\/a> <a href=\"https:\/\/www.topohvar.at\/orte\/je\/\"><img loading=\"lazy\" decoding=\"async\" class=\"alignnone wp-image-535 size-full\" src=\"https:\/\/www.topohvar.at\/wp-content\/uploads\/2018\/07\/push-o-30.jpg\" alt=\"\" width=\"61\" height=\"30\" \/><\/a> <a href=\"https:\/\/www.topohvar.at\/orte\/je\/je-is-22-1\/\"><img loading=\"lazy\" decoding=\"async\" class=\"alignnone wp-image-536 size-full\" src=\"https:\/\/www.topohvar.at\/wp-content\/uploads\/2018\/07\/push-r-30.jpg\" alt=\"\" width=\"61\" height=\"30\" \/><\/a><\/strong><\/p>\n<hr \/>\n<p><strong>Adresa \/ Adresse<br \/>\n<\/strong>Jelsa,\u00a0Antuna Dobroni\u0107a, rodna ku\u0107a \/ Geburtshaus Dobroni\u0107<\/p>\n<p><strong>Lokacija \/ Position<a href=\"https:\/\/goo.gl\/maps\/JgofiZUEiFP2fpw29\"><img loading=\"lazy\" decoding=\"async\" class=\"alignright wp-image-9152\" src=\"https:\/\/www.topohvar.at\/wp-content\/uploads\/2018\/09\/0448.jpg\" alt=\"\" width=\"133\" height=\"100\" \/><\/a><br \/>\n<\/strong><span style=\"color: #3366ff;\"><a style=\"color: #3366ff;\" href=\"https:\/\/goo.gl\/maps\/JgofiZUEiFP2fpw29\">Latitude: N 43,16110\u00b0\u00a0 \u00a0Longitude: E 16,69299\u00b0<\/a> <\/span><strong><br \/>\n<\/strong>Visina \/ H\u00f6he: 1 m<\/p>\n<p><strong>Katastarska \u010destica <\/strong><strong>\/ Grundst\u00fccke<br \/>\n<\/strong>*121\/2<div class='content-column one_half'><div style=\"padding-right:6px;\"><p><strong>Datum snimanja \/ Erfassungsdatum<br \/>\n<\/strong>10.10.2014 13:23:45<\/p>\n<hr \/>\n<p><strong>Informacije<\/strong><\/p>\n<p>Na ulici Antuna Dobroni\u0107a u rodnoj ku\u0107u Antuna Dobroni\u0107a visi spomen plo\u010da s natpisom:<\/p><\/div><\/div><div class='content-column one_half last_column'><div style=\"padding-right:0px;padding-left:6px;\"><p><strong>Stupanj za\u0161tite<\/strong><strong> \/ Schutzstellung<br \/>\n<\/strong>&#8211;<\/p>\n<hr \/>\n<p><strong>Info<\/strong><\/p>\n<p>In der Ulica Antuna Dobroni\u0107a h\u00e4ngt am Geburtshaus des Antun Dobroni\u0107 eine Gedenktafel mit folgender Inschrift:<\/p><\/div><\/div><div class='clear_column'><\/div><div class='content-column one_half'><div style=\"padding-right:6px;\"><p style=\"text-align: center;\">U OVOJ DREVNOJ KU\u0106I RODIO SE<br \/>\nKOMPONIST MO <strong>ANTUN DOBRONI\u0106<br \/>\n<\/strong>2. IV 1878. \u2013 12. XII. 1955.<br \/>\nKOJI JE SVOJOM MUZI\u010cKOM UMJETNO\u0160\u0106U<br \/>\nPROSLAVIO DOMOVINU I JELSU<\/p>\n<p style=\"text-align: right;\">Czkb P. 1969<\/p><\/div><\/div><div class='content-column one_half last_column'><div style=\"padding-right:0px;padding-left:6px;\"><p style=\"text-align: center;\">In diesem alten Haus wurde geboren<br \/>\nder Komponist Mo <strong>Anton Dobroni\u0107<\/strong><br \/>\n2. 4. 1878 \u2013 12. 12. 1955.<br \/>\nDie, die seine musikalische Kunst<br \/>\nim Heimatland<br \/>\nund in Jelsa feierten.<\/p>\n<p style=\"text-align: right;\">Czkb P. 1969<\/p><\/div><\/div><div class='clear_column'><\/div><\/p>\n<hr \/>\n<div class='content-column one_half'><div style=\"padding-right:6px;\"><p><strong>Antun Dobroni\u0107<br \/>\n<\/strong>ro\u0111en 2. travnja 1878. u Jelsi i umro 12. prosinca 1955. u Zagrebu<\/p><\/div><\/div><div class='content-column one_half last_column'><div style=\"padding-right:0px;padding-left:6px;\"><p><strong>Anton Dobroni\u0107<br \/>\n<\/strong>geboren am 2. April 1878 in Jelsa und gestorben am 12. Dezember 1955 in Zagreb<\/p><\/div><\/div><div class='clear_column'><\/div><div class='content-column one_half'><div style=\"padding-right:6px;\"><p>Dobroni\u0107 je bio student V\u00edt\u011bzslav Nov\u00e1k u Pragu, a nakon dovr\u0161enog studija kompozicije u Pragu (1912.) nastavnik glazbe.\u00a01922.-1940. godine je bio profesor na zagreba\u010dkom Konzervatoriju.<\/p><\/div><\/div><div class='content-column one_half last_column'><div style=\"padding-right:0px;padding-left:6px;\"><p>Dobroni\u0107 war Sch\u00fcler von V\u00edt\u011bzslav Nov\u00e1k in Prag und nach Abschluss des Kompositionsstudiums in Prag (1912) Musiklehrer. Von 1921 bis 1939 war er Professor am Konservatorium von Zagreb.<\/p><\/div><\/div><div class='clear_column'><\/div><div class='content-column one_half'><div style=\"padding-right:6px;\"><p>Postao je idejnim vo\u0111om generaciji mladih skladatelja koji \u0107e zauzeti sredi\u0161nje mjesto u hrvatskoj umjetni\u010dkoj glazbi nacionalnog smjera. Dobroni\u0107ev se glazbeni govor temeljio u prvom redu na melodiji. Provode\u0107i pjevnost kroz sve dionice, ostvarivao je orkestraslnu koloristi\u010dku polifoniju, koja je njegovim zrelim radovima podavala osebujan pe\u010dat.<\/p><\/div><\/div><div class='content-column one_half last_column'><div style=\"padding-right:0px;padding-left:6px;\"><p>Er ist zum f\u00fchrenden Leiter der Generation junger Komponisten geworden, die den zentralen Platz in der nationalen kroatischen Kunstmusik einnehmen werden. Dobroni\u0107s musikalischer Ausdruck basierte haupts\u00e4chlich auf der Melodie. Indem er durch alle Formen sang, machte er eine orchestrale koloristische Polyphonie, die seinen reifen Werken ein unverwechselbares Siegel gab.<\/p><\/div><\/div><div class='clear_column'><\/div><div class='content-column one_half'><div style=\"padding-right:6px;\"><p>Sastavio je osam simfonija, trinaest opera (\u010diji je libretti u velikoj mjeri napisao) i \u0161est baleta, komornu glazbu, zborove, kantate i pjesme.<\/p><\/div><\/div><div class='content-column one_half last_column'><div style=\"padding-right:0px;padding-left:6px;\"><p>Er komponierte acht Sinfonien, dreizehn Opern (deren Libretti er gro\u00dfenteils selbst verfasste) und sechs Ballette, kammermusikalische Werke, Ch\u00f6re, Kantaten und Lieder.<\/p><\/div><\/div><div class='clear_column'><\/div><div class='content-column one_half'><div style=\"padding-right:6px;\"><p>U parku Perivoj nalazi se kip Antuna Dobroni\u0107a.<\/p><\/div><\/div><div class='content-column one_half last_column'><div style=\"padding-right:0px;padding-left:6px;\"><p>Im Parks Perivoj befindet sich eine Statue des Antun Dobroni\u0107.<\/p><\/div><\/div><div class='clear_column'><\/div><\/p>\n<p style=\"text-align: right;\"><span style=\"color: #3366ff;\"><a style=\"color: #3366ff;\" href=\"#seite_oben\">natrag na vrh \/ Seitenanfang<\/a><\/span><\/p>\n<hr \/>\n<p><strong>Linkovi \/ Links<\/strong><\/p>\n<p><span style=\"color: #3366ff;\"><a style=\"color: #3366ff;\" href=\"https:\/\/www.topohvar.at\/orte\/je\/je-tg-14-1\/\">Rodna ku\u0107a Antuna Dobroni\u0107a \/ Geburtshaus des Anton Dobroni\u0107<\/a><\/span><br \/>\n<span style=\"color: #3366ff;\"><a style=\"color: #3366ff;\" href=\"https:\/\/www.topohvar.at\/orte\/je\/je-mo-03-1\/\">Kip Antuna Dobroni\u0107a \/ Statue des Anton Dobroni\u0107<\/a><\/span><\/p>\n","protected":false},"excerpt":{"rendered":"<p>Ime \/ Name Spomen plo\u010da \/ Gedenktafel \u00bbAntun Dobroni\u0107\u00ab Code: JE-IS-07\u00a0 \u00a0 \u00a0 \u00a0 \u00a0 \u00a0 \u00a0 \u00a0 \u00a0 \u00a0 \u00a0 \u00a0 \u00a0 \u00a0 \u00a0 \u00a0 \u00a0 \u00a0 \u00a0 Adresa \/ Adresse Jelsa,\u00a0Antuna Dobroni\u0107a, rodna ku\u0107a \/ Geburtshaus Dobroni\u0107 Lokacija &hellip; <a href=\"https:\/\/www.topohvar.at\/topo\/orte\/je\/je-is-07-1\/\">Weiterlesen <span class=\"meta-nav\">&rarr;<\/span><\/a><\/p>\n","protected":false},"author":1,"featured_media":0,"parent":85,"menu_order":0,"comment_status":"closed","ping_status":"closed","template":"","meta":{"footnotes":""},"class_list":["post-8787","page","type-page","status-publish","hentry"],"_links":{"self":[{"href":"https:\/\/www.topohvar.at\/topo\/wp-json\/wp\/v2\/pages\/8787","targetHints":{"allow":["GET"]}}],"collection":[{"href":"https:\/\/www.topohvar.at\/topo\/wp-json\/wp\/v2\/pages"}],"about":[{"href":"https:\/\/www.topohvar.at\/topo\/wp-json\/wp\/v2\/types\/page"}],"author":[{"embeddable":true,"href":"https:\/\/www.topohvar.at\/topo\/wp-json\/wp\/v2\/users\/1"}],"replies":[{"embeddable":true,"href":"https:\/\/www.topohvar.at\/topo\/wp-json\/wp\/v2\/comments?post=8787"}],"version-history":[{"count":15,"href":"https:\/\/www.topohvar.at\/topo\/wp-json\/wp\/v2\/pages\/8787\/revisions"}],"predecessor-version":[{"id":61910,"href":"https:\/\/www.topohvar.at\/topo\/wp-json\/wp\/v2\/pages\/8787\/revisions\/61910"}],"up":[{"embeddable":true,"href":"https:\/\/www.topohvar.at\/topo\/wp-json\/wp\/v2\/pages\/85"}],"wp:attachment":[{"href":"https:\/\/www.topohvar.at\/topo\/wp-json\/wp\/v2\/media?parent=8787"}],"curies":[{"name":"wp","href":"https:\/\/api.w.org\/{rel}","templated":true}]}}