{"id":8800,"date":"2018-08-31T07:43:57","date_gmt":"2018-08-31T05:43:57","guid":{"rendered":"https:\/\/www.topohvar.at\/?page_id=8800"},"modified":"2021-11-30T17:53:11","modified_gmt":"2021-11-30T16:53:11","slug":"je-is-10-1","status":"publish","type":"page","link":"https:\/\/www.topohvar.at\/topo\/orte\/je\/je-is-10-1\/","title":{"rendered":"JELSA &#8211; Spomen plo\u010da \u00bbBiv\u0161i kapela Sv. Liberata\u00ab"},"content":{"rendered":"<p><a name=\"seite_oben\"><\/a><br \/>\n<strong><img loading=\"lazy\" decoding=\"async\" class=\"alignnone wp-image-8582 size-large\" src=\"https:\/\/www.topohvar.at\/wp-content\/uploads\/2018\/08\/JE-IS-10-0-1024x503.jpg\" alt=\"\" width=\"640\" height=\"314\" srcset=\"https:\/\/www.topohvar.at\/wp-content\/uploads\/2018\/08\/JE-IS-10-0-1024x503.jpg 1024w, https:\/\/www.topohvar.at\/wp-content\/uploads\/2018\/08\/JE-IS-10-0-300x147.jpg 300w, https:\/\/www.topohvar.at\/wp-content\/uploads\/2018\/08\/JE-IS-10-0-768x377.jpg 768w, https:\/\/www.topohvar.at\/wp-content\/uploads\/2018\/08\/JE-IS-10-0.jpg 1080w\" sizes=\"auto, (max-width: 640px) 100vw, 640px\" \/><\/strong><\/p>\n<p><strong>Ime \/ Name<br \/>\n<\/strong>Spomen plo\u010da \u00bbBiv\u0161i kapela Sv. Liberata\u00ab \/ Gedenktafel an die ehemalige Kapelle zum hl. Liberat<\/p>\n<p><strong>Code: <\/strong>JE-IS-10\u00a0 \u00a0 \u00a0 \u00a0 \u00a0 \u00a0 \u00a0 \u00a0 \u00a0 \u00a0 \u00a0 \u00a0 \u00a0 \u00a0 \u00a0 \u00a0 \u00a0 \u00a0<strong>\u00a0<a href=\"https:\/\/www.topohvar.at\/orte\/je\/je-ip-01-1\/\"><img loading=\"lazy\" decoding=\"async\" class=\"alignnone wp-image-12300 size-full\" src=\"https:\/\/www.topohvar.at\/wp-content\/uploads\/2018\/09\/push-vor-30.jpg\" alt=\"\" width=\"61\" height=\"30\" \/><\/a>\u00a0<a href=\"https:\/\/www.topohvar.at\/orte\/je\/je-is-08-1\/\"><img loading=\"lazy\" decoding=\"async\" class=\"alignnone wp-image-533 size-full\" src=\"https:\/\/www.topohvar.at\/wp-content\/uploads\/2018\/07\/push-l-30.jpg\" alt=\"\" width=\"61\" height=\"30\" \/><\/a> <a href=\"https:\/\/www.topohvar.at\/orte\/je\/\"><img loading=\"lazy\" decoding=\"async\" class=\"alignnone wp-image-535 size-full\" src=\"https:\/\/www.topohvar.at\/wp-content\/uploads\/2018\/07\/push-o-30.jpg\" alt=\"\" width=\"61\" height=\"30\" \/><\/a> <a href=\"https:\/\/www.topohvar.at\/orte\/je\/je-is-19-1\/\"><img loading=\"lazy\" decoding=\"async\" class=\"alignnone wp-image-536 size-full\" src=\"https:\/\/www.topohvar.at\/wp-content\/uploads\/2018\/07\/push-r-30.jpg\" alt=\"\" width=\"61\" height=\"30\" \/><\/a><\/strong><\/p>\n<hr \/>\n<p><strong>Adresa \/ Adresse<br \/>\n<\/strong>Jelsa,\u00a0\u0160etali\u0161te Sv. Liberata<\/p>\n<p><strong>Lokacija \/ Position<a href=\"https:\/\/goo.gl\/maps\/5mC4d34wBPA9JJxq8\"><img loading=\"lazy\" decoding=\"async\" class=\"alignright wp-image-8991\" src=\"https:\/\/www.topohvar.at\/wp-content\/uploads\/2018\/09\/0424.jpg\" alt=\"\" width=\"133\" height=\"100\" \/><\/a><br \/>\n<\/strong><span style=\"color: #3366ff;\"><a style=\"color: #3366ff;\" href=\"https:\/\/goo.gl\/maps\/5mC4d34wBPA9JJxq8\">Latitude: N 43,16238\u00b0\u00a0 \u00a0Longitude: E 16,69893\u00b0<\/a> <\/span><strong><br \/>\n<\/strong>Visina \/ H\u00f6he: 13 m<\/p>\n<p><strong>Katastarska \u010destica <\/strong><strong>\/ Grundst\u00fccke<br \/>\n<\/strong>*689<div class='content-column one_half'><div style=\"padding-right:6px;\"><p><strong>Datum snimanja \/ Erfassungsdatum<br \/>\n<\/strong>16.10.2014 12:53:00<\/p>\n<hr \/>\n<p><strong>Informacije<\/strong><\/p>\n<p>Po Dobroni\u0107\u00a0 povratku s jednog takvog dugotrajnog putovanja, na samom dohvatu Jelse, u Bra\u010dkom kanalu, uhvatila ga je takva &#8220;oluja da mu je potonuo brod i sav imutak koji je donosio ku\u0107i. Nakon vi\u0161esatne borbe s valovima, on se jedva spasio s nekoliko mornara.<\/p><\/div><\/div><div class='content-column one_half last_column'><div style=\"padding-right:0px;padding-left:6px;\"><p><strong>Stupanj za\u0161tite<\/strong><strong> \/ Schutzstellung<br \/>\n<\/strong>&#8211;<\/p>\n<hr \/>\n<p><strong>Info<\/strong><\/p>\n<p>Nachdem Kapit\u00e4n Dobroni\u0107 von einer langen Reise nach Jelsa in den Bra\u010der-Kanal zur\u00fcckgekehrt war, wurde er von einem solchen &#8222;Sturm&#8220; \u00fcberrascht, dass sein Schiff mit aller Handelsware die er nach Hause gebracht hatte sank. Nach mehreren Stunden Kampf in den Wellen wurde er mit ein paar Seeleuten gerettet.<\/p><\/div><\/div><div class='clear_column'><\/div><div class='content-column one_half'><div style=\"padding-right:6px;\"><p>Prigodom jedne sli\u010dne oluje na moru zavjetovao se i dao kasnije izgraditi, na putu prema Gradini mala kapelicu \u00bbSveti Liberat\u00ab, koja je danas ozna\u010dena jednom spomen-plo\u010dom. Na plo\u010di pi\u0161e:<\/p><\/div><\/div><div class='content-column one_half last_column'><div style=\"padding-right:0px;padding-left:6px;\"><p>Bei einem \u00e4hnlichen Sturm auf dem Meer, gelobte er sp\u00e4ter, auf dem Weg nach Gradina die kleine Kapelle &#8222;Sveti Liberat&#8220; zu bauen, an die heute eine Gedenktafel erinnert. Auf der Tafel steht:<\/p><\/div><\/div><div class='clear_column'><\/div><div class='content-column one_half'><div style=\"padding-right:6px;\"><p style=\"text-align: center;\">NA OVOM PRASTAROM PUTU<br \/>\nOD PITAVA DO PUNTE GRADINE<br \/>\nZAPISANOM U STATUTU KOMUNE<br \/>\n1331 \u2013 STAJALAJE OVDJE DO 1964 \u2013<br \/>\nSAGRA\u0110ENA OD JEDNOG DOBRONI\u0106A \u2013<br \/>\nKAPELA S. LIBERATA<\/p>\n<p style=\"text-align: right;\">HIST. ARH. P.<\/p>\n<p style=\"text-align: center;\"><\/div><\/div><div class='content-column one_half last_column'><div style=\"padding-right:0px;padding-left:6px;\"><p style=\"text-align: center;\">Auf diesem alten Weg<br \/>\nvon Pitve nach Punta Gradine<br \/>\nbeschrieben in den Statuten von 1331<br \/>\nstand hier bis zum Jahr 1964<br \/>\ndie von einem Dobroni\u0107 errichtete<br \/>\nKapelle des hl. Liberatus<\/p>\n<p style=\"text-align: right;\">Hist. Arch. P.<\/p><\/div><\/div><div class='clear_column'><\/div><\/p>\n<p style=\"text-align: right;\"><span style=\"color: #3366ff;\"><a style=\"color: #3366ff;\" href=\"#seite_oben\">natrag na vrh \/ Seitenanfang<\/a><\/span><\/p>\n<hr \/>\n<p><strong>Linkovi \/ Links<\/strong><\/p>\n<p><span style=\"color: #3366ff;\"><a style=\"color: #3366ff;\" href=\"https:\/\/www.topohvar.at\/orte\/je\/je-cp-04-1\/\">Stara kapela Sv. Liberata \/ ehemalige Kapelle des hl. Liberat<\/a><br \/>\n<a style=\"color: #3366ff;\" href=\"https:\/\/www.topohvar.at\/orte\/je\/je-cs-11-1\/\">Kapelica \u00bbSv. Liberate\u00ab (<strong>vi\u0161e 0 sv. Liberatu<\/strong>) \/ Bildstock des hl. Liberat (<strong>mehr \u00fcber den hl. Liberat<\/strong>)<\/a><br \/>\n<\/span><\/p>\n","protected":false},"excerpt":{"rendered":"<p>Ime \/ Name Spomen plo\u010da \u00bbBiv\u0161i kapela Sv. Liberata\u00ab \/ Gedenktafel an die ehemalige Kapelle zum hl. Liberat Code: JE-IS-10\u00a0 \u00a0 \u00a0 \u00a0 \u00a0 \u00a0 \u00a0 \u00a0 \u00a0 \u00a0 \u00a0 \u00a0 \u00a0 \u00a0 \u00a0 \u00a0 \u00a0 \u00a0\u00a0\u00a0 Adresa \/ Adresse &hellip; <a href=\"https:\/\/www.topohvar.at\/topo\/orte\/je\/je-is-10-1\/\">Weiterlesen <span class=\"meta-nav\">&rarr;<\/span><\/a><\/p>\n","protected":false},"author":1,"featured_media":0,"parent":85,"menu_order":0,"comment_status":"closed","ping_status":"closed","template":"","meta":{"footnotes":""},"class_list":["post-8800","page","type-page","status-publish","hentry"],"_links":{"self":[{"href":"https:\/\/www.topohvar.at\/topo\/wp-json\/wp\/v2\/pages\/8800","targetHints":{"allow":["GET"]}}],"collection":[{"href":"https:\/\/www.topohvar.at\/topo\/wp-json\/wp\/v2\/pages"}],"about":[{"href":"https:\/\/www.topohvar.at\/topo\/wp-json\/wp\/v2\/types\/page"}],"author":[{"embeddable":true,"href":"https:\/\/www.topohvar.at\/topo\/wp-json\/wp\/v2\/users\/1"}],"replies":[{"embeddable":true,"href":"https:\/\/www.topohvar.at\/topo\/wp-json\/wp\/v2\/comments?post=8800"}],"version-history":[{"count":14,"href":"https:\/\/www.topohvar.at\/topo\/wp-json\/wp\/v2\/pages\/8800\/revisions"}],"predecessor-version":[{"id":53947,"href":"https:\/\/www.topohvar.at\/topo\/wp-json\/wp\/v2\/pages\/8800\/revisions\/53947"}],"up":[{"embeddable":true,"href":"https:\/\/www.topohvar.at\/topo\/wp-json\/wp\/v2\/pages\/85"}],"wp:attachment":[{"href":"https:\/\/www.topohvar.at\/topo\/wp-json\/wp\/v2\/media?parent=8800"}],"curies":[{"name":"wp","href":"https:\/\/api.w.org\/{rel}","templated":true}]}}