{"id":8841,"date":"2018-08-31T08:22:37","date_gmt":"2018-08-31T06:22:37","guid":{"rendered":"https:\/\/www.topohvar.at\/?page_id=8841"},"modified":"2022-01-18T18:00:07","modified_gmt":"2022-01-18T17:00:07","slug":"je-pu-02-1","status":"publish","type":"page","link":"https:\/\/www.topohvar.at\/topo\/orte\/je\/je-pu-02-1\/","title":{"rendered":"JELSA &#8211; Objekt \u00bbTrg Sv. Ivan\u00ab"},"content":{"rendered":"<p><a name=\"seite_oben\"><\/a><br \/>\n<strong><img loading=\"lazy\" decoding=\"async\" class=\"alignnone wp-image-8614 size-large\" src=\"https:\/\/www.topohvar.at\/wp-content\/uploads\/2018\/08\/JE-PU-02-0-1024x503.jpg\" alt=\"\" width=\"640\" height=\"314\" srcset=\"https:\/\/www.topohvar.at\/wp-content\/uploads\/2018\/08\/JE-PU-02-0-1024x503.jpg 1024w, https:\/\/www.topohvar.at\/wp-content\/uploads\/2018\/08\/JE-PU-02-0-300x147.jpg 300w, https:\/\/www.topohvar.at\/wp-content\/uploads\/2018\/08\/JE-PU-02-0-768x377.jpg 768w, https:\/\/www.topohvar.at\/wp-content\/uploads\/2018\/08\/JE-PU-02-0.jpg 1080w\" sizes=\"auto, (max-width: 640px) 100vw, 640px\" \/><\/strong><\/p>\n<p><strong>Ime \/ Name<br \/>\n<\/strong>Objekt \u00bbTrg Sv. Ivan\u00ab \/ Platz des hl. Johannes<\/p>\n<p><strong>Code: <\/strong>JE-PU-02\u00a0 \u00a0 \u00a0 \u00a0 \u00a0 \u00a0 \u00a0 \u00a0 \u00a0 \u00a0 \u00a0 \u00a0 \u00a0 \u00a0 \u00a0 \u00a0 \u00a0 \u00a0 \u00a0 \u00a0 <a href=\"https:\/\/www.topohvar.at\/orte\/je\/je-os-01-1\/\"><img loading=\"lazy\" decoding=\"async\" class=\"alignnone wp-image-12300 size-full\" src=\"https:\/\/www.topohvar.at\/wp-content\/uploads\/2018\/09\/push-vor-30.jpg\" alt=\"\" width=\"61\" height=\"30\" \/><\/a>\u00a0<strong><a href=\"https:\/\/www.topohvar.at\/orte\/je\/je-pu-06-1\/\"><img loading=\"lazy\" decoding=\"async\" class=\"alignnone wp-image-533 size-full\" src=\"https:\/\/www.topohvar.at\/wp-content\/uploads\/2018\/07\/push-l-30.jpg\" alt=\"\" width=\"61\" height=\"30\" \/><\/a> <a href=\"https:\/\/www.topohvar.at\/orte\/je\/\"><img loading=\"lazy\" decoding=\"async\" class=\"alignnone wp-image-535 size-full\" src=\"https:\/\/www.topohvar.at\/wp-content\/uploads\/2018\/07\/push-o-30.jpg\" alt=\"\" width=\"61\" height=\"30\" \/><\/a> <a href=\"https:\/\/www.topohvar.at\/orte\/je\/je-pu-03-1\/\"><img loading=\"lazy\" decoding=\"async\" class=\"alignnone wp-image-536 size-full\" src=\"https:\/\/www.topohvar.at\/wp-content\/uploads\/2018\/07\/push-r-30.jpg\" alt=\"\" width=\"61\" height=\"30\" \/><\/a>\u00a0<a href=\"https:\/\/www.topohvar.at\/orte\/je\/je-ov-01-1\/\"><img loading=\"lazy\" decoding=\"async\" class=\"alignnone wp-image-12299 size-full\" src=\"https:\/\/www.topohvar.at\/wp-content\/uploads\/2018\/09\/push-next-30.jpg\" alt=\"\" width=\"61\" height=\"30\" \/><\/a><\/strong><\/p>\n<hr \/>\n<p><strong>Adresa \/ Adresse<br \/>\n<\/strong>Jelsa,\u00a0Trg Sv. Ivan<\/p>\n<p><strong>Lokacija<\/strong><strong> \/ Position<a href=\"https:\/\/goo.gl\/maps\/sgtJi4toVFrxMEho9\"><img loading=\"lazy\" decoding=\"async\" class=\"alignright wp-image-8954\" src=\"https:\/\/www.topohvar.at\/wp-content\/uploads\/2018\/08\/0393.jpg\" alt=\"\" width=\"133\" height=\"100\" \/><\/a><br \/>\n<\/strong><span style=\"color: #3366ff;\"><a style=\"color: #3366ff;\" href=\"https:\/\/goo.gl\/maps\/sgtJi4toVFrxMEho9\">Latitude: N 43,16134\u00b0\u00a0 \u00a0Longitude: E 16,69353\u00b0<\/a> <\/span><strong><br \/>\n<\/strong>Visina \/ H\u00f6he: 1 m<\/p>\n<p><strong>Katastarska \u010destica <\/strong><strong>\/ Grundst\u00fccke<br \/>\n<\/strong>5663\/1<div class='content-column one_half'><div style=\"padding-right:6px;\"><p><strong>Datum snimanja \/ Erfassungsdatum<br \/>\n<\/strong>15.05.2013 11:35:24<\/p>\n<hr \/>\n<p><strong>Informacije<\/strong><\/p>\n<p>Crkva na Trgu svetog Ivana prvi puta se spominje u pisanom dokumentu iz 15. stolje\u0107a, a tijekom 16. stolje\u0107a gra\u0111anske obitelji ku\u0107ama zaokru\u017euju njen okoli\u0161, koji se postupno razvija u trg. Jo\u0161 se isti\u010de u sjeveroisto\u010dnom uglu trga nadvratnik ku\u0107e Skrivaneli s obiteljskim plemi\u0107kim grbom i godinom 1561.<\/p><\/div><\/div><div class='content-column one_half last_column'><div style=\"padding-right:0px;padding-left:6px;\"><p><strong>Stupanj za\u0161tite<\/strong><strong> \/ Schutzstellung<br \/>\n<\/strong>RST-0077<\/p>\n<hr \/>\n<p><strong>Info<\/strong><\/p>\n<p>Die Kirche auf dem Platz des Hl. Johannes wird erstmals in einem Schriftst\u00fcck aus dem 15. Jh. erw\u00e4hnt. Im Laufe des 16. Jh. entstehen Familienh\u00e4user in ihrem Umkreis, welcher sich schrittweise zu einem Platz zu formen beginnt. Auch heute noch steht im nord\u00f6stlichen Teil des Platzes das Haus der Familie Skrivaneli.<\/p><\/div><\/div><div class='clear_column'><\/div><div class='content-column one_half'><div style=\"padding-right:6px;\"><p>Gradnja uokolo trga trajala je sve do kraja 19. stolje\u0107a, kad je isti poplo\u010dan, a gra\u0111anske ku\u0107e na sjevernoj strani bivaju pro\u0161irene. Primjer stambene arhitekture s konca 19. stolje\u0107a je sa\u010duvana ku\u0107a obitelji Dobrovi\u0107 na \u010dijem je pro\u010delju nagla\u0161ena kamena plastika vrata, krovnog vijenca, prozora i balkona sa \u010detiri konzole koje opona\u0161aju barokna rje\u0161enja, te ograda od lijevanog \u017eeljeza ukra\u0161ena neostilskim elementima.<\/p><\/div><\/div><div class='content-column one_half last_column'><div style=\"padding-right:0px;padding-left:6px;\"><p>Der Ausbau dauerte bis zum Ende des 19. Jh., als der Platz gepflastert wird und die st\u00e4dtischen H\u00e4user auf der n\u00f6rdlichen Seite ausgebaut werden. Beispielhaft f\u00fcr den Wohnbau Ende des 19. Jh. ist das erhalten gebliebene Haus der Familie Dobrovi\u0107 das mit seiner Fassade mit Steinportal, \u00fcberdachten Gesimse, Fenster, Balkone mit gusseisernen Gel\u00e4nder und vier Konsolen im barocken Stil und mit Elementen im Neo-Stil erhalten wurde.<\/p><\/div><\/div><div class='clear_column'><\/div><div class='content-column one_half'><div style=\"padding-right:6px;\"><p>Trg ispred crkvice sv. Ivana najljep\u0161a je pozornica na otvorenom u Jelsi. Ispred crkvice ljeti se odr\u017eavaju kulturne manifestacije: koncerti, predstave, promocije.<\/p><\/div><\/div><div class='content-column one_half last_column'><div style=\"padding-right:0px;padding-left:6px;\"><p>Der Platz vor der Kirche St. Ivana ist die sch\u00f6nste Freilichtb\u00fchne in Jelsa. Vor der Kirche finden im Sommer kulturelle Veranstaltungen statt: Konzerte, Theaterst\u00fccke, Aktionen.<\/p><\/div><\/div><div class='clear_column'><\/div><\/p>\n<p style=\"text-align: right;\"><span style=\"color: #3366ff;\"><a style=\"color: #3366ff;\" href=\"#seite_oben\">natrag na vrh \/ Seitenanfang<\/a><\/span><\/p>\n<hr \/>\n<p><strong>Linkovi \/ Links<\/strong><\/p>\n<p><span style=\"color: #3366ff;\"><a style=\"color: #3366ff;\" href=\"https:\/\/www.topohvar.at\/orte\/je\/je-ci-03-1\/\">Crkva Sv. Ivana \/ Kirche zum hl. Johannes<\/a><\/span><br \/>\n<span style=\"color: #3366ff;\"><a style=\"color: #3366ff;\" href=\"https:\/\/www.topohvar.at\/orte\/je\/je-tg-06-1\/\">Ku\u0107a Skrivaneli \/ Haus Skrivaneli<\/a><\/span><br \/>\n<span style=\"color: #3366ff;\"><a style=\"color: #3366ff;\" href=\"https:\/\/www.topohvar.at\/orte\/je\/je-tg-10-1\/\">Ku\u0107a obitelji Dobrovi\u0107 \/ Haus der Familie Dobrovi\u0107<\/a><\/span><\/p>\n","protected":false},"excerpt":{"rendered":"<p>Ime \/ Name Objekt \u00bbTrg Sv. Ivan\u00ab \/ Platz des hl. Johannes Code: JE-PU-02\u00a0 \u00a0 \u00a0 \u00a0 \u00a0 \u00a0 \u00a0 \u00a0 \u00a0 \u00a0 \u00a0 \u00a0 \u00a0 \u00a0 \u00a0 \u00a0 \u00a0 \u00a0 \u00a0 \u00a0 \u00a0 \u00a0 Adresa \/ Adresse Jelsa,\u00a0Trg Sv. &hellip; <a href=\"https:\/\/www.topohvar.at\/topo\/orte\/je\/je-pu-02-1\/\">Weiterlesen <span class=\"meta-nav\">&rarr;<\/span><\/a><\/p>\n","protected":false},"author":1,"featured_media":0,"parent":85,"menu_order":0,"comment_status":"closed","ping_status":"closed","template":"","meta":{"footnotes":""},"class_list":["post-8841","page","type-page","status-publish","hentry"],"_links":{"self":[{"href":"https:\/\/www.topohvar.at\/topo\/wp-json\/wp\/v2\/pages\/8841","targetHints":{"allow":["GET"]}}],"collection":[{"href":"https:\/\/www.topohvar.at\/topo\/wp-json\/wp\/v2\/pages"}],"about":[{"href":"https:\/\/www.topohvar.at\/topo\/wp-json\/wp\/v2\/types\/page"}],"author":[{"embeddable":true,"href":"https:\/\/www.topohvar.at\/topo\/wp-json\/wp\/v2\/users\/1"}],"replies":[{"embeddable":true,"href":"https:\/\/www.topohvar.at\/topo\/wp-json\/wp\/v2\/comments?post=8841"}],"version-history":[{"count":13,"href":"https:\/\/www.topohvar.at\/topo\/wp-json\/wp\/v2\/pages\/8841\/revisions"}],"predecessor-version":[{"id":56304,"href":"https:\/\/www.topohvar.at\/topo\/wp-json\/wp\/v2\/pages\/8841\/revisions\/56304"}],"up":[{"embeddable":true,"href":"https:\/\/www.topohvar.at\/topo\/wp-json\/wp\/v2\/pages\/85"}],"wp:attachment":[{"href":"https:\/\/www.topohvar.at\/topo\/wp-json\/wp\/v2\/media?parent=8841"}],"curies":[{"name":"wp","href":"https:\/\/api.w.org\/{rel}","templated":true}]}}