{"id":8847,"date":"2018-08-31T08:27:59","date_gmt":"2018-08-31T06:27:59","guid":{"rendered":"https:\/\/www.topohvar.at\/?page_id=8847"},"modified":"2022-01-18T17:36:42","modified_gmt":"2022-01-18T16:36:42","slug":"je-ov-01-1","status":"publish","type":"page","link":"https:\/\/www.topohvar.at\/topo\/orte\/je\/je-ov-01-1\/","title":{"rendered":"JELSA &#8211; Objekt \u00bbPark Perivoj\u00ab"},"content":{"rendered":"<p><a name=\"seite_oben\"><\/a><br \/>\n<strong><img loading=\"lazy\" decoding=\"async\" class=\"alignnone wp-image-8610 size-large\" src=\"https:\/\/www.topohvar.at\/wp-content\/uploads\/2018\/08\/je-ov-01-0-1024x503.jpg\" alt=\"\" width=\"640\" height=\"314\" srcset=\"https:\/\/www.topohvar.at\/wp-content\/uploads\/2018\/08\/je-ov-01-0-1024x503.jpg 1024w, https:\/\/www.topohvar.at\/wp-content\/uploads\/2018\/08\/je-ov-01-0-300x147.jpg 300w, https:\/\/www.topohvar.at\/wp-content\/uploads\/2018\/08\/je-ov-01-0-768x377.jpg 768w, https:\/\/www.topohvar.at\/wp-content\/uploads\/2018\/08\/je-ov-01-0.jpg 1080w\" sizes=\"auto, (max-width: 640px) 100vw, 640px\" \/><\/strong><\/p>\n<p><strong>Ime \/ Name<br \/>\n<\/strong>Objekt \u00bbPark Perivoj\u00ab<\/p>\n<p><strong>Code: <\/strong>JE-OV-01\u00a0 \u00a0 \u00a0 \u00a0 \u00a0 \u00a0 \u00a0 \u00a0 \u00a0 \u00a0 \u00a0 \u00a0 \u00a0 \u00a0 \u00a0 \u00a0 \u00a0 \u00a0 \u00a0 \u00a0 <a href=\"https:\/\/www.topohvar.at\/orte\/je\/je-pu-04-1\/\"><img loading=\"lazy\" decoding=\"async\" class=\"alignnone wp-image-12300 size-full\" src=\"https:\/\/www.topohvar.at\/wp-content\/uploads\/2018\/09\/push-vor-30.jpg\" alt=\"\" width=\"61\" height=\"30\" \/><\/a>\u00a0<strong><a href=\"https:\/\/www.topohvar.at\/orte\/je\/je-on-02-1\/\"><img loading=\"lazy\" decoding=\"async\" class=\"alignnone wp-image-533 size-full\" src=\"https:\/\/www.topohvar.at\/wp-content\/uploads\/2018\/07\/push-l-30.jpg\" alt=\"\" width=\"61\" height=\"30\" \/><\/a> <a href=\"https:\/\/www.topohvar.at\/orte\/je\/\"><img loading=\"lazy\" decoding=\"async\" class=\"alignnone wp-image-535 size-full\" src=\"https:\/\/www.topohvar.at\/wp-content\/uploads\/2018\/07\/push-o-30.jpg\" alt=\"\" width=\"61\" height=\"30\" \/><\/a> <a href=\"https:\/\/www.topohvar.at\/orte\/je\/je-ok-01-1\/\"><img loading=\"lazy\" decoding=\"async\" class=\"alignnone wp-image-536 size-full\" src=\"https:\/\/www.topohvar.at\/wp-content\/uploads\/2018\/07\/push-r-30.jpg\" alt=\"\" width=\"61\" height=\"30\" \/><\/a> <a href=\"https:\/\/www.topohvar.at\/orte\/je\/je-og-01-1\/\"><img loading=\"lazy\" decoding=\"async\" class=\"alignnone wp-image-12299 size-full\" src=\"https:\/\/www.topohvar.at\/wp-content\/uploads\/2018\/09\/push-next-30.jpg\" alt=\"\" width=\"61\" height=\"30\" \/><\/a><\/strong><\/p>\n<hr \/>\n<p><strong>Adresa \/ Adresse<br \/>\n<\/strong>Jelsa,\u00a0Veliki Park (Perivoj)<\/p>\n<p><strong>Lokacija \/ Position<a href=\"https:\/\/goo.gl\/maps\/bshNPiVqBz5MP4qT8\"><img loading=\"lazy\" decoding=\"async\" class=\"alignright wp-image-9263\" src=\"https:\/\/www.topohvar.at\/wp-content\/uploads\/2018\/09\/0434.jpg\" alt=\"\" width=\"133\" height=\"100\" \/><\/a><br \/>\n<\/strong><span style=\"color: #3366ff;\"><a style=\"color: #3366ff;\" href=\"https:\/\/goo.gl\/maps\/bshNPiVqBz5MP4qT8\">Latitude: N 43,16216\u00b0\u00a0 \u00a0Longitude: E 16,69224\u00b0<\/a> <\/span><strong><br \/>\n<\/strong>Visina \/ H\u00f6he: 2 m<\/p>\n<p><strong>Katastarska \u010destica \/ Grundst\u00fccke<br \/>\n<\/strong>1231\/6, 1231\/7, 1231\/15, 1231\/16, 1231\/19<div class='content-column one_half'><div style=\"padding-right:6px;\"><p><strong>Datum snimanja \/ Erfassungsdatum<br \/>\n<\/strong>28.05.2014 10:40:13<\/p>\n<hr \/>\n<p><strong>Informacije<\/strong><\/p>\n<p>Na mjestu dana\u0161njeg parka jo\u0161 1605. sterala se malari\u010dna mo\u010dvara. Podignut 1870. na naplavnom podru\u010dju, ovaj je park jedan od najve\u0107ih i najljep\u0161ih u Dalmaciji, a njegovoj ljepoti pridonose goleme topole, borovi i palme, akacije i oleandri, lovori i drugo mediteransko bilje.<\/p><\/div><\/div><div class='content-column one_half last_column'><div style=\"padding-right:0px;padding-left:6px;\"><p><strong>Stupanj za\u0161tite \/ Schutzstellung<br \/>\n<\/strong>&#8211;<\/p>\n<hr \/>\n<p><strong>Info<\/strong><\/p>\n<p>An der Stelle des heutigen Parks erstreckten sich noch im Jahr 1605 Malaria-S\u00fcmpfe. Erbaut 1870, z\u00e4hlt er mit seinen riesigen Pappeln, Kiefern und Palmen, Akazien, Oleander- und Lorbeerb\u00e4umen und anderen mediterranen Pflanzen zu einem der gr\u00f6\u00dften und sch\u00f6nsten Parks in Dalmatien.<\/p><\/div><\/div><div class='clear_column'><\/div><div class='content-column one_half'><div style=\"padding-right:6px;\"><p>Park &#8222;Perivoj&#8220; je oblikovan u duhu historicizma. Uglavnom ima uzdu\u017enu os simetrije. Staze su oblikovane geometrijski i sijeku se na odmori\u0161tima. Odmori\u0161ta su elipti\u010dna ili okrugla. Obrubljena su \u0161upljikavim kamenom kakvog ovdje ima mnogo na dodiru kamene obale i mora.<\/p><\/div><\/div><div class='content-column one_half last_column'><div style=\"padding-right:0px;padding-left:6px;\"><p>Der &#8222;Perivoj&#8220; ist im vom Geist des Historismus gepr\u00e4gt. Er hat eine Symmetrieachse in L\u00e4ngsrichtung. Die Wege sind geometrisch geformt und haben in ihren Kreuzungspunkten Ruhepl\u00e4tze. Die Ruhepl\u00e4tze sind elliptisch oder rund und sind von Natursteinen eingefasst, in der Art, wie sie auf den steinernen Ufern des Meeres zu finden sind.<\/p><\/div><\/div><div class='clear_column'><\/div><div class='content-column one_half'><div style=\"padding-right:6px;\"><p>U znak po\u0161tovanja i zahvalnosti ovdje je 1923. postavljen spomenik kapetanu Niki Dubokovi\u0107u (1835. &#8211; 1912.), djelo Ivana Rendi\u0107a.<\/p><\/div><\/div><div class='content-column one_half last_column'><div style=\"padding-right:0px;padding-left:6px;\"><p>Als Ehrbezeugung und zum Zeichen der Dankbarkeit wurde 1923 Kapit\u00e4n Niko Dubokovic (1835 \u2013 1912) ein Denkmal gesetzt. Dieses ist ein Werk von Ivan Rendic.<\/p><\/div><\/div><div class='clear_column'><\/div><div class='content-column one_half'><div style=\"padding-right:6px;\"><p>Na sjevernoj strani perivoja ure\u0111en je obzidani potok i na njegovu kraju kameni most kojim je uspostavljena veza uz more izme\u0111u Vele i Male bande. God. 1998. u perivoju je izra\u0111en drveni most, a nedavno jo\u0161 dva.<\/p><\/div><\/div><div class='content-column one_half last_column'><div style=\"padding-right:0px;padding-left:6px;\"><p>Auf der Nordseite des Parks befindet sich ein eingefasster Bach mit einer Steinbr\u00fccke am Ende, dort wo das Meer die Ortsteile Vela und Mala Bonda trennt. Im Jahr 1998 wurde im Park Perivoj eine Holzbr\u00fccke gebaut, und vor kurzem noch eine zweite.<\/p><\/div><\/div><div class='clear_column'><\/div><div class='content-column one_half'><div style=\"padding-right:6px;\"><p>Sjeverni dio perivoja s druge strane vodotoka nekada je slu\u017eio za su\u0161enje ribarskih mre\u017ea, ure\u0111en je 1950. zaslugom nekoliko u\u010ditelja na \u010delu s Jurom Gamulinom.<\/p><\/div><\/div><div class='content-column one_half last_column'><div style=\"padding-right:0px;padding-left:6px;\"><p>Der n\u00f6rdliche Teil des Perivoj, n\u00f6rdlich des Wasserlaufs, diente einst zum Trocknen von Fischernetzen. Er wurde 1950 dank einiger Lehrer unter der Leitung von Juro Gamulin hergerichtet.<\/p><\/div><\/div><div class='clear_column'><\/div><div class='content-column one_half'><div style=\"padding-right:6px;\"><p>U njegovu je sredi\u0161njem dijelu podignut spomenik skladatelju Antunu Dobroni\u0107u (1878. &#8211; 1955.), rad jel\u0161anskog akademskog kipara Slavomira Drinkovi\u0107a.<\/p><\/div><\/div><div class='content-column one_half last_column'><div style=\"padding-right:0px;padding-left:6px;\"><p>In seiner Mitte wurde dem Komponisten Antun Dobronic (1878 \u2013 1955) ein Denkmal gesetzt. Das Denkmal ist ein Werk des Bildhauers Slavomir Drinkovi\u0107 aus Jelsa.<\/p><\/div><\/div><div class='clear_column'><\/div><div class='content-column one_half'><div style=\"padding-right:6px;\"><p>Park je spomenik krajobrazne arhitekture (planirana)<\/p><\/div><\/div><div class='content-column one_half last_column'><div style=\"padding-right:0px;padding-left:6px;\"><p>Der Park ist ein Denkmal der Landschaftsarchitektur (geplant).<\/p><\/div><\/div><div class='clear_column'><\/div><\/p>\n<p style=\"text-align: right;\"><a href=\"#seite_oben\"><span style=\"color: #3366ff;\">natrag na vrh \/ Seitenanfang<\/span><\/a><\/p>\n<hr \/>\n<p><strong>Linkovi \/ Links<\/strong><\/p>\n<p><span style=\"color: #3366ff;\"><a style=\"color: #3366ff;\" href=\"https:\/\/www.topohvar.at\/orte\/je\/je-mo-02-1\/\">Kip \/ Statue \u00bbKap. Niko Dubokovi\u0107\u00ab<\/a><\/span><br \/>\n<span style=\"color: #3366ff;\"><a style=\"color: #3366ff;\" href=\"https:\/\/www.topohvar.at\/orte\/je\/je-mo-03-1\/\">Kip \/ Statue \u00bbAntun Dobroni\u0107\u00ab<\/a><br \/>\n<a style=\"color: #3366ff;\" href=\"https:\/\/www.topohvar.at\/topo\/orte\/je\/je-in-07-1\/\">Natpis \/ Inschrift \u00bb1871\u00ab<\/a><br \/>\n<\/span><\/p>\n","protected":false},"excerpt":{"rendered":"<p>Ime \/ Name Objekt \u00bbPark Perivoj\u00ab Code: JE-OV-01\u00a0 \u00a0 \u00a0 \u00a0 \u00a0 \u00a0 \u00a0 \u00a0 \u00a0 \u00a0 \u00a0 \u00a0 \u00a0 \u00a0 \u00a0 \u00a0 \u00a0 \u00a0 \u00a0 \u00a0 \u00a0 Adresa \/ Adresse Jelsa,\u00a0Veliki Park (Perivoj) Lokacija \/ Position Latitude: N 43,16216\u00b0\u00a0 &hellip; <a href=\"https:\/\/www.topohvar.at\/topo\/orte\/je\/je-ov-01-1\/\">Weiterlesen <span class=\"meta-nav\">&rarr;<\/span><\/a><\/p>\n","protected":false},"author":1,"featured_media":0,"parent":85,"menu_order":0,"comment_status":"closed","ping_status":"closed","template":"","meta":{"footnotes":""},"class_list":["post-8847","page","type-page","status-publish","hentry"],"_links":{"self":[{"href":"https:\/\/www.topohvar.at\/topo\/wp-json\/wp\/v2\/pages\/8847","targetHints":{"allow":["GET"]}}],"collection":[{"href":"https:\/\/www.topohvar.at\/topo\/wp-json\/wp\/v2\/pages"}],"about":[{"href":"https:\/\/www.topohvar.at\/topo\/wp-json\/wp\/v2\/types\/page"}],"author":[{"embeddable":true,"href":"https:\/\/www.topohvar.at\/topo\/wp-json\/wp\/v2\/users\/1"}],"replies":[{"embeddable":true,"href":"https:\/\/www.topohvar.at\/topo\/wp-json\/wp\/v2\/comments?post=8847"}],"version-history":[{"count":19,"href":"https:\/\/www.topohvar.at\/topo\/wp-json\/wp\/v2\/pages\/8847\/revisions"}],"predecessor-version":[{"id":56301,"href":"https:\/\/www.topohvar.at\/topo\/wp-json\/wp\/v2\/pages\/8847\/revisions\/56301"}],"up":[{"embeddable":true,"href":"https:\/\/www.topohvar.at\/topo\/wp-json\/wp\/v2\/pages\/85"}],"wp:attachment":[{"href":"https:\/\/www.topohvar.at\/topo\/wp-json\/wp\/v2\/media?parent=8847"}],"curies":[{"name":"wp","href":"https:\/\/api.w.org\/{rel}","templated":true}]}}