{"id":8853,"date":"2018-08-31T08:35:57","date_gmt":"2018-08-31T06:35:57","guid":{"rendered":"https:\/\/www.topohvar.at\/?page_id=8853"},"modified":"2024-12-16T16:30:02","modified_gmt":"2024-12-16T15:30:02","slug":"je-tg-12-1","status":"publish","type":"page","link":"https:\/\/www.topohvar.at\/topo\/orte\/je\/je-tg-12-1\/","title":{"rendered":"JELSA &#8211; Zgrada javne \u00bbBiv\u0161i \u0161kola\u00ab"},"content":{"rendered":"<p><a name=\"seite_oben\"><\/a><br \/>\n<strong><img loading=\"lazy\" decoding=\"async\" class=\"alignnone wp-image-8624 size-large\" src=\"https:\/\/www.topohvar.at\/wp-content\/uploads\/2018\/08\/JE-TG-12-0-1024x503.jpg\" alt=\"\" width=\"640\" height=\"314\" srcset=\"https:\/\/www.topohvar.at\/wp-content\/uploads\/2018\/08\/JE-TG-12-0-1024x503.jpg 1024w, https:\/\/www.topohvar.at\/wp-content\/uploads\/2018\/08\/JE-TG-12-0-300x147.jpg 300w, https:\/\/www.topohvar.at\/wp-content\/uploads\/2018\/08\/JE-TG-12-0-768x377.jpg 768w, https:\/\/www.topohvar.at\/wp-content\/uploads\/2018\/08\/JE-TG-12-0.jpg 1080w\" sizes=\"auto, (max-width: 640px) 100vw, 640px\" \/><\/strong><\/p>\n<p><strong>Ime \/ Name<br \/>\n<\/strong>Zgrada javne \u00bbBiv\u0161i \u0161kola\u00ab \/ ehemalige Schule<\/p>\n<p><strong>Code: <\/strong>JE-TG-12\u00a0 \u00a0 \u00a0 \u00a0 \u00a0 \u00a0 \u00a0 \u00a0 \u00a0 \u00a0 \u00a0 \u00a0 \u00a0 \u00a0 \u00a0\u00a0<strong><a href=\"https:\/\/www.topohvar.at\/orte\/je\/je-tg-04-1\/\"><img loading=\"lazy\" decoding=\"async\" class=\"alignnone wp-image-12300 size-full\" src=\"https:\/\/www.topohvar.at\/wp-content\/uploads\/2018\/09\/push-vor-30.jpg\" alt=\"\" width=\"61\" height=\"30\" \/><\/a> <a href=\"https:\/\/www.topohvar.at\/orte\/je\/je-tg-07-1\/\"><img loading=\"lazy\" decoding=\"async\" class=\"alignnone wp-image-533 size-full\" src=\"https:\/\/www.topohvar.at\/wp-content\/uploads\/2018\/07\/push-l-30.jpg\" alt=\"\" width=\"61\" height=\"30\" \/><\/a> <a href=\"https:\/\/www.topohvar.at\/orte\/je\/\"><img loading=\"lazy\" decoding=\"async\" class=\"alignnone wp-image-535 size-full\" src=\"https:\/\/www.topohvar.at\/wp-content\/uploads\/2018\/07\/push-o-30.jpg\" alt=\"\" width=\"61\" height=\"30\" \/><\/a> <a href=\"https:\/\/www.topohvar.at\/orte\/je\/je-tg-02-1\/\"><img loading=\"lazy\" decoding=\"async\" class=\"alignnone wp-image-536 size-full\" src=\"https:\/\/www.topohvar.at\/wp-content\/uploads\/2018\/07\/push-r-30.jpg\" alt=\"\" width=\"61\" height=\"30\" \/><\/a>\u00a0<a href=\"https:\/\/www.topohvar.at\/orte\/je\/je-tg-09-1\/\"><img loading=\"lazy\" decoding=\"async\" class=\"alignnone wp-image-12299 size-full\" src=\"https:\/\/www.topohvar.at\/wp-content\/uploads\/2018\/09\/push-next-30.jpg\" alt=\"\" width=\"61\" height=\"30\" \/><\/a><\/strong><\/p>\n<hr \/>\n<p><strong>Adresa \/ Adresse<br \/>\n<\/strong>Jelsa,\u00a0Riva, vrti\u0107 \/ Kindergarten<\/p>\n<p><strong>Lokacija \/ Position<a href=\"https:\/\/goo.gl\/maps\/LSr5moZrz8Zt6jYv5\"><img loading=\"lazy\" decoding=\"async\" class=\"alignright wp-image-9131\" src=\"https:\/\/www.topohvar.at\/wp-content\/uploads\/2018\/09\/0428.jpg\" alt=\"\" width=\"134\" height=\"100\" \/><\/a><br \/>\n<\/strong><span style=\"color: #3366ff;\"><a style=\"color: #3366ff;\" href=\"https:\/\/goo.gl\/maps\/LSr5moZrz8Zt6jYv5\">Latitude: N 43,16247\u00b0\u00a0 \u00a0Longitude: E 16,69263\u00b0<\/a> <\/span><strong><br \/>\n<\/strong>Visina \/ H\u00f6he: 1 m<\/p>\n<p><strong>Katastarska \u010destica <\/strong><strong>\/ Grundst\u00fccke<br \/>\n<\/strong>*585\/1<div class='content-column one_half'><div style=\"padding-right:6px;\"><p><strong>Datum snimanja \/ Erfassungsdatum<br \/>\n<\/strong>23.05.2015 10:44:32<\/p>\n<hr \/>\n<p><strong>Informacije<\/strong><\/p>\n<p>U Jelsi je \u017eenska pu\u010dka \u0161kola osnova 1872. g. Od sredine 19. st. se osim glavnih osnovnih \u0161kola, koji je uglavnom imale \u010detiri razreda i postojale su u ve\u0107im naseljima, postupno osnivaju u samostalne, \u010de\u0161\u0107e pomo\u0107ne, javne \u0161kole u selima oko Hvara (Brusje 1844. g., Grablje 1878. g.), oko Staroga Grada (Dol 1876. g., Vrisnik 1864. g., Svir\u010de 1851. g.) i oko Jelse (Pitve 1864. g., Sv. Nedjelja 1872. g., Poljica 1905. g., itd.).<\/p><\/div><\/div><div class='content-column one_half last_column'><div style=\"padding-right:0px;padding-left:6px;\"><p><strong>Stupanj za\u0161tite<\/strong><strong> \/ Schutzstellung<br \/>\n<\/strong>&#8211;<\/p>\n<hr \/>\n<p><strong>Info<\/strong><\/p>\n<p>In Jelsa wurde 1872 eine \u00f6ffentliche Schule f\u00fcr Frauen gegr\u00fcndet. Seit der Mitte des 19. Jahrhunderts entstanden, abgesehen von den Hauptgrundschulen in den gr\u00f6\u00dferen Orten die in der Regel vier Klassen hatten, allm\u00e4hlich unabh\u00e4ngige zus\u00e4tzliche \u00f6ffentliche Schulen in den D\u00f6rfern um Hvar (Brusje 1844, Grablje 1878), Stari Grad (Dol 1876, Vrisnik 1864, Svir\u010de 1851) und Jelsa (Pitve 1864, Sv. Nedjelja 1872, Poljica 1905 usw.).<\/p><\/div><\/div><div class='clear_column'><\/div><\/p>\n<p style=\"text-align: center;\"><em>(OTOK HVAR \u2013 Miro A. Mihovilovi\u0107 i suradnici)<\/em><\/p>\n<hr \/>\n<div class='content-column one_half'><div style=\"padding-right:6px;\"><p>Prva \u0161kolska zgrada u Jelsi izgra\u0111ena je na rivi na rubu Gradskog parka 1899. godine, imala je dvije u\u010dionice u prizemlju i stan za u\u010ditelja na katu (memorijska plo\u010da \u0161kolske zaklade).<\/p><\/div><\/div><div class='content-column one_half last_column'><div style=\"padding-right:0px;padding-left:6px;\"><p>Das erste Schulgeb\u00e4ude in Jelsa wurde 1899 an der Uferpromenade am Rande des Stadtparks erbaut. Es hatte zwei Unterrichtsr\u00e4ume im Erdgescho\u00df und eine Lehrerwohnung im 1. Stock (Gedenktafel an die Schulgr\u00fcndung)<\/p><\/div><\/div><div class='clear_column'><\/div><div class='content-column one_half'><div style=\"padding-right:6px;\"><p>Sada\u0161nja zgrada datira iz 1923.g. II. svjetski rat donio je zastoj, da bi nakon toga uslijedilo otvaranje sedmogodi\u0161nje (1947), pa osmogodi\u0161nje \u0161kole (1951).\u00a0Danas je u zgradi vrti\u0107.<\/p><\/div><\/div><div class='content-column one_half last_column'><div style=\"padding-right:0px;padding-left:6px;\"><p>Das heutige Geb\u00e4ude stammt aus dem Jahr 1923. Im II. Der Weltkrieg kam der Unterricht erneuert zum Erliegen. 1947 wurde, eine siebenj\u00e4hrige und 1951 eine achtj\u00e4hrige Schule er\u00f6ffnet.\u00a0Heute befindet sich in dem Geb\u00e4ude der Kindergarten.<\/p><\/div><\/div><div class='clear_column'><\/div><\/p>\n<p><img loading=\"lazy\" decoding=\"async\" class=\"size-full wp-image-61935 aligncenter\" src=\"https:\/\/www.topohvar.at\/wp-content\/uploads\/2022\/11\/je-tg-12-21.jpg\" alt=\"\" width=\"320\" height=\"209\" srcset=\"https:\/\/www.topohvar.at\/wp-content\/uploads\/2022\/11\/je-tg-12-21.jpg 320w, https:\/\/www.topohvar.at\/wp-content\/uploads\/2022\/11\/je-tg-12-21-300x196.jpg 300w\" sizes=\"auto, (max-width: 320px) 100vw, 320px\" \/><\/p>\n<hr \/>\n<div class='content-column one_half'><div style=\"padding-right:6px;\"><p>Godine 1963. izgra\u0111ena je dana\u0161nja zgrada na Put Pelinju.<\/p><\/div><\/div><div class='content-column one_half last_column'><div style=\"padding-right:0px;padding-left:6px;\"><p>Im Jahr 1963 wurde am Put Pelinja die heutige Schule gebaut.<\/p><\/div><\/div><div class='clear_column'><\/div><\/p>\n<hr \/>\n<div class='content-column one_half'><div style=\"padding-right:6px;\"><p>Ovdje, na lokaciji Kutac, nalazila se nekada\u0161nja Villa rustica, velika koncentracija keramike, opeke i gra\u0111evinskog materijala. Lokacija je ve\u0107im dijelom uni\u0161tena tijekom izgradnje \u0161kole.<\/p><\/div><\/div><div class='content-column one_half last_column'><div style=\"padding-right:0px;padding-left:6px;\"><p>Hier, am Standort Kutac, befanden sich einst eine Villa rustica, eine gro\u00dfe Konzentration von Keramik, Ziegeln und Baumaterialien. Der Standort wurde gr\u00f6\u00dftenteils w\u00e4hrend des Baus der Schule zerst\u00f6rt.<\/p><\/div><\/div><div class='clear_column'><\/div><\/p>\n<p style=\"text-align: center;\"><em>(Izvor\/Quelle: <span style=\"color: #3366ff;\"><a style=\"color: #3366ff;\" href=\"http:\/\/baza.iarh.hr\/public\/locality\/detail\/2239\">Anti\u010dka arheolo\u0161ka nalazi\u0161ta RH<\/a><\/span>)<\/em><\/p>\n<p style=\"text-align: right;\"><span style=\"color: #3366ff;\"><a style=\"color: #3366ff;\" href=\"#seite_oben\">natrag na vrh \/ Seitenanfang<\/a><\/span><\/p>\n<hr \/>\n<p><strong>Linkovi \/ Links<\/strong><\/p>\n<p><span style=\"color: #3366ff;\"><a style=\"color: #3366ff;\" href=\"https:\/\/www.topohvar.at\/orte\/je\/je-is-13-1\/\">Spomen plo\u010da \u00bbPu\u010dka U\u010dionica 1899\u00ab \/ Gedenkafel Schulklasse 1899<\/a><br \/>\n<a style=\"color: #3366ff;\" href=\"https:\/\/www.topohvar.at\/orte\/je\/je-tg-16-1\/\">\u0160kola u Pelinju \/ Schule auf Pelinja<\/a><br \/>\n<a style=\"color: #3366ff;\" href=\"https:\/\/www.topohvar.at\/topo\/orte\/je\/je-po-06-1\/\">Povijesni lokalitet \u00bbKutac\u00ab \/ Historische L0kalit\u00e4t \u00bbKutac\u00ab<\/a><br \/>\n<\/span><\/p>\n","protected":false},"excerpt":{"rendered":"<p>Ime \/ Name Zgrada javne \u00bbBiv\u0161i \u0161kola\u00ab \/ ehemalige Schule Code: JE-TG-12\u00a0 \u00a0 \u00a0 \u00a0 \u00a0 \u00a0 \u00a0 \u00a0 \u00a0 \u00a0 \u00a0 \u00a0 \u00a0 \u00a0 \u00a0\u00a0 \u00a0 Adresa \/ Adresse Jelsa,\u00a0Riva, vrti\u0107 \/ Kindergarten Lokacija \/ Position Latitude: N 43,16247\u00b0\u00a0 &hellip; <a href=\"https:\/\/www.topohvar.at\/topo\/orte\/je\/je-tg-12-1\/\">Weiterlesen <span class=\"meta-nav\">&rarr;<\/span><\/a><\/p>\n","protected":false},"author":1,"featured_media":0,"parent":85,"menu_order":0,"comment_status":"closed","ping_status":"closed","template":"","meta":{"footnotes":""},"class_list":["post-8853","page","type-page","status-publish","hentry"],"_links":{"self":[{"href":"https:\/\/www.topohvar.at\/topo\/wp-json\/wp\/v2\/pages\/8853","targetHints":{"allow":["GET"]}}],"collection":[{"href":"https:\/\/www.topohvar.at\/topo\/wp-json\/wp\/v2\/pages"}],"about":[{"href":"https:\/\/www.topohvar.at\/topo\/wp-json\/wp\/v2\/types\/page"}],"author":[{"embeddable":true,"href":"https:\/\/www.topohvar.at\/topo\/wp-json\/wp\/v2\/users\/1"}],"replies":[{"embeddable":true,"href":"https:\/\/www.topohvar.at\/topo\/wp-json\/wp\/v2\/comments?post=8853"}],"version-history":[{"count":24,"href":"https:\/\/www.topohvar.at\/topo\/wp-json\/wp\/v2\/pages\/8853\/revisions"}],"predecessor-version":[{"id":70837,"href":"https:\/\/www.topohvar.at\/topo\/wp-json\/wp\/v2\/pages\/8853\/revisions\/70837"}],"up":[{"embeddable":true,"href":"https:\/\/www.topohvar.at\/topo\/wp-json\/wp\/v2\/pages\/85"}],"wp:attachment":[{"href":"https:\/\/www.topohvar.at\/topo\/wp-json\/wp\/v2\/media?parent=8853"}],"curies":[{"name":"wp","href":"https:\/\/api.w.org\/{rel}","templated":true}]}}