{"id":8865,"date":"2018-08-31T08:46:54","date_gmt":"2018-08-31T06:46:54","guid":{"rendered":"https:\/\/www.topohvar.at\/?page_id=8865"},"modified":"2022-01-19T08:08:06","modified_gmt":"2022-01-19T07:08:06","slug":"je-tg-10-1","status":"publish","type":"page","link":"https:\/\/www.topohvar.at\/topo\/orte\/je\/je-tg-10-1\/","title":{"rendered":"JELSA &#8211; Ku\u0107a \u00bbDobrovi\u0107 &#8211; Muzej Op\u0107ine Jelsa\u00ab"},"content":{"rendered":"<p><a name=\"seite_oben\"><\/a><br \/>\n<strong><img loading=\"lazy\" decoding=\"async\" class=\"alignnone wp-image-8622 size-large\" src=\"https:\/\/www.topohvar.at\/wp-content\/uploads\/2018\/08\/je-tg-10-0-1024x503.jpg\" alt=\"\" width=\"640\" height=\"314\" srcset=\"https:\/\/www.topohvar.at\/wp-content\/uploads\/2018\/08\/je-tg-10-0-1024x503.jpg 1024w, https:\/\/www.topohvar.at\/wp-content\/uploads\/2018\/08\/je-tg-10-0-300x147.jpg 300w, https:\/\/www.topohvar.at\/wp-content\/uploads\/2018\/08\/je-tg-10-0-768x377.jpg 768w, https:\/\/www.topohvar.at\/wp-content\/uploads\/2018\/08\/je-tg-10-0.jpg 1080w\" sizes=\"auto, (max-width: 640px) 100vw, 640px\" \/><\/strong><\/p>\n<p><strong>Ime \/ Name<br \/>\n<\/strong>Ku\u0107a \/ Haus \u00bbDobrovi\u0107 &#8211; Muzej op\u0107ine Jelsa\u00ab \/ Museum der Stadt Jelsa<\/p>\n<p><strong>Code: <\/strong>JE-TG-10\u00a0 \u00a0 \u00a0 \u00a0 \u00a0 \u00a0 \u00a0 \u00a0 \u00a0 \u00a0 \u00a0 \u00a0 \u00a0 \u00a0 \u00a0 \u00a0 \u00a0 \u00a0 \u00a0 <strong><a href=\"https:\/\/www.topohvar.at\/orte\/je\/je-tg-09-1\/\"><img loading=\"lazy\" decoding=\"async\" class=\"alignnone wp-image-12300 size-full\" src=\"https:\/\/www.topohvar.at\/wp-content\/uploads\/2018\/09\/push-vor-30.jpg\" alt=\"\" width=\"61\" height=\"30\" \/><\/a>\u00a0<a href=\"https:\/\/www.topohvar.at\/orte\/je\/je-tg-06-1\/\"><img loading=\"lazy\" decoding=\"async\" class=\"alignnone wp-image-533 size-full\" src=\"https:\/\/www.topohvar.at\/wp-content\/uploads\/2018\/07\/push-l-30.jpg\" alt=\"\" width=\"61\" height=\"30\" \/><\/a> <a href=\"https:\/\/www.topohvar.at\/orte\/je\/\"><img loading=\"lazy\" decoding=\"async\" class=\"alignnone wp-image-535 size-full\" src=\"https:\/\/www.topohvar.at\/wp-content\/uploads\/2018\/07\/push-o-30.jpg\" alt=\"\" width=\"61\" height=\"30\" \/><\/a> <a href=\"https:\/\/www.topohvar.at\/orte\/je\/je-tg-18-1\/\"><img loading=\"lazy\" decoding=\"async\" class=\"alignnone wp-image-536 size-full\" src=\"https:\/\/www.topohvar.at\/wp-content\/uploads\/2018\/07\/push-r-30.jpg\" alt=\"\" width=\"61\" height=\"30\" \/><\/a> <a href=\"https:\/\/www.topohvar.at\/orte\/je\/je-tg-07-1\/\"><img loading=\"lazy\" decoding=\"async\" class=\"alignnone wp-image-12299 size-full\" src=\"https:\/\/www.topohvar.at\/wp-content\/uploads\/2018\/09\/push-next-30.jpg\" alt=\"\" width=\"61\" height=\"30\" \/><\/a><\/strong><\/p>\n<hr \/>\n<p><strong>Adresa \/ Adresse<br \/>\n<\/strong>Jelsa,\u00a0Trg Sv. Ivana<\/p>\n<p><strong>Lokacija \/ Position<a href=\"https:\/\/goo.gl\/maps\/Gjd7emDeTezmqdCm8\"><img loading=\"lazy\" decoding=\"async\" class=\"alignright wp-image-9371\" src=\"https:\/\/www.topohvar.at\/wp-content\/uploads\/2018\/09\/1343.jpg\" alt=\"\" width=\"134\" height=\"100\" \/><\/a><br \/>\n<\/strong><span style=\"color: #3366ff;\"><a style=\"color: #3366ff;\" href=\"https:\/\/goo.gl\/maps\/Gjd7emDeTezmqdCm8\">Latitude: N 43,16139\u00b0\u00a0 \u00a0Longitude: E 16,69363\u00b0<\/a> <\/span><strong><br \/>\n<\/strong>Visina \/ H\u00f6he: 2 m<\/p>\n<p><strong>Katastarska \u010destica \/ Grundst\u00fccke<br \/>\n<\/strong>*135\/3<div class='content-column one_half'><div style=\"padding-right:6px;\"><p><strong>Datum snimanja \/ Erfassungsdatum<br \/>\n<\/strong>23.05.2015 10:02:32<\/p>\n<hr \/>\n<p><strong>Informacije<\/strong><\/p>\n<p>Sjedi\u0161te Muzeja Op\u0107ine Jelsa je u ku\u0107i Dobrovi\u0107. Ku\u0107a u dana\u0161njem obliku dogra\u0111ena je krajem 19. stolje\u0107a i predstavlja jedan od najboljih primjera neoklasicisti\u010dke stambene arhitekture u Jelsi. Pripadala je trgova\u010dkoj obitelji Dobrovi\u0107 \u010diji su \u010dlanovi bili istaknuti sudionici kulturnog i intelektualnog \u017eivota Jelse, a njezin posljednji stalni rezident, Juraj Dobrovi\u0107, me\u0111unarodno je priznati likovni umjetnik.<\/p><\/div><\/div><div class='content-column one_half last_column'><div style=\"padding-right:0px;padding-left:6px;\"><p><strong>Stupanj za\u0161tite \/ Schutzstellung<br \/>\n<\/strong>Z-6179, P-3762<\/p>\n<hr \/>\n<p><strong>Info<\/strong><\/p>\n<p>Im Haus Dobrovi\u0107 befindet sich der Sitz des Museums der Gemeinde Jelsa. Das Haus in seiner jetzigen Form wurde Ende des 19. Jahrhunderts ausgebaut und ist eines der besten Beispiele neoklassizistischer Wohnarchitektur in Jelsa. Es geh\u00f6rte der Handelsfamilie Dobrovi\u0107, deren Mitglieder prominente Teilnehmer am kulturellen und intellektuellen Leben von Jelsa waren, und ihr letzter st\u00e4ndiger Bewohner, Juraj Dobrovi\u0107, ist ein international anerkannter K\u00fcnstler.<\/p><\/div><\/div><div class='clear_column'><\/div><div class='content-column one_half'><div style=\"padding-right:6px;\"><p>Ku\u0107a Dobrovi\u0107 na trgu sv. Ivana dvokatnica je pokrivena \u010detverovodnim krovom. Arhitektura ku\u0107e dovr\u0161ene koncem 19. st. ima sa\u010duvanu kamenu plastiku te se na pro\u010delju isti\u010du neostilski elementi: krovni vijenac, prozori, vrata i konzole balkona sa \u010detiri konzole koje opona\u0161aju barokna rje\u0161enja, na kojem je sa\u010duvana ograda od lijevanog \u017eeljeza.<\/p><\/div><\/div><div class='content-column one_half last_column'><div style=\"padding-right:0px;padding-left:6px;\"><p>Das Familienhaus des K\u00fcnstlers Juraj Dobrovi\u0107 ist ein zweist\u00f6ckiges geb\u00e4ude mit Walmdach und steht am Johannesplatz. Die Architektur des Hauses, das Ende des 19. Jh. fertiggestellt wurde, hat Steinplastiken erhalten und an der Fassade finden sich neoklassische Elemente: Dachfenster, T\u00fcren, Fenster, Balkone mit gusseisernen Gel\u00e4nder und vier Konsolen in barocker Stilgebung.<\/p><\/div><\/div><div class='clear_column'><\/div><div class='content-column one_half'><div style=\"padding-right:6px;\"><p>Velika terasa na sjevernoj strani prvog kata, koja je u toplijem razdoblju godine bila i svojevrsni dnevni boravak, te kameno dvori\u0161te u prizemlju, ukra\u0161eni su u ambijentu tipi\u010dnog mediteranskog podneblja.<\/p><\/div><\/div><div class='content-column one_half last_column'><div style=\"padding-right:0px;padding-left:6px;\"><p>Die gro\u00dfe Terrasse an der Nordseite des ersten Stocks, war in der w\u00e4rmeren Zeit des Jahres eine Art h\u00f6lzernes Wohnzimmer. Der steinerne Hof im Erdgeschoss ist in typischen mediterranen Ambiente gestaltet.<\/p><\/div><\/div><div class='clear_column'><\/div><div class='content-column one_half'><div style=\"padding-right:6px;\"><p>Ju\u017ena strana ku\u0107e, gdje je nekada u prizemlju bila trgovina tekstilom obitelji Jurja Dobrovi\u0107a, prostor je sada prenamijenjen u galeriju \u201eKravata\u201c u kojoj se odr\u017eavaju povremene izlo\u017ebe.<\/p><\/div><\/div><div class='content-column one_half last_column'><div style=\"padding-right:0px;padding-left:6px;\"><p>In der S\u00fcdseite des Hauses, wo sich einst im Erdgeschoss ein Textilladen der Familie Juraj Dobrovi\u0107 befand, wird heute die Galerie &#8222;Kravata&#8220; betrieben, wo gelegentlich Ausstellungen stattfinden.<\/p><\/div><\/div><div class='clear_column'><\/div><div class='content-column one_half'><div style=\"padding-right:6px;\"><p>Interijer ku\u0107e je namje\u0161ten u izvornoj atmosferi kraja 19. stolje\u0107a. Stalni postav izlo\u017een u ku\u0107i Dobrovi\u0107 \u010dine dvije muzejske zbirke. Kulturno-povijesna zbirka ve\u0107im je dijelom izlo\u017eena na prvom katu, a sadr\u017ei autenti\u010dni inventar ku\u0107e karakteristi\u010dan za drugu polovicu 19. i po\u010detak 20. stolje\u0107a te razni dekorativni i predmeti svakodnevne upotrebe koji svjedo\u010de o \u017eivotu jedne gra\u0111anske obitelji i umjetni\u010dki radovi iz zbirke grafika, slika i reljefa Jurja Dobrovi\u0107a.<\/p><\/div><\/div><div class='content-column one_half last_column'><div style=\"padding-right:0px;padding-left:6px;\"><p>Auch das Innere des Hauses ist im urspr\u00fcnglichen Ambiente vom Ende des 19. Jh. eingerichtet. Die Dauerausstellung im Haus Dobrovi\u0107 besteht aus zwei Museumssammlungen. Die kulturhistorische Sammlung ist gr\u00f6\u00dftenteils im ersten Stock ausgestellt und enth\u00e4lt authentisches Inventar des Hauses, das f\u00fcr die zweite H\u00e4lfte des 19. und fr\u00fchen 20. Jahrhunderts charakteristisch ist, sowie verschiedene Dekorations- und Alltagsgegenst\u00e4nde, die vom Leben einer b\u00fcrgerlichen Familie und Kunstwerken zeugen die Sammlung von Grafiken, Gem\u00e4lden und das Relief von Juraj Dobrovi\u0107.<\/p><\/div><\/div><div class='clear_column'><\/div><\/p>\n<p style=\"text-align: right;\"><span style=\"color: #3366ff;\"><a style=\"color: #3366ff;\" href=\"#seite_oben\">natrag na vrh \/ Seitenanfang<\/a><\/span><\/p>\n<hr \/>\n<div class='content-column one_half'><div style=\"padding-right:6px;\"><p><strong>Zbirka Dobrovi\u0107<\/strong><\/p>\n<p>U ku\u0107i suvremenog akademskog kipara Jurja Dobrovi\u0107a na Trgu Sv. Ivana, koju je kipar 2010. poklonio op\u0107ini zajedno s zbirkom radova od 257 predmeta te 50 grafika, slika i reljefa, otvoren je Muzej op\u0107ine Jelsa.<\/p><\/div><\/div><div class='content-column one_half last_column'><div style=\"padding-right:0px;padding-left:6px;\"><p><strong>Sammlung Dobrovi\u0107<\/strong><\/p>\n<p>Im Haus des akademischen Bildhauers Juraj Dobrovi\u0107 am Platz Sv. Ivan ist das Museum der Gemeinde untergebracht. Er vermachte der Gemeinde im Jahr 2010 seine Sammlung. 257 Arbeiten, 50 Grafiken, Bilder und Reliefs sind hier zu sehen.<\/p><\/div><\/div><div class='clear_column'><\/div><div class='content-column one_half'><div style=\"padding-right:6px;\"><p>Posjetiteljima je prezentiran interijer\u00a0 gra\u0111anske ku\u0107e s kraja 19. i po\u010detka 20. stolje\u0107a.\u00a0 Osobito se to odnosi na prostorije prvog kata gdje reprezentativni zeleni salon ima sa\u010duvane oslikane zidove tehnikom tipi\u010dnom za konac 19 st. Svakodnevnicu gra\u0111anske obitelji tog vremena do\u010daravaju i eksponati u tinelu, predsoblju i sobi. Zajedno s eksponatima iz Kulturno-povijesne zbirke, prostor je vizualno osmi\u0161ljen harmonijom uspostavljenom radovima umjetnika.<\/p><\/div><\/div><div class='content-column one_half last_column'><div style=\"padding-right:0px;padding-left:6px;\"><p>Die Besucher wurden vom Ende des 19. und Anfang des 20. Jahrhunderts in das Innere eines b\u00fcrgerlichen Hauses eingef\u00fchrt. Dies gilt insbesondere f\u00fcr die R\u00e4ume des ersten Stocks, in denen der repr\u00e4sentative gr\u00fcne Salon mit der f\u00fcr das ausgehende 19. Jahrhundert typischen Technik die W\u00e4nde erhalten hat. Der Alltag der damaligen b\u00fcrgerlichen Familie spiegelt sich in Exponaten in tinel?, Flur und Raum wider. Zusammen mit Exponaten aus der kulturhistorischen Sammlung wird der Raum visuell mit harmonisch etablierten Werken von K\u00fcnstlern gestaltet.<\/p><\/div><\/div><div class='clear_column'><\/div><div class='content-column one_half'><div style=\"padding-right:6px;\"><p><img loading=\"lazy\" decoding=\"async\" class=\"aligncenter size-full wp-image-37872\" src=\"https:\/\/www.topohvar.at\/wp-content\/uploads\/2020\/05\/je-tg-10-11.jpg\" alt=\"\" width=\"450\" height=\"450\" srcset=\"https:\/\/www.topohvar.at\/wp-content\/uploads\/2020\/05\/je-tg-10-11.jpg 450w, https:\/\/www.topohvar.at\/wp-content\/uploads\/2020\/05\/je-tg-10-11-300x300.jpg 300w, https:\/\/www.topohvar.at\/wp-content\/uploads\/2020\/05\/je-tg-10-11-150x150.jpg 150w\" sizes=\"auto, (max-width: 450px) 100vw, 450px\" \/>Drugi kat prvotno namijenjen spavaonicama formiran je sada kao klasi\u010dni galerijski prostor gdje su po tematskim cjelinama raspore\u0111eni ostali radovi iz Zbirke grafika, slika i reljefa.<\/p><\/div><\/div><div class='content-column one_half last_column'><div style=\"padding-right:0px;padding-left:6px;\"><p><img loading=\"lazy\" decoding=\"async\" class=\"aligncenter size-full wp-image-37871\" src=\"https:\/\/www.topohvar.at\/wp-content\/uploads\/2020\/05\/je-tg-10-10.jpg\" alt=\"\" width=\"450\" height=\"450\" srcset=\"https:\/\/www.topohvar.at\/wp-content\/uploads\/2020\/05\/je-tg-10-10.jpg 450w, https:\/\/www.topohvar.at\/wp-content\/uploads\/2020\/05\/je-tg-10-10-300x300.jpg 300w, https:\/\/www.topohvar.at\/wp-content\/uploads\/2020\/05\/je-tg-10-10-150x150.jpg 150w\" sizes=\"auto, (max-width: 450px) 100vw, 450px\" \/>Der zweite Stock, der urspr\u00fcnglich f\u00fcr die Schlafs\u00e4le vorgesehen war, ist jetzt als klassischer Galerieraum gestaltet, in dem andere Werke aus der Sammlung von Grafiken, Gem\u00e4lden und Relief nach thematischen Einheiten angeordnet sind.<\/p><\/div><\/div><div class='clear_column'><\/div><div class='content-column one_half'><div style=\"padding-right:6px;\"><p>Dodatnu vrijednost uz kulturno povijesnu zbirku u ku\u0107i Dobrovi\u0107 donosi zbirka grafika, slika i reljefa umjetnika \u2013 donatora Jurja Dobrovi\u0107a, a kako nam to zorno prenosi Vi\u0161nja Zgaga ravnateljica Muzejskog dokumentaciskog centra : kronologija i homogenost pojedinih ciklusa osnovna su na\u010dela postava, diskretno sugeriraju\u0107i pitagorejsko naslje\u0111e \u0161to pro\u017eima rad tog umjetnika.<\/p><\/div><\/div><div class='content-column one_half last_column'><div style=\"padding-right:0px;padding-left:6px;\"><p>Bereichert wird diese Sammlung au\u00dferdem noch durch eine Sammlung von Grafiken, Bildern und Reliefs des K\u00fcnstlers \u2013 hier beschrieben von Vi\u0161nja Zgaga, Direktorin des dokumentarischen Zentrums des Museums: Die Chronologie und Homogenit\u00e4t einzelner Zyklen \u2026 suggerieren diskret das Pythagoreische Erbe, welches das Werk dieses K\u00fcnstlers durchzieht.<\/p><\/div><\/div><div class='clear_column'><\/div><div class='content-column one_half'><div style=\"padding-right:6px;\"><p>Muzej sa\u010dinjava vi\u0161e zbirki na nekoliko lokacija, a \u010dini ih bogata etnografska i povijesno umjetni\u010dka gra\u0111a. Tri zbirke se mogu posjetiti u Jelsi, jedna u Vrboskoj \u2013 Ribarska zbirka i jedna na Humcu \u2013 Vinogradarska zbirka.<\/p><\/div><\/div><div class='content-column one_half last_column'><div style=\"padding-right:0px;padding-left:6px;\"><p>Das Museum umfasst weiters verschiedene Sammlungen, verteilt auf mehreren Orten in ethnographisch reichen und historisch kunstvollen Bauten. Drei Sammlungen kann man in Jelsa besuchen, eine in Vrboska (Fischer-Sammlung) und eine in Humac (Weinbau-Sammlung).<\/p><\/div><\/div><div class='clear_column'><\/div><\/p>\n<hr \/>\n<div class='content-column one_half'><div style=\"padding-right:6px;\"><p>Lista za\u0161ti\u0107enih kulturnih dobara Republike Hrvatske br. 06\/2009.<br \/>\nDatum tiskanog izdanja: 05. 05. 2010.<br \/>\nBroj registra Z-4369<\/p><\/div><\/div><div class='content-column one_half last_column'><div style=\"padding-right:0px;padding-left:6px;\"><p>Liste der Kulturg\u00fcter der Republik Kroatien Nr. 06\/2009.<br \/>\nVer\u00f6ffentlichungsdatum: 05. 05. 2010.<br \/>\nRegistriernummer Z-4369<\/div><\/div><div class='clear_column'><\/div><\/p>\n<p style=\"text-align: right;\"><span style=\"color: #3366ff;\"><a style=\"color: #3366ff;\" href=\"#seite_oben\">natrag na vrh \/ Seitenanfang<\/a><\/span><\/p>\n<hr \/>\n<p><strong>Linkovi \/ Links<\/strong><\/p>\n<p><span style=\"color: #3366ff;\"><a style=\"color: #3366ff;\" href=\"https:\/\/www.topohvar.at\/orte\/je\/je-pu-02-1\/\">Trg Sv. Ivan \/ Platz des hl. Johannes<\/a><br \/>\n<a style=\"color: #3366ff;\" href=\"https:\/\/www.topohvar.at\/orte\/va\/va-tg-08-1\/\">Ribarski muzej u Vrboskoj \/ Fischereimuseum in Vrboska<\/a><br \/>\n<\/span><\/p>\n","protected":false},"excerpt":{"rendered":"<p>Ime \/ Name Ku\u0107a \/ Haus \u00bbDobrovi\u0107 &#8211; Muzej op\u0107ine Jelsa\u00ab \/ Museum der Stadt Jelsa Code: JE-TG-10\u00a0 \u00a0 \u00a0 \u00a0 \u00a0 \u00a0 \u00a0 \u00a0 \u00a0 \u00a0 \u00a0 \u00a0 \u00a0 \u00a0 \u00a0 \u00a0 \u00a0 \u00a0 \u00a0 \u00a0 Adresa \/ Adresse &hellip; <a href=\"https:\/\/www.topohvar.at\/topo\/orte\/je\/je-tg-10-1\/\">Weiterlesen <span class=\"meta-nav\">&rarr;<\/span><\/a><\/p>\n","protected":false},"author":1,"featured_media":0,"parent":85,"menu_order":0,"comment_status":"closed","ping_status":"closed","template":"","meta":{"footnotes":""},"class_list":["post-8865","page","type-page","status-publish","hentry"],"_links":{"self":[{"href":"https:\/\/www.topohvar.at\/topo\/wp-json\/wp\/v2\/pages\/8865","targetHints":{"allow":["GET"]}}],"collection":[{"href":"https:\/\/www.topohvar.at\/topo\/wp-json\/wp\/v2\/pages"}],"about":[{"href":"https:\/\/www.topohvar.at\/topo\/wp-json\/wp\/v2\/types\/page"}],"author":[{"embeddable":true,"href":"https:\/\/www.topohvar.at\/topo\/wp-json\/wp\/v2\/users\/1"}],"replies":[{"embeddable":true,"href":"https:\/\/www.topohvar.at\/topo\/wp-json\/wp\/v2\/comments?post=8865"}],"version-history":[{"count":23,"href":"https:\/\/www.topohvar.at\/topo\/wp-json\/wp\/v2\/pages\/8865\/revisions"}],"predecessor-version":[{"id":56328,"href":"https:\/\/www.topohvar.at\/topo\/wp-json\/wp\/v2\/pages\/8865\/revisions\/56328"}],"up":[{"embeddable":true,"href":"https:\/\/www.topohvar.at\/topo\/wp-json\/wp\/v2\/pages\/85"}],"wp:attachment":[{"href":"https:\/\/www.topohvar.at\/topo\/wp-json\/wp\/v2\/media?parent=8865"}],"curies":[{"name":"wp","href":"https:\/\/api.w.org\/{rel}","templated":true}]}}