{"id":8877,"date":"2018-08-31T08:58:29","date_gmt":"2018-08-31T06:58:29","guid":{"rendered":"https:\/\/www.topohvar.at\/?page_id=8877"},"modified":"2024-04-24T12:24:23","modified_gmt":"2024-04-24T10:24:23","slug":"je-tg-05-1","status":"publish","type":"page","link":"https:\/\/www.topohvar.at\/topo\/orte\/je\/je-tg-05-1\/","title":{"rendered":"JELSA &#8211; Ku\u0107a \u00bbSalamuni\u0107 (Selem)\u00ab"},"content":{"rendered":"<p><a name=\"seite_oben\"><\/a><br \/>\n<strong><img loading=\"lazy\" decoding=\"async\" class=\"aligncenter wp-image-31195 size-full\" src=\"https:\/\/www.topohvar.at\/wp-content\/uploads\/2020\/02\/je-tg-05.jpg\" alt=\"\" width=\"1080\" height=\"530\" \/><\/strong><\/p>\n<p><strong>Ime \/ Name<br \/>\n<\/strong>Ku\u0107a \/ Haus \u00bbSalamuni\u0107 (Selem)\u00ab<\/p>\n<p><strong>Code: <\/strong>JE-TG-05\u00a0 \u00a0 \u00a0 \u00a0 \u00a0 \u00a0 \u00a0 \u00a0 \u00a0 \u00a0 \u00a0 \u00a0 \u00a0 \u00a0 \u00a0 \u00a0 \u00a0 \u00a0 \u00a0 <strong><a href=\"https:\/\/www.topohvar.at\/orte\/je\/je-tg-09-1\/\"><img loading=\"lazy\" decoding=\"async\" class=\"alignnone wp-image-12300 size-full\" src=\"https:\/\/www.topohvar.at\/wp-content\/uploads\/2018\/09\/push-vor-30.jpg\" alt=\"\" width=\"61\" height=\"30\" \/><\/a>\u00a0<a href=\"https:\/\/www.topohvar.at\/orte\/je\/je-tg-08-1\/\"><img loading=\"lazy\" decoding=\"async\" class=\"alignnone wp-image-533 size-full\" src=\"https:\/\/www.topohvar.at\/wp-content\/uploads\/2018\/07\/push-l-30.jpg\" alt=\"\" width=\"61\" height=\"30\" \/><\/a> <a href=\"https:\/\/www.topohvar.at\/orte\/je\/\"><img loading=\"lazy\" decoding=\"async\" class=\"alignnone wp-image-535 size-full\" src=\"https:\/\/www.topohvar.at\/wp-content\/uploads\/2018\/07\/push-o-30.jpg\" alt=\"\" width=\"61\" height=\"30\" \/><\/a> <a href=\"https:\/\/www.topohvar.at\/orte\/je\/je-tg-17-1\/\"><img loading=\"lazy\" decoding=\"async\" class=\"alignnone wp-image-536 size-full\" src=\"https:\/\/www.topohvar.at\/wp-content\/uploads\/2018\/07\/push-r-30.jpg\" alt=\"\" width=\"61\" height=\"30\" \/><\/a> <a href=\"https:\/\/www.topohvar.at\/orte\/je\/je-tg-07-1\/\"><img loading=\"lazy\" decoding=\"async\" class=\"alignnone wp-image-12299 size-full\" src=\"https:\/\/www.topohvar.at\/wp-content\/uploads\/2018\/09\/push-next-30.jpg\" alt=\"\" width=\"61\" height=\"30\" \/><\/a><\/strong><\/p>\n<hr \/>\n<p><strong>Adresa \/ Adresse<br \/>\n<\/strong>Jelsa,\u00a0Bra\u0107e Bato\u0161<\/p>\n<p><strong>Lokacija \/ Position<a href=\"https:\/\/goo.gl\/maps\/dTt6b6tNTL7JmzL8A\"><img loading=\"lazy\" decoding=\"async\" class=\"alignright wp-image-9383\" src=\"https:\/\/www.topohvar.at\/wp-content\/uploads\/2018\/09\/1006.jpg\" alt=\"\" width=\"134\" height=\"100\" \/><\/a><br \/>\n<\/strong><span style=\"color: #3366ff;\"><a style=\"color: #3366ff;\" href=\"https:\/\/goo.gl\/maps\/dTt6b6tNTL7JmzL8A\">Latitude: N 43,15997\u00b0\u00a0 \u00a0Longitude: E 16,69226\u00b0<\/a> <\/span><strong><br \/>\n<\/strong>Visina \/ H\u00f6he: 8 m<\/p>\n<p><strong>Katastarska \u010destica \/ Grundst\u00fccke<br \/>\n<\/strong>*224\/1<div class='content-column one_half'><div style=\"padding-right:6px;\"><p><strong>Datum snimanja \/ Erfassungsdatum<br \/>\n<\/strong>18.05.2017 14:55:00<\/p>\n<hr \/>\n<p><strong>Informacije<\/strong><\/p>\n<p>Ku\u0107a Salamuni\u0107 smje\u0161tena je u predjelu Bonski dolac.<\/p><\/div><\/div><div class='content-column one_half last_column'><div style=\"padding-right:0px;padding-left:6px;\"><p><strong>Stupanj za\u0161tite \/ Schutzstellung<br \/>\n<\/strong>RST-0030, Z-4993<\/p>\n<hr \/>\n<p><strong>Info<\/strong><\/p>\n<p>Das Haus Salamuni\u0107 befindet sich in der Gegend Bonski Dolac.<\/p><\/div><\/div><div class='clear_column'><\/div><div class='content-column one_half'><div style=\"padding-right:6px;\"><p>Isto\u010dnim pro\u010deljem okrenuta je ulici, ju\u017eno je zatvoreno u bloku, a na zapadu je zidano vanjsko stubi\u0161te kojim se pristupa katu, a na nadvratniku je natpis na latinskom jeziku. Ku\u0107a je zidana priklesanim kamenom te je dijelom o\u017ebukana. Dvostre\u0161an krov pokriven je utorenim crijepom, pod strehom je kameni grundal postavljen na konzolama. I uli\u010dno i dvori\u0161no pro\u010delje ra\u0161\u010dlanjeni je s dvije prozorske osi, prozori su uokvireni kamenim pragovima. Uz ku\u0107u je portal kojim se pristupa u zajedni\u010dko dvori\u0161te sklopa Selimovi dvori na \u010dijem je nadvratniku uklesan natpis iz 17. stolje\u0107a na latinskom i hrvatskom jeziku.<\/p><\/div><\/div><div class='content-column one_half last_column'><div style=\"padding-right:0px;padding-left:6px;\"><p>Die Ostfassade ist zur Stra\u00dfe ausgerichtet, die S\u00fcdseite ist von einem Block umgeben, und im Westen befindet sich eine Au\u00dfentreppe, die nach oben f\u00fchrt und auf dem Sturz eine lateinische Inschrift tr\u00e4gt. Das Haus wurde aus behauenen Steinen gebaut und teilweise verputzt. Das Satteldach ist mit gerillten Ziegeln gedeckt, unter der Traufe befindet sich ein Steinziegel, der auf Konsolen ruht. Sowohl die Stra\u00dfen- als auch die Innenhoffassade sind durch zwei Fensterachsen unterteilt, die Fenster sind von Steinfriesen eingerahmt. Neben dem Haus befindet sich ein Portal, das Zugang zum gemeinsamen Innenhof des Geb\u00e4udeensembles Selimovi dvori bietet. Auf dem Sturz ist eine lateinische und kroatische Inschrift aus dem 17. Jahrhundert eingraviert.<\/p><\/div><\/div><div class='clear_column'><\/div><div class='content-column one_half'><div style=\"padding-right:6px;\"><p>Registar kulturnih dobara Republike Hrvatske br. 01\/2011.<br \/>\nDatum tiskanog izdanja: 04. 08. 2011.<br \/>\nBroj registra Z-4993<\/p><\/div><\/div><div class='content-column one_half last_column'><div style=\"padding-right:0px;padding-left:6px;\"><p>Register der Kulturg\u00fcter der Republik Kroatien Nr. 01\/2011.<br \/>\nVer\u00f6ffentlichungsdatum: 04. 08. 2011.<br \/>\nRegistriernummer Z-4993<\/p><\/div><\/div><div class='clear_column'><\/div><\/p>\n<p style=\"text-align: right;\"><span style=\"color: #3366ff;\"><a style=\"color: #3366ff;\" href=\"#seite_oben\">natrag na vrh \/ Seitenanfang<\/a><\/span><\/p>\n<hr \/>\n<p><strong>Linkovi \/ Links<\/strong><\/p>\n<p><span style=\"color: #3366ff;\"><a style=\"color: #3366ff;\" href=\"https:\/\/www.topohvar.at\/topo\/orte\/je\/je-in-03-1\/\">Natpis \u00bbNad ulazom u ku\u0107u Selem\u00ab \/ Inschrift am T\u00fcrsturz zum Haus Selem<\/a>\u00a0<\/span><\/p>\n","protected":false},"excerpt":{"rendered":"<p>Ime \/ Name Ku\u0107a \/ Haus \u00bbSalamuni\u0107 (Selem)\u00ab Code: JE-TG-05\u00a0 \u00a0 \u00a0 \u00a0 \u00a0 \u00a0 \u00a0 \u00a0 \u00a0 \u00a0 \u00a0 \u00a0 \u00a0 \u00a0 \u00a0 \u00a0 \u00a0 \u00a0 \u00a0 \u00a0 Adresa \/ Adresse Jelsa,\u00a0Bra\u0107e Bato\u0161 Lokacija \/ Position Latitude: N 43,15997\u00b0\u00a0 &hellip; <a href=\"https:\/\/www.topohvar.at\/topo\/orte\/je\/je-tg-05-1\/\">Weiterlesen <span class=\"meta-nav\">&rarr;<\/span><\/a><\/p>\n","protected":false},"author":1,"featured_media":0,"parent":85,"menu_order":0,"comment_status":"closed","ping_status":"closed","template":"","meta":{"footnotes":""},"class_list":["post-8877","page","type-page","status-publish","hentry"],"_links":{"self":[{"href":"https:\/\/www.topohvar.at\/topo\/wp-json\/wp\/v2\/pages\/8877","targetHints":{"allow":["GET"]}}],"collection":[{"href":"https:\/\/www.topohvar.at\/topo\/wp-json\/wp\/v2\/pages"}],"about":[{"href":"https:\/\/www.topohvar.at\/topo\/wp-json\/wp\/v2\/types\/page"}],"author":[{"embeddable":true,"href":"https:\/\/www.topohvar.at\/topo\/wp-json\/wp\/v2\/users\/1"}],"replies":[{"embeddable":true,"href":"https:\/\/www.topohvar.at\/topo\/wp-json\/wp\/v2\/comments?post=8877"}],"version-history":[{"count":15,"href":"https:\/\/www.topohvar.at\/topo\/wp-json\/wp\/v2\/pages\/8877\/revisions"}],"predecessor-version":[{"id":66880,"href":"https:\/\/www.topohvar.at\/topo\/wp-json\/wp\/v2\/pages\/8877\/revisions\/66880"}],"up":[{"embeddable":true,"href":"https:\/\/www.topohvar.at\/topo\/wp-json\/wp\/v2\/pages\/85"}],"wp:attachment":[{"href":"https:\/\/www.topohvar.at\/topo\/wp-json\/wp\/v2\/media?parent=8877"}],"curies":[{"name":"wp","href":"https:\/\/api.w.org\/{rel}","templated":true}]}}