{"id":8881,"date":"2018-08-31T09:02:07","date_gmt":"2018-08-31T07:02:07","guid":{"rendered":"https:\/\/www.topohvar.at\/?page_id=8881"},"modified":"2024-12-16T15:41:36","modified_gmt":"2024-12-16T14:41:36","slug":"je-tg-17-1","status":"publish","type":"page","link":"https:\/\/www.topohvar.at\/topo\/orte\/je\/je-tg-17-1\/","title":{"rendered":"JELSA &#8211; Ku\u0107a \u00bbDvori\u0161te ku\u0107e Bevilacqua-Machiedo\u00ab"},"content":{"rendered":"<p><a name=\"seite_oben\"><\/a><br \/>\n<strong><img loading=\"lazy\" decoding=\"async\" class=\"alignnone wp-image-8629 size-large\" src=\"https:\/\/www.topohvar.at\/wp-content\/uploads\/2018\/08\/je-tg-17-0-1024x503.jpg\" alt=\"\" width=\"640\" height=\"314\" srcset=\"https:\/\/www.topohvar.at\/wp-content\/uploads\/2018\/08\/je-tg-17-0-1024x503.jpg 1024w, https:\/\/www.topohvar.at\/wp-content\/uploads\/2018\/08\/je-tg-17-0-300x147.jpg 300w, https:\/\/www.topohvar.at\/wp-content\/uploads\/2018\/08\/je-tg-17-0-768x377.jpg 768w, https:\/\/www.topohvar.at\/wp-content\/uploads\/2018\/08\/je-tg-17-0.jpg 1080w\" sizes=\"auto, (max-width: 640px) 100vw, 640px\" \/><\/strong><\/p>\n<p><strong>Ime \/ Name<br \/>\n<\/strong>Ku\u0107a \u00bbDvori\u0161te ku\u0107e Bevilacqua-Machiedo\u00ab Hof des\u00a0Bevilacqua-Machiedo<\/p>\n<p><strong>Code: <\/strong>JE-TG-17\u00a0 \u00a0 \u00a0 \u00a0 \u00a0 \u00a0 \u00a0 \u00a0 \u00a0 \u00a0 \u00a0 \u00a0 \u00a0 \u00a0 \u00a0 \u00a0 \u00a0 \u00a0 \u00a0 <strong><a href=\"https:\/\/www.topohvar.at\/orte\/je\/je-tg-09-1\/\"><img loading=\"lazy\" decoding=\"async\" class=\"alignnone wp-image-12300 size-full\" src=\"https:\/\/www.topohvar.at\/wp-content\/uploads\/2018\/09\/push-vor-30.jpg\" alt=\"\" width=\"61\" height=\"30\" \/><\/a>\u00a0<a href=\"https:\/\/www.topohvar.at\/orte\/je\/je-tg-05-1\/\"><img loading=\"lazy\" decoding=\"async\" class=\"alignnone wp-image-533 size-full\" src=\"https:\/\/www.topohvar.at\/wp-content\/uploads\/2018\/07\/push-l-30.jpg\" alt=\"\" width=\"61\" height=\"30\" \/><\/a> <a href=\"https:\/\/www.topohvar.at\/orte\/je\/\"><img loading=\"lazy\" decoding=\"async\" class=\"alignnone wp-image-535 size-full\" src=\"https:\/\/www.topohvar.at\/wp-content\/uploads\/2018\/07\/push-o-30.jpg\" alt=\"\" width=\"61\" height=\"30\" \/><\/a> <a href=\"https:\/\/www.topohvar.at\/orte\/je\/je-tg-03-1\/\"><img loading=\"lazy\" decoding=\"async\" class=\"alignnone wp-image-536 size-full\" src=\"https:\/\/www.topohvar.at\/wp-content\/uploads\/2018\/07\/push-r-30.jpg\" alt=\"\" width=\"61\" height=\"30\" \/><\/a> <a href=\"https:\/\/www.topohvar.at\/orte\/je\/je-tg-07-1\/\"><img loading=\"lazy\" decoding=\"async\" class=\"alignnone wp-image-12299 size-full\" src=\"https:\/\/www.topohvar.at\/wp-content\/uploads\/2018\/09\/push-next-30.jpg\" alt=\"\" width=\"61\" height=\"30\" \/><\/a><\/strong><\/p>\n<hr \/>\n<p><strong>Adresa \/ Adresse<br \/>\n<\/strong>Jelsa,\u00a0Put Sv. Roka<\/p>\n<p><strong>Lokacija \/ Position<a href=\"https:\/\/goo.gl\/maps\/svHLtqXWmVnYrZbk8\"><img loading=\"lazy\" decoding=\"async\" class=\"alignright wp-image-9387\" src=\"https:\/\/www.topohvar.at\/wp-content\/uploads\/2018\/09\/1498.jpg\" alt=\"\" width=\"134\" height=\"100\" \/><\/a><br \/>\n<\/strong><span style=\"color: #3366ff;\"><a style=\"color: #3366ff;\" href=\"https:\/\/goo.gl\/maps\/svHLtqXWmVnYrZbk8\">Latitude: N 43,16138\u00b0\u00a0 \u00a0Longitude: E 16,68979\u00b0<\/a> <\/span><strong><br \/>\n<\/strong>Visina \/ H\u00f6he: 5 m<\/p>\n<p><strong>Katastarska \u010destica \/ Grundst\u00fccke<br \/>\n<\/strong>*86\/7, *86\/8<div class='content-column one_half'><div style=\"padding-right:6px;\"><p><strong>Datum snimanja \/ Erfassungsdatum<br \/>\n<\/strong>18.05.2017 15:39:56<\/p>\n<hr \/>\n<p><strong>Informacije<\/strong><\/p>\n<p>Barokna ku\u0107a Bevilacqua-Machiedo kraj Sv. Roka, veoma dra\u017eesnih ako i skromnih oblika i ukrasa, sagra\u0111ena na temelju rimske vile. Nalaz rimske gra\u0111evine, vjerojatno pe\u0107i ili kupaonice, prona\u0111ene 1958. prilikom obnove ku\u0107e. Je bila nagr\u0111ena neukusnom betonskom nadogradnjom jo\u0161 prije 2. svj. Rata. do danas u vlasnosti ba\u0161tinika.<\/p><\/div><\/div><div class='content-column one_half last_column'><div style=\"padding-right:0px;padding-left:6px;\"><p><strong>Stupanj za\u0161tite \/ Schutzstellung<br \/>\n<\/strong>RST-0029-1962<\/p>\n<hr \/>\n<p><strong>Info<\/strong><\/p>\n<p>Das barocke Haus der Bevilacqua-Machiedo in der N\u00e4he der Kirche der Rochuskirche ist sehr attraktiv, jedoch mit bescheidener Formengebung und Ornamentik. Es wurde am Ort einer r\u00f6mischen Villa errichtet. Die Entdeckung eines r\u00f6mischen Geb\u00e4udes, wahrscheinlich eines Ofens oder eines Badezimmers, wurde 1958 bei der Renovierung des Hauses gefunden. Sein Aussehen wurde leider durch ungl\u00fcckliche Betonzubauten vor dem 2. Weltkrieg gest\u00f6rt. Das Haus befindet sich bis heute im Besitz der Erben.<\/p><\/div><\/div><div class='clear_column'><\/div><div class='content-column one_half'><div style=\"padding-right:6px;\"><p>U dvori\u0161tu su sa\u010duvana dva okrugla stupa odrine, vjerojatno anti\u010dka (jedini okrugli u Jelsi) i je bila kamena kruna bunara (stol) s grbom Ivana Obradi\u0107 Bevilaqua. Stol se sada nalazi u lapidariju utvr\u0111ene crkve sv. Marije.<\/p><\/div><\/div><div class='content-column one_half last_column'><div style=\"padding-right:0px;padding-left:6px;\"><p>Im Hof sind zwei Runds\u00e4ulen, wahrscheinlich antik (die einzigen in Jelsa), erhalten. Hier stand auch ein Steinkronenbrunnen (Tisch) mit dem Wappen des Ivan Obradi\u0107 Bevilaqua. Der Tisch befindet sich heute im Lapidarium der Wehrkirche zur hl. Maria.<\/p><\/div><\/div><div class='clear_column'><\/div><div class='content-column one_half'><div style=\"padding-right:6px;\"><p>Ulaz u dvori\u0161te se nalazi lijepi kameni goti\u010dki.<\/p><\/div><\/div><div class='content-column one_half last_column'><div style=\"padding-right:0px;padding-left:6px;\"><p>Der Eingang zum Innenhof besitzt eine sch\u00f6ne gotische Steint\u00fcre.<\/p><\/div><\/div><div class='clear_column'><\/div><div class='content-column one_half'><div style=\"padding-right:6px;\"><p>Ku\u0107a je ina\u010de slu\u017eila za odsjedanje hvarskih mleta\u010dkih knezova za slu\u017ebenih posjeta Jelsi.<\/p><\/div><\/div><div class='content-column one_half last_column'><div style=\"padding-right:0px;padding-left:6px;\"><p>Das Haus wurde oft als Residenz der venezianischen Hvarer F\u00fcrsten anl\u00e4sslich deren offiziellen Besuche in Jelsa verwendet.<\/p><\/div><\/div><div class='clear_column'><\/div><div class='content-column one_half'><div style=\"padding-right:6px;\"><p>Nepokretno kulturno dobro \u2013 pojedina\u010dno. Registar kulturnih dobara Republike Hrvatske.\u00a0Broj registra RST-0029-1962<\/p><\/div><\/div><div class='content-column one_half last_column'><div style=\"padding-right:0px;padding-left:6px;\"><p>Unbewegliches kulturelles Kulturgut. Register der Kulturg\u00fcter der Republik Kroatien:\u00a0Registriernummer RST-0029-1962<\/p><\/div><\/div><div class='clear_column'><\/div><\/p>\n<hr \/>\n<div class='content-column one_half'><div style=\"padding-right:6px;\"><p><strong>Ivan Obradi\u0107 Bevilaqua<\/strong>\u00a0(1619-1673) je bio brodovlasnik, koji se istakao u sudjelovanju u obrani Dalmacij e od Turaka. Tako je improviziranom flotom ribarskih brodova iz Jelse i otoka 1657. dega\u017eirao Split od turske navale i postao vitez sv. Marka (cavaliere di\u00a0 . Marco). Dana\u0161nja ku\u0107a Machiedo kod sv. Roka u Jelsi je Obradi\u0107e va stojna ku\u0107a. U utvr\u0111enoj crkvi Sv. Uznesenja Marijina u Jelsi je njegov grob.<\/p><\/div><\/div><div class='content-column one_half last_column'><div style=\"padding-right:0px;padding-left:6px;\"><p><strong>Ivan Obradi\u0107 Bevilaqua<\/strong> (1619-1673) war Reeder und machte sich bei der Verteidigung Dalmatiens von den die T\u00fcrken verdient. So schlug er mit einer improvisierten Flotte aus Fischerbooten von Jelsa und der Insel Hvar im Jahr 1657 vor Split die t\u00fcrkische Marine und wurde zum &#8222;Ritter des heiligen Markus&#8220; (Marco) bef\u00f6rdert. Das heutige Haus Machiedo bei der Rochuskirche war sein Haus.\u00a0In der Wehrkirche Maria Himmelfahrt in Jelsa befindet sich sein Grabmal.<\/p><\/div><\/div><div class='clear_column'><\/div><\/p>\n<p style=\"text-align: right;\"><span style=\"color: #3366ff;\"><a style=\"color: #3366ff;\" href=\"#seite_oben\">natrag na vrh \/ Seitenanfang<\/a><\/span><\/p>\n<hr \/>\n<p><strong>Linkovi \/ Links<\/strong><\/p>\n<p><span style=\"color: #3366ff;\"><a style=\"color: #3366ff;\" href=\"https:\/\/www.topohvar.at\/topo\/orte\/je\/je-ig-04-1\/ \u200e\">Grb \u00bbIvan Obradi\u0107 Bevilaqua\u00ab \/ Wappen des Ivan Obradi\u0107 Bevilaqua<\/a><br \/>\n<a style=\"color: #3366ff;\" href=\"https:\/\/www.topohvar.at\/orte\/gd\/gd-td-01-2\/\">Kula \u00bbObradi\u0107-Bevilaqua\u00ab u Gromindolcu \/ Turm \u00bbObradi\u0107-Bevilaqua\u00ab in Gromin Dolac<\/a><br \/>\n<a style=\"color: #3366ff;\" href=\"https:\/\/www.topohvar.at\/orte\/je\/je-ci-01-1\/\">Lapedarij \/ Lapidarium<\/a><br \/>\n<\/span><\/p>\n","protected":false},"excerpt":{"rendered":"<p>Ime \/ Name Ku\u0107a \u00bbDvori\u0161te ku\u0107e Bevilacqua-Machiedo\u00ab Hof des\u00a0Bevilacqua-Machiedo Code: JE-TG-17\u00a0 \u00a0 \u00a0 \u00a0 \u00a0 \u00a0 \u00a0 \u00a0 \u00a0 \u00a0 \u00a0 \u00a0 \u00a0 \u00a0 \u00a0 \u00a0 \u00a0 \u00a0 \u00a0 \u00a0 Adresa \/ Adresse Jelsa,\u00a0Put Sv. Roka Lokacija \/ Position Latitude: &hellip; <a href=\"https:\/\/www.topohvar.at\/topo\/orte\/je\/je-tg-17-1\/\">Weiterlesen <span class=\"meta-nav\">&rarr;<\/span><\/a><\/p>\n","protected":false},"author":1,"featured_media":0,"parent":85,"menu_order":0,"comment_status":"closed","ping_status":"closed","template":"","meta":{"footnotes":""},"class_list":["post-8881","page","type-page","status-publish","hentry"],"_links":{"self":[{"href":"https:\/\/www.topohvar.at\/topo\/wp-json\/wp\/v2\/pages\/8881","targetHints":{"allow":["GET"]}}],"collection":[{"href":"https:\/\/www.topohvar.at\/topo\/wp-json\/wp\/v2\/pages"}],"about":[{"href":"https:\/\/www.topohvar.at\/topo\/wp-json\/wp\/v2\/types\/page"}],"author":[{"embeddable":true,"href":"https:\/\/www.topohvar.at\/topo\/wp-json\/wp\/v2\/users\/1"}],"replies":[{"embeddable":true,"href":"https:\/\/www.topohvar.at\/topo\/wp-json\/wp\/v2\/comments?post=8881"}],"version-history":[{"count":21,"href":"https:\/\/www.topohvar.at\/topo\/wp-json\/wp\/v2\/pages\/8881\/revisions"}],"predecessor-version":[{"id":70814,"href":"https:\/\/www.topohvar.at\/topo\/wp-json\/wp\/v2\/pages\/8881\/revisions\/70814"}],"up":[{"embeddable":true,"href":"https:\/\/www.topohvar.at\/topo\/wp-json\/wp\/v2\/pages\/85"}],"wp:attachment":[{"href":"https:\/\/www.topohvar.at\/topo\/wp-json\/wp\/v2\/media?parent=8881"}],"curies":[{"name":"wp","href":"https:\/\/api.w.org\/{rel}","templated":true}]}}