{"id":8883,"date":"2018-08-31T09:04:17","date_gmt":"2018-08-31T07:04:17","guid":{"rendered":"https:\/\/www.topohvar.at\/?page_id=8883"},"modified":"2021-11-01T08:43:31","modified_gmt":"2021-11-01T07:43:31","slug":"je-tg-03-1","status":"publish","type":"page","link":"https:\/\/www.topohvar.at\/topo\/orte\/je\/je-tg-03-1\/","title":{"rendered":"JELSA &#8211; Ku\u0107a \u00bbHulji\u0107\u00ab"},"content":{"rendered":"<p><a name=\"seite_oben\"><\/a><br \/>\n<strong><img loading=\"lazy\" decoding=\"async\" class=\"aligncenter wp-image-31188 size-full\" src=\"https:\/\/www.topohvar.at\/wp-content\/uploads\/2020\/02\/je-tg-03-1.jpg\" alt=\"\" width=\"1080\" height=\"530\" \/><\/strong><\/p>\n<p><strong>Ime \/ Name<br \/>\n<\/strong>Ku\u0107a \/ Haus \u00bbHulji\u0107\u00ab<\/p>\n<p><strong>Code: <\/strong>JE-TG-03\u00a0 \u00a0 \u00a0 \u00a0 \u00a0 \u00a0 \u00a0 \u00a0 \u00a0 \u00a0 \u00a0 \u00a0 \u00a0 \u00a0 \u00a0 \u00a0 \u00a0 \u00a0 \u00a0 <strong><a href=\"https:\/\/www.topohvar.at\/orte\/je\/je-tg-09-1\/\"><img loading=\"lazy\" decoding=\"async\" class=\"alignnone wp-image-12300 size-full\" src=\"https:\/\/www.topohvar.at\/wp-content\/uploads\/2018\/09\/push-vor-30.jpg\" alt=\"\" width=\"61\" height=\"30\" \/><\/a>\u00a0<a href=\"https:\/\/www.topohvar.at\/orte\/je\/je-tg-17-1\/\"><img loading=\"lazy\" decoding=\"async\" class=\"alignnone wp-image-533 size-full\" src=\"https:\/\/www.topohvar.at\/wp-content\/uploads\/2018\/07\/push-l-30.jpg\" alt=\"\" width=\"61\" height=\"30\" \/><\/a> <a href=\"https:\/\/www.topohvar.at\/orte\/je\/\"><img loading=\"lazy\" decoding=\"async\" class=\"alignnone wp-image-535 size-full\" src=\"https:\/\/www.topohvar.at\/wp-content\/uploads\/2018\/07\/push-o-30.jpg\" alt=\"\" width=\"61\" height=\"30\" \/><\/a> <a href=\"https:\/\/www.topohvar.at\/orte\/je\/je-tg-04-1\/\"><img loading=\"lazy\" decoding=\"async\" class=\"alignnone wp-image-536 size-full\" src=\"https:\/\/www.topohvar.at\/wp-content\/uploads\/2018\/07\/push-r-30.jpg\" alt=\"\" width=\"61\" height=\"30\" \/><\/a> <a href=\"https:\/\/www.topohvar.at\/orte\/je\/je-tg-07-1\/\"><img loading=\"lazy\" decoding=\"async\" class=\"alignnone wp-image-12299 size-full\" src=\"https:\/\/www.topohvar.at\/wp-content\/uploads\/2018\/09\/push-next-30.jpg\" alt=\"\" width=\"61\" height=\"30\" \/><\/a><\/strong><\/p>\n<hr \/>\n<p><strong>Adresa \/ Adresse<br \/>\n<\/strong>Jelsa,\u00a0Trg Hrvatskog narodnog preporoda (Pjaca)<\/p>\n<p><strong>Lokacija \/ Position<a href=\"https:\/\/goo.gl\/maps\/B4y7AFRCWHufXvJZ6\"><img loading=\"lazy\" decoding=\"async\" class=\"alignright wp-image-9098\" src=\"https:\/\/www.topohvar.at\/wp-content\/uploads\/2018\/09\/1085.jpg\" alt=\"\" width=\"133\" height=\"100\" \/><\/a><br \/>\n<\/strong><span style=\"color: #3366ff;\"><a style=\"color: #3366ff;\" href=\"https:\/\/goo.gl\/maps\/B4y7AFRCWHufXvJZ6\">Latitude: N 43,16095\u00b0\u00a0 \u00a0Longitude: E 16,69279\u00b0<\/a> <\/span><strong><br \/>\n<\/strong>Visina \/ H\u00f6he: 2 m<\/p>\n<p><strong>Katastarska \u010destica \/ Grundst\u00fccke<br \/>\n<\/strong>*194<div class='content-column one_half'><div style=\"padding-right:6px;\"><p><strong>Datum snimanja \/ Erfassungsdatum<br \/>\n<\/strong>19.05.2016 11:19:19<\/p>\n<hr \/>\n<p><strong>Informacije<\/strong><\/p>\n<p>Ku\u0107a Hulji\u0107 nalazi se sjeverno od \u017eupne crkve, na po\u010detku Banskog dolca.<\/p><\/div><\/div><div class='content-column one_half last_column'><div style=\"padding-right:0px;padding-left:6px;\"><p><strong>Stupanj za\u0161tite \/ Schutzstellung<br \/>\n<\/strong>RST-0033<\/p>\n<hr \/>\n<p><strong>Info<\/strong><\/p>\n<p>Das Huljic-Haus befindet sich n\u00f6rdlich der Pfarrkirche zu Beginn von Bansko Dolac.<\/p><\/div><\/div><div class='clear_column'><\/div><div class='content-column one_half'><div style=\"padding-right:6px;\"><p>Ku\u0107a je vjerojatno starija od kraja 17. stolje\u0107a na \u0161to upu\u0107uju prozorske u\u0161i i konzole uz prozor luminara. Jednostavna je katnica sa dvostrukim ugaonim luminarom. Pred sjevernim pro\u010deljem nalazi se ogra\u0111eno dvori\u0161te koje je vremenom do\u017eivjelo preinake. Dvori\u0161te pokazuje na ladanjske osobine \u0161to upu\u0107uje i na njihovu pojavu i na obi\u010dnim ku\u0107ama povijesne jezgre Jelse.<\/p><\/div><\/div><div class='content-column one_half last_column'><div style=\"padding-right:0px;padding-left:6px;\"><p>Das Haus ist wahrscheinlich vor dem Ende des 17. Jahrhunderts entstanden, wie Fensterb\u00e4nke und Konsolen am Fenster der Leuchte zeigen. Es ist ein einfaches Haus mit zwei Stockwerken. Vor der Nordfassade befindet sich ein eingefriedeter Hof, der sich im Laufe der Zeit ver\u00e4ndert hat. Der Innenhof weist auf l\u00e4ndliche Merkmale hin, die sowohl auf ihr Aussehen als auch auf die gew\u00f6hnlichen H\u00e4user des historischen Kerns von Jelsa hinweisen.<\/p><\/div><\/div><div class='clear_column'><\/div><div class='content-column one_half'><div style=\"padding-right:6px;\"><p>Na ku\u0107i je istaknut nepoznati grb s kova\u010dkim obilje\u017ejima i godinom 1691.\u00a0Na nadvratniku je jo\u0161 jedan natpis (1882).<\/p><\/div><\/div><div class='content-column one_half last_column'><div style=\"padding-right:0px;padding-left:6px;\"><p>Das Haus ist durch ein unbekanntes Wappen mit Schmiedekunst und dem Jahr 1691 gekennzeichnet.\u00a0Am T\u00fcrsturz befindet sich eine weitere Inschrift (1882).<\/p><\/div><\/div><div class='clear_column'><\/div><\/p>\n<p style=\"text-align: right;\"><span style=\"color: #3366ff;\"><a style=\"color: #3366ff;\" href=\"#seite_oben\">natrag na vrh \/ Seitenanfang<\/a><\/span><\/p>\n<hr \/>\n<p><strong>Linkovi \/ Links<\/strong><\/p>\n<p><span style=\"color: #3366ff;\"><a style=\"color: #3366ff;\" href=\"https:\/\/www.topohvar.at\/orte\/je\/je-in-05-1\/\">Natpis \/ Inschrift \u00bb1882\u00ab<\/a><br \/>\n<a style=\"color: #3366ff;\" href=\"https:\/\/www.topohvar.at\/orte\/je\/je-ig-01-1\/\">Neposnati grb \/ unbekanntes Wappen<\/a><br \/>\n<\/span><\/p>\n","protected":false},"excerpt":{"rendered":"<p>Ime \/ Name Ku\u0107a \/ Haus \u00bbHulji\u0107\u00ab Code: JE-TG-03\u00a0 \u00a0 \u00a0 \u00a0 \u00a0 \u00a0 \u00a0 \u00a0 \u00a0 \u00a0 \u00a0 \u00a0 \u00a0 \u00a0 \u00a0 \u00a0 \u00a0 \u00a0 \u00a0 \u00a0 Adresa \/ Adresse Jelsa,\u00a0Trg Hrvatskog narodnog preporoda (Pjaca) Lokacija \/ Position Latitude: &hellip; <a href=\"https:\/\/www.topohvar.at\/topo\/orte\/je\/je-tg-03-1\/\">Weiterlesen <span class=\"meta-nav\">&rarr;<\/span><\/a><\/p>\n","protected":false},"author":1,"featured_media":0,"parent":85,"menu_order":0,"comment_status":"closed","ping_status":"closed","template":"","meta":{"footnotes":""},"class_list":["post-8883","page","type-page","status-publish","hentry"],"_links":{"self":[{"href":"https:\/\/www.topohvar.at\/topo\/wp-json\/wp\/v2\/pages\/8883","targetHints":{"allow":["GET"]}}],"collection":[{"href":"https:\/\/www.topohvar.at\/topo\/wp-json\/wp\/v2\/pages"}],"about":[{"href":"https:\/\/www.topohvar.at\/topo\/wp-json\/wp\/v2\/types\/page"}],"author":[{"embeddable":true,"href":"https:\/\/www.topohvar.at\/topo\/wp-json\/wp\/v2\/users\/1"}],"replies":[{"embeddable":true,"href":"https:\/\/www.topohvar.at\/topo\/wp-json\/wp\/v2\/comments?post=8883"}],"version-history":[{"count":11,"href":"https:\/\/www.topohvar.at\/topo\/wp-json\/wp\/v2\/pages\/8883\/revisions"}],"predecessor-version":[{"id":53231,"href":"https:\/\/www.topohvar.at\/topo\/wp-json\/wp\/v2\/pages\/8883\/revisions\/53231"}],"up":[{"embeddable":true,"href":"https:\/\/www.topohvar.at\/topo\/wp-json\/wp\/v2\/pages\/85"}],"wp:attachment":[{"href":"https:\/\/www.topohvar.at\/topo\/wp-json\/wp\/v2\/media?parent=8883"}],"curies":[{"name":"wp","href":"https:\/\/api.w.org\/{rel}","templated":true}]}}