{"id":8889,"date":"2018-08-31T09:10:33","date_gmt":"2018-08-31T07:10:33","guid":{"rendered":"https:\/\/www.topohvar.at\/?page_id=8889"},"modified":"2025-04-17T17:24:18","modified_gmt":"2025-04-17T15:24:18","slug":"je-po-01-1","status":"publish","type":"page","link":"https:\/\/www.topohvar.at\/topo\/orte\/je\/je-po-01-1\/","title":{"rendered":"JELSA &#8211; Povijesni lokalitet \u00bbGrad Gale\u0161nik\u00ab"},"content":{"rendered":"<p><a name=\"seite_oben\"><\/a><strong><img loading=\"lazy\" decoding=\"async\" class=\"alignnone wp-image-8640 size-large\" src=\"https:\/\/www.topohvar.at\/wp-content\/uploads\/2018\/08\/JE-PO-01-0-1024x503.jpg\" alt=\"\" width=\"640\" height=\"314\" srcset=\"https:\/\/www.topohvar.at\/wp-content\/uploads\/2018\/08\/JE-PO-01-0-1024x503.jpg 1024w, https:\/\/www.topohvar.at\/wp-content\/uploads\/2018\/08\/JE-PO-01-0-300x147.jpg 300w, https:\/\/www.topohvar.at\/wp-content\/uploads\/2018\/08\/JE-PO-01-0-768x377.jpg 768w, https:\/\/www.topohvar.at\/wp-content\/uploads\/2018\/08\/JE-PO-01-0.jpg 1080w\" sizes=\"auto, (max-width: 640px) 100vw, 640px\" \/><\/strong><\/p>\n<p><strong>Ime \/ Name<br \/>\n<\/strong>Povijesni lokalitet \u00bbGrad Gale\u0161nik\u00ab \/ historischer Ort Burg\u00a0Gale\u0161nik<\/p>\n<p><strong>Code: <\/strong>JE-PO-01\u00a0 \u00a0 \u00a0 \u00a0 \u00a0 \u00a0 \u00a0 \u00a0 \u00a0 \u00a0 \u00a0 \u00a0 \u00a0 \u00a0 \u00a0\u00a0<strong><a href=\"https:\/\/www.topohvar.at\/orte\/je\/je-pg-00-1\/\"><img loading=\"lazy\" decoding=\"async\" class=\"alignnone wp-image-533 size-full\" src=\"https:\/\/www.topohvar.at\/wp-content\/uploads\/2018\/07\/push-l-30.jpg\" alt=\"\" width=\"61\" height=\"30\" \/><\/a> <a href=\"https:\/\/www.topohvar.at\/orte\/je\/\"><img loading=\"lazy\" decoding=\"async\" class=\"alignnone wp-image-535 size-full\" src=\"https:\/\/www.topohvar.at\/wp-content\/uploads\/2018\/07\/push-o-30.jpg\" alt=\"\" width=\"61\" height=\"30\" \/><\/a> <a href=\"https:\/\/www.topohvar.at\/orte\/je\/je-po-02-1\/\"><img loading=\"lazy\" decoding=\"async\" class=\"alignnone wp-image-536 size-full\" src=\"https:\/\/www.topohvar.at\/wp-content\/uploads\/2018\/07\/push-r-30.jpg\" alt=\"\" width=\"61\" height=\"30\" \/><\/a><\/strong><\/p>\n<hr \/>\n<p><strong>Adresa \/ Adresse<br \/>\n<\/strong>Jelsa, Grad Gale\u0161nik<\/p>\n<p><strong>Lokacija \/ Position<a href=\"https:\/\/goo.gl\/maps\/8HzeTHn2qp3ds8ft5\"><img loading=\"lazy\" decoding=\"async\" class=\"alignright wp-image-9395\" src=\"https:\/\/www.topohvar.at\/wp-content\/uploads\/2018\/09\/0438.jpg\" alt=\"\" width=\"133\" height=\"100\" \/><\/a><br \/>\n<\/strong><span style=\"color: #3366ff;\"><a style=\"color: #3366ff;\" href=\"https:\/\/goo.gl\/maps\/8HzeTHn2qp3ds8ft5\">Latitude: N 43,14841\u00b0\u00a0 \u00a0Longitude: E 16,70304\u00b0<\/a> <\/span><strong><br \/>\n<\/strong>Visina \/ H\u00f6he: 247 m<\/p>\n<p><strong>Katastarska \u010destica <\/strong><strong>\/ Grundst\u00fccke<br \/>\n<\/strong>*397<div class='content-column one_half'><div style=\"padding-right:6px;\"><p><strong>Datum snimanja \/ Erfassungsdatum<br \/>\n<\/strong>24.05.2012 11:35:00<\/p>\n<hr \/>\n<p><strong>Informacije<\/strong><\/p>\n<p>Gradska tvr\u0111ava (ili Gale\u0161nik) stoji na visokoj litici iznad stare ceste koja vodi do isto\u010dnog kraja otoka. Izvorna ilirska utvrda razvijena je jo\u0161 u rimsko doba i bila je naseljena u ranom srednjem vijeku.<\/p><\/div><\/div><div class='content-column one_half last_column'><div style=\"padding-right:0px;padding-left:6px;\"><p><strong>Stupanj za\u0161tite<\/strong><strong> \/ Schutzstellung<br \/>\n<\/strong>Z-6412, RST-1320-1988<\/p>\n<hr \/>\n<p><strong>Info<\/strong><\/p>\n<p>Die Festung &#8222;Grad&#8220; (oder Gale\u0161nik) steht auf einer hohen Klippe \u00fcber der alten Stra\u00dfe, die zum \u00f6stlichen Ende der Insel Hvar f\u00fchrt. Die urspr\u00fcnglich illyrische Festung wurde in der R\u00f6merzeit weiterentwickelt und war noch im fr\u00fchen Mittelalter bewohnt.<\/p><\/div><\/div><div class='clear_column'><\/div><div class='content-column one_half'><div style=\"padding-right:6px;\"><p>O kasnoanti\u010dko i ranosrednjovjekovnom gradu Gale\u0161niku nedaleko kule Tor malo toga se zna, a mogu\u0107e je da je bilo naselje izgnanika iz nekog razorenog mjesta. Postoji legenda da su se tu sklonili hvarski plemi\u0107i Slavogosti nakon pobune protiv Venecije 1310. godine, ali o tome nema \u201e\u010dvrstih\u201d dokaza (<em>izvor: visitjelsa.hr<\/em>).<\/p><\/div><\/div><div class='content-column one_half last_column'><div style=\"padding-right:0px;padding-left:6px;\"><p>\u00dcber die sp\u00e4tantike und fr\u00fchmittelalterliche Stadt Gale\u0161nik unweit des Tor-Turms ist wenig bekannt, es ist jedoch m\u00f6glich, dass es sich um eine Siedlung von Vertriebenen aus einem zerst\u00f6rten Ort handelte. Es gibt eine Legende, dass die Hvarer Adligen Slavogosti nach dem Aufstand gegen Venedig im Jahr 1310 hier Zuflucht suchten, aber es gibt keine \u201esicheren\u201c Beweise daf\u00fcr (<em>Quelle: visitjelsa.hr<\/em>).<\/p><\/div><\/div><div class='clear_column'><\/div><div class='content-column one_half'><div style=\"padding-right:6px;\"><p>U ovom srednjovjekovne utvrde, najmo\u0107nija obitelj srednjovjekovnog grada Hvara, Slavogost da su \u017eivjeli. i ime Gale\u0161nik nosi po Gale\u0161i Slavogostu. Slavogost uvje\u017ebavala prvi ustanak protiv Mle\u010dana, a tvr\u0111ava je potpuno uni\u0161ten.<\/p><\/div><\/div><div class='content-column one_half last_column'><div style=\"padding-right:0px;padding-left:6px;\"><p>In der mittelalterlichen Festung soll das m\u00e4chtigste Geschlecht der mittelalterlichen Stadt Hvar, die &#8222;Slavogost&#8220; gelebt haben. Der Name Gale\u0161nik k\u00f6nnte also von Gale\u0161i Slavogost stammen. Slavogost probte als Erster einen Aufstand gegen die Venezianer, dabei wurde die Festung v\u00f6llig zerst\u00f6rt.<\/p><\/div><\/div><div class='clear_column'><\/div><div class='content-column one_half'><div style=\"padding-right:6px;\"><p>Tvr\u0111ava Grad nalazi se na oko 240 m nadmorske visine i izgra\u0111ena je na prirodnoj stijeni koja nije pristupa\u010dna sa svih strana. Izdu\u017eenog je, nepravilnog oblika s isprekidanim vanjskim zidom koji je mjestimi\u010dno visok oko 4 metra i debeo 50-60 cm. Tvr\u0111ava je \u0161iroka oko 20 metara, a duga\u010dka oko 80 metara. Ogra\u0111ena povr\u0161ina iznosi 1520 m\u00b2.<\/p><\/div><\/div><div class='content-column one_half last_column'><div style=\"padding-right:0px;padding-left:6px;\"><p>Die Festung Grad liegt etwa 240 m \u00fcber dem Meeresspiegel und ist auf nat\u00fcrlichem Fels gebaut, der nicht von allen Seiten zug\u00e4nglich ist. Sie hat eine l\u00e4ngliche, unregelm\u00e4\u00dfige Form mit einer unterbrochenen Au\u00dfenmauer, die stellenweise etwa 4 Meter hoch und 50-60 cm stark ist. Die Festung hat eine Breite von etwa 20 und eine L\u00e4nge von ca. 80 Meter. Der ummauerte Bereich betr\u00e4gt 1520 m\u00b2.<\/p><\/div><\/div><div class='clear_column'><\/div><div class='content-column one_half'><div style=\"padding-right:6px;\"><p>Zidovi su gra\u0111eni u pravilnim slojevima lomljenog kamena, uz izda\u0161nu upotrebu morta. Na zidovima se u pravilnim razmacima pojavljuju rupe za kamene grede. Djelomi\u010dno je sa\u010duvana pravokutna gra\u0111evina povr\u0161ine cca 40 m\u00b2. U sjeverozapadnom dijelu tvr\u0111ave nalaze se ostaci zidova okupacijskih gra\u0111evina, au donjem dijelu \u010detvrtaste cisterne s ostacima ba\u010dvastog svoda i hidrauli\u010dne \u017ebuke. Na\u010din zidanja tvr\u0111ave mo\u017ee se datirati u 6. stolje\u0107e.<\/p><\/div><\/div><div class='content-column one_half last_column'><div style=\"padding-right:0px;padding-left:6px;\"><p>Die W\u00e4nde sind in regelm\u00e4\u00dfiger Schichtung aus Bruchsteinen gebaut, wobei reichlich M\u00f6rtel verwendet wird. In regelm\u00e4\u00dfigen Abst\u00e4nden erscheinen an den W\u00e4nden L\u00f6cher f\u00fcr Steinbalken. Teilweise erhalten ist ein rechteckiges Geb\u00e4ude im Ausma\u00df von ungef\u00e4hr 40 m\u00b2. Im nordwestlichen Teil der Festung befinden sich Mauerreste der Besatzungsgeb\u00e4ude, und im unteren Teil quadratische Zisternen mit \u00dcberresten eines Tonnengew\u00f6lbes und hydraulischen Putzes. Die Methode des Mauerwerks der Festung kann auf das 6. Jahrhundert datiert werden.<\/p><\/div><\/div><div class='clear_column'><\/div><div class='content-column one_half'><div style=\"padding-right:6px;\"><p><img loading=\"lazy\" decoding=\"async\" class=\"aligncenter size-full wp-image-71586\" src=\"https:\/\/www.topohvar.at\/wp-content\/uploads\/2025\/04\/je-po-01-11.jpg\" alt=\"\" width=\"720\" height=\"960\" srcset=\"https:\/\/www.topohvar.at\/wp-content\/uploads\/2025\/04\/je-po-01-11.jpg 720w, https:\/\/www.topohvar.at\/wp-content\/uploads\/2025\/04\/je-po-01-11-225x300.jpg 225w\" sizes=\"auto, (max-width: 720px) 100vw, 720px\" \/><\/p><\/div><\/div><div class='content-column one_half last_column'><div style=\"padding-right:0px;padding-left:6px;\"><p>&nbsp;<\/p>\n<p>Nepokretno kulturno dobro \u2013 pojedina\u010dno. Registar kulturnih dobara Republike Hrvatske.\u00a0Broj registra Z-6412<\/p>\n<p>-\/-<\/p>\n<p>Unbewegliches kulturelles Kulturgut. Register der Kulturg\u00fcter der Republik Kroatien: Registriernummer Z-6412<\/p><\/div><\/div><div class='clear_column'><\/div><\/p>\n<p style=\"text-align: center;\"><em>Izvor\/Quelle: Javna ustanova Agencija za uprvljanje Starogradskim poljem<\/em><\/p>\n<p style=\"text-align: right;\"><span style=\"color: #3366ff;\"><a style=\"color: #3366ff;\" href=\"#seite_oben\">natrag na vrh \/ Seitenanfang<\/a><\/span><\/p>\n<hr \/>\n<p><strong>Linkovi \/ Links<\/strong><\/p>\n<div class=\"html-div xdj266r x11i5rnm xat24cr x1mh8g0r xexx8yu x4uap5 x18d9i69 xkhd6sd\">\n<div id=\"\u00abrs1q\u00bb\" class=\"html-div xdj266r x11i5rnm xat24cr x1mh8g0r xexx8yu x4uap5 x18d9i69 xkhd6sd x1n2onr6\">\n<div class=\"html-div xdj266r x11i5rnm xat24cr x1mh8g0r xexx8yu x4uap5 x18d9i69 xkhd6sd x6ikm8r x10wlt62\">\n<div class=\"x1n2onr6\">\n<div class=\"xmjcpbm x1n2onr6 x1lku1pv\">\n<div class=\"x9f619 x1ja2u2z x78zum5 x2lah0s x1n2onr6 x1qughib x6s0dn4 xozqiw3 x1q0g3np xykv574 xbmpl8g xsag5q8 x1pi30zi x1swvt13 xz9dl7a\">\n<div class=\"x9f619 x1n2onr6 x1ja2u2z x193iq5w xeuugli x1r8uery x1iyjqo2 xs83m0k xsyo7zv x16hj40l\">\n<div class=\"x6ikm8r x10wlt62 x9f619 x1lkfr7t x4vbgl9 x1rdy4ex xjkvuk6 x1iorvi4 xd183bf\">\n<div class=\"x78zum5 xdt5ytf xz62fqu x16ldp7u\">\n<p class=\"xu06os2 x1ok221b\"><span class=\"x193iq5w xeuugli x13faqbe x1vvkbs x1xmvt09 x1lliihq x1s928wv xhkezso x1gmr53x x1cpjm7i x1fgarty x1943h6x xudqn12 x3x7a5m x1lkfr7t x1lbecb7 x1s688f xzsf02u x1yc453h\" dir=\"auto\"><span class=\"x1lliihq x6ikm8r x10wlt62 x1n2onr6 x1j85h84\"><span data-ad-rendering-role=\"title\"><span class=\"html-span xdj266r x11i5rnm xat24cr x1mh8g0r xexx8yu x4uap5 x18d9i69 xkhd6sd x1hl2dhg x16tdsg8 x1vvkbs\" dir=\"auto\">Utvrda Gale\u0161nik &#8211;\u00a0<\/span><\/span><\/span><\/span><span style=\"color: #3366ff;\"><a style=\"color: #3366ff;\" href=\"https:\/\/www.topohvar.at\/wp-content\/uploads\/2025\/04\/galesnik.htm\">3D-Modell <span class=\"x193iq5w xeuugli x13faqbe x1vvkbs x1xmvt09 x1lliihq x1s928wv xhkezso x1gmr53x x1cpjm7i x1fgarty x1943h6x xudqn12 x3x7a5m x1lkfr7t x1lbecb7 x1s688f xzsf02u x1yc453h\" dir=\"auto\"><span class=\"x1lliihq x6ikm8r x10wlt62 x1n2onr6 x1j85h84\"><span class=\"html-span xdj266r x11i5rnm xat24cr x1mh8g0r xexx8yu x4uap5 x18d9i69 xkhd6sd x1hl2dhg x16tdsg8 x1vvkbs\" dir=\"auto\">by Kantharos d.o.o.\u00a0<\/span><\/span><\/span><\/a><\/span><\/p>\n<\/div>\n<\/div>\n<\/div>\n<\/div>\n<\/div>\n<\/div>\n<\/div>\n<\/div>\n<\/div>\n<div>\n<div class=\"xabvvm4 xeyy32k x1ia1hqs x1a2w583 x6ikm8r x10wlt62\" data-visualcompletion=\"ignore-dynamic\">\n<div>\n<div>\n<div>\n<div class=\"x1n2onr6\">\n<div class=\"x6s0dn4 xi81zsa x78zum5 x6prxxf x13a6bvl xvq8zen xdj266r xat24cr xkhd6sd x4uap5 x80vd3b x1q0q8m5 xso031l x16n37ib xq8finb x10b6aqq x1yrsyyn\">\n<p class=\"x9f619 x1ja2u2z x78zum5 x2lah0s x1n2onr6 x1qughib x1qjc9v5 xozqiw3 x1q0g3np xykv574 xbmpl8g x4cne27 xifccgj x123j3cw xs9asl8\">\n<\/div>\n<\/div>\n<\/div>\n<\/div>\n<\/div>\n<\/div>\n<\/div>\n","protected":false},"excerpt":{"rendered":"<p>Ime \/ Name Povijesni lokalitet \u00bbGrad Gale\u0161nik\u00ab \/ historischer Ort Burg\u00a0Gale\u0161nik Code: JE-PO-01\u00a0 \u00a0 \u00a0 \u00a0 \u00a0 \u00a0 \u00a0 \u00a0 \u00a0 \u00a0 \u00a0 \u00a0 \u00a0 \u00a0 \u00a0\u00a0 Adresa \/ Adresse Jelsa, Grad Gale\u0161nik Lokacija \/ Position Latitude: N 43,14841\u00b0\u00a0 \u00a0Longitude: &hellip; <a href=\"https:\/\/www.topohvar.at\/topo\/orte\/je\/je-po-01-1\/\">Weiterlesen <span class=\"meta-nav\">&rarr;<\/span><\/a><\/p>\n","protected":false},"author":1,"featured_media":0,"parent":85,"menu_order":0,"comment_status":"closed","ping_status":"closed","template":"","meta":{"footnotes":""},"class_list":["post-8889","page","type-page","status-publish","hentry"],"_links":{"self":[{"href":"https:\/\/www.topohvar.at\/topo\/wp-json\/wp\/v2\/pages\/8889","targetHints":{"allow":["GET"]}}],"collection":[{"href":"https:\/\/www.topohvar.at\/topo\/wp-json\/wp\/v2\/pages"}],"about":[{"href":"https:\/\/www.topohvar.at\/topo\/wp-json\/wp\/v2\/types\/page"}],"author":[{"embeddable":true,"href":"https:\/\/www.topohvar.at\/topo\/wp-json\/wp\/v2\/users\/1"}],"replies":[{"embeddable":true,"href":"https:\/\/www.topohvar.at\/topo\/wp-json\/wp\/v2\/comments?post=8889"}],"version-history":[{"count":20,"href":"https:\/\/www.topohvar.at\/topo\/wp-json\/wp\/v2\/pages\/8889\/revisions"}],"predecessor-version":[{"id":71588,"href":"https:\/\/www.topohvar.at\/topo\/wp-json\/wp\/v2\/pages\/8889\/revisions\/71588"}],"up":[{"embeddable":true,"href":"https:\/\/www.topohvar.at\/topo\/wp-json\/wp\/v2\/pages\/85"}],"wp:attachment":[{"href":"https:\/\/www.topohvar.at\/topo\/wp-json\/wp\/v2\/media?parent=8889"}],"curies":[{"name":"wp","href":"https:\/\/api.w.org\/{rel}","templated":true}]}}