{"id":8891,"date":"2018-08-31T09:12:17","date_gmt":"2018-08-31T07:12:17","guid":{"rendered":"https:\/\/www.topohvar.at\/?page_id=8891"},"modified":"2021-12-01T13:17:02","modified_gmt":"2021-12-01T12:17:02","slug":"je-po-02-1","status":"publish","type":"page","link":"https:\/\/www.topohvar.at\/topo\/orte\/je\/je-po-02-1\/","title":{"rendered":"JELSA &#8211; Povijesni lokalitet \u00bbTor\u00ab"},"content":{"rendered":"<p><a name=\"seite_oben\"><\/a><br \/>\n<strong><img loading=\"lazy\" decoding=\"async\" class=\"alignnone wp-image-8641 size-large\" src=\"https:\/\/www.topohvar.at\/wp-content\/uploads\/2018\/08\/je-po-02-0-1024x503.jpg\" alt=\"\" width=\"640\" height=\"314\" srcset=\"https:\/\/www.topohvar.at\/wp-content\/uploads\/2018\/08\/je-po-02-0-1024x503.jpg 1024w, https:\/\/www.topohvar.at\/wp-content\/uploads\/2018\/08\/je-po-02-0-300x147.jpg 300w, https:\/\/www.topohvar.at\/wp-content\/uploads\/2018\/08\/je-po-02-0-768x377.jpg 768w, https:\/\/www.topohvar.at\/wp-content\/uploads\/2018\/08\/je-po-02-0.jpg 1080w\" sizes=\"auto, (max-width: 640px) 100vw, 640px\" \/><\/strong><\/p>\n<p><strong>Ime \/ Name<br \/>\n<\/strong>Povijesni lokalitet \/ historischer Ort \u00bbTor\u00ab<\/p>\n<p><strong>Code: <\/strong>JE-PO-02\u00a0 \u00a0 \u00a0 \u00a0 \u00a0 \u00a0 \u00a0 \u00a0 \u00a0 \u00a0 \u00a0 \u00a0 \u00a0 \u00a0 \u00a0\u00a0<strong><a href=\"https:\/\/www.topohvar.at\/orte\/je\/je-po-01-1\/\"><img loading=\"lazy\" decoding=\"async\" class=\"alignnone wp-image-533 size-full\" src=\"https:\/\/www.topohvar.at\/wp-content\/uploads\/2018\/07\/push-l-30.jpg\" alt=\"\" width=\"61\" height=\"30\" \/><\/a> <a href=\"https:\/\/www.topohvar.at\/orte\/je\/\"><img loading=\"lazy\" decoding=\"async\" class=\"alignnone wp-image-535 size-full\" src=\"https:\/\/www.topohvar.at\/wp-content\/uploads\/2018\/07\/push-o-30.jpg\" alt=\"\" width=\"61\" height=\"30\" \/><\/a> <a href=\"https:\/\/www.topohvar.at\/orte\/je\/je-po-03-1\/\"><img loading=\"lazy\" decoding=\"async\" class=\"alignnone wp-image-536 size-full\" src=\"https:\/\/www.topohvar.at\/wp-content\/uploads\/2018\/07\/push-r-30.jpg\" alt=\"\" width=\"61\" height=\"30\" \/><\/a><\/strong><\/p>\n<hr \/>\n<p><strong>Adresa \/ Adresse<br \/>\n<\/strong>Jelsa, Tor<\/p>\n<p><strong>Lokacija<\/strong><strong> \/ Position<a href=\"https:\/\/goo.gl\/maps\/sT6Vv9btCzPXRXTv7\"><img loading=\"lazy\" decoding=\"async\" class=\"alignright wp-image-9398\" src=\"https:\/\/www.topohvar.at\/wp-content\/uploads\/2018\/09\/0439.jpg\" alt=\"\" width=\"133\" height=\"100\" \/><\/a><br \/>\n<\/strong><span style=\"color: #3366ff;\"><a style=\"color: #3366ff;\" href=\"https:\/\/goo.gl\/maps\/sT6Vv9btCzPXRXTv7\">Latitude: N 43,14840\u00b0\u00a0 \u00a0Longitude: E 16,69682\u00b0<\/a> <\/span><strong><br \/>\n<\/strong>Visina \/ H\u00f6he: 235 m<\/p>\n<p><strong>Katastarska \u010destica <\/strong><strong>\/ Grundst\u00fccke<br \/>\n<\/strong>*396<div class='content-column one_half'><div style=\"padding-right:6px;\"><p><strong>Datum snimanja \/ Erfassungsdatum<br \/>\n<\/strong>18.05.2012 10:30:00<\/p>\n<hr \/>\n<p><strong>Informacije<\/strong><\/p>\n<p>Da bi za\u0161titili svoj teritorij &#8211; horu, sagradili su dvije stra\u017earske kule na dominantnim polo\u017eajima. Ilirsko-gr\u010dka tvr\u0111ava Tor iz IV. st. pr. Krista kontrolira isto\u010dni prilaz teritoriju Farosa. Odavde se mogu slati dimni ili vatreni signali u Faros preko kule na Maslinoviku, udaljene od Tora samo 7,5 km prema sjevero-zapadu.<\/p><\/div><\/div><div class='content-column one_half last_column'><div style=\"padding-right:0px;padding-left:6px;\"><p><strong>Stupanj za\u0161tite<\/strong><strong> \/ Schutzstellung<br \/>\n<\/strong>RST-0028-1962<\/p>\n<hr \/>\n<p><strong>Info<\/strong><\/p>\n<p>Um das Gebiet \u201ePharos\u201c zu sch\u00fctzen wurden zwei Wacht\u00fcrme in beherrschender Lage errichtet. Der griechisch-illyrischen Turm \u201eTor\u201c aus dem 4. Jh. v. Chr. kontrollierte den \u00f6stlichen Zugang zum Gebiet von Pharos. Von hier aus konnte man Rauch- oder Feuersignale zu den nur 7,5 km nordwestlich entfernten Turm \u201eMaslinovik\u201c senden.<\/p><\/div><\/div><div class='clear_column'><\/div><div class='content-column one_half'><div style=\"padding-right:6px;\"><p>Bolje sa\u010duvana je ona na brdu Tor (od romanski turres, \u0161to zna\u010di kula) povi\u0161e Jelse. Radi se o pravokutniku oko 7,4 x 6,2 m, visine 6 m (5 redova blokova, zajedno s vratima na ju\u017enoj strani, bilo je dodano za vrijeme restauracijskih radova 1974. godine), koja stoji na bre\u017euljku 235 m nadmorske visine, gledaju\u0107i na isto\u010dni, sjeverni i zapadni dio podru\u010dja, udaljena 10 km od Farosa. Ispred kule nalazi se masivni bedem koji vjerojatno predstavlja ranije prethistorijsko utvr\u0111enje. Mala iskapanja izvr\u0161ena su ovdje u 1960-im i ona su otkrila lokalne i gr\u010dke artefakte.Pharos senden.<\/p><\/div><\/div><div class='content-column one_half last_column'><div style=\"padding-right:0px;padding-left:6px;\"><p>Besser erhalten ist der auf dem H\u00fcgel Tor (aus dem lateinischen turres &#8211; was Turm bedeutet) oberhalb von Jelsa. Er hat einen rechteckige Grundriss von etwa 7,4 x 6,2 m, eine H\u00f6he 6 m, und befindet sich auf einem H\u00fcgel in 235 Meter \u00fcber dem Meeresspiegel mit Blick auf die \u00f6stlichen, n\u00f6rdlichen und westlichen Teil des Gebietes, nur 10 km vom alten Faros (Stari Grad) entfernt. W\u00e4hrend Restaurierungsarbeiten im Jahr 1974 wurden 5 Blockreihen, gemeinsam mit den T\u00fcren auf der S\u00fcdseite aufgenommen. Vor dem Turm befindet sich ein massives Bollwerk, wohl Reste einer fr\u00fcheren pr\u00e4historischen Festung. Im Zuge kleinerer Ausgrabungen im Jahr 1960 wurden hier lokale und griechische Artefakte gefunden.<\/p><\/div><\/div><div class='clear_column'><\/div><div class='content-column one_half'><div style=\"padding-right:6px;\"><p>Nepokretno kulturno dobro \u2013 pojedina\u010dno. Registar kulturnih dobara Republike Hrvatske.\u00a0Broj registra RST-0028-1962<\/p><\/div><\/div><div class='content-column one_half last_column'><div style=\"padding-right:0px;padding-left:6px;\"><p>Unbewegliches kulturelles Kulturgut. Register der Kulturg\u00fcter der Republik Kroatien:\u00a0Registriernummer\u00a0RST-0028-1962<\/p><\/div><\/div><div class='clear_column'><\/div><\/p>\n<p style=\"text-align: right;\"><span style=\"color: #3366ff;\"><a style=\"color: #3366ff;\" href=\"#seite_oben\">natrag na vrh \/ Seitenanfang<\/a><\/span><\/p>\n<hr \/>\n<p><strong>Linkovi \/ Links<\/strong><\/p>\n<p><span style=\"color: #3366ff;\"><a style=\"color: #3366ff;\" href=\"https:\/\/www.topohvar.at\/topo\/orte\/sg\/sg-po-03-2\/\">gr\u010dka kula \/ griechischer Turm Maslinovik<\/a><\/span><\/p>\n","protected":false},"excerpt":{"rendered":"<p>Ime \/ Name Povijesni lokalitet \/ historischer Ort \u00bbTor\u00ab Code: JE-PO-02\u00a0 \u00a0 \u00a0 \u00a0 \u00a0 \u00a0 \u00a0 \u00a0 \u00a0 \u00a0 \u00a0 \u00a0 \u00a0 \u00a0 \u00a0\u00a0 Adresa \/ Adresse Jelsa, Tor Lokacija \/ Position Latitude: N 43,14840\u00b0\u00a0 \u00a0Longitude: E 16,69682\u00b0 Visina &hellip; <a href=\"https:\/\/www.topohvar.at\/topo\/orte\/je\/je-po-02-1\/\">Weiterlesen <span class=\"meta-nav\">&rarr;<\/span><\/a><\/p>\n","protected":false},"author":1,"featured_media":0,"parent":85,"menu_order":0,"comment_status":"closed","ping_status":"closed","template":"","meta":{"footnotes":""},"class_list":["post-8891","page","type-page","status-publish","hentry"],"_links":{"self":[{"href":"https:\/\/www.topohvar.at\/topo\/wp-json\/wp\/v2\/pages\/8891","targetHints":{"allow":["GET"]}}],"collection":[{"href":"https:\/\/www.topohvar.at\/topo\/wp-json\/wp\/v2\/pages"}],"about":[{"href":"https:\/\/www.topohvar.at\/topo\/wp-json\/wp\/v2\/types\/page"}],"author":[{"embeddable":true,"href":"https:\/\/www.topohvar.at\/topo\/wp-json\/wp\/v2\/users\/1"}],"replies":[{"embeddable":true,"href":"https:\/\/www.topohvar.at\/topo\/wp-json\/wp\/v2\/comments?post=8891"}],"version-history":[{"count":8,"href":"https:\/\/www.topohvar.at\/topo\/wp-json\/wp\/v2\/pages\/8891\/revisions"}],"predecessor-version":[{"id":54075,"href":"https:\/\/www.topohvar.at\/topo\/wp-json\/wp\/v2\/pages\/8891\/revisions\/54075"}],"up":[{"embeddable":true,"href":"https:\/\/www.topohvar.at\/topo\/wp-json\/wp\/v2\/pages\/85"}],"wp:attachment":[{"href":"https:\/\/www.topohvar.at\/topo\/wp-json\/wp\/v2\/media?parent=8891"}],"curies":[{"name":"wp","href":"https:\/\/api.w.org\/{rel}","templated":true}]}}