{"id":8893,"date":"2018-08-31T09:13:48","date_gmt":"2018-08-31T07:13:48","guid":{"rendered":"https:\/\/www.topohvar.at\/?page_id=8893"},"modified":"2024-12-16T15:38:44","modified_gmt":"2024-12-16T14:38:44","slug":"je-po-03-1","status":"publish","type":"page","link":"https:\/\/www.topohvar.at\/topo\/orte\/je\/je-po-03-1\/","title":{"rendered":"JELSA &#8211; Arheoloski lokalitet \u00bbGradina\u00ab"},"content":{"rendered":"<p><a name=\"seite_oben\"><\/a><br \/>\n<strong><img loading=\"lazy\" decoding=\"async\" class=\"alignnone wp-image-8642 size-large\" src=\"https:\/\/www.topohvar.at\/wp-content\/uploads\/2018\/08\/je-po-03-0-1024x503.jpg\" alt=\"\" width=\"640\" height=\"314\" srcset=\"https:\/\/www.topohvar.at\/wp-content\/uploads\/2018\/08\/je-po-03-0-1024x503.jpg 1024w, https:\/\/www.topohvar.at\/wp-content\/uploads\/2018\/08\/je-po-03-0-300x147.jpg 300w, https:\/\/www.topohvar.at\/wp-content\/uploads\/2018\/08\/je-po-03-0-768x377.jpg 768w, https:\/\/www.topohvar.at\/wp-content\/uploads\/2018\/08\/je-po-03-0.jpg 1080w\" sizes=\"auto, (max-width: 640px) 100vw, 640px\" \/><\/strong><\/p>\n<p><strong>Ime \/ Name<br \/>\n<\/strong>Arheoloski lokalitet \/ arch\u00e4ologische St\u00e4tte \u00bbGradina\u00ab<\/p>\n<p><strong>Code: <\/strong>JE-PO-03\u00a0 \u00a0 \u00a0 \u00a0 \u00a0 \u00a0 \u00a0 \u00a0 \u00a0 \u00a0 \u00a0 \u00a0 \u00a0 \u00a0 \u00a0\u00a0<strong><a href=\"https:\/\/www.topohvar.at\/orte\/je\/je-po-02-1\/\"><img loading=\"lazy\" decoding=\"async\" class=\"alignnone wp-image-533 size-full\" src=\"https:\/\/www.topohvar.at\/wp-content\/uploads\/2018\/07\/push-l-30.jpg\" alt=\"\" width=\"61\" height=\"30\" \/><\/a> <a href=\"https:\/\/www.topohvar.at\/orte\/je\/\"><img loading=\"lazy\" decoding=\"async\" class=\"alignnone wp-image-535 size-full\" src=\"https:\/\/www.topohvar.at\/wp-content\/uploads\/2018\/07\/push-o-30.jpg\" alt=\"\" width=\"61\" height=\"30\" \/><\/a> <a href=\"https:\/\/www.topohvar.at\/orte\/je\/je-po-04-1\/\"><img loading=\"lazy\" decoding=\"async\" class=\"alignnone wp-image-536 size-full\" src=\"https:\/\/www.topohvar.at\/wp-content\/uploads\/2018\/07\/push-r-30.jpg\" alt=\"\" width=\"61\" height=\"30\" \/><\/a><\/strong><\/p>\n<hr \/>\n<p><strong>Adresa \/ Adresse<br \/>\n<\/strong>Jelsa, Gradina<\/p>\n<p><strong>Lokacija \/ Position<a href=\"https:\/\/goo.gl\/maps\/bf3dYWWC1bVz2uYX8\"><img loading=\"lazy\" decoding=\"async\" class=\"alignright wp-image-9402\" src=\"https:\/\/www.topohvar.at\/wp-content\/uploads\/2018\/09\/1355.jpg\" alt=\"\" width=\"133\" height=\"100\" \/><\/a><br \/>\n<\/strong><span style=\"color: #3366ff;\"><a style=\"color: #3366ff;\" href=\"https:\/\/goo.gl\/maps\/bf3dYWWC1bVz2uYX8\">Latitude: N 43,16498\u00b0\u00a0 \u00a0Longitude: E 16,70394\u00b0<\/a> <\/span><strong><br \/>\n<\/strong>Visina \/ H\u00f6he: 15 m<\/p>\n<p><strong>Katastarska \u010destica <\/strong><strong>\/ Grundst\u00fccke<br \/>\n<\/strong><\/p>\n<p>Zona \/ Zone A: *565, 2475\/1, 2475\/2, 2475\/3, 2476, 2481, 2483, 2484, 2485, 2486, 2488, 2489\/1, 2489\/2, 2489\/3, 2489\/4, 2489\/5, 2489\/6, 2489\/7<br \/>\nZona \/ Zone B:\u00a01735, dio \/ Teil 1728\/1, 2474\/1, 2474\/2, 2474\/3, 2474\/4, 2474\/5, 2474\/6, 2492\/1, 2492\/2, 2492\/3, 2492\/4, dio \/ Teil 5591, 2494, 2496<\/p>\n<div class='content-column one_half'><div style=\"padding-right:6px;\"><p><strong>Datum snimanja \/ Erfassungsdatum<br \/>\n<\/strong>26.05.2013 15:00:00<\/p>\n<hr \/>\n<p><strong>Informacije<\/strong><\/p>\n<p>Na poluotoku Gradini u kasnoanti\u010dko doba nalazio se bizantski kastrum. Danas vidljivi ostaci starijih zidova, prema novijim istra\u017eivanjima, pripadaju kasnoanti\u010dkom kastrumu iz 6. st.\u00a0Neki istra\u017eiva\u010di sugeriraju da je ovo vrlo utvr\u0111eno podru\u010dje na poluotoku Gradine najvjerojatnije drevno naselje (Civitas vetus Ielsa) ve\u0107 spomenuto u srednjovjekovnom hrvatskom statutu (1331.).<\/p><\/div><\/div><div class='content-column one_half last_column'><div style=\"padding-right:0px;padding-left:6px;\"><p><strong>Stupanj za\u0161tite<\/strong><strong> \/ Schutzstellung<br \/>\n<\/strong>Z-6746, P-1956<\/p>\n<hr \/>\n<p><strong>Info<\/strong><\/p>\n<p>Auf der Halbinsel Gradina stand in der Sp\u00e4tantike eine byzantinische Festung. Heute geh\u00f6ren die \u00dcberreste der \u00e4lteren Mauern nach j\u00fcngsten Forschungen zu dem sp\u00e4ten Castrum aus dem 6. Jh.\u00a0Einige Forscher vermuten, dass eben dieser g\u00e4nzlich fortifizierte Raum auf der Halbinsel Gradine am aller wahrscheinlichsten jene alte Siedlung <em>(Civitas vetus Ielsa) <\/em>darstellt, von der bereits in dem mittelalterlichen kroatischen Statut (1331) die Rede ist.<\/p><\/div><\/div><div class='clear_column'><\/div><div class='content-column one_half'><div style=\"padding-right:6px;\"><p>Poluotok je s ju\u017ene strane zatvoren velikim obrambenim zidom du\u017eine oko 150 m i \u0161irine 1,4 m koji je podignut u kasnoj antici. Najvi\u0161a o\u010duvana visina je 5,5 m. Zid je imao \u0161etnicu na visini od 4 m. Oba lica i sredi\u0161nji dio zida gra\u0111eni su od kamena mije\u0161anim sa \u017ebukom. Dio zida je uni\u0161ten prema moru i u sredini gdje je ulaz u autokamp. Zid je, kako se \u010dini, i\u0161ao oko cijelog poluotoka.<\/p><\/div><\/div><div class='content-column one_half last_column'><div style=\"padding-right:0px;padding-left:6px;\"><p>Auf der S\u00fcdseite ist die Halbinsel durch eine gro\u00dfe Verteidigungsmauer von etwa 150 m L\u00e4nge und 1,4 m Breite geschlossen, die in der Sp\u00e4tantike errichtet wurde. Die h\u00f6chste erhaltene H\u00f6he betr\u00e4gt 5,5 m. Die Mauer hatte einen Gehweg in einer H\u00f6he von 4 m. Beide Seiten und der mittlere Teil der Mauer wurden aus Stein und M\u00f6rtel gebaut. Ein Teil der Mauer wurde zum Meer hin und in der Mitte, wo sich der Eingang zum Campingplatz befindet, zerst\u00f6rt. Die Mauer scheint um die gesamte Halbinsel herumgef\u00fchrt zu haben.<\/p><\/div><\/div><div class='clear_column'><\/div><div class='content-column one_half'><div style=\"padding-right:6px;\"><p>Na poluotoku se nalazi autokamp te je lokalitet vjerojatno dobrim dijelom uni\u0161ten pripremom terena prije otvaranja autokampa. Pretpostavlja se da je lokalitet kasnoanti\u010dkog odnosno ranobizantskog porijekla. Izgra\u0111eni zid (bedem) nije imao samo funkciju da pregradi poluotok nego je zatvarao i uvalu Mina.<\/p><\/div><\/div><div class='content-column one_half last_column'><div style=\"padding-right:0px;padding-left:6px;\"><p>Auf der Halbinsel befindet sich ein Campingplatz, und der Standort wurde wahrscheinlich gr\u00f6\u00dftenteils durch die Vorbereitung des Gel\u00e4ndes vor der Er\u00f6ffnung des Campingplatzes zerst\u00f6rt. Es wird angenommen, dass der Standort sp\u00e4tantiken oder fr\u00fchbyzantinischen Ursprungs ist. Die errichtete Mauer (Wall) hatte nicht nur die Funktion, die Halbinsel zu trennen, sondern schloss auch die Bucht Mina ein.<\/p><\/div><\/div><div class='clear_column'><\/div><\/p>\n<p style=\"text-align: center;\"><em>(Izvor\/Quelle: <span style=\"color: #3366ff;\"><a style=\"color: #3366ff;\" href=\"http:\/\/baza.iarh.hr\/public\/locality\/detail\/2239\">Anti\u010dka arheolo\u0161ka nalazi\u0161ta RH<\/a><\/span>)<\/em><\/p>\n<div class='content-column one_third'><div style=\"padding-right:6px;\"><p>Obrambeni zid Kastruma imao je duljinu od 800 m. Pristup poluotoku i dalje je blokiran zidom duljine 172 m, debljine 1,30 m i visine nekih do 3 m.<\/p><\/div><\/div><div class='content-column one_third'><div style=\"padding-right:6px;\"><div id=\"attachment_31584\" style=\"width: 200px\" class=\"wp-caption aligncenter\"><img loading=\"lazy\" decoding=\"async\" aria-describedby=\"caption-attachment-31584\" class=\"wp-image-31584\" src=\"https:\/\/www.topohvar.at\/wp-content\/uploads\/2020\/02\/je-po-03-10.jpg\" alt=\"\" width=\"190\" height=\"190\" srcset=\"https:\/\/www.topohvar.at\/wp-content\/uploads\/2020\/02\/je-po-03-10.jpg 205w, https:\/\/www.topohvar.at\/wp-content\/uploads\/2020\/02\/je-po-03-10-150x150.jpg 150w\" sizes=\"auto, (max-width: 190px) 100vw, 190px\" \/><p id=\"caption-attachment-31584\" class=\"wp-caption-text\">(foto iz arhiva KO Split)<\/p><\/div><\/div><\/div><div class='content-column one_third last_column'><div style=\"padding-right:0px;padding-left:6px;\"><p>Die Verteidigungsmauer des Castrum hatte eine L\u00e4nge von 800 m. Der Zugang zur Halbinsel wird auch heute noch von einem Wall versperrt der 172 m L\u00e4nge, 1,30 m Dicke und einer H\u00f6he von teilweise bis zu 3 m aufweist.<\/p><\/div><\/div><div class='clear_column'><\/div><div class='content-column one_half'><div style=\"padding-right:6px;\"><p>Na njegovim ru\u0161evinama se 1604. g. gradi augustinski samostan. Mleta\u010dka vlast je 1787. g. inkamerirala samostan. Od godine 1850. je na Gradini mjesno groblje.<\/p><\/div><\/div><div class='content-column one_half last_column'><div style=\"padding-right:0px;padding-left:6px;\"><p>Auf seinen Ruinen wurde im Jahr 1604 ein Augustinerkloster errichtet. Die venezianische Beh\u00f6rde hob 1787 das Kloster auf. Seit 1850 besteht hier der Ortsfriedhof.<\/p><\/div><\/div><div class='clear_column'><\/div><div class='content-column one_half'><div style=\"padding-right:6px;\"><p>Registar kulturnih dobara Republike Hrvatske br. 01\/2016.<br \/>\nDatum tiskanog izdanja: 18.5.2016.<br \/>\nBroj registra: Z-6746<\/p><\/div><\/div><div class='content-column one_half last_column'><div style=\"padding-right:0px;padding-left:6px;\"><p>Register der Kulturg\u00fcter der Republik Kroatien Nr. 01\/2016<br \/>\nVer\u00f6ffentlichungsdatum: 18.5.2016.<br \/>\nRegistriernummer: Z-6746<\/p><\/div><\/div><div class='clear_column'><\/div><\/p>\n<p style=\"text-align: right;\"><span style=\"color: #3366ff;\"><a style=\"color: #3366ff;\" href=\"#seite_oben\">natrag na vrh \/ Seitenanfang<\/a><\/span><\/p>\n<hr \/>\n<p><strong>Linkovi \/ Links<\/strong><\/p>\n<p><span style=\"color: #3366ff;\"><a style=\"color: #3366ff;\" href=\"https:\/\/www.topohvar.at\/orte\/je\/je-ca-01-1\/\">Augustinski samostan \/ Augustinerkloster<\/a><br \/>\n<a style=\"color: #3366ff;\" href=\"https:\/\/www.topohvar.at\/orte\/je\/je-ci-04-1\/\">Crkva \/ Kirche \u00bbna Gradini\u00ab<\/a><\/span><br \/>\n<span style=\"color: #3366ff;\"><a style=\"color: #3366ff;\" href=\"https:\/\/www.topohvar.at\/orte\/je\/je-og-01-1\/\">Mjesno groblje \/ Ortsftriedhof<\/a><\/span><\/p>\n","protected":false},"excerpt":{"rendered":"<p>Ime \/ Name Arheoloski lokalitet \/ arch\u00e4ologische St\u00e4tte \u00bbGradina\u00ab Code: JE-PO-03\u00a0 \u00a0 \u00a0 \u00a0 \u00a0 \u00a0 \u00a0 \u00a0 \u00a0 \u00a0 \u00a0 \u00a0 \u00a0 \u00a0 \u00a0\u00a0 Adresa \/ Adresse Jelsa, Gradina Lokacija \/ Position Latitude: N 43,16498\u00b0\u00a0 \u00a0Longitude: E 16,70394\u00b0 Visina &hellip; <a href=\"https:\/\/www.topohvar.at\/topo\/orte\/je\/je-po-03-1\/\">Weiterlesen <span class=\"meta-nav\">&rarr;<\/span><\/a><\/p>\n","protected":false},"author":1,"featured_media":0,"parent":85,"menu_order":0,"comment_status":"closed","ping_status":"closed","template":"","meta":{"footnotes":""},"class_list":["post-8893","page","type-page","status-publish","hentry"],"_links":{"self":[{"href":"https:\/\/www.topohvar.at\/topo\/wp-json\/wp\/v2\/pages\/8893","targetHints":{"allow":["GET"]}}],"collection":[{"href":"https:\/\/www.topohvar.at\/topo\/wp-json\/wp\/v2\/pages"}],"about":[{"href":"https:\/\/www.topohvar.at\/topo\/wp-json\/wp\/v2\/types\/page"}],"author":[{"embeddable":true,"href":"https:\/\/www.topohvar.at\/topo\/wp-json\/wp\/v2\/users\/1"}],"replies":[{"embeddable":true,"href":"https:\/\/www.topohvar.at\/topo\/wp-json\/wp\/v2\/comments?post=8893"}],"version-history":[{"count":17,"href":"https:\/\/www.topohvar.at\/topo\/wp-json\/wp\/v2\/pages\/8893\/revisions"}],"predecessor-version":[{"id":70813,"href":"https:\/\/www.topohvar.at\/topo\/wp-json\/wp\/v2\/pages\/8893\/revisions\/70813"}],"up":[{"embeddable":true,"href":"https:\/\/www.topohvar.at\/topo\/wp-json\/wp\/v2\/pages\/85"}],"wp:attachment":[{"href":"https:\/\/www.topohvar.at\/topo\/wp-json\/wp\/v2\/media?parent=8893"}],"curies":[{"name":"wp","href":"https:\/\/api.w.org\/{rel}","templated":true}]}}