{"id":8895,"date":"2018-08-31T09:21:27","date_gmt":"2018-08-31T07:21:27","guid":{"rendered":"https:\/\/www.topohvar.at\/?page_id=8895"},"modified":"2024-12-16T15:58:23","modified_gmt":"2024-12-16T14:58:23","slug":"je-po-04-1","status":"publish","type":"page","link":"https:\/\/www.topohvar.at\/topo\/orte\/je\/je-po-04-1\/","title":{"rendered":"JELSA &#8211; Anti\u010dko nazali\u0161te \u00bbUvala Carkvica i crkvica Sv. Luke\u00ab"},"content":{"rendered":"<p><a name=\"seite_oben\"><\/a><strong><img loading=\"lazy\" decoding=\"async\" class=\"alignnone wp-image-8612 size-large\" src=\"https:\/\/www.topohvar.at\/wp-content\/uploads\/2018\/08\/je-po-04-0-1024x503.jpg\" alt=\"\" width=\"640\" height=\"314\" srcset=\"https:\/\/www.topohvar.at\/wp-content\/uploads\/2018\/08\/je-po-04-0-1024x503.jpg 1024w, https:\/\/www.topohvar.at\/wp-content\/uploads\/2018\/08\/je-po-04-0-300x147.jpg 300w, https:\/\/www.topohvar.at\/wp-content\/uploads\/2018\/08\/je-po-04-0-768x377.jpg 768w, https:\/\/www.topohvar.at\/wp-content\/uploads\/2018\/08\/je-po-04-0.jpg 1080w\" sizes=\"auto, (max-width: 640px) 100vw, 640px\" \/><\/strong><\/p>\n<p><strong>Ime \/ Name<br \/>\n<\/strong>Anti\u010dko nazali\u0161te \u00bbUvala Carkvica i crkvica Sv. Luke\u00ab \/ Antike St\u00e4tte <em>Bucht Carkvica<\/em> und <em>Kapelle des hl. Lukas<\/em><\/p>\n<p><strong>Code: <\/strong>JE-PO-04\u00a0 \u00a0 \u00a0 \u00a0 \u00a0 \u00a0 \u00a0 \u00a0 \u00a0 \u00a0 \u00a0 \u00a0 \u00a0 \u00a0 \u00a0\u00a0<strong><a href=\"https:\/\/www.topohvar.at\/orte\/je\/je-po-03-1\/\"><img loading=\"lazy\" decoding=\"async\" class=\"alignnone wp-image-533 size-full\" src=\"https:\/\/www.topohvar.at\/wp-content\/uploads\/2018\/07\/push-l-30.jpg\" alt=\"\" width=\"61\" height=\"30\" \/><\/a> <a href=\"https:\/\/www.topohvar.at\/orte\/je\/\"><img loading=\"lazy\" decoding=\"async\" class=\"alignnone wp-image-535 size-full\" src=\"https:\/\/www.topohvar.at\/wp-content\/uploads\/2018\/07\/push-o-30.jpg\" alt=\"\" width=\"61\" height=\"30\" \/><\/a> <a href=\"https:\/\/www.topohvar.at\/orte\/je\/je-po-05-1\/\"><img loading=\"lazy\" decoding=\"async\" class=\"alignnone wp-image-536 size-full\" src=\"https:\/\/www.topohvar.at\/wp-content\/uploads\/2018\/07\/push-r-30.jpg\" alt=\"\" width=\"61\" height=\"30\" \/><\/a><\/strong><\/p>\n<hr \/>\n<p><strong>Adresa \/ Adresse<br \/>\n<\/strong>Jelsa, Uvala Crkvica<\/p>\n<p><strong>Lokacija \/ Position<a href=\"https:\/\/goo.gl\/maps\/b5TQkyUF4vRJ18679\"><img loading=\"lazy\" decoding=\"async\" class=\"alignright wp-image-8996\" src=\"https:\/\/www.topohvar.at\/wp-content\/uploads\/2018\/09\/0396.jpg\" alt=\"\" width=\"133\" height=\"100\" \/><\/a><br \/>\n<\/strong><span style=\"color: #3366ff;\"><a style=\"color: #3366ff;\" href=\"https:\/\/goo.gl\/maps\/b5TQkyUF4vRJ18679\">Latitude: N 43,15816\u00b0\u00a0 \u00a0Longitude: E 16,72560\u00b0<\/a> <\/span><strong><br \/>\n<\/strong>Visina \/ H\u00f6he: 1 m<\/p>\n<p><strong>Katastarska \u010destica <\/strong><strong>\/ Grundst\u00fccke<br \/>\n<\/strong><\/p>\n<p>452, 456\/1, 456\/2, 4122, 4123, 4121\/1, 4116, 4119\/1, 4119\/3, 4113, 4112, 4114, 4109, 2696\/1, 2696\/2, 2696\/3, 2696\/4, 2696\/5, 2698\/1, 2698\/2, 2698\/3, 2698\/4, 2693, 2694, 2689, 2688\/1, 2688\/2, 4120, 5532\/1, 5532\/2, 5532\/3, 5532\/4, 5532\/5, 5532\/6, 5532\/7, 5540<\/p>\n<div class='content-column one_half'><div style=\"padding-right:6px;\"><p><strong>Datum snimanja \/ Erfassungsdatum<br \/>\n<\/strong>25.05.2013 12:50:00<\/p>\n<hr \/>\n<p><strong>Informacije<\/strong><\/p>\n<p>Isto\u010dno od Jelse nalazi se arheolo\u0161ko nalazi\u0161te Sv. Luke. Uz more su prona\u0111eni ostaci rimske vile, kasnoanti\u010dki grobnici i kapela sv. Luke \u010dije je pokroviteljstvo bilo najstarije plemstvo iz 14. stolje\u0107a.<\/p><\/div><\/div><div class='content-column one_half last_column'><div style=\"padding-right:0px;padding-left:6px;\"><p><strong>Stupanj za\u0161tite<\/strong><strong> \/ Schutzstellung<br \/>\n<\/strong>&#8211;<\/p>\n<hr \/>\n<p><strong>Info<\/strong><\/p>\n<p>\u00d6stlich von Jelsa befindet sich die arch\u00e4ologische St\u00e4tte Sv. Luka. Am Meer fanden sich \u00dcberreste einer r\u00f6mischen Villa, sp\u00e4tantike Gr\u00e4ber und die Kapelle zum hl. Lukas deren Schirmherrschaft der \u00e4lteste Adel aus dem 14. Jh. war.<\/p><\/div><\/div><div class='clear_column'><\/div><\/p>\n<hr \/>\n<div class='content-column one_half'><div style=\"padding-right:6px;\"><p>Dvije kasnoanti\u010dke grobnice tipa \u201ctomba a pozzo\u201d.<\/p><\/div><\/div><div class='content-column one_half last_column'><div style=\"padding-right:0px;padding-left:6px;\"><p>Zwei sp\u00e4tantike Gr\u00e4ber vom Typ \u201etomba a pozzo\u201c.<\/p><\/div><\/div><div class='clear_column'><\/div><\/p>\n<div id=\"attachment_69456\" style=\"width: 632px\" class=\"wp-caption alignnone\"><img loading=\"lazy\" decoding=\"async\" aria-describedby=\"caption-attachment-69456\" class=\"wp-image-69456 size-full\" src=\"https:\/\/www.topohvar.at\/wp-content\/uploads\/2024\/08\/je-po-04-20.jpg\" alt=\"\" width=\"622\" height=\"530\" srcset=\"https:\/\/www.topohvar.at\/wp-content\/uploads\/2024\/08\/je-po-04-20.jpg 622w, https:\/\/www.topohvar.at\/wp-content\/uploads\/2024\/08\/je-po-04-20-300x256.jpg 300w\" sizes=\"auto, (max-width: 622px) 100vw, 622px\" \/><p id=\"caption-attachment-69456\" class=\"wp-caption-text\"><em>Foto: Nik\u0161a Vujnovi\u0107<\/em><\/p><\/div>\n<p style=\"text-align: right;\"><span style=\"color: #3366ff;\"><a style=\"color: #3366ff;\" href=\"#seite_oben\">natrag na vrh \/ Seitenanfang<\/a><\/span><\/p>\n<hr \/>\n<p><strong>Linkovi \/ Links<\/strong><\/p>\n<p><span style=\"color: #3366ff;\"><a style=\"color: #3366ff;\" href=\"https:\/\/www.topohvar.at\/topo\/orte\/je\/je-au-10-1\/#je-16\">Uvala Carkvica<\/a><br \/>\n<a style=\"color: #3366ff;\" href=\"https:\/\/www.topohvar.at\/orte\/je\/je-cp-05-1\/\">Kapela \u00bbSv. Luka (Carkvica)\u00ab \/ Kapelle des hl. Lukas (Carkvica)<\/a><\/span><\/p>\n","protected":false},"excerpt":{"rendered":"<p>Ime \/ Name Anti\u010dko nazali\u0161te \u00bbUvala Carkvica i crkvica Sv. Luke\u00ab \/ Antike St\u00e4tte Bucht Carkvica und Kapelle des hl. Lukas Code: JE-PO-04\u00a0 \u00a0 \u00a0 \u00a0 \u00a0 \u00a0 \u00a0 \u00a0 \u00a0 \u00a0 \u00a0 \u00a0 \u00a0 \u00a0 \u00a0\u00a0 Adresa \/ Adresse &hellip; <a href=\"https:\/\/www.topohvar.at\/topo\/orte\/je\/je-po-04-1\/\">Weiterlesen <span class=\"meta-nav\">&rarr;<\/span><\/a><\/p>\n","protected":false},"author":1,"featured_media":0,"parent":85,"menu_order":0,"comment_status":"closed","ping_status":"closed","template":"","meta":{"footnotes":""},"class_list":["post-8895","page","type-page","status-publish","hentry"],"_links":{"self":[{"href":"https:\/\/www.topohvar.at\/topo\/wp-json\/wp\/v2\/pages\/8895","targetHints":{"allow":["GET"]}}],"collection":[{"href":"https:\/\/www.topohvar.at\/topo\/wp-json\/wp\/v2\/pages"}],"about":[{"href":"https:\/\/www.topohvar.at\/topo\/wp-json\/wp\/v2\/types\/page"}],"author":[{"embeddable":true,"href":"https:\/\/www.topohvar.at\/topo\/wp-json\/wp\/v2\/users\/1"}],"replies":[{"embeddable":true,"href":"https:\/\/www.topohvar.at\/topo\/wp-json\/wp\/v2\/comments?post=8895"}],"version-history":[{"count":21,"href":"https:\/\/www.topohvar.at\/topo\/wp-json\/wp\/v2\/pages\/8895\/revisions"}],"predecessor-version":[{"id":70819,"href":"https:\/\/www.topohvar.at\/topo\/wp-json\/wp\/v2\/pages\/8895\/revisions\/70819"}],"up":[{"embeddable":true,"href":"https:\/\/www.topohvar.at\/topo\/wp-json\/wp\/v2\/pages\/85"}],"wp:attachment":[{"href":"https:\/\/www.topohvar.at\/topo\/wp-json\/wp\/v2\/media?parent=8895"}],"curies":[{"name":"wp","href":"https:\/\/api.w.org\/{rel}","templated":true}]}}