{"id":9462,"date":"2018-09-03T08:50:27","date_gmt":"2018-09-03T06:50:27","guid":{"rendered":"https:\/\/www.topohvar.at\/?page_id=9462"},"modified":"2025-01-06T15:52:15","modified_gmt":"2025-01-06T14:52:15","slug":"pr-tg-02-1","status":"publish","type":"page","link":"https:\/\/www.topohvar.at\/topo\/orte\/pr\/pr-tg-02-1\/","title":{"rendered":"PRAPATNA &#8211; Ku\u0107a \u00bbAngelini (Angjelinovi\u0107)\u00ab"},"content":{"rendered":"<p><a name=\"seite_oben\"><\/a><br \/>\n<strong><img loading=\"lazy\" decoding=\"async\" class=\"aligncenter wp-image-24558 size-large\" src=\"https:\/\/www.topohvar.at\/wp-content\/uploads\/2019\/10\/pr-tg-02-1-1024x503.jpg\" alt=\"\" width=\"640\" height=\"314\" srcset=\"https:\/\/www.topohvar.at\/wp-content\/uploads\/2019\/10\/pr-tg-02-1-1024x503.jpg 1024w, https:\/\/www.topohvar.at\/wp-content\/uploads\/2019\/10\/pr-tg-02-1-300x147.jpg 300w, https:\/\/www.topohvar.at\/wp-content\/uploads\/2019\/10\/pr-tg-02-1-768x377.jpg 768w, https:\/\/www.topohvar.at\/wp-content\/uploads\/2019\/10\/pr-tg-02-1.jpg 1080w\" sizes=\"auto, (max-width: 640px) 100vw, 640px\" \/><\/strong><\/p>\n<p><strong>Ime \/ Name<br \/>\n<\/strong>Ku\u0107a \/ Haus \u00bbAngelini (Angjelinovi\u0107)\u00ab<\/p>\n<p><strong>Code: <\/strong>PR-TG-02\u00a0 \u00a0 \u00a0 \u00a0 \u00a0 \u00a0 \u00a0 \u00a0 \u00a0 \u00a0 \u00a0 \u00a0 \u00a0<strong>\u00a0 \u00a0 \u00a0 \u00a0 \u00a0\u00a0 \u00a0 \u00a0 \u00a0<a href=\"https:\/\/www.topohvar.at\/orte\/pr\/\"><img loading=\"lazy\" decoding=\"async\" class=\"alignnone wp-image-535 size-full\" src=\"https:\/\/www.topohvar.at\/wp-content\/uploads\/2018\/07\/push-o-30.jpg\" alt=\"\" width=\"61\" height=\"30\" \/><\/a>\u00a0 \u00a0 \u00a0\u00a0<\/strong><\/p>\n<hr \/>\n<p><strong>Adresa \/ Adresse<br \/>\n<\/strong>Vela Prapatna<\/p>\n<p><strong>Lokacija \/ Position<a href=\"https:\/\/goo.gl\/maps\/UTB1e5BoaahaqZobA\"><img loading=\"lazy\" decoding=\"async\" class=\"alignright wp-image-24557\" src=\"https:\/\/www.topohvar.at\/wp-content\/uploads\/2019\/10\/2102.jpg\" alt=\"\" width=\"133\" height=\"100\" \/><\/a><br \/>\n<\/strong><span style=\"color: #3366ff;\"><a style=\"color: #3366ff;\" href=\"https:\/\/goo.gl\/maps\/UTB1e5BoaahaqZobA\">Latitude: N 43,15868\u00b0\u00a0 \u00a0 Longitude: E 16,74900\u00b0<\/a>\u00a0<\/span><strong><br \/>\n<\/strong>Visina \/ H\u00f6he: 1 m<\/p>\n<p><strong>Katastarska \u010destica <\/strong><strong>\/ Grundst\u00fccke<br \/>\n<\/strong>*474\/1, *474\/2 <div class='content-column one_half'><div style=\"padding-right:6px;\"><p><strong>Datum snimanja \/ Erfassungsdatum<br \/>\n<\/strong>19.10.2019 13:00:56<\/p>\n<hr \/>\n<p><strong>Informacije<\/strong><\/p>\n<p>Tjekom 17. I 18. stolje\u010da An\u0111elinovi\u0107i sagradili cijeli niz manjih ladanjsko-gospodarski sklopova smje\u0161tenih u uvalama njihovog veleposjeda. Najzna\u010dajniji je ljetnikovac u uvali Prapatna kod Jelse, te ljetnikovci u uvalama \u010crvnju, Smarskoj, Veloj Stinivi, te Maloj Stinivi za \u010diju gradnju su bra\u0107a Ivan i Pavao An\u0111elinovi\u0107 1793. godine dobili parcelu veli\u010dine 10 za 4 mleta\u010dka koraka.<\/p><\/div><\/div><div class='content-column one_half last_column'><div style=\"padding-right:0px;padding-left:6px;\"><p><strong>Stupanj za\u0161tite<\/strong><strong> \/ Schutzstellung<br \/>\n<\/strong>&#8211;<\/p>\n<hr \/>\n<p><strong>Info<\/strong><\/p>\n<p>Im 17. und 18. Jh. errichteten die An\u0111elinovi\u0107i eine ganze Reihe kleiner l\u00e4ndlicher Wirtschaftseinheiten auf ihren Anwesen in den Buchten. Das bedeutendste Herrenhaus steht in der Bucht von Prapatna bei Jelsa und weitere Sommerh\u00e4user in den Buchten von \u010crnja, Smarka, Velika Stiniva und Mali Stiniva, f\u00fcr deren Bau die Br\u00fcder Ivan und Pavao An\u0111elinovi\u0107 im Jahr 1793 ein Grundst\u00fcck von 10 x 4 venezianische Koroka.<\/p><\/div><\/div><div class='clear_column'><\/div><div class='content-column one_half'><div style=\"padding-right:6px;\"><p>Uz more, a ispod ceste na prastarom putu je uvala Prapratna, s ladanjskom ku\u0107om Angelini iz XVIII st. sasvim seoskog izgleda, bez ikakvih gradskih elemenata.<\/p><\/div><\/div><div class='content-column one_half last_column'><div style=\"padding-right:0px;padding-left:6px;\"><p>Am Meer, unterhalb der Stra\u00dfe befindet sich die Bucht Prapratna mit dem Landhaus Angelini aus dem achtzehnten Jahrhundert. Es hat l\u00e4ndliches Aussehen, ohne urbane Elemente.<\/p><\/div><\/div><div class='clear_column'><\/div><div class='content-column one_half'><div style=\"padding-right:6px;\"><p>Danas ku\u0107u mo\u017eete unajmiti kao odmor.<\/p><\/div><\/div><div class='content-column one_half last_column'><div style=\"padding-right:0px;padding-left:6px;\"><p>Heute kann man das Haus als Urlabsaufenthalt mieten.<\/p><\/div><\/div><div class='clear_column'><\/div><\/p>\n<p style=\"text-align: right;\"><span style=\"color: #3366ff;\"><a style=\"color: #3366ff;\" href=\"#seite_oben\">natrag na vrh \/ Seitenanfang<\/a><\/span><\/p>\n<hr \/>\n<p><strong>Linkovi \/ Links<\/strong><\/p>\n<p><span style=\"color: #3366ff;\"><strong><a style=\"color: #3366ff;\" href=\"https:\/\/www.topohvar.at\/topo\/orte\/za\/za-tg-02-1\/\">Vi\u0161e o obitelji Angelin \/ Mehr \u00fcber die Familie Angelini<\/a><\/strong><\/span><\/p>\n<p><span style=\"color: #3366ff;\"><a style=\"color: #3366ff;\" href=\"https:\/\/www.topohvar.at\/topo\/orte\/bo\/bo-tg-04-2\/\">BOGOMOLJE, Smrska \u2013 Ku\u0107a \/ Haus \u00bbAngelini (Angjelinovi\u0107, danas \/ heute Viskovi\u0107)\u00ab<\/a><br \/>\n<a style=\"color: #3366ff;\" href=\"https:\/\/www.topohvar.at\/topo\/orte\/za\/za-tg-01-1\/\">ZASTRA\u017dI\u0160\u0106E \u2013 Veliki sklop \/ Baukomplex \u00bbAngelini\u00ab<\/a><\/span><br \/>\n<span style=\"color: #3366ff;\"><a style=\"color: #3366ff;\" href=\"https:\/\/www.topohvar.at\/topo\/orte\/za\/za-tg-03-1\/\">ZASTRA\u017dI\u0160\u0106E, \u010crvanj &#8211; Ku\u0107a \/ Haus \u00bbAngelini (Angjelinovi\u0107, kasnije \/ sp\u00e4ter Dubokovi\u0107 Nadalini)\u00ab<\/a>\u00a0<\/span><br \/>\n<span style=\"color: #3366ff;\"><a style=\"color: #3366ff;\" href=\"https:\/\/www.topohvar.at\/topo\/orte\/za\/za-tg-02-1\/\">ZASTRA\u017dI\u0160\u0106E, Vela Stiniva \u2013 Ljetnikovac \/ Sommerhaus \u00bbAngelini\u00ab<\/a><\/span><br \/>\n<span style=\"color: #3366ff;\"><a style=\"color: #3366ff;\" href=\"https:\/\/www.topohvar.at\/topo\/orte\/za\/za-td-01-1\/\">ZASTRA\u017dI\u0160\u0106E \u2013 Dvije kule u Zastra\u017ei\u0161\u0107u \/ zwei T\u00fcrme in Zastra\u017ei\u0161\u0107e<\/a><\/span><br \/>\n<span style=\"color: #3366ff;\"><a style=\"color: #3366ff;\" href=\"https:\/\/www.topohvar.at\/topo\/orte\/za\/za-ig-01-1\/\">ZASTRA\u017dI\u0160\u0106E \u2013 Grb \/ Wappen \u00bbAn\u0111elinovi\u0107-Angelini\u00ab<\/a><\/span><br \/>\n<span style=\"color: #3366ff;\"><a style=\"color: #3366ff;\" href=\"https:\/\/www.topohvar.at\/topo\/orte\/za\/za-in-01-1\/\">ZASTRA\u017dI\u0160\u0106E \u2013 Natpis \/ Inschrift \u00bbMDCXXIIII\u00ab<\/a><\/span><\/p>\n","protected":false},"excerpt":{"rendered":"<p>Ime \/ Name Ku\u0107a \/ Haus \u00bbAngelini (Angjelinovi\u0107)\u00ab Code: PR-TG-02\u00a0 \u00a0 \u00a0 \u00a0 \u00a0 \u00a0 \u00a0 \u00a0 \u00a0 \u00a0 \u00a0 \u00a0 \u00a0\u00a0 \u00a0 \u00a0 \u00a0 \u00a0\u00a0 \u00a0 \u00a0 \u00a0\u00a0 \u00a0 \u00a0\u00a0 Adresa \/ Adresse Vela Prapatna Lokacija \/ Position Latitude: &hellip; <a href=\"https:\/\/www.topohvar.at\/topo\/orte\/pr\/pr-tg-02-1\/\">Weiterlesen <span class=\"meta-nav\">&rarr;<\/span><\/a><\/p>\n","protected":false},"author":1,"featured_media":0,"parent":129,"menu_order":0,"comment_status":"closed","ping_status":"closed","template":"","meta":{"footnotes":""},"class_list":["post-9462","page","type-page","status-publish","hentry"],"_links":{"self":[{"href":"https:\/\/www.topohvar.at\/topo\/wp-json\/wp\/v2\/pages\/9462","targetHints":{"allow":["GET"]}}],"collection":[{"href":"https:\/\/www.topohvar.at\/topo\/wp-json\/wp\/v2\/pages"}],"about":[{"href":"https:\/\/www.topohvar.at\/topo\/wp-json\/wp\/v2\/types\/page"}],"author":[{"embeddable":true,"href":"https:\/\/www.topohvar.at\/topo\/wp-json\/wp\/v2\/users\/1"}],"replies":[{"embeddable":true,"href":"https:\/\/www.topohvar.at\/topo\/wp-json\/wp\/v2\/comments?post=9462"}],"version-history":[{"count":12,"href":"https:\/\/www.topohvar.at\/topo\/wp-json\/wp\/v2\/pages\/9462\/revisions"}],"predecessor-version":[{"id":54308,"href":"https:\/\/www.topohvar.at\/topo\/wp-json\/wp\/v2\/pages\/9462\/revisions\/54308"}],"up":[{"embeddable":true,"href":"https:\/\/www.topohvar.at\/topo\/wp-json\/wp\/v2\/pages\/129"}],"wp:attachment":[{"href":"https:\/\/www.topohvar.at\/topo\/wp-json\/wp\/v2\/media?parent=9462"}],"curies":[{"name":"wp","href":"https:\/\/api.w.org\/{rel}","templated":true}]}}