{"id":9520,"date":"2018-09-03T13:58:43","date_gmt":"2018-09-03T11:58:43","guid":{"rendered":"https:\/\/www.topohvar.at\/?page_id=9520"},"modified":"2025-05-21T17:26:08","modified_gmt":"2025-05-21T15:26:08","slug":"gm-tg-03-1","status":"publish","type":"page","link":"https:\/\/www.topohvar.at\/topo\/orte\/gm\/gm-tg-03-1\/","title":{"rendered":"MALO GRABLJE &#8211; Zgrada javne \u00bbBiv\u0161i Dom Zadruga\u00ab"},"content":{"rendered":"<p><a name=\"seite_oben\"><\/a><br \/>\n<strong><img loading=\"lazy\" decoding=\"async\" class=\"alignnone wp-image-9509 size-large\" src=\"https:\/\/www.topohvar.at\/wp-content\/uploads\/2018\/09\/gm-tg-03-0-1024x503.jpg\" alt=\"\" width=\"640\" height=\"314\" srcset=\"https:\/\/www.topohvar.at\/wp-content\/uploads\/2018\/09\/gm-tg-03-0-1024x503.jpg 1024w, https:\/\/www.topohvar.at\/wp-content\/uploads\/2018\/09\/gm-tg-03-0-300x147.jpg 300w, https:\/\/www.topohvar.at\/wp-content\/uploads\/2018\/09\/gm-tg-03-0-768x377.jpg 768w, https:\/\/www.topohvar.at\/wp-content\/uploads\/2018\/09\/gm-tg-03-0.jpg 1080w\" sizes=\"auto, (max-width: 640px) 100vw, 640px\" \/><\/strong><\/p>\n<p><strong>Ime \/ Name<br \/>\n<\/strong>Zgrada javne \u00bbBiv\u0161i Dom Zadruga\u00ab \/ Ehemaliges Genossenschaftshaus<\/p>\n<p><strong>Code: <\/strong>GM-TG-03\u00a0 \u00a0 \u00a0 \u00a0 \u00a0 \u00a0 \u00a0 \u00a0<strong>\u00a0 \u00a0 \u00a0 \u00a0 \u00a0 \u00a0 \u00a0 \u00a0 \u00a0 \u00a0<a href=\"https:\/\/www.topohvar.at\/orte\/gm\/gm-tg-01-1\/\"><img loading=\"lazy\" decoding=\"async\" class=\"alignnone wp-image-533 size-full\" src=\"https:\/\/www.topohvar.at\/wp-content\/uploads\/2018\/07\/push-l-30.jpg\" alt=\"\" width=\"61\" height=\"30\" \/><\/a>\u00a0<a href=\"https:\/\/www.topohvar.at\/orte\/gm\/\"><img loading=\"lazy\" decoding=\"async\" class=\"alignnone wp-image-535 size-full\" src=\"https:\/\/www.topohvar.at\/wp-content\/uploads\/2018\/07\/push-o-30.jpg\" alt=\"\" width=\"61\" height=\"30\" \/><\/a>\u00a0<a href=\"https:\/\/www.topohvar.at\/orte\/gm\/gm-tg-04-1\/\"><img loading=\"lazy\" decoding=\"async\" class=\"alignnone wp-image-536 size-full\" src=\"https:\/\/www.topohvar.at\/wp-content\/uploads\/2018\/07\/push-r-30.jpg\" alt=\"\" width=\"61\" height=\"30\" \/><\/a><\/strong><\/p>\n<hr \/>\n<p><strong>Adresa \/ Adresse<br \/>\n<\/strong>Malo Grablje<\/p>\n<p><strong>Lokacija \/ Position<a href=\"https:\/\/goo.gl\/maps\/G4WUxLyJC46hVtEt7\"><img loading=\"lazy\" decoding=\"async\" class=\"alignright wp-image-9579\" src=\"https:\/\/www.topohvar.at\/wp-content\/uploads\/2018\/09\/1251.jpg\" alt=\"\" width=\"132\" height=\"100\" \/><\/a><br \/>\n<\/strong><span style=\"color: #3366ff;\"><a style=\"color: #3366ff;\" href=\"https:\/\/goo.gl\/maps\/G4WUxLyJC46hVtEt7\">Latitude: N 43,16922\u00b0\u00a0 \u00a0 Longitude: E 16,50327\u00b0\u00a0<\/a><\/span><strong><br \/>\n<\/strong>Visina \/ H\u00f6he: 133 m<\/p>\n<p><strong>Katastarska \u010destica <\/strong><strong>\/ Grundst\u00fccke<br \/>\n<\/strong>553\/1<div class='content-column one_half'><div style=\"padding-right:6px;\"><p><strong>Datum snimanja \/ Erfassungsdatum<br \/>\n<\/strong>24.09.2016 11:20:48<\/p>\n<hr \/>\n<p><strong>Informacije<\/strong><\/p>\n<p>Zgrada zadruge izpod crkvu Sv. Tudora sagre\u0111ana je 1933. godine smje\u0161tena je na sjeveroisto\u010dnom dijelu nasalja.<\/p><\/div><\/div><div class='content-column one_half last_column'><div style=\"padding-right:0px;padding-left:6px;\"><p><strong>Stupanj za\u0161tite<\/strong><strong> \/ Schutzstellung<br \/>\n<\/strong>&#8211;<\/p>\n<hr \/>\n<p><strong>Info<\/strong><\/p>\n<p>Das Genossenschaftshaus unterhalb der Kirche des hl. Theodor wurde 1933 errichtet und liegt im nord\u00f6stlichen Teil des Ortes.<\/p><\/div><\/div><div class='clear_column'><\/div><div class='content-column one_half'><div style=\"padding-right:6px;\"><p>Uz crkvu bila jedina zgrada u selu koja je imala javnu namjenu, te je predstavljala okosnicu dru\u0161tvenog \u017eivota i tu je tako\u0111er bila knji\u017enica.<\/p><\/div><\/div><div class='content-column one_half last_column'><div style=\"padding-right:0px;padding-left:6px;\"><p>Neben der Kirche war dies das einzige \u00f6ffentliche Geb\u00e4ude im Dorf und war Mittelpunkt des sozialen Lebens. Hier befand sich auch eine Bibliothek.<\/p><\/div><\/div><div class='clear_column'><\/div><div class='content-column one_half'><div style=\"padding-right:6px;\"><p>Njeno oblikovanje karakteristi\u010dno je za prva desetlje\u0107a 20. stolje\u0107a.<\/p><\/div><\/div><div class='content-column one_half last_column'><div style=\"padding-right:0px;padding-left:6px;\"><p>Sein Aussehen ist typisch f\u00fcr die ersten Jahrzehnte des 20. Jahrhunderts.<\/p><\/div><\/div><div class='clear_column'><\/div><\/p>\n<p style=\"text-align: right;\"><span style=\"color: #3366ff;\"><a style=\"color: #3366ff;\" href=\"#seite_oben\">natrag na vrh \/ Seitenanfang<\/a><\/span><\/p>\n<hr \/>\n<p><strong>Linkovi \/ Links<\/strong><\/p>\n<p>&#8211;<\/p>\n","protected":false},"excerpt":{"rendered":"<p>Ime \/ Name Zgrada javne \u00bbBiv\u0161i Dom Zadruga\u00ab \/ Ehemaliges Genossenschaftshaus Code: GM-TG-03\u00a0 \u00a0 \u00a0 \u00a0 \u00a0 \u00a0 \u00a0 \u00a0\u00a0 \u00a0 \u00a0 \u00a0 \u00a0 \u00a0 \u00a0 \u00a0 \u00a0 \u00a0\u00a0\u00a0 Adresa \/ Adresse Malo Grablje Lokacija \/ Position Latitude: N 43,16922\u00b0\u00a0 &hellip; <a href=\"https:\/\/www.topohvar.at\/topo\/orte\/gm\/gm-tg-03-1\/\">Weiterlesen <span class=\"meta-nav\">&rarr;<\/span><\/a><\/p>\n","protected":false},"author":1,"featured_media":0,"parent":74,"menu_order":0,"comment_status":"closed","ping_status":"closed","template":"","meta":{"footnotes":""},"class_list":["post-9520","page","type-page","status-publish","hentry"],"_links":{"self":[{"href":"https:\/\/www.topohvar.at\/topo\/wp-json\/wp\/v2\/pages\/9520","targetHints":{"allow":["GET"]}}],"collection":[{"href":"https:\/\/www.topohvar.at\/topo\/wp-json\/wp\/v2\/pages"}],"about":[{"href":"https:\/\/www.topohvar.at\/topo\/wp-json\/wp\/v2\/types\/page"}],"author":[{"embeddable":true,"href":"https:\/\/www.topohvar.at\/topo\/wp-json\/wp\/v2\/users\/1"}],"replies":[{"embeddable":true,"href":"https:\/\/www.topohvar.at\/topo\/wp-json\/wp\/v2\/comments?post=9520"}],"version-history":[{"count":8,"href":"https:\/\/www.topohvar.at\/topo\/wp-json\/wp\/v2\/pages\/9520\/revisions"}],"predecessor-version":[{"id":72197,"href":"https:\/\/www.topohvar.at\/topo\/wp-json\/wp\/v2\/pages\/9520\/revisions\/72197"}],"up":[{"embeddable":true,"href":"https:\/\/www.topohvar.at\/topo\/wp-json\/wp\/v2\/pages\/74"}],"wp:attachment":[{"href":"https:\/\/www.topohvar.at\/topo\/wp-json\/wp\/v2\/media?parent=9520"}],"curies":[{"name":"wp","href":"https:\/\/api.w.org\/{rel}","templated":true}]}}