{"id":9522,"date":"2018-09-03T14:00:16","date_gmt":"2018-09-03T12:00:16","guid":{"rendered":"https:\/\/www.topohvar.at\/?page_id=9522"},"modified":"2021-12-01T13:29:51","modified_gmt":"2021-12-01T12:29:51","slug":"gm-tg-04-1","status":"publish","type":"page","link":"https:\/\/www.topohvar.at\/topo\/orte\/gm\/gm-tg-04-1\/","title":{"rendered":"MALO GRABLJE &#8211; Zgrada javne \u00bbBiv\u0161i Destilerija\u00ab"},"content":{"rendered":"<p><a name=\"seite_oben\"><\/a><br \/>\n<strong><img loading=\"lazy\" decoding=\"async\" class=\"alignnone wp-image-9510 size-large\" src=\"https:\/\/www.topohvar.at\/wp-content\/uploads\/2018\/09\/gm-tg-04-0-1024x503.jpg\" alt=\"\" width=\"640\" height=\"314\" srcset=\"https:\/\/www.topohvar.at\/wp-content\/uploads\/2018\/09\/gm-tg-04-0-1024x503.jpg 1024w, https:\/\/www.topohvar.at\/wp-content\/uploads\/2018\/09\/gm-tg-04-0-300x147.jpg 300w, https:\/\/www.topohvar.at\/wp-content\/uploads\/2018\/09\/gm-tg-04-0-768x377.jpg 768w, https:\/\/www.topohvar.at\/wp-content\/uploads\/2018\/09\/gm-tg-04-0.jpg 1080w\" sizes=\"auto, (max-width: 640px) 100vw, 640px\" \/><\/strong><\/p>\n<p><strong>Ime \/ Name<br \/>\n<\/strong>Zgrada javne \u00bbBiv\u0161i Destilerija\u00ab \/ Geb\u00e4ude der ehemaligen Destillerie<\/p>\n<p><strong>Code: <\/strong>GM-TG-04\u00a0 \u00a0 \u00a0 \u00a0 \u00a0 \u00a0 \u00a0 \u00a0 \u00a0 \u00a0 \u00a0 \u00a0 \u00a0<strong>\u00a0 \u00a0 \u00a0 \u00a0 \u00a0<a href=\"https:\/\/www.topohvar.at\/orte\/gm\/gm-tg-03-1\/\"><img loading=\"lazy\" decoding=\"async\" class=\"alignnone wp-image-533 size-full\" src=\"https:\/\/www.topohvar.at\/wp-content\/uploads\/2018\/07\/push-l-30.jpg\" alt=\"\" width=\"61\" height=\"30\" \/><\/a>\u00a0<a href=\"https:\/\/www.topohvar.at\/orte\/gm\/\"><img loading=\"lazy\" decoding=\"async\" class=\"alignnone wp-image-535 size-full\" src=\"https:\/\/www.topohvar.at\/wp-content\/uploads\/2018\/07\/push-o-30.jpg\" alt=\"\" width=\"61\" height=\"30\" \/><\/a>\u00a0<a href=\"https:\/\/www.topohvar.at\/orte\/gm\/gm-tg-02-1\/\"><img loading=\"lazy\" decoding=\"async\" class=\"alignnone wp-image-536 size-full\" src=\"https:\/\/www.topohvar.at\/wp-content\/uploads\/2018\/07\/push-r-30.jpg\" alt=\"\" width=\"61\" height=\"30\" \/><\/a><\/strong><\/p>\n<hr \/>\n<p><strong>Adresa \/ Adresse<br \/>\n<\/strong>Malo Grablje<\/p>\n<p><strong>Lokacija \/ Position<a href=\"https:\/\/goo.gl\/maps\/qELmTs1PFhDbRjMh7\"><img loading=\"lazy\" decoding=\"async\" class=\"alignright wp-image-9582\" src=\"https:\/\/www.topohvar.at\/wp-content\/uploads\/2018\/09\/1252.jpg\" alt=\"\" width=\"132\" height=\"100\" \/><\/a><br \/>\n<\/strong><span style=\"color: #3366ff;\"><a style=\"color: #3366ff;\" href=\"https:\/\/goo.gl\/maps\/qELmTs1PFhDbRjMh7\">Latitude: N 43,16780\u00b0\u00a0 \u00a0 Longitude: E 16,50348\u00b0\u00a0<\/a><\/span><strong><br \/>\n<\/strong>Visina \/ H\u00f6he: 120 m<\/p>\n<p><strong>Katastarska \u010destica <\/strong><strong>\/ Grundst\u00fccke<br \/>\n<\/strong>*416<div class='content-column one_half'><div style=\"padding-right:6px;\"><p><strong>Datum snimanja \/ Erfassungsdatum<br \/>\n<\/strong>24.09.2016 11:50:15<\/p>\n<hr \/>\n<p><strong>Informacije<\/strong><\/p>\n<p>Jo\u0161 od 19.stolje\u0107a Malograbljani su se bavili proizvodnjom samoniklog ru\u017emarina i buha\u010da, \u0161to je osobito oja\u010dalo slabljenjem vinogradarstva. Nakon II. svjetskog rata primarna kultura postaje lavandu, i u tu svrhu ku\u0107a sa cisternom i lokvom za lambik \u2013 destileriju za ru\u017emarin, sagre\u0111ana 1905. g., postaje destilerija za lavandu.<\/p><\/div><\/div><div class='content-column one_half last_column'><div style=\"padding-right:0px;padding-left:6px;\"><p><strong>Stupanj za\u0161tite <\/strong><strong>\/ Schutzstellung<br \/>\n<\/strong>&#8211;<\/p>\n<hr \/>\n<p><strong>Info<\/strong><\/p>\n<p>Seit dem 19. Jh. produzierten die Malo Grabljer wilden Rosmarin und Minze, vor allem nachdem der Weinbau zur\u00fcckging. Nach dem 2. Weltkrieg wird Lavendel Prim\u00e4rkultur. Zu diesem Zweck wird aus der im Jahr 1905 errichteten Brennerei f\u00fcr Rosmarin mit einer Zisterne und einer Lokva f\u00fcr Lambik (Bier?) eine Brennerei f\u00fcr Lavendel.<\/p><\/div><\/div><div class='clear_column'><\/div><div class='content-column one_half'><div style=\"padding-right:6px;\"><p>Gospodarska katnica gra\u0111ena je tradicijskim oblikovanjem i materijalima. Izgra\u0111ena je uz lokalni put ju\u017eno od zaseoka i koristi se destilerija za lavendu i ru\u017emarin.<\/p><\/div><\/div><div class='content-column one_half last_column'><div style=\"padding-right:0px;padding-left:6px;\"><p>Das Wirtschaftsgeb\u00e4ude ist in Form und Material traditionell errichtet. Es wurde an der Ortsstra\u00dfe s\u00fcdlich des Weilers gebaut und beherbergte die Brennerei f\u00fcr Lavendel und Rosmarin.<\/p><\/div><\/div><div class='clear_column'><\/div><div class='content-column one_half'><div style=\"padding-right:6px;\"><p>Uz destileriju se nalazi zidani bazen za vodu koji je slu\u017eio ujedno i za hla\u0111enje postrojenja, te neophodna gustirna kao sastavni dio gospodarskog sklopa \u2013 destilerije.<\/p><\/div><\/div><div class='content-column one_half last_column'><div style=\"padding-right:0px;padding-left:6px;\"><p>Bei der Brennerei wurde auch ein Wasserbecken gebaut, das zur K\u00fchlung beim Brennvorgang notwendig war.<\/p><\/div><\/div><div class='clear_column'><\/div><\/p>\n<p style=\"text-align: right;\"><span style=\"color: #3366ff;\"><a style=\"color: #3366ff;\" href=\"#seite_oben\">natrag na vrh \/ Seitenanfang<\/a><\/span><\/p>\n<hr \/>\n<p><strong>Linkovi \/ Links<\/strong><\/p>\n<p>&#8211;<\/p>\n","protected":false},"excerpt":{"rendered":"<p>Ime \/ Name Zgrada javne \u00bbBiv\u0161i Destilerija\u00ab \/ Geb\u00e4ude der ehemaligen Destillerie Code: GM-TG-04\u00a0 \u00a0 \u00a0 \u00a0 \u00a0 \u00a0 \u00a0 \u00a0 \u00a0 \u00a0 \u00a0 \u00a0 \u00a0\u00a0 \u00a0 \u00a0 \u00a0 \u00a0\u00a0\u00a0 Adresa \/ Adresse Malo Grablje Lokacija \/ Position Latitude: N &hellip; <a href=\"https:\/\/www.topohvar.at\/topo\/orte\/gm\/gm-tg-04-1\/\">Weiterlesen <span class=\"meta-nav\">&rarr;<\/span><\/a><\/p>\n","protected":false},"author":1,"featured_media":0,"parent":74,"menu_order":0,"comment_status":"closed","ping_status":"closed","template":"","meta":{"footnotes":""},"class_list":["post-9522","page","type-page","status-publish","hentry"],"_links":{"self":[{"href":"https:\/\/www.topohvar.at\/topo\/wp-json\/wp\/v2\/pages\/9522","targetHints":{"allow":["GET"]}}],"collection":[{"href":"https:\/\/www.topohvar.at\/topo\/wp-json\/wp\/v2\/pages"}],"about":[{"href":"https:\/\/www.topohvar.at\/topo\/wp-json\/wp\/v2\/types\/page"}],"author":[{"embeddable":true,"href":"https:\/\/www.topohvar.at\/topo\/wp-json\/wp\/v2\/users\/1"}],"replies":[{"embeddable":true,"href":"https:\/\/www.topohvar.at\/topo\/wp-json\/wp\/v2\/comments?post=9522"}],"version-history":[{"count":8,"href":"https:\/\/www.topohvar.at\/topo\/wp-json\/wp\/v2\/pages\/9522\/revisions"}],"predecessor-version":[{"id":54091,"href":"https:\/\/www.topohvar.at\/topo\/wp-json\/wp\/v2\/pages\/9522\/revisions\/54091"}],"up":[{"embeddable":true,"href":"https:\/\/www.topohvar.at\/topo\/wp-json\/wp\/v2\/pages\/74"}],"wp:attachment":[{"href":"https:\/\/www.topohvar.at\/topo\/wp-json\/wp\/v2\/media?parent=9522"}],"curies":[{"name":"wp","href":"https:\/\/api.w.org\/{rel}","templated":true}]}}