{"id":9528,"date":"2018-09-03T14:05:18","date_gmt":"2018-09-03T12:05:18","guid":{"rendered":"https:\/\/www.topohvar.at\/?page_id=9528"},"modified":"2023-11-05T09:47:38","modified_gmt":"2023-11-05T08:47:38","slug":"gm-cz-02-1","status":"publish","type":"page","link":"https:\/\/www.topohvar.at\/topo\/orte\/gm\/gm-cz-02-1\/","title":{"rendered":"MALO GRABLJE &#8211; Kri\u017e \u00bbNa Motokitu\u00ab"},"content":{"rendered":"<p><a name=\"seite_oben\"><\/a><br \/>\n<strong><img loading=\"lazy\" decoding=\"async\" class=\"alignnone wp-image-64649 size-full\" src=\"https:\/\/www.topohvar.at\/wp-content\/uploads\/2023\/11\/gm-cz-02-1.jpg\" alt=\"\" width=\"1080\" height=\"530\" srcset=\"https:\/\/www.topohvar.at\/wp-content\/uploads\/2023\/11\/gm-cz-02-1.jpg 1080w, https:\/\/www.topohvar.at\/wp-content\/uploads\/2023\/11\/gm-cz-02-1-300x147.jpg 300w, https:\/\/www.topohvar.at\/wp-content\/uploads\/2023\/11\/gm-cz-02-1-1024x503.jpg 1024w, https:\/\/www.topohvar.at\/wp-content\/uploads\/2023\/11\/gm-cz-02-1-768x377.jpg 768w\" sizes=\"auto, (max-width: 1080px) 100vw, 1080px\" \/><\/strong><\/p>\n<p><strong>Ime \/ Name<br \/>\n<\/strong>Kri\u017e \u00bbNa Motokitu\u00ab \/ Kreuz am Berg\u00a0Motokit<\/p>\n<p><strong>Code: <\/strong>GM-CZ-02\u00a0 \u00a0 \u00a0 \u00a0 \u00a0 \u00a0 \u00a0 \u00a0<strong>\u00a0 \u00a0 \u00a0 \u00a0 \u00a0 \u00a0 \u00a0 \u00a0 \u00a0 \u00a0<a href=\"https:\/\/www.topohvar.at\/orte\/gm\/gm-cz-01-1\/\"><img loading=\"lazy\" decoding=\"async\" class=\"alignnone wp-image-533 size-full\" src=\"https:\/\/www.topohvar.at\/wp-content\/uploads\/2018\/07\/push-l-30.jpg\" alt=\"\" width=\"61\" height=\"30\" \/><\/a>\u00a0<a href=\"https:\/\/www.topohvar.at\/orte\/gm\/\"><img loading=\"lazy\" decoding=\"async\" class=\"alignnone wp-image-535 size-full\" src=\"https:\/\/www.topohvar.at\/wp-content\/uploads\/2018\/07\/push-o-30.jpg\" alt=\"\" width=\"61\" height=\"30\" \/><\/a>\u00a0 \u00a0 \u00a0\u00a0<\/strong><\/p>\n<hr \/>\n<p><strong>Adresa \/ Adresse<br \/>\n<\/strong>Malo Grablje, Motokit<\/p>\n<p><strong>Lokacija \/ Position<a href=\"https:\/\/goo.gl\/maps\/ShLor3Hu8FiQTZL49\"><img loading=\"lazy\" decoding=\"async\" class=\"alignright wp-image-30975\" src=\"https:\/\/www.topohvar.at\/wp-content\/uploads\/2020\/02\/2120.jpg\" alt=\"\" width=\"134\" height=\"100\" \/><\/a><br \/>\n<\/strong><span style=\"color: #3366ff;\"><a style=\"color: #3366ff;\" href=\"https:\/\/goo.gl\/maps\/ShLor3Hu8FiQTZL49\">Latitude: N 43,16402\u00b0\u00a0 \u00a0 Longitude: E 16,50877\u00b0\u00a0<\/a><\/span><strong><br \/>\n<\/strong>Visina \/ H\u00f6he: 335 m<\/p>\n<p><strong>Katastarska \u010destica <\/strong><strong>\/ Grundst\u00fccke<br \/>\n<\/strong>712\/2 <div class='content-column one_half'><div style=\"padding-right:6px;\"><p><strong>Datum snimanja \/ Erfassungsdatum<br \/>\n<\/strong>01.01.2000 00:00:00<\/p>\n<hr \/>\n<p><strong>Informacije<\/strong><\/p>\n<p>Sada\u0161nji, od \u010dempresovine, postavi 1993. g. Jakov Tudor Lovre-Lorenca, koji blagoslovi biskup msgr. \u0160tambuk.<\/p><\/div><\/div><div class='content-column one_half last_column'><div style=\"padding-right:0px;padding-left:6px;\"><p><strong>Stupanj za\u0161tite <\/strong><strong>\/ Schutzstellung<br \/>\n<\/strong>&#8211;<\/p>\n<hr \/>\n<p><strong>Info<\/strong><\/p>\n<p>Das heutige Kreuz, hergestellt aus Zedernholz, wurde 1993 von Jakob Tudor Lovre- Lorenca aufgestellt und vom Bischof Msgr. \u0160tambuk eingeweiht.<\/p><\/div><\/div><div class='clear_column'><\/div><div class='content-column one_half'><div style=\"padding-right:6px;\"><p>U podno\u017eju drvenog kri\u017ea nalazi se kamen na kojemu su uklesana dva lica.<\/p><\/div><\/div><div class='content-column one_half last_column'><div style=\"padding-right:0px;padding-left:6px;\"><p>Am Fu\u00df des Holzkreuzes ist ein Stein, in dem zwei Gesichter eingemei\u00dfelt sind, eingemauert.<\/p><\/div><\/div><div class='clear_column'><\/div><\/p>\n<p><img loading=\"lazy\" decoding=\"async\" class=\"alignnone size-full wp-image-64651\" src=\"https:\/\/www.topohvar.at\/wp-content\/uploads\/2023\/11\/gm-cz-02-2.jpg\" alt=\"\" width=\"1080\" height=\"535\" srcset=\"https:\/\/www.topohvar.at\/wp-content\/uploads\/2023\/11\/gm-cz-02-2.jpg 1080w, https:\/\/www.topohvar.at\/wp-content\/uploads\/2023\/11\/gm-cz-02-2-300x149.jpg 300w, https:\/\/www.topohvar.at\/wp-content\/uploads\/2023\/11\/gm-cz-02-2-1024x507.jpg 1024w, https:\/\/www.topohvar.at\/wp-content\/uploads\/2023\/11\/gm-cz-02-2-768x380.jpg 768w\" sizes=\"auto, (max-width: 1080px) 100vw, 1080px\" \/><div class='content-column one_half'><div style=\"padding-right:6px;\"><p>Prvi je drevni \u201ckri\u017e na Motokitu\u201c, brdu isto\u010dno nad Malim Grabljem, postavio Lovro-Lorenco Tudor neznane godine.<\/p><\/div><\/div><div class='content-column one_half last_column'><div style=\"padding-right:0px;padding-left:6px;\"><p>Wann das erste h\u00f6lzerne &#8222;Kreuz am Motokit&#8220;, dem H\u00fcgel \u00f6stlich von Malo Grablje, von Lovro-Lorenzo Tudor errichtet wurde, ist unbekannt.<\/p><\/div><\/div><div class='clear_column'><\/div><div class='content-column one_half'><div style=\"padding-right:6px;\"><p>Izgorio je u velikom po\u017earu 27.7.1984., koji je opusto\u0161io \u010ditav kraj; u osobitoj se pogibili na\u0161lo Velo Grablje, gdje su mu\u0161karci bili po\u017eari\u0161tu, \u017eene molile, a zvona zvonila. Kri\u017e na Motokitu tada gori posebnim plamenom \u2013 \u201e\u010dudo\u201c! \u2013 nakon \u010dega vjetar obr\u0107e smjer i odbija oganj od naselaja. Na Veli \u010detvrtak 1985. Ivica Tomi\u010di\u0107-\u201eTajnikov\u201c po zavjetu postavlja nov drevni kri\u017e.<\/p><\/div><\/div><div class='content-column one_half last_column'><div style=\"padding-right:0px;padding-left:6px;\"><p>Am 27. Juli 1984 w\u00fctete ein gro\u00dfes Feuer, insbesondere in Velo Grablje, wo die M\u00e4nner l\u00f6schten, die Frauen beteten und die Glocken l\u00e4uteten. Das Kreuz am Motokit brannte dann mit einer besonderen Flamme &#8211; &#8222;ein Wunder&#8220;! \u2013 denn es \u00e4nderte der Wind die Richtung und verschonte die Siedlung vor dem Feuer. Am Gr\u00fcndonnerstag 1985, errichtete Ivica Tomi\u010di\u0107 &#8211; &#8222;Tajnikov&#8220; aus Dank daf\u00fcr ein neues Holzkreuz.<\/p><\/div><\/div><div class='clear_column'><\/div><\/p>\n<div id=\"attachment_37895\" style=\"width: 1090px\" class=\"wp-caption aligncenter\"><img loading=\"lazy\" decoding=\"async\" aria-describedby=\"caption-attachment-37895\" class=\"wp-image-37895 size-full\" src=\"https:\/\/www.topohvar.at\/wp-content\/uploads\/2020\/05\/gm-cz-02-1.jpg\" alt=\"\" width=\"1080\" height=\"530\" srcset=\"https:\/\/www.topohvar.at\/wp-content\/uploads\/2020\/05\/gm-cz-02-1.jpg 1080w, https:\/\/www.topohvar.at\/wp-content\/uploads\/2020\/05\/gm-cz-02-1-300x147.jpg 300w, https:\/\/www.topohvar.at\/wp-content\/uploads\/2020\/05\/gm-cz-02-1-1024x503.jpg 1024w, https:\/\/www.topohvar.at\/wp-content\/uploads\/2020\/05\/gm-cz-02-1-768x377.jpg 768w\" sizes=\"auto, (max-width: 1080px) 100vw, 1080px\" \/><p id=\"caption-attachment-37895\" class=\"wp-caption-text\">Stari kri\u017e na Motokitu \/ Das alte Kreuz am Motokit<\/p><\/div>\n<hr \/>\n<div class='content-column one_half'><div style=\"padding-right:6px;\"><p>Na brdu Motokit nalaze se i dvije grobne gomile u kojima su prona\u0111eni ulomci keramike i kostiju (Novak, Grga: Hvar kroz stoljeca, Zagreb 1972.).<\/p><\/div><\/div><div class='content-column one_half last_column'><div style=\"padding-right:0px;padding-left:6px;\"><p>Auf dem Berg Motokit befinden sich auch zwei Grabh\u00fcgel, in denen man Fragmente von Tongeschirr und Knochen gefunden hat (Novak, Grga: Hvar kroz stoljeca, Zagreb 1972).<\/p><\/div><\/div><div class='clear_column'><\/div><\/p>\n<p style=\"text-align: right;\"><span style=\"color: #3366ff;\"><a style=\"color: #3366ff;\" href=\"#seite_oben\">natrag na vrh \/ Seitenanfang<\/a><\/span><\/p>\n<hr \/>\n<p><strong>Linkovi \/ Links<\/strong><\/p>\n<p>&#8211;<\/p>\n","protected":false},"excerpt":{"rendered":"<p>Ime \/ Name Kri\u017e \u00bbNa Motokitu\u00ab \/ Kreuz am Berg\u00a0Motokit Code: GM-CZ-02\u00a0 \u00a0 \u00a0 \u00a0 \u00a0 \u00a0 \u00a0 \u00a0\u00a0 \u00a0 \u00a0 \u00a0 \u00a0 \u00a0 \u00a0 \u00a0 \u00a0 \u00a0\u00a0\u00a0 \u00a0 \u00a0\u00a0 Adresa \/ Adresse Malo Grablje, Motokit Lokacija \/ Position Latitude: &hellip; <a href=\"https:\/\/www.topohvar.at\/topo\/orte\/gm\/gm-cz-02-1\/\">Weiterlesen <span class=\"meta-nav\">&rarr;<\/span><\/a><\/p>\n","protected":false},"author":1,"featured_media":0,"parent":74,"menu_order":0,"comment_status":"closed","ping_status":"closed","template":"","meta":{"footnotes":""},"class_list":["post-9528","page","type-page","status-publish","hentry"],"_links":{"self":[{"href":"https:\/\/www.topohvar.at\/topo\/wp-json\/wp\/v2\/pages\/9528","targetHints":{"allow":["GET"]}}],"collection":[{"href":"https:\/\/www.topohvar.at\/topo\/wp-json\/wp\/v2\/pages"}],"about":[{"href":"https:\/\/www.topohvar.at\/topo\/wp-json\/wp\/v2\/types\/page"}],"author":[{"embeddable":true,"href":"https:\/\/www.topohvar.at\/topo\/wp-json\/wp\/v2\/users\/1"}],"replies":[{"embeddable":true,"href":"https:\/\/www.topohvar.at\/topo\/wp-json\/wp\/v2\/comments?post=9528"}],"version-history":[{"count":11,"href":"https:\/\/www.topohvar.at\/topo\/wp-json\/wp\/v2\/pages\/9528\/revisions"}],"predecessor-version":[{"id":64652,"href":"https:\/\/www.topohvar.at\/topo\/wp-json\/wp\/v2\/pages\/9528\/revisions\/64652"}],"up":[{"embeddable":true,"href":"https:\/\/www.topohvar.at\/topo\/wp-json\/wp\/v2\/pages\/74"}],"wp:attachment":[{"href":"https:\/\/www.topohvar.at\/topo\/wp-json\/wp\/v2\/media?parent=9528"}],"curies":[{"name":"wp","href":"https:\/\/api.w.org\/{rel}","templated":true}]}}