{"id":9530,"date":"2018-09-03T14:07:08","date_gmt":"2018-09-03T12:07:08","guid":{"rendered":"https:\/\/www.topohvar.at\/?page_id=9530"},"modified":"2021-12-01T13:24:15","modified_gmt":"2021-12-01T12:24:15","slug":"gm-ip-01-1","status":"publish","type":"page","link":"https:\/\/www.topohvar.at\/topo\/orte\/gm\/gm-ip-01-1\/","title":{"rendered":"MALO GRABLJE &#8211; Informativna plo\u010da \u00bbMalo Grablje\u00ab"},"content":{"rendered":"<p><a name=\"seite_oben\"><\/a><br \/>\n<strong><img loading=\"lazy\" decoding=\"async\" class=\"alignnone wp-image-9502 size-large\" src=\"https:\/\/www.topohvar.at\/wp-content\/uploads\/2018\/09\/gm-ip-01-0-1024x503.jpg\" alt=\"\" width=\"640\" height=\"314\" srcset=\"https:\/\/www.topohvar.at\/wp-content\/uploads\/2018\/09\/gm-ip-01-0-1024x503.jpg 1024w, https:\/\/www.topohvar.at\/wp-content\/uploads\/2018\/09\/gm-ip-01-0-300x147.jpg 300w, https:\/\/www.topohvar.at\/wp-content\/uploads\/2018\/09\/gm-ip-01-0-768x377.jpg 768w, https:\/\/www.topohvar.at\/wp-content\/uploads\/2018\/09\/gm-ip-01-0.jpg 1080w\" sizes=\"auto, (max-width: 640px) 100vw, 640px\" \/><\/strong><\/p>\n<p><strong>Ime \/ Name<br \/>\n<\/strong>Informativna plo\u010da \/ Infotafel \u00bbMalo Grablje\u00ab<\/p>\n<p><strong>Code: <\/strong>GM-IP-01\u00a0 \u00a0 \u00a0 \u00a0 \u00a0 \u00a0 \u00a0 \u00a0<strong>\u00a0 \u00a0 \u00a0 \u00a0 \u00a0 \u00a0 \u00a0 \u00a0 \u00a0 \u00a0\u00a0 \u00a0 \u00a0 \u00a0<a href=\"https:\/\/www.topohvar.at\/orte\/gm\/\"><img loading=\"lazy\" decoding=\"async\" class=\"alignnone wp-image-535 size-full\" src=\"https:\/\/www.topohvar.at\/wp-content\/uploads\/2018\/07\/push-o-30.jpg\" alt=\"\" width=\"61\" height=\"30\" \/><\/a>\u00a0<a href=\"https:\/\/www.topohvar.at\/orte\/gm\/gm-is-01-1\/\"><img loading=\"lazy\" decoding=\"async\" class=\"alignnone wp-image-536 size-full\" src=\"https:\/\/www.topohvar.at\/wp-content\/uploads\/2018\/07\/push-r-30.jpg\" alt=\"\" width=\"61\" height=\"30\" \/><\/a><\/strong><\/p>\n<hr \/>\n<p><strong>Adresa \/ Adresse<br \/>\n<\/strong>Malo Grablje,\u00a0na ulazu u mjesto<\/p>\n<p><strong>Lokacija \/ Position<a href=\"https:\/\/goo.gl\/maps\/XBVpw2nN215zFSDB7\"><img loading=\"lazy\" decoding=\"async\" class=\"alignright wp-image-9557\" src=\"https:\/\/www.topohvar.at\/wp-content\/uploads\/2018\/09\/1247.jpg\" alt=\"\" width=\"134\" height=\"100\" \/><\/a><br \/>\n<\/strong><span style=\"color: #3366ff;\"><a style=\"color: #3366ff;\" href=\"https:\/\/goo.gl\/maps\/XBVpw2nN215zFSDB7\">Latitude: N 43,16810\u00b0\u00a0 \u00a0 Longitude: E 16,50295\u00b0\u00a0<\/a><\/span><strong><br \/>\n<\/strong>Visina \/ H\u00f6he: 115 m<\/p>\n<p><strong>Katastarska \u010destica <\/strong><strong>\/ Grundst\u00fccke<br \/>\n<\/strong>594\/7<div class='content-column one_half'><div style=\"padding-right:6px;\"><p><strong>Datum snimanja \/ Erfassungsdatum<br \/>\n<\/strong>24.09.2016 11:45:55<\/p>\n<hr \/>\n<p><strong>Informacije<\/strong><\/p>\n<p>Etno-eco selo Malo Grablje.<\/p>\n<p>Malo Grablje je izuzetan primjer mediteranskog ruralnog naselja. Polo\u017eeno je sjeveroisto\u010dnobod strmih stijena Motokita na padinama koje se spu\u0161taju sa sjevera i istoka dnu duga\u010dke i uske kotline kojom prolazi stari put iz grada Hvara prema Velom Grablju. Neposredno je okru\u017eeno poljoprivredinim parcelama \u2013 vinogradima i maslinicima s kojima tvori jedinstveni prostor stanovanja i rada.<\/p><\/div><\/div><div class='content-column one_half last_column'><div style=\"padding-right:0px;padding-left:6px;\"><p><strong>Stupanj za\u0161tite<\/strong><strong> \/ Schutzstellung<br \/>\n<\/strong>&#8211;<\/p>\n<hr \/>\n<p><strong>Info<\/strong><\/p>\n<p>Ethno-\u00d6ko-Dorf Malo Grablje.<\/p>\n<p>Malo Grablje ist ein au\u00dfergew\u00f6hnliches Beispiel f\u00fcr eine l\u00e4ndliche Siedlung am Mittelmeer. Im Nordosten befinden sich die felsigen Abh\u00e4nge des Motokit, die im Norden und Osten den alten Weg durch das lange und schmale Tal begleiten, der von der Stadt Hvar nach Velo Grablje f\u00fchrt. Der Ort ist von landwirtschaftlichen Grundst\u00fccken umgeben &#8211; Weinbergen und Olivenhainen, mit denen es einen einzigartigen Wohn- und Arbeitsraum schafft.<\/p><\/div><\/div><div class='clear_column'><\/div><div class='content-column one_half'><div style=\"padding-right:6px;\"><p>Malo Grablje se prvi put spominje u ispravama iz 1539. godine, a najstariji podatak o ustroju naselja Malo Grablje zabilje\u017een je 1834. godine na austrijskoj katastarskoj mapi.<\/p><\/div><\/div><div class='content-column one_half last_column'><div style=\"padding-right:0px;padding-left:6px;\"><p>Malo Grablje wurde zum ersten Mal in Dokumenten aus dem Jahr 1539 erw\u00e4hnt. Die \u00e4ltesten Informationen \u00fcber die Besiedlung der Siedlung Malo Grablje wurden 1834 in der \u00f6sterreichischen Katasterkarte verzeichnet.<\/p><\/div><\/div><div class='clear_column'><\/div><div class='content-column one_half'><div style=\"padding-right:6px;\"><p>Zahvaljuju\u0107i povijesnim okolnostima i izoliranom polo\u017eaju organizaciju i graditeljski fond iz 19. i po\u010detka 20. stolje\u0107a.<\/p><\/div><\/div><div class='content-column one_half last_column'><div style=\"padding-right:0px;padding-left:6px;\"><p>Dank der historischen Umst\u00e4nde und der isolierten Lage, geben Organisation und ihre Bauten ein Zeugnis aus dem 19. und Beginn des 20. Jh. ab.<\/p><\/div><\/div><div class='clear_column'><\/div><div class='content-column one_half'><div style=\"padding-right:6px;\"><p>Ruralna cjelina Malo Grablje je kulturno dobro Republike Hvarske.<\/p><\/div><\/div><div class='content-column one_half last_column'><div style=\"padding-right:0px;padding-left:6px;\"><p>Die l\u00e4ndliche Einheit von Malo Grablje ist kulturelles Gut der Republik Kroatien.<\/p><\/div><\/div><div class='clear_column'><\/div><\/p>\n<p style=\"text-align: right;\"><span style=\"color: #3366ff;\"><a style=\"color: #3366ff;\" href=\"#seite_oben\">natrag na vrh \/ Seitenanfang<\/a><\/span><\/p>\n<hr \/>\n<p><strong>Linkovi \/ Links<\/strong><\/p>\n<p><span style=\"color: #3366ff;\"><a style=\"color: #3366ff;\" href=\"https:\/\/www.topohvar.at\/topo\/orte\/gm\/gm-aa-00-1\/\">Ruralna cjelina \/ d\u00f6rflich- l\u00e4ndliche Einheit\u00a0\u00bbMalo Grablje\u00ab<\/a>\u00a0<\/span><\/p>\n","protected":false},"excerpt":{"rendered":"<p>Ime \/ Name Informativna plo\u010da \/ Infotafel \u00bbMalo Grablje\u00ab Code: GM-IP-01\u00a0 \u00a0 \u00a0 \u00a0 \u00a0 \u00a0 \u00a0 \u00a0\u00a0 \u00a0 \u00a0 \u00a0 \u00a0 \u00a0 \u00a0 \u00a0 \u00a0 \u00a0\u00a0 \u00a0 \u00a0 \u00a0\u00a0 Adresa \/ Adresse Malo Grablje,\u00a0na ulazu u mjesto Lokacija \/ &hellip; <a href=\"https:\/\/www.topohvar.at\/topo\/orte\/gm\/gm-ip-01-1\/\">Weiterlesen <span class=\"meta-nav\">&rarr;<\/span><\/a><\/p>\n","protected":false},"author":1,"featured_media":0,"parent":74,"menu_order":0,"comment_status":"closed","ping_status":"closed","template":"","meta":{"footnotes":""},"class_list":["post-9530","page","type-page","status-publish","hentry"],"_links":{"self":[{"href":"https:\/\/www.topohvar.at\/topo\/wp-json\/wp\/v2\/pages\/9530","targetHints":{"allow":["GET"]}}],"collection":[{"href":"https:\/\/www.topohvar.at\/topo\/wp-json\/wp\/v2\/pages"}],"about":[{"href":"https:\/\/www.topohvar.at\/topo\/wp-json\/wp\/v2\/types\/page"}],"author":[{"embeddable":true,"href":"https:\/\/www.topohvar.at\/topo\/wp-json\/wp\/v2\/users\/1"}],"replies":[{"embeddable":true,"href":"https:\/\/www.topohvar.at\/topo\/wp-json\/wp\/v2\/comments?post=9530"}],"version-history":[{"count":9,"href":"https:\/\/www.topohvar.at\/topo\/wp-json\/wp\/v2\/pages\/9530\/revisions"}],"predecessor-version":[{"id":54084,"href":"https:\/\/www.topohvar.at\/topo\/wp-json\/wp\/v2\/pages\/9530\/revisions\/54084"}],"up":[{"embeddable":true,"href":"https:\/\/www.topohvar.at\/topo\/wp-json\/wp\/v2\/pages\/74"}],"wp:attachment":[{"href":"https:\/\/www.topohvar.at\/topo\/wp-json\/wp\/v2\/media?parent=9530"}],"curies":[{"name":"wp","href":"https:\/\/api.w.org\/{rel}","templated":true}]}}