{"id":9540,"date":"2018-09-03T14:15:19","date_gmt":"2018-09-03T12:15:19","guid":{"rendered":"https:\/\/www.topohvar.at\/?page_id=9540"},"modified":"2025-10-25T09:32:12","modified_gmt":"2025-10-25T07:32:12","slug":"gm-tr-01-1","status":"publish","type":"page","link":"https:\/\/www.topohvar.at\/topo\/orte\/gm\/gm-tr-01-1\/","title":{"rendered":"MALO GRABLJE &#8211; Trim \u00bbGM-TR-01\u00ab"},"content":{"rendered":"<p><a name=\"seite_oben\"><\/a><br \/>\n<strong><img loading=\"lazy\" decoding=\"async\" class=\"aligncenter wp-image-24226 size-large\" src=\"https:\/\/www.topohvar.at\/wp-content\/uploads\/2019\/10\/gm-tr-01-22-1024x503.jpg\" alt=\"\" width=\"640\" height=\"314\" srcset=\"https:\/\/www.topohvar.at\/wp-content\/uploads\/2019\/10\/gm-tr-01-22-1024x503.jpg 1024w, https:\/\/www.topohvar.at\/wp-content\/uploads\/2019\/10\/gm-tr-01-22-300x147.jpg 300w, https:\/\/www.topohvar.at\/wp-content\/uploads\/2019\/10\/gm-tr-01-22-768x377.jpg 768w, https:\/\/www.topohvar.at\/wp-content\/uploads\/2019\/10\/gm-tr-01-22.jpg 1080w\" sizes=\"auto, (max-width: 640px) 100vw, 640px\" \/><\/strong><\/p>\n<p><strong>Ime \/ Name<br \/>\n<\/strong>Trim \u00bbGM-TR-01\u00ab<\/p>\n<p><strong>Code: <\/strong>GM-TR-01\u00a0 \u00a0 \u00a0 \u00a0 \u00a0 \u00a0 \u00a0 \u00a0 \u00a0 \u00a0 \u00a0 \u00a0 \u00a0<strong>\u00a0 \u00a0 \u00a0 \u00a0 \u00a0 \u00a0 \u00a0 <a href=\"https:\/\/www.topohvar.at\/orte\/gm\/gm-tr-00-1\/\"><img loading=\"lazy\" decoding=\"async\" class=\"alignnone wp-image-12300 size-full\" src=\"https:\/\/www.topohvar.at\/wp-content\/uploads\/2018\/09\/push-vor-30.jpg\" alt=\"\" width=\"61\" height=\"30\" \/><\/a>\u00a0<a href=\"https:\/\/www.topohvar.at\/topo\/orte\/gm\/gm-tr-04\/\"><img loading=\"lazy\" decoding=\"async\" class=\"alignnone wp-image-533 size-full\" src=\"https:\/\/www.topohvar.at\/wp-content\/uploads\/2018\/07\/push-l-30.jpg\" alt=\"\" width=\"61\" height=\"30\" \/><\/a> <a href=\"https:\/\/www.topohvar.at\/orte\/gm\/\"><img loading=\"lazy\" decoding=\"async\" class=\"alignnone wp-image-535 size-full\" src=\"https:\/\/www.topohvar.at\/wp-content\/uploads\/2018\/07\/push-o-30.jpg\" alt=\"\" width=\"61\" height=\"30\" \/><\/a> <a href=\"https:\/\/www.topohvar.at\/orte\/gm\/gm-tr-02-1\/\"><img loading=\"lazy\" decoding=\"async\" class=\"alignnone wp-image-536 size-full\" src=\"https:\/\/www.topohvar.at\/wp-content\/uploads\/2018\/07\/push-r-30.jpg\" alt=\"\" width=\"61\" height=\"30\" \/><\/a><\/strong><\/p>\n<hr \/>\n<p><strong>Adresa \/ Adresse<br \/>\n<\/strong>Malo Grablje<\/p>\n<p><strong>Lokacija \/ Position<a href=\"https:\/\/goo.gl\/maps\/MdBkNzoLhdSbSThd6\"><img loading=\"lazy\" decoding=\"async\" class=\"alignright wp-image-9585\" src=\"https:\/\/www.topohvar.at\/wp-content\/uploads\/2018\/09\/0139.jpg\" alt=\"\" width=\"133\" height=\"100\" \/><\/a><br \/>\n<\/strong><span style=\"color: #3366ff;\"><a style=\"color: #3366ff;\" href=\"https:\/\/goo.gl\/maps\/MdBkNzoLhdSbSThd6\">Latitude: N 43,17245\u00b0\u00a0 \u00a0 Longitude: E 16,51186\u00b0\u00a0<\/a><\/span><strong><br \/>\n<\/strong>Visina \/ H\u00f6he: 291 m<\/p>\n<p><strong>Katastarska \u010destica <\/strong><strong>\/ Grundst\u00fccke<br \/>\n<\/strong>109\/1<div class='content-column one_half'><div style=\"padding-right:6px;\"><p><strong>Datum snimanja \/ Erfassungsdatum<br \/>\n<\/strong>12.10.2013 11:36:22<\/p>\n<hr \/>\n<p><strong>Informacije<\/strong><\/p>\n<p>Prekrasan trim smje\u0161ten je na seoskoj cesti koja vodi od puta Selca-Brusje do Malog Grablja. Njegov relativno strmo vanjski zid vrlo je pa\u017eljivo osmi\u0161ljen, posebno u ulaznom dijelu. Nad ulazom se nalazi zidna ni\u0161a. Trim se o\u010dito vi\u0161e ne koristi, a pristup nepravilno oblikovanom unutra\u0161njosti ote\u017eao je grmlje.<\/p><\/div><\/div><div class='content-column one_half last_column'><div style=\"padding-right:0px;padding-left:6px;\"><p><strong>Stupanj za\u0161tite<\/strong><strong> \/ Schutzstellung<br \/>\n<\/strong>&#8211;<\/p>\n<hr \/>\n<p><strong>Info<\/strong><\/p>\n<p>Der sch\u00f6ne Trim befindet sich am Wirtschaftsweg, der von der Stra\u00dfe Selca-Brusje nach Malo Grablje f\u00fchrt. Seine relativ stark geneigte Au\u00dfenwand ist insbesondere im Eingangsbereich sehr sorgf\u00e4ltig ausgef\u00fchrt. \u00dcber dem Eingang befindet sich eine Wandnische. Der Trim wird offenbar kaum mehr genutzt, der Zugang zum unregelm\u00e4\u00dfig geformten Innenraum war durch Buschwerk erschwert.<\/p><\/div><\/div><div class='clear_column'><\/div><div class='content-column one_half'><div style=\"padding-right:6px;\"><div id=\"attachment_24660\" style=\"width: 310px\" class=\"wp-caption aligncenter\"><img loading=\"lazy\" decoding=\"async\" aria-describedby=\"caption-attachment-24660\" class=\"size-full wp-image-24660\" src=\"https:\/\/www.topohvar.at\/wp-content\/uploads\/2019\/12\/gm-tr-01-21.jpg\" alt=\"\" width=\"300\" height=\"300\" srcset=\"https:\/\/www.topohvar.at\/wp-content\/uploads\/2019\/12\/gm-tr-01-21.jpg 300w, https:\/\/www.topohvar.at\/wp-content\/uploads\/2019\/12\/gm-tr-01-21-150x150.jpg 150w\" sizes=\"auto, (max-width: 300px) 100vw, 300px\" \/><p id=\"caption-attachment-24660\" class=\"wp-caption-text\">Ulaz \/ Eingang<\/p><\/div>\n<p>Dana 26.09.2019 trim je posje\u0107en i prona\u0111en je sljede\u0107i<\/p>\n<p>Lokacija: grmlje<br \/>\nPodzemlje: sklon<br \/>\nSklop: kameni zid<br \/>\nUpotreba: malo se koristi<br \/>\nStanje izgradnje: vrlo dobro uzdr\u017eati<br \/>\nBroj prstenova trima: jedan prsten<br \/>\nDodatni kameni prsten: nema kamenog prstena<br \/>\nStepeni\u0161te: nema stepenica<br \/>\nOblik kamena: uglast<br \/>\nPodru\u010dje ispred ulaza: lako dostupni<br \/>\nVrata na stranicu: JZ (240\u00b0)<br \/>\nPromjer trima (cm): 460<br \/>\nVisina trima (cm): 250<br \/>\nVisina prstena (cm): 190<br \/>\nDebljina zida (cm): 80<br \/>\n\u0160irina vrata (cm): 60<br \/>\nVisina vrata (cm): 100<br \/>\n\u0160irina unutra (cm): 200 &#8211; 300<br \/>\nVisina unutra (cm): 220<br \/>\nVolumen iznutra (m3): 6,63<br \/>\nni\u0161a 1 (P\/\u0160\/V\/D) (cm): 50 \/ 30 \/ 30 \/ 35<\/p><\/div><\/div><div class='content-column one_half last_column'><div style=\"padding-right:0px;padding-left:6px;\"><div id=\"attachment_24661\" style=\"width: 310px\" class=\"wp-caption aligncenter\"><img loading=\"lazy\" decoding=\"async\" aria-describedby=\"caption-attachment-24661\" class=\"size-full wp-image-24661\" src=\"https:\/\/www.topohvar.at\/wp-content\/uploads\/2019\/12\/gm-tr-01-24.jpg\" alt=\"\" width=\"300\" height=\"300\" srcset=\"https:\/\/www.topohvar.at\/wp-content\/uploads\/2019\/12\/gm-tr-01-24.jpg 300w, https:\/\/www.topohvar.at\/wp-content\/uploads\/2019\/12\/gm-tr-01-24-150x150.jpg 150w\" sizes=\"auto, (max-width: 300px) 100vw, 300px\" \/><p id=\"caption-attachment-24661\" class=\"wp-caption-text\">Pogled na jugozapad \/ Blick nach S\u00fcdwesten<\/p><\/div>\n<p>Am 26.09.2019 wurde der Trim besucht und untersucht<\/p>\n<p>Standort: Buschwerk<br \/>\nUntergrund: geneigt<br \/>\nVerbunden mit: Steinmauer<br \/>\nNutzung: kaum genutzt<br \/>\nZustand: sehr gut erhalten<br \/>\nRinge\/Stufen des Trim: einstufig<br \/>\nZus\u00e4tzlicher Steinring: kein Steinring<br \/>\nStiege: keine Stufen<br \/>\nSteinform: kantig<br \/>\nEingangsbereich: frei<br \/>\nEingangsseite: SW (240\u00b0)<br \/>\nTrimdurchmesser (cm): 460<br \/>\nTrimh\u00f6he (cm): 250<br \/>\nStufen\/Ringh\u00f6he (cm): 190<br \/>\nWandst\u00e4rke: 80<br \/>\nT\u00fcrbreite (cm): 60<br \/>\nT\u00fcrh\u00f6he (cm): 100<br \/>\nInnenraumbreite (cm): 200 &#8211; 300<br \/>\nInnenraumh\u00f6he (cm): 220<br \/>\nRaumvolumen (m3): 6,63<br \/>\nNische 1 (P\/B\/H\/T) (cm): 50 \/ 30 \/ 30 \/ 35<\/p><\/div><\/div><div class='clear_column'><\/div><\/p>\n<p style=\"text-align: right;\"><span style=\"color: #3366ff;\"><a style=\"color: #3366ff;\" href=\"#seite_oben\">natrag na vrh \/ Seitenanfang<\/a><\/span><\/p>\n<p><img loading=\"lazy\" decoding=\"async\" class=\"aligncenter size-full wp-image-24662\" src=\"https:\/\/www.topohvar.at\/wp-content\/uploads\/2019\/12\/gm-tr-01-sc.jpg\" alt=\"\" width=\"600\" height=\"919\" srcset=\"https:\/\/www.topohvar.at\/wp-content\/uploads\/2019\/12\/gm-tr-01-sc.jpg 600w, https:\/\/www.topohvar.at\/wp-content\/uploads\/2019\/12\/gm-tr-01-sc-196x300.jpg 196w\" sizes=\"auto, (max-width: 600px) 100vw, 600px\" \/><\/p>\n<hr \/>\n<p><strong>Linkovi \/ Links<\/strong><\/p>\n<p>&#8211;<\/p>\n","protected":false},"excerpt":{"rendered":"<p>Ime \/ Name Trim \u00bbGM-TR-01\u00ab Code: GM-TR-01\u00a0 \u00a0 \u00a0 \u00a0 \u00a0 \u00a0 \u00a0 \u00a0 \u00a0 \u00a0 \u00a0 \u00a0 \u00a0\u00a0 \u00a0 \u00a0 \u00a0 \u00a0 \u00a0 \u00a0 \u00a0 Adresa \/ Adresse Malo Grablje Lokacija \/ Position Latitude: N 43,17245\u00b0\u00a0 \u00a0 Longitude: E &hellip; <a href=\"https:\/\/www.topohvar.at\/topo\/orte\/gm\/gm-tr-01-1\/\">Weiterlesen <span class=\"meta-nav\">&rarr;<\/span><\/a><\/p>\n","protected":false},"author":1,"featured_media":0,"parent":74,"menu_order":0,"comment_status":"closed","ping_status":"closed","template":"","meta":{"footnotes":""},"class_list":["post-9540","page","type-page","status-publish","hentry"],"_links":{"self":[{"href":"https:\/\/www.topohvar.at\/topo\/wp-json\/wp\/v2\/pages\/9540","targetHints":{"allow":["GET"]}}],"collection":[{"href":"https:\/\/www.topohvar.at\/topo\/wp-json\/wp\/v2\/pages"}],"about":[{"href":"https:\/\/www.topohvar.at\/topo\/wp-json\/wp\/v2\/types\/page"}],"author":[{"embeddable":true,"href":"https:\/\/www.topohvar.at\/topo\/wp-json\/wp\/v2\/users\/1"}],"replies":[{"embeddable":true,"href":"https:\/\/www.topohvar.at\/topo\/wp-json\/wp\/v2\/comments?post=9540"}],"version-history":[{"count":14,"href":"https:\/\/www.topohvar.at\/topo\/wp-json\/wp\/v2\/pages\/9540\/revisions"}],"predecessor-version":[{"id":72956,"href":"https:\/\/www.topohvar.at\/topo\/wp-json\/wp\/v2\/pages\/9540\/revisions\/72956"}],"up":[{"embeddable":true,"href":"https:\/\/www.topohvar.at\/topo\/wp-json\/wp\/v2\/pages\/74"}],"wp:attachment":[{"href":"https:\/\/www.topohvar.at\/topo\/wp-json\/wp\/v2\/media?parent=9540"}],"curies":[{"name":"wp","href":"https:\/\/api.w.org\/{rel}","templated":true}]}}