{"id":9762,"date":"2018-09-05T14:52:17","date_gmt":"2018-09-05T12:52:17","guid":{"rendered":"https:\/\/www.topohvar.at\/?page_id=9762"},"modified":"2025-05-21T19:01:58","modified_gmt":"2025-05-21T17:01:58","slug":"gv-ip-01-1","status":"publish","type":"page","link":"https:\/\/www.topohvar.at\/topo\/orte\/gv\/gv-ip-01-1\/","title":{"rendered":"VELO GRABLJE &#8211; Informativna plo\u010da \u00bbEtno-eko selo Velo Grablje\u00ab"},"content":{"rendered":"<p><strong><img loading=\"lazy\" decoding=\"async\" class=\"alignnone wp-image-9614 size-large\" src=\"https:\/\/www.topohvar.at\/wp-content\/uploads\/2018\/09\/GV-IP-01-0-1024x503.jpg\" alt=\"\" width=\"640\" height=\"314\" srcset=\"https:\/\/www.topohvar.at\/wp-content\/uploads\/2018\/09\/GV-IP-01-0-1024x503.jpg 1024w, https:\/\/www.topohvar.at\/wp-content\/uploads\/2018\/09\/GV-IP-01-0-300x147.jpg 300w, https:\/\/www.topohvar.at\/wp-content\/uploads\/2018\/09\/GV-IP-01-0-768x377.jpg 768w, https:\/\/www.topohvar.at\/wp-content\/uploads\/2018\/09\/GV-IP-01-0.jpg 1080w\" sizes=\"auto, (max-width: 640px) 100vw, 640px\" \/><\/strong><\/p>\n<p><strong>Ime \/ Name<br \/>\n<\/strong>Informativna plo\u010da \u00bbEtno-eko selo Velo Grablje\u00ab \/ Infotafel Etno-\u00d6kodorf Velo Grablje<\/p>\n<p><strong>Code: <\/strong>GV-IP-01\u00a0 \u00a0 \u00a0 \u00a0 \u00a0 \u00a0 \u00a0 \u00a0 \u00a0 \u00a0 \u00a0 \u00a0 \u00a0 \u00a0 \u00a0 \u00a0<strong><a href=\"https:\/\/www.topohvar.at\/orte\/gv\/gv-ip-07-1\/\"><img loading=\"lazy\" decoding=\"async\" class=\"alignnone wp-image-533 size-full\" src=\"https:\/\/www.topohvar.at\/wp-content\/uploads\/2018\/07\/push-l-30.jpg\" alt=\"\" width=\"61\" height=\"30\" \/><\/a> <a href=\"https:\/\/www.topohvar.at\/orte\/gv\/\"><img loading=\"lazy\" decoding=\"async\" class=\"alignnone wp-image-535 size-full\" src=\"https:\/\/www.topohvar.at\/wp-content\/uploads\/2018\/07\/push-o-30.jpg\" alt=\"\" width=\"61\" height=\"30\" \/><\/a> <a href=\"https:\/\/www.topohvar.at\/orte\/gv\/gv-ip-03-1\/\"><img loading=\"lazy\" decoding=\"async\" class=\"alignnone wp-image-536 size-full\" src=\"https:\/\/www.topohvar.at\/wp-content\/uploads\/2018\/07\/push-r-30.jpg\" alt=\"\" width=\"61\" height=\"30\" \/><\/a>\u00a0<\/strong><a href=\"https:\/\/www.topohvar.at\/orte\/gv\/gv-is-01-1\/\"><img loading=\"lazy\" decoding=\"async\" class=\"alignnone size-full wp-image-12299\" src=\"https:\/\/www.topohvar.at\/wp-content\/uploads\/2018\/09\/push-next-30.jpg\" alt=\"\" width=\"61\" height=\"30\" \/><\/a><\/p>\n<hr \/>\n<p><strong>Adresa \/ Adresse<br \/>\n<\/strong>Velo Grablje<\/p>\n<p><strong>Lokalna polo\u017eaj \/ Position<a href=\"https:\/\/goo.gl\/maps\/ip51p4wKqHNHVuRs5\"><img loading=\"lazy\" decoding=\"async\" class=\"alignright wp-image-10072\" src=\"https:\/\/www.topohvar.at\/wp-content\/uploads\/2018\/09\/0161.jpg\" alt=\"\" width=\"133\" height=\"100\" \/><\/a><br \/>\n<\/strong><span style=\"color: #3366ff;\"><a style=\"color: #3366ff;\" href=\"https:\/\/goo.gl\/maps\/ip51p4wKqHNHVuRs5\">Latitude: N 43,17113\u00b0\u00a0 \u00a0Longitude: E 16,52155\u00b0<\/a> <\/span><strong><br \/>\n<\/strong>Visina \/ H\u00f6he: 277 m<\/p>\n<p><strong>Zemlji\u0161te \/ Grundst\u00fccke<br \/>\n<\/strong>4141\/2 <div class='content-column one_half'><div style=\"padding-right:6px;\"><p><strong>Datum snimanja \/ Erfassungsdatum<br \/>\n<\/strong>18.10.2014 11:09:51<\/p>\n<hr \/>\n<p><strong>Informacije<\/strong><\/p>\n<p>Informativna plo\u010da sagra\u0111ena je 2014. godine. Natpis:<\/p><\/div><\/div><div class='content-column one_half last_column'><div style=\"padding-right:0px;padding-left:6px;\"><p><strong>Za\u0161titni polo\u017eaj \/ Schutzstellung<br \/>\n<\/strong>&#8211;<\/p>\n<hr \/>\n<p><strong>Info<\/strong><\/p>\n<p>Die Informationstafel wurde im Jahr 2014 errichtet. Inschrift:<\/p><\/div><\/div><div class='clear_column'><\/div><div class='content-column one_half'><div style=\"padding-right:6px;\"><p>Velo Grablje je nastalo u 15. stolje\u0107u, a na svom podru\u010dju ima sa\u010duvane arheolo\u0161ke i kulturno-povijesne spomenike od prapovijesti do novog vijeka. Crkvica Sv. Vid je lijepo sa\u010duvani primjerak starohrvatske arhitekture 9.-12. stolje\u0107a, a \u017eupna crkva Sv. Kuzme\u00a0 Damjana u dana\u0161njem je obliku izgra\u0111ena 1886. g. na mjestu prija\u0161nje iz 16. stolje\u0107a. S lijepom zidnim slikama iz 1913.-1914- g. jedna je od najljep\u0161ih seoskih crkava u hvarskoj biskupiji. Sveti Kuzma i Damjan su ujedno za\u0161titnici mjesta za \u010dijeg blagdana 26. rujna bude velika sve\u010danost.<\/p><\/div><\/div><div class='content-column one_half last_column'><div style=\"padding-right:0px;padding-left:6px;\"><p>Velo Grablje wurde im 15. Jh. gegr\u00fcndet. In seinem Bereich haben sich arch\u00e4ologische und kulturhistorische Denkm\u00e4ler aus der Vorgeschichte bis in die Neuzeit bewahrt. Die Kirche des hl. Vitus ist ein wundersch\u00f6n erhaltenes Beispiel fr\u00fchkroatischen Architektur aus dem 9.-12 Jahrhundert. Die Pfarrkirche der hl. Cosmas und Damian wurde in der heutigen Form im Jahre 1886 an Stelle eines Vorg\u00e4ngerbaues aus dem 16. Jahrhundert errichtet. In ihr finden sich sch\u00f6ne Wandmalereien aus den Jahren 1913-1914. Sie ist eine der sch\u00f6nsten Dorfkirchen in der Di\u00f6zese Hvar. Die Heiligen Cosmas und Damian sind die Schutzheiligen des Ortes. An deren Festtag, den 26. September, finden gro\u00dfe Feierlichkeiten statt.<\/p><\/div><\/div><div class='clear_column'><\/div><div class='content-column one_half'><div style=\"padding-right:6px;\"><p>U mjesto postoj &#8222;Poljoprivredna zadruga&#8220; osnovana jo\u0161 1892. g. kao &#8222;Ruzmarinska zadruga&#8220; i to prva na otoku Hvaru, sa zanimljivom tradicijom proizvodnje eteri\u010dnih ulja od levande i ru\u0161marina te dobrog maslinovog ulja i meda. Velo Grablje je najvi\u0161e poznato po biljci lavandi, te je kao takvo sredinom 20. stolje\u0107a bilo najve\u0107i proizvo\u0111a\u010d lavandinog ulja u Dalmaciji. Danas je selo u projektu Etno-eko sela otoka Hvara. Ruralna cjelina Velo Grablje je kulturno dobro Republika Hrvatske.<\/p><\/div><\/div><div class='content-column one_half last_column'><div style=\"padding-right:0px;padding-left:6px;\"><p>Im Ort wurde im Jahre 1892 &#8211; als erste auf der Insel &#8211; die &#8222;Agrargenossenschaft&#8220; als &#8222;Rosemarin-Genossenschaft&#8220;, mit einer beachtenswerten Tradition in der Produktion von \u00e4therischen \u00d6len aus Lavendel und Rosmarin, gutem Oliven\u00f6l und Honig, gegr\u00fcndet. Velo Grablje ist ber\u00fchmt f\u00fcr seine Lavendel Pflanzen und war Mitte des 20. Jahrhunderts der gr\u00f6\u00dfte Produzent von Lavendel\u00f6l in Dalmatien. Heute ist das Dorf im Projekt der Ethno-\u00d6ko-D\u00f6rfer der Insel erfasst und als d\u00f6rflich-l\u00e4ndliche Einheit als Kulturerbe der kroatischen Republik gesch\u00fctzt.<\/p><\/div><\/div><div class='clear_column'><\/div><\/p>\n<hr \/>\n<p><strong>Linkovi \/ Links<\/strong><\/p>\n<p><span style=\"color: #3366ff;\"><a style=\"color: #3366ff;\" href=\"https:\/\/www.topohvar.at\/orte\/gv\/gv-tg-01-1\/\">Selo Velo Grablje \/ Dorf Selo Grablje<\/a><\/span><\/p>\n","protected":false},"excerpt":{"rendered":"<p>Ime \/ Name Informativna plo\u010da \u00bbEtno-eko selo Velo Grablje\u00ab \/ Infotafel Etno-\u00d6kodorf Velo Grablje Code: GV-IP-01\u00a0 \u00a0 \u00a0 \u00a0 \u00a0 \u00a0 \u00a0 \u00a0 \u00a0 \u00a0 \u00a0 \u00a0 \u00a0 \u00a0 \u00a0 \u00a0 \u00a0 Adresa \/ Adresse Velo Grablje Lokalna polo\u017eaj \/ &hellip; <a href=\"https:\/\/www.topohvar.at\/topo\/orte\/gv\/gv-ip-01-1\/\">Weiterlesen <span class=\"meta-nav\">&rarr;<\/span><\/a><\/p>\n","protected":false},"author":1,"featured_media":0,"parent":76,"menu_order":0,"comment_status":"closed","ping_status":"closed","template":"","meta":{"footnotes":""},"class_list":["post-9762","page","type-page","status-publish","hentry"],"_links":{"self":[{"href":"https:\/\/www.topohvar.at\/topo\/wp-json\/wp\/v2\/pages\/9762","targetHints":{"allow":["GET"]}}],"collection":[{"href":"https:\/\/www.topohvar.at\/topo\/wp-json\/wp\/v2\/pages"}],"about":[{"href":"https:\/\/www.topohvar.at\/topo\/wp-json\/wp\/v2\/types\/page"}],"author":[{"embeddable":true,"href":"https:\/\/www.topohvar.at\/topo\/wp-json\/wp\/v2\/users\/1"}],"replies":[{"embeddable":true,"href":"https:\/\/www.topohvar.at\/topo\/wp-json\/wp\/v2\/comments?post=9762"}],"version-history":[{"count":12,"href":"https:\/\/www.topohvar.at\/topo\/wp-json\/wp\/v2\/pages\/9762\/revisions"}],"predecessor-version":[{"id":72225,"href":"https:\/\/www.topohvar.at\/topo\/wp-json\/wp\/v2\/pages\/9762\/revisions\/72225"}],"up":[{"embeddable":true,"href":"https:\/\/www.topohvar.at\/topo\/wp-json\/wp\/v2\/pages\/76"}],"wp:attachment":[{"href":"https:\/\/www.topohvar.at\/topo\/wp-json\/wp\/v2\/media?parent=9762"}],"curies":[{"name":"wp","href":"https:\/\/api.w.org\/{rel}","templated":true}]}}