{"id":9809,"date":"2018-09-05T15:39:38","date_gmt":"2018-09-05T13:39:38","guid":{"rendered":"https:\/\/www.topohvar.at\/?page_id=9809"},"modified":"2023-01-03T19:00:00","modified_gmt":"2023-01-03T18:00:00","slug":"gv-pu-01-1","status":"publish","type":"page","link":"https:\/\/www.topohvar.at\/topo\/orte\/gv\/gv-pu-01-1\/","title":{"rendered":"VELO GRABLJE &#8211; Objekt \u00bbNapoleonska Cesta\u00ab"},"content":{"rendered":"<p><a name=\"seite_oben\"><\/a><br \/>\n<strong><img loading=\"lazy\" decoding=\"async\" class=\"alignnone wp-image-9642 size-large\" src=\"https:\/\/www.topohvar.at\/wp-content\/uploads\/2018\/09\/GV-PU-01-0-1024x503.jpg\" alt=\"\" width=\"640\" height=\"314\" srcset=\"https:\/\/www.topohvar.at\/wp-content\/uploads\/2018\/09\/GV-PU-01-0-1024x503.jpg 1024w, https:\/\/www.topohvar.at\/wp-content\/uploads\/2018\/09\/GV-PU-01-0-300x147.jpg 300w, https:\/\/www.topohvar.at\/wp-content\/uploads\/2018\/09\/GV-PU-01-0-768x377.jpg 768w, https:\/\/www.topohvar.at\/wp-content\/uploads\/2018\/09\/GV-PU-01-0.jpg 1080w\" sizes=\"auto, (max-width: 640px) 100vw, 640px\" \/><\/strong><\/p>\n<p><strong>Ime \/ Name<br \/>\n<\/strong>Objekt \u00bbNapoleonska Cesta\u00ab \/ Napoleon-Stra\u00dfe<\/p>\n<p><strong>Code: <\/strong>GV-PU-01\u00a0 \u00a0 \u00a0 \u00a0 \u00a0 \u00a0 \u00a0 \u00a0 \u00a0 \u00a0 \u00a0 \u00a0 \u00a0 \u00a0 \u00a0 <a href=\"https:\/\/www.topohvar.at\/topo\/orte\/gv\/gv-on-01-1\/\"><img loading=\"lazy\" decoding=\"async\" class=\"alignnone wp-image-12300 size-full\" src=\"https:\/\/www.topohvar.at\/wp-content\/uploads\/2018\/09\/push-vor-30.jpg\" alt=\"\" width=\"61\" height=\"30\" \/><\/a> <strong><a href=\"https:\/\/www.topohvar.at\/orte\/gv\/gv-or-05-1\/\"><img loading=\"lazy\" decoding=\"async\" class=\"alignnone wp-image-533 size-full\" src=\"https:\/\/www.topohvar.at\/wp-content\/uploads\/2018\/07\/push-l-30.jpg\" alt=\"\" width=\"61\" height=\"30\" \/><\/a> <a href=\"https:\/\/www.topohvar.at\/orte\/gv\/\"><img loading=\"lazy\" decoding=\"async\" class=\"alignnone wp-image-535 size-full\" src=\"https:\/\/www.topohvar.at\/wp-content\/uploads\/2018\/07\/push-o-30.jpg\" alt=\"\" width=\"61\" height=\"30\" \/><\/a> <a href=\"https:\/\/www.topohvar.at\/orte\/gv\/gv-pu-03-1\/\"><img loading=\"lazy\" decoding=\"async\" class=\"alignnone wp-image-536 size-full\" src=\"https:\/\/www.topohvar.at\/wp-content\/uploads\/2018\/07\/push-r-30.jpg\" alt=\"\" width=\"61\" height=\"30\" \/><\/a> <a href=\" https:\/\/www.topohvar.at\/topo\/orte\/gv\/gv-og-01-1\/\"><img loading=\"lazy\" decoding=\"async\" class=\"alignnone wp-image-12299 size-full\" src=\"https:\/\/www.topohvar.at\/wp-content\/uploads\/2018\/09\/push-next-30.jpg\" alt=\"\" width=\"61\" height=\"30\" \/><\/a><\/strong><\/p>\n<hr \/>\n<p><strong>Adresa \/ Adresse<br \/>\n<\/strong>Velo Grablje,\u00a0put Uvala Maslinica &#8211; Vidikovac Sveti Rok \/ Weg von der Bucht Maslinica zum Aussichtspunkt\u00a0Sveti Rok<\/p>\n<p><strong>Lokacija \/ Position<a href=\"https:\/\/goo.gl\/maps\/LWtwJs97AfeAxivB8\"><img loading=\"lazy\" decoding=\"async\" class=\"alignright wp-image-10177\" src=\"https:\/\/www.topohvar.at\/wp-content\/uploads\/2018\/09\/0168.jpg\" alt=\"\" width=\"134\" height=\"100\" \/><\/a><br \/>\n<\/strong><span style=\"color: #3366ff;\"><a style=\"color: #3366ff;\" href=\"https:\/\/goo.gl\/maps\/LWtwJs97AfeAxivB8\">Latitude: N 43,17354\u00b0\u00a0 \u00a0Longitude: E 16,52785\u00b0<\/a> <\/span><strong><br \/>\n<\/strong>Visina \/ H\u00f6he: 3 &#8211; 340 m<\/p>\n<p><strong>Katastarska \u010destica \/ Grundst\u00fccke<br \/>\n<\/strong>7994 <div class='content-column one_half'><div style=\"padding-right:6px;\"><p><strong>Datum snimanja \/ Erfassungsdatum<br \/>\n<\/strong>20.05.2013 15:30:00<\/p>\n<hr \/>\n<p><strong>Informacije<\/strong><\/p>\n<p>Napoleonska Cesta<\/p>\n<p>Od ovog vidikovca Sveti Rok do uvale Maslinice i Staroga Grada sa\u010duvana je velika dionica tzv. napoleonske ceste od Hvara do Starog Grada. Cesta je \u0161irine cca 2,60 m i \u00a0dijelom dobro je sa\u010duvana, pa je idealna kao pje\u0161a\u010dka i biciklisti\u010dka staza.<\/p><\/div><\/div><div class='content-column one_half last_column'><div style=\"padding-right:0px;padding-left:6px;\"><p><strong>Stupanj za\u0161tite \/ Schutzstellung<br \/>\n<\/strong>&#8211;<\/p>\n<hr \/>\n<p><strong>Info<\/strong><\/p>\n<p>Napoleon Stra\u00dfe<\/p>\n<p>Vom Aussichtspunkt Sveti Rok bis zur Bucht Maslinica und Stari Grad ist ein langer Streckenabschnitt der sog. \u201eNapoleonischen Stra\u00dfe\u201c, die seinerzeit den Ort Hvar mit Stari Grad verband, nach wie vor erhalten. Die Stra\u00dfe ist etwa 2,60 m breit und zum Teil in einem guten Zustand, sodass sie f\u00fcr Wanderer und Fahrradtouren ideal geeignet ist.<\/p><\/div><\/div><div class='clear_column'><\/div><div class='content-column one_half'><div style=\"padding-right:6px;\"><p>Cesta je gra\u0111ena za francuske uprave nad otokom Hvarom (1806.-1813.), pa se zato, kao i drugdje u Dalmaciji, naziva napoleonska cesta. Tako je ujedno i sa\u010duvani kulturno-povijesni spomenik pod Zakonom o za\u0161titi spomenika kulture. Za francuske uprve u Dalmaciji bilo je gra\u0111eno puno cesta, i danas ponegdje dobro sa\u010duvanih, radi boljeg prometnog povezivanja pokrajine.<\/p><\/div><\/div><div class='content-column one_half last_column'><div style=\"padding-right:0px;padding-left:6px;\"><p>Die Stra\u00dfe wurde unter franz\u00f6sischer Verwaltung (1806-1813) errichtet, wodurch sie auch ihren Namen erhielt. Als kulturgeschichtliches Baudenkmal steht die Stra\u00dfe heute unter Denkmalschutz. W\u00e4hrend der franz\u00f6sischen Herrschaft in Dalmatien wurde zur besseren Verbindung der einzelnen Gebiete ein weites Stra\u00dfennetz angelegt, das vielerorts noch vorhanden ist.<\/p><\/div><\/div><div class='clear_column'><\/div><div class='content-column one_half'><div style=\"padding-right:6px;\"><p>Cesta prolazi kroz grabaljska polja ome\u0111ena gomilama, cijeli jedan prekrasan krajolik ispunjen arhitekturom kamenih gomila, put koji prolazi kroz vinograde, maslinike i polja lavande. Obilje tipi\u010dnog autohtonog oto\u010dkog raslinja od levande i ruzmarina, vrijersa i kadulje, pelina i smri\u010da, planike i \u010desmine, daju poseban kolorit pejza\u017eu i lispunjavaju ina\u010de \u010disti zrak aromom eteri\u010dnog bilja \u0161to je poseban ugo\u0111aj i do\u017eivljaj na\u0161eg otoka upravo na podru\u010dju Velog Grablja.<\/p><\/div><\/div><div class='content-column one_half last_column'><div style=\"padding-right:0px;padding-left:6px;\"><p>Die \u201eNapoleonische Stra\u00dfe\u201c f\u00fchrt durch die mit Steinen abgegrenzten Felder von Grablje sowie Wein- und Obstg\u00e4rten und Lavendelfelder. Eine traumhafte Landschaft, die gepr\u00e4gt ist durch die vielen Formationen von Steinhaufen. Die vielf\u00e4ltige Pflanzenwelt, die hier auf nat\u00fcrliche Weise entstanden ist, von Lavendel und Rosmarin \u00fcber Heideblumen, Salbei, Wermut und Wacholder bis hin zu Erdbeerpflanzen und Steineichen lassen die Landschaft in einer einmaligen Farbenpracht erbl\u00fchen und erf\u00fcllen die klare Luft mit einem Aroma \u00e4therischer Pflanzen, wie man sie so nur auf der Insel Hvar und insbesondere in der Ortschaft Velo Grablje antrifft.<\/p><\/div><\/div><div class='clear_column'><\/div><div class='content-column one_half'><div style=\"padding-right:6px;\"><p>Zatim prekrasne vizure na Stari Grad i starogrdsko polje, a osobito na starogradski zaljev i poluotok Kabal sa selom Rudina, te pogled na Bra\u010d, Mosor i Biokovo upotpunjuju do\u017eivljaj prostora. Prolaze\u0107i, pogledom se obuhva\u0107a i grabaljska uvala Sveti Antonij (Konopjkova), a zatim &#8211; na lo\u0161ijem putu &#8211; se sti\u017ee do uvale Masinice, gdje nas \u010deka ugodno vizualno i ambjentalno iznena\u0111enje. Naime, izvrstan primjerak ladansko-gospodarskog ljetnikovca kapetana Ilji\u0107a iz po\u010detka 19. stolje\u0107a, danas prekrasno obnovljen.<\/p><\/div><\/div><div class='content-column one_half last_column'><div style=\"padding-right:0px;padding-left:6px;\"><p>Von der Panoramastra\u00dfe hat man eine beeindruckende Aussicht auf den Ort Stari Grad und das Stari-Grader-Feld, die Bucht von Stari Grad mit der Halbinsel Kabal und der Ortschaft Rudina, sowie die benachbarte Insel Bra\u010d, und das Mosor- und Biokovo-Gebirge auf dem Festland. Weiter bietet sich von der Stra\u00dfe dem Besucher ein einzigartiger Blick auf die Bucht Sv. Ante (Konopjkova), bevor man dann &#8211; auf schlechterem Weg &#8211; die Bucht Malslinica erreicht, die mit einem Anblick aufwartet, der bisher jeden Besucher begeistert hat: die l\u00e4ndliche Sommerresidenz des \u201eKapit\u00e4ns Iliji\u0107\u201c aus dem fr\u00fchen 19. Jh., restauriert in wunderbarer Art und Weise.<\/p><\/div><\/div><div class='clear_column'><\/div><\/p>\n<div id=\"attachment_62390\" style=\"width: 2410px\" class=\"wp-caption aligncenter\"><a href=\"https:\/\/www.topohvar.at\/wp-content\/uploads\/2023\/01\/gv-pu-01-12.jpg\"><img loading=\"lazy\" decoding=\"async\" aria-describedby=\"caption-attachment-62390\" class=\"wp-image-62390 size-full\" src=\"https:\/\/www.topohvar.at\/wp-content\/uploads\/2023\/01\/gv-pu-01-12.jpg\" alt=\"\" width=\"2400\" height=\"1533\" srcset=\"https:\/\/www.topohvar.at\/wp-content\/uploads\/2023\/01\/gv-pu-01-12.jpg 2400w, https:\/\/www.topohvar.at\/wp-content\/uploads\/2023\/01\/gv-pu-01-12-300x192.jpg 300w, https:\/\/www.topohvar.at\/wp-content\/uploads\/2023\/01\/gv-pu-01-12-1024x654.jpg 1024w, https:\/\/www.topohvar.at\/wp-content\/uploads\/2023\/01\/gv-pu-01-12-768x491.jpg 768w, https:\/\/www.topohvar.at\/wp-content\/uploads\/2023\/01\/gv-pu-01-12-1536x981.jpg 1536w, https:\/\/www.topohvar.at\/wp-content\/uploads\/2023\/01\/gv-pu-01-12-2048x1308.jpg 2048w\" sizes=\"auto, (max-width: 2400px) 100vw, 2400px\" \/><\/a><p id=\"caption-attachment-62390\" class=\"wp-caption-text\">Informativna plo\u010da kod Vidikovca Sveti Rok \/ Infotafel bei Vidikovac Sveti Rok<\/p><\/div>\n<p style=\"text-align: right;\"><span style=\"color: #3366ff;\"><a style=\"color: #3366ff;\" href=\"#seite_oben\">natrag na vrh \/ Seitenanfang<\/a><\/span><\/p>\n<hr \/>\n<p><strong>Linkovi \/ Links<\/strong><\/p>\n<p>&#8211;<\/p>\n","protected":false},"excerpt":{"rendered":"<p>Ime \/ Name Objekt \u00bbNapoleonska Cesta\u00ab \/ Napoleon-Stra\u00dfe Code: GV-PU-01\u00a0 \u00a0 \u00a0 \u00a0 \u00a0 \u00a0 \u00a0 \u00a0 \u00a0 \u00a0 \u00a0 \u00a0 \u00a0 \u00a0 \u00a0 Adresa \/ Adresse Velo Grablje,\u00a0put Uvala Maslinica &#8211; Vidikovac Sveti Rok \/ Weg von der Bucht &hellip; <a href=\"https:\/\/www.topohvar.at\/topo\/orte\/gv\/gv-pu-01-1\/\">Weiterlesen <span class=\"meta-nav\">&rarr;<\/span><\/a><\/p>\n","protected":false},"author":1,"featured_media":0,"parent":76,"menu_order":0,"comment_status":"closed","ping_status":"closed","template":"","meta":{"footnotes":""},"class_list":["post-9809","page","type-page","status-publish","hentry"],"_links":{"self":[{"href":"https:\/\/www.topohvar.at\/topo\/wp-json\/wp\/v2\/pages\/9809","targetHints":{"allow":["GET"]}}],"collection":[{"href":"https:\/\/www.topohvar.at\/topo\/wp-json\/wp\/v2\/pages"}],"about":[{"href":"https:\/\/www.topohvar.at\/topo\/wp-json\/wp\/v2\/types\/page"}],"author":[{"embeddable":true,"href":"https:\/\/www.topohvar.at\/topo\/wp-json\/wp\/v2\/users\/1"}],"replies":[{"embeddable":true,"href":"https:\/\/www.topohvar.at\/topo\/wp-json\/wp\/v2\/comments?post=9809"}],"version-history":[{"count":16,"href":"https:\/\/www.topohvar.at\/topo\/wp-json\/wp\/v2\/pages\/9809\/revisions"}],"predecessor-version":[{"id":62392,"href":"https:\/\/www.topohvar.at\/topo\/wp-json\/wp\/v2\/pages\/9809\/revisions\/62392"}],"up":[{"embeddable":true,"href":"https:\/\/www.topohvar.at\/topo\/wp-json\/wp\/v2\/pages\/76"}],"wp:attachment":[{"href":"https:\/\/www.topohvar.at\/topo\/wp-json\/wp\/v2\/media?parent=9809"}],"curies":[{"name":"wp","href":"https:\/\/api.w.org\/{rel}","templated":true}]}}