{"id":9820,"date":"2018-09-05T15:51:15","date_gmt":"2018-09-05T13:51:15","guid":{"rendered":"https:\/\/www.topohvar.at\/?page_id=9820"},"modified":"2024-06-15T15:37:54","modified_gmt":"2024-06-15T13:37:54","slug":"gv-tg-04-1","status":"publish","type":"page","link":"https:\/\/www.topohvar.at\/topo\/orte\/gv\/gv-tg-04-1\/","title":{"rendered":"VELO GRABLJE &#8211; Zgrada javne \u00bbPoljoprivredna Zadruga\u00ab"},"content":{"rendered":"<p><strong><img loading=\"lazy\" decoding=\"async\" class=\"alignnone wp-image-9646 size-large\" src=\"https:\/\/www.topohvar.at\/wp-content\/uploads\/2018\/09\/gv-tg-04-0-1024x503.jpg\" alt=\"\" width=\"640\" height=\"314\" srcset=\"https:\/\/www.topohvar.at\/wp-content\/uploads\/2018\/09\/gv-tg-04-0-1024x503.jpg 1024w, https:\/\/www.topohvar.at\/wp-content\/uploads\/2018\/09\/gv-tg-04-0-300x147.jpg 300w, https:\/\/www.topohvar.at\/wp-content\/uploads\/2018\/09\/gv-tg-04-0-768x377.jpg 768w, https:\/\/www.topohvar.at\/wp-content\/uploads\/2018\/09\/gv-tg-04-0.jpg 1080w\" sizes=\"auto, (max-width: 640px) 100vw, 640px\" \/><\/strong><\/p>\n<p><strong>Ime \/ Name<br \/>\n<\/strong>Zgrada javne \u00bbPoljoprivredna Zadruga\u00ab \/ Geb\u00e4ude der landwirtschaftlichen Genossenschaft<\/p>\n<p><strong>Code: <\/strong>GV-TG-04\u00a0 \u00a0 \u00a0 \u00a0 \u00a0 \u00a0 \u00a0 \u00a0 \u00a0 \u00a0 \u00a0 \u00a0 \u00a0 \u00a0 \u00a0 \u00a0<strong><a href=\"https:\/\/www.topohvar.at\/orte\/gv\/gv-tg-02-1\/\"><img loading=\"lazy\" decoding=\"async\" class=\"alignnone wp-image-533 size-full\" src=\"https:\/\/www.topohvar.at\/wp-content\/uploads\/2018\/07\/push-l-30.jpg\" alt=\"\" width=\"61\" height=\"30\" \/><\/a> <a href=\"https:\/\/www.topohvar.at\/orte\/gv\/\"><img loading=\"lazy\" decoding=\"async\" class=\"alignnone wp-image-535 size-full\" src=\"https:\/\/www.topohvar.at\/wp-content\/uploads\/2018\/07\/push-o-30.jpg\" alt=\"\" width=\"61\" height=\"30\" \/><\/a> <a href=\"https:\/\/www.topohvar.at\/orte\/gv\/gv-tg-03-1\/\"><img loading=\"lazy\" decoding=\"async\" class=\"alignnone wp-image-536 size-full\" src=\"https:\/\/www.topohvar.at\/wp-content\/uploads\/2018\/07\/push-r-30.jpg\" alt=\"\" width=\"61\" height=\"30\" \/><\/a><\/strong><\/p>\n<hr \/>\n<p><strong>Adresa \/ Adresse<br \/>\n<\/strong>Velo Grablje 29<\/p>\n<p><strong>Lokalna polo\u017eaj \/ Position<a href=\"https:\/\/goo.gl\/maps\/TD7usbt9Ynwt1uwc8\"><img loading=\"lazy\" decoding=\"async\" class=\"alignright wp-image-10095\" src=\"https:\/\/www.topohvar.at\/wp-content\/uploads\/2018\/09\/0169.jpg\" alt=\"\" width=\"133\" height=\"100\" \/><\/a><br \/>\n<\/strong><span style=\"color: #3366ff;\"><a style=\"color: #3366ff;\" href=\"https:\/\/goo.gl\/maps\/TD7usbt9Ynwt1uwc8\">Latitude: N 43,17073\u00b0\u00a0 \u00a0Longitude: E 16,52149\u00b0<\/a> <\/span><strong><br \/>\n<\/strong>Visina \/ H\u00f6he: 285 m<\/p>\n<p><strong>Zemlji\u0161te \/ Grundst\u00fccke<br \/>\n<\/strong>*406\u00a0<div class='content-column one_half'><div style=\"padding-right:6px;\"><p><strong>Datum snimanja \/ Erfassungsdatum<br \/>\n<\/strong>18.10.2014 11:14:00<\/p>\n<hr \/>\n<p><strong>Informacije<\/strong><\/p>\n<p>Zadrugarstvo u V. Grablju ima dugu i zna\u010dajnu tradiciju. &#8222;Ruzmarinska zadruga&#8220; osnovana 1892. i obnovljena 1902. g. je prva ruzmarinska zadruga (eteri\u010dnih ulja) u Hrvatskoj, a 1902. godina je po\u010detak moderne proizvodnje eteri\u010dnih ulja u Hrvatskoj. &#8222;Ruzmarinska zadruga&#8220; je ujedno i prva zadruga osnovana na otoku Hvaru, kao i &#8222;Seoska blagajna u Velom Grablju na Hvaru&#8220; osnovana.<\/p><\/div><\/div><div class='content-column one_half last_column'><div style=\"padding-right:0px;padding-left:6px;\"><p><strong>Za\u0161titni polo\u017eaj \/ Schutzstellung<br \/>\n<\/strong>&#8211;<\/p>\n<hr \/>\n<p><strong>Info<\/strong><\/p>\n<p>Die Genossenschaft in Velo Grablje hat eine lange und wichtige Tradition.\u00a0 Die &#8222;Rosmarin-Genossenschaft&#8220; die im Jahre 1892 gegr\u00fcndet und im Jahre 1902 erneuert wurde, war die erste Rosmarin-Genossenschaft (\u00e4therische \u00d6le) in Kroatien. 1902 Jahre war der Beginn der modernen Produktion von \u00e4therischen \u00d6len in Kroatien. Die &#8222;Rosmarin-Genossenschaft&#8220; war die erste Genossenschaft auf der Insel Hvar.<\/p><\/div><\/div><div class='clear_column'><\/div><div class='content-column one_half'><div style=\"padding-right:6px;\"><p>1893 g., tako\u0111er prva na otoku, \u0161to su ujedno po\u010de\u0107i zadrugarstva na otoku Hvaru. &#8222;Seoska blagajna&#8220; je bila obnovljena 1900. g. i pod upraviteljstvom don Nike Gamulina izvrsno radila.<\/p><\/div><\/div><div class='content-column one_half last_column'><div style=\"padding-right:0px;padding-left:6px;\"><p>1893 wurde aber auch eine &#8222;Dorf-Kassa in Velo Grablje auf Hvar&#8220; gegr\u00fcndet, die die Anf\u00e4nge der Genossenschaften auf der Insel darstellt. Die &#8222;Dorf-Kassa&#8220; wurde im Jahre 1900 erneuert und funktionierte unter der Leitung von Don Niko Gamulin hervorragend.<\/p><\/div><\/div><div class='clear_column'><\/div><div class='content-column one_half'><div style=\"padding-right:6px;\"><p>Tako je 1905. g. izgra\u0111ena zgrada zadruge, i danas postoje\u0107a lijepa zgrada &#8222;Poljoprivredne zadruga&#8220;. Za to se ponajvi\u0161e zauzeo don Niko Gamulin koji je bio predstojnik gradnje. Zgrada je jednokatnica s visokim podrumom (konobom) u kojem je bila smje\u0161tena uljara. Jo\u0161 je sa\u010duvan ure\u0111aj za preradbu maslina i pravljenje ulja s kamenim mlinovima \u0161to je spomeni\u010dka rijetkost koju treba sa\u010duvati.<\/p><\/div><\/div><div class='content-column one_half last_column'><div style=\"padding-right:0px;padding-left:6px;\"><p>Um 1905 wurde das Genossenschaftshaus gebaut, das bis heute als sch\u00f6nes Geb\u00e4ude der &#8222;landwirtschaftlichen Genossenschaften&#8220; besteht. Es wurde haupts\u00e4chlich durch Don Niko Gamulin, dem Leiter der Genossenschaft genutzt. Das Geb\u00e4ude ist einst\u00f6ckig mit einem hohen Untergeschoss (Keller), in dem sich die \u00d6lraffinerie befand. Hier befindet sich noch die Vorrichtung zur Verarbeitung von Oliven und zur Herstellung von \u00d6l mittels Steinm\u00fchlen die als denkmalerische Rarit\u00e4t erhalten bleiben sollen.<\/p><\/div><\/div><div class='clear_column'><\/div><div class='content-column one_half'><div style=\"padding-right:6px;\"><p>Kasnije \u0107e se toj zgradi dodati krilo u kojem su bile trgovina i \u010ditaonica. Do tada se \u010ditaonica nalazila u prostorijama koje bi ustupili vlasnici privatnih ku\u0107a.<\/p><\/div><\/div><div class='content-column one_half last_column'><div style=\"padding-right:0px;padding-left:6px;\"><p>Sp\u00e4ter wird ein Geb\u00e4udefl\u00fcgel hinzugef\u00fcgt mit Magazin f\u00fcr den Handel, wo der Handel und Leseraum Bis dahin war der Lesesaal in den R\u00e4umlichkeiten privater Hauseigent\u00fcmern.<\/p><\/div><\/div><div class='clear_column'><\/div><div class='content-column one_half'><div style=\"padding-right:6px;\"><p>Gustirna se nalazi ispred ku\u0107e zadruge.<\/p><\/div><\/div><div class='content-column one_half last_column'><div style=\"padding-right:0px;padding-left:6px;\"><p>Vor dem Genossenschaftshaus befindet sich eine Zisterne.<\/p><\/div><\/div><div class='clear_column'><\/div><\/p>\n<hr \/>\n<p><strong>Linkovi \/ Links<\/strong><\/p>\n<p><span style=\"color: #3366ff;\"><a style=\"color: #3366ff;\" href=\"https:\/\/www.topohvar.at\/orte\/gv\/gv-is-03-1\/\">Spomen plo\u010da \u00bbPrvi Zadruge Ruzmarina\u00ab \/ Gedenktafel an die erste Rosmarin-Genossenschaft<\/a><\/span><br \/>\n<span style=\"color: #3366ff;\"><a style=\"color: #3366ff;\" href=\"https:\/\/www.topohvar.at\/orte\/gv\/gv-is-01-1\/\">Spomen plo\u010da \u00bbpalim borcima\u00ab na zidu \/ Gedenktafel an die Gefallenen an der Au\u00dfenwand<\/a><br \/>\n<a style=\"color: #3366ff;\" href=\"https:\/\/www.topohvar.at\/orte\/gv\/gv-tg-03-1\/\">Zgrada gospodarske \u00bbDestilerija lavandina i ru\u017emarinova ulja\u00ab \/ Destillerie f\u00fcr Lavendel- und Rosmarin\u00f6l<\/a><br \/>\n<a style=\"color: #3366ff;\" href=\"https:\/\/www.topohvar.at\/topo\/orte\/gv\/gv-op-00-0\/#op-04\">Objekt \u00bbGustirna kod zadruge\u00ab \/ Zisterne beim Genossenschaftshaus<\/a><br \/>\n<\/span><\/p>\n","protected":false},"excerpt":{"rendered":"<p>Ime \/ Name Zgrada javne \u00bbPoljoprivredna Zadruga\u00ab \/ Geb\u00e4ude der landwirtschaftlichen Genossenschaft Code: GV-TG-04\u00a0 \u00a0 \u00a0 \u00a0 \u00a0 \u00a0 \u00a0 \u00a0 \u00a0 \u00a0 \u00a0 \u00a0 \u00a0 \u00a0 \u00a0 \u00a0 Adresa \/ Adresse Velo Grablje 29 Lokalna polo\u017eaj \/ Position Latitude: &hellip; <a href=\"https:\/\/www.topohvar.at\/topo\/orte\/gv\/gv-tg-04-1\/\">Weiterlesen <span class=\"meta-nav\">&rarr;<\/span><\/a><\/p>\n","protected":false},"author":1,"featured_media":0,"parent":76,"menu_order":0,"comment_status":"closed","ping_status":"closed","template":"","meta":{"footnotes":""},"class_list":["post-9820","page","type-page","status-publish","hentry"],"_links":{"self":[{"href":"https:\/\/www.topohvar.at\/topo\/wp-json\/wp\/v2\/pages\/9820","targetHints":{"allow":["GET"]}}],"collection":[{"href":"https:\/\/www.topohvar.at\/topo\/wp-json\/wp\/v2\/pages"}],"about":[{"href":"https:\/\/www.topohvar.at\/topo\/wp-json\/wp\/v2\/types\/page"}],"author":[{"embeddable":true,"href":"https:\/\/www.topohvar.at\/topo\/wp-json\/wp\/v2\/users\/1"}],"replies":[{"embeddable":true,"href":"https:\/\/www.topohvar.at\/topo\/wp-json\/wp\/v2\/comments?post=9820"}],"version-history":[{"count":9,"href":"https:\/\/www.topohvar.at\/topo\/wp-json\/wp\/v2\/pages\/9820\/revisions"}],"predecessor-version":[{"id":68783,"href":"https:\/\/www.topohvar.at\/topo\/wp-json\/wp\/v2\/pages\/9820\/revisions\/68783"}],"up":[{"embeddable":true,"href":"https:\/\/www.topohvar.at\/topo\/wp-json\/wp\/v2\/pages\/76"}],"wp:attachment":[{"href":"https:\/\/www.topohvar.at\/topo\/wp-json\/wp\/v2\/media?parent=9820"}],"curies":[{"name":"wp","href":"https:\/\/api.w.org\/{rel}","templated":true}]}}