{"id":9828,"date":"2018-09-05T16:03:38","date_gmt":"2018-09-05T14:03:38","guid":{"rendered":"https:\/\/www.topohvar.at\/?page_id=9828"},"modified":"2024-06-15T15:41:49","modified_gmt":"2024-06-15T13:41:49","slug":"gv-tg-07-1","status":"publish","type":"page","link":"https:\/\/www.topohvar.at\/topo\/orte\/gv\/gv-tg-07-1\/","title":{"rendered":"VELO GRABLJE &#8211; Ku\u0107a \u00bbDon Ante Petri\u0107\u00ab"},"content":{"rendered":"<p><strong><img loading=\"lazy\" decoding=\"async\" class=\"alignnone wp-image-9648 size-large\" src=\"https:\/\/www.topohvar.at\/wp-content\/uploads\/2018\/09\/gv-tg-07-0-1024x503.jpg\" alt=\"\" width=\"640\" height=\"314\" srcset=\"https:\/\/www.topohvar.at\/wp-content\/uploads\/2018\/09\/gv-tg-07-0-1024x503.jpg 1024w, https:\/\/www.topohvar.at\/wp-content\/uploads\/2018\/09\/gv-tg-07-0-300x147.jpg 300w, https:\/\/www.topohvar.at\/wp-content\/uploads\/2018\/09\/gv-tg-07-0-768x377.jpg 768w, https:\/\/www.topohvar.at\/wp-content\/uploads\/2018\/09\/gv-tg-07-0.jpg 1080w\" sizes=\"auto, (max-width: 640px) 100vw, 640px\" \/><\/strong><\/p>\n<p><strong>Ime \/ Name<br \/>\n<\/strong>Ku\u0107a \u00bbDon Ante Petri\u0107\u00ab<\/p>\n<p><strong>Code: <\/strong>GV-TG-07\u00a0 \u00a0 \u00a0 \u00a0 \u00a0 \u00a0 \u00a0 \u00a0 \u00a0 \u00a0 \u00a0 \u00a0 \u00a0 \u00a0 \u00a0 \u00a0<strong><a href=\"https:\/\/www.topohvar.at\/orte\/gv\/gv-tg-05-1\/\"><img loading=\"lazy\" decoding=\"async\" class=\"alignnone wp-image-533 size-full\" src=\"https:\/\/www.topohvar.at\/wp-content\/uploads\/2018\/07\/push-l-30.jpg\" alt=\"\" width=\"61\" height=\"30\" \/><\/a> <a href=\"https:\/\/www.topohvar.at\/orte\/gv\/\"><img loading=\"lazy\" decoding=\"async\" class=\"alignnone wp-image-535 size-full\" src=\"https:\/\/www.topohvar.at\/wp-content\/uploads\/2018\/07\/push-o-30.jpg\" alt=\"\" width=\"61\" height=\"30\" \/><\/a> <a href=\"https:\/\/www.topohvar.at\/orte\/gv\/gv-tg-08-1\/\"><img loading=\"lazy\" decoding=\"async\" class=\"alignnone wp-image-536 size-full\" src=\"https:\/\/www.topohvar.at\/wp-content\/uploads\/2018\/07\/push-r-30.jpg\" alt=\"\" width=\"61\" height=\"30\" \/><\/a><\/strong><\/p>\n<hr \/>\n<p><strong>Adresa \/ Adresse<br \/>\n<\/strong>Velo Grablje 66<\/p>\n<p><strong>Lokalna polo\u017eaj \/ Position<a href=\"https:\/\/goo.gl\/maps\/MLoWcAdUjhrQTQA36\"><img loading=\"lazy\" decoding=\"async\" class=\"alignright wp-image-10104\" src=\"https:\/\/www.topohvar.at\/wp-content\/uploads\/2018\/09\/0172.jpg\" alt=\"\" width=\"133\" height=\"100\" \/><\/a><br \/>\n<\/strong><a href=\"https:\/\/goo.gl\/maps\/MLoWcAdUjhrQTQA36\"><span style=\"color: #3366ff;\">Latitude: N 43,17007\u00b0\u00a0 \u00a0Longitude: E 16,52128\u00b0<\/span><\/a> <strong><br \/>\n<\/strong>Visina \/ H\u00f6he: 283 m<\/p>\n<p><strong>Zemlji\u0161te \/ Grundst\u00fccke<br \/>\n<\/strong>*137 <div class='content-column one_half'><div style=\"padding-right:6px;\"><p><strong>Datum snimanja \/ Erfassungsdatum<br \/>\n<\/strong>18.10.2014 11:39:59<\/p>\n<hr \/>\n<p><strong>Informacije<\/strong><\/p>\n<p>U ovoj ku\u0107i je ro\u0111en Don Ante Petri\u0107 30.8.1869. \u2013 20.8.1917. Osniva\u010d ruzmarinske zadruge 1892. i seoske blagajne 1893. Desno ispod ku\u0107e je pripadaju\u0107a cisterna.<\/p><\/div><\/div><div class='content-column one_half last_column'><div style=\"padding-right:0px;padding-left:6px;\"><p><strong>Za\u0161titni polo\u017eaj \/ Schutzstellung<br \/>\n<\/strong>&#8211;<\/p>\n<hr \/>\n<p><strong>Info<\/strong><\/p>\n<p>In diesem Haus wurde Don Anton Petri\u0107 geboren 30. 8. 1869 \u2013 20. 8. 1917. Gr\u00fcnder der ersten Rosmarin Genossenschaft im Jahr 1892 und Dorfkassa im Jahr 1893. Rechts unterhalb des Hauses befindet sich eine zugeh\u00f6rige Zisterne.<\/p><\/div><\/div><div class='clear_column'><\/div><\/p>\n<hr \/>\n<p><strong>Linkovi \/ Links<\/strong><\/p>\n<p><span style=\"color: #3366ff;\"><a style=\"color: #3366ff;\" href=\"https:\/\/www.topohvar.at\/orte\/gv\/gv-is-04-1\/\">Spomen plo\u010da \/ Gedenktafel \u00bbDon Ante Petri\u0107\u00ab<\/a><br \/>\n<a style=\"color: #3366ff;\" href=\"https:\/\/www.topohvar.at\/topo\/orte\/gv\/gv-op-00-0\/#op-10\">Objekt \u00bbGustirna (10) kod ku\u0107e br. 64\u00ab \/ Zisterne (10) beim Haus Nr. 64<\/a><\/span><\/p>\n<p><span style=\"color: #3366ff;\">\u00a0<\/span><\/p>\n","protected":false},"excerpt":{"rendered":"<p>Ime \/ Name Ku\u0107a \u00bbDon Ante Petri\u0107\u00ab Code: GV-TG-07\u00a0 \u00a0 \u00a0 \u00a0 \u00a0 \u00a0 \u00a0 \u00a0 \u00a0 \u00a0 \u00a0 \u00a0 \u00a0 \u00a0 \u00a0 \u00a0 Adresa \/ Adresse Velo Grablje 66 Lokalna polo\u017eaj \/ Position Latitude: N 43,17007\u00b0\u00a0 \u00a0Longitude: E 16,52128\u00b0 &hellip; <a href=\"https:\/\/www.topohvar.at\/topo\/orte\/gv\/gv-tg-07-1\/\">Weiterlesen <span class=\"meta-nav\">&rarr;<\/span><\/a><\/p>\n","protected":false},"author":1,"featured_media":0,"parent":76,"menu_order":0,"comment_status":"closed","ping_status":"closed","template":"","meta":{"footnotes":""},"class_list":["post-9828","page","type-page","status-publish","hentry"],"_links":{"self":[{"href":"https:\/\/www.topohvar.at\/topo\/wp-json\/wp\/v2\/pages\/9828","targetHints":{"allow":["GET"]}}],"collection":[{"href":"https:\/\/www.topohvar.at\/topo\/wp-json\/wp\/v2\/pages"}],"about":[{"href":"https:\/\/www.topohvar.at\/topo\/wp-json\/wp\/v2\/types\/page"}],"author":[{"embeddable":true,"href":"https:\/\/www.topohvar.at\/topo\/wp-json\/wp\/v2\/users\/1"}],"replies":[{"embeddable":true,"href":"https:\/\/www.topohvar.at\/topo\/wp-json\/wp\/v2\/comments?post=9828"}],"version-history":[{"count":8,"href":"https:\/\/www.topohvar.at\/topo\/wp-json\/wp\/v2\/pages\/9828\/revisions"}],"predecessor-version":[{"id":68785,"href":"https:\/\/www.topohvar.at\/topo\/wp-json\/wp\/v2\/pages\/9828\/revisions\/68785"}],"up":[{"embeddable":true,"href":"https:\/\/www.topohvar.at\/topo\/wp-json\/wp\/v2\/pages\/76"}],"wp:attachment":[{"href":"https:\/\/www.topohvar.at\/topo\/wp-json\/wp\/v2\/media?parent=9828"}],"curies":[{"name":"wp","href":"https:\/\/api.w.org\/{rel}","templated":true}]}}