{"id":9841,"date":"2018-09-05T18:55:18","date_gmt":"2018-09-05T16:55:18","guid":{"rendered":"https:\/\/www.topohvar.at\/?page_id=9841"},"modified":"2024-06-15T15:57:13","modified_gmt":"2024-06-15T13:57:13","slug":"gv-tr-38-1","status":"publish","type":"page","link":"https:\/\/www.topohvar.at\/topo\/orte\/gv\/gv-tr-38-1\/","title":{"rendered":"VELO GRABLJE &#8211; Trim \u00bbGV-TR-38\u00ab"},"content":{"rendered":"<p><a name=\"seite_oben\"><\/a><br \/>\n<strong><img loading=\"lazy\" decoding=\"async\" class=\"alignnone wp-image-22967 size-large\" src=\"https:\/\/www.topohvar.at\/wp-content\/uploads\/2019\/05\/gv-tr-38-10-1024x503.jpg\" alt=\"\" width=\"640\" height=\"314\" srcset=\"https:\/\/www.topohvar.at\/wp-content\/uploads\/2019\/05\/gv-tr-38-10-1024x503.jpg 1024w, https:\/\/www.topohvar.at\/wp-content\/uploads\/2019\/05\/gv-tr-38-10-300x147.jpg 300w, https:\/\/www.topohvar.at\/wp-content\/uploads\/2019\/05\/gv-tr-38-10-768x377.jpg 768w, https:\/\/www.topohvar.at\/wp-content\/uploads\/2019\/05\/gv-tr-38-10.jpg 1080w\" sizes=\"auto, (max-width: 640px) 100vw, 640px\" \/><\/strong><\/p>\n<p><strong>Ime \/ Name<br \/>\n<\/strong>Trim \u00bbGV-TR-38\u00ab<\/p>\n<p><strong>Code: <\/strong>GV-TR-38\u00a0 \u00a0 \u00a0 \u00a0 \u00a0 \u00a0 \u00a0 \u00a0 \u00a0 \u00a0 \u00a0 \u00a0 \u00a0 \u00a0 \u00a0 \u00a0<strong><a href=\"https:\/\/www.topohvar.at\/orte\/gv\/gv-tr-00-1\/\"><img loading=\"lazy\" decoding=\"async\" class=\"alignnone wp-image-12300 size-full\" src=\"https:\/\/www.topohvar.at\/wp-content\/uploads\/2018\/09\/push-vor-30.jpg\" alt=\"\" width=\"61\" height=\"30\" \/><\/a> <a href=\"https:\/\/www.topohvar.at\/orte\/gv\/gv-tr-60-1\/\"><img loading=\"lazy\" decoding=\"async\" class=\"alignnone wp-image-533 size-full\" src=\"https:\/\/www.topohvar.at\/wp-content\/uploads\/2018\/07\/push-l-30.jpg\" alt=\"\" width=\"61\" height=\"30\" \/><\/a> <a href=\"https:\/\/www.topohvar.at\/orte\/gv\/\"><img loading=\"lazy\" decoding=\"async\" class=\"alignnone wp-image-535 size-full\" src=\"https:\/\/www.topohvar.at\/wp-content\/uploads\/2018\/07\/push-o-30.jpg\" alt=\"\" width=\"61\" height=\"30\" \/><\/a> <a href=\"https:\/\/www.topohvar.at\/orte\/gv\/gv-tr-37-1\/\"><img loading=\"lazy\" decoding=\"async\" class=\"alignnone wp-image-536 size-full\" src=\"https:\/\/www.topohvar.at\/wp-content\/uploads\/2018\/07\/push-r-30.jpg\" alt=\"\" width=\"61\" height=\"30\" \/><\/a><\/strong><\/p>\n<hr \/>\n<p><strong>Adresa \/ Adresse<br \/>\n<\/strong>Velo Grablje, ju\u017eno od prijenosa tornja \/ s\u00fcdlich des Sendemastes<\/p>\n<p><strong>Lokacija \/ Position<a href=\"https:\/\/goo.gl\/maps\/mpvYRbhBFQhJES189\"><img loading=\"lazy\" decoding=\"async\" class=\"alignright wp-image-10234\" src=\"https:\/\/www.topohvar.at\/wp-content\/uploads\/2018\/09\/0210.jpg\" alt=\"\" width=\"133\" height=\"100\" \/><\/a><br \/>\n<\/strong><span style=\"color: #3366ff;\"><a style=\"color: #3366ff;\" href=\"https:\/\/goo.gl\/maps\/mpvYRbhBFQhJES189\">Latitude: N 43,16732\u00b0\u00a0 \u00a0Longitude: E 16,53135\u00b0<\/a><\/span> <strong><br \/>\n<\/strong>Visina \/ H\u00f6he: 393 m<\/p>\n<p><strong>Katastarska \u010destica \/ Grundst\u00fccke<br \/>\n<\/strong>3141\/2\u00a0<div class='content-column one_half'><div style=\"padding-right:6px;\"><p><strong>Datum snimanja \/ Erfassungsdatum<br \/>\n<\/strong>22.09.2015 11:51:30<\/p>\n<hr \/>\n<p><strong>Informacije<\/strong><\/p>\n<p>Trim se nalazi u polju masline i lavande, ju\u017eno od prijenosnog tornja. Sjeverozapadno od njega nalazi se cisterna. Jednofaza konstrukcija integrirana je u suhe kamene zidove, vrlo dobro o\u010duvana i koristi se.<\/p><\/div><\/div><div class='content-column one_half last_column'><div style=\"padding-right:0px;padding-left:6px;\"><p><strong>Stupanj za\u0161tite \/ Schutzstellung<br \/>\n<\/strong>&#8211;<\/p>\n<hr \/>\n<p><strong>Info<\/strong><\/p>\n<p>Der Trim liegt in einem Oliven- und Lavendelfeld, s\u00fcdlich des Sendemastes. Nordwestlich von ihm befindet sich eine Zisterne. Der einstufige Bau ist in Trockensteinmauern integriert, sehr gut erhalten und wird genutzt.<\/p><\/div><\/div><div class='clear_column'><\/div><div class='content-column one_half'><div style=\"padding-right:6px;\"><div id=\"attachment_23713\" style=\"width: 310px\" class=\"wp-caption aligncenter\"><img loading=\"lazy\" decoding=\"async\" aria-describedby=\"caption-attachment-23713\" class=\"size-medium wp-image-23713\" src=\"https:\/\/www.topohvar.at\/wp-content\/uploads\/2019\/07\/gv-tr-38-11-300x300.jpg\" alt=\"\" width=\"300\" height=\"300\" srcset=\"https:\/\/www.topohvar.at\/wp-content\/uploads\/2019\/07\/gv-tr-38-11-300x300.jpg 300w, https:\/\/www.topohvar.at\/wp-content\/uploads\/2019\/07\/gv-tr-38-11-150x150.jpg 150w, https:\/\/www.topohvar.at\/wp-content\/uploads\/2019\/07\/gv-tr-38-11.jpg 450w\" sizes=\"auto, (max-width: 300px) 100vw, 300px\" \/><p id=\"caption-attachment-23713\" class=\"wp-caption-text\">Ulaz \/ Eingang<\/p><\/div>\n<p>Dana 21.05.2019 trim je posje\u0107en i prona\u0111en je sljede\u0107i<\/p>\n<p>Lokacija: vrt<br \/>\nPodzemlje: sklon<br \/>\nSklop: kameni zid<br \/>\nUpotreba: koristi<br \/>\nStanje izgradnje: vrlo dobro uzdr\u017eati<br \/>\nBroj prstenova trima: jedan prsten<br \/>\nDodatni kameni prsten: nema kamenog prstena<br \/>\nStepeni\u0161te: nema stepenica<br \/>\nOblik kamena: uglast<br \/>\nPodru\u010dje ispred ulaza: lako dostupni<br \/>\nVrata na stranicu: JZ (240\u00b0)<br \/>\nPromjer trima (cm): 360<br \/>\nVisina trima (cm): 250<br \/>\nVisina prstena (cm): 150<br \/>\nDebljina zida (cm): 75<br \/>\n\u0160irina vrata (cm): 55<br \/>\nVisina vrata (cm): 90<br \/>\n\u0160irina unutra (cm): 210<br \/>\nVisina unutra (cm): 210<br \/>\nVolumen iznutra (m3): 4,5<br \/>\nNema ni\u0161e<\/p><\/div><\/div><div class='content-column one_half last_column'><div style=\"padding-right:0px;padding-left:6px;\"><div id=\"attachment_23714\" style=\"width: 310px\" class=\"wp-caption aligncenter\"><img loading=\"lazy\" decoding=\"async\" aria-describedby=\"caption-attachment-23714\" class=\"size-medium wp-image-23714\" src=\"https:\/\/www.topohvar.at\/wp-content\/uploads\/2019\/07\/gv-tr-38-13-300x300.jpg\" alt=\"\" width=\"300\" height=\"300\" srcset=\"https:\/\/www.topohvar.at\/wp-content\/uploads\/2019\/07\/gv-tr-38-13-300x300.jpg 300w, https:\/\/www.topohvar.at\/wp-content\/uploads\/2019\/07\/gv-tr-38-13-150x150.jpg 150w, https:\/\/www.topohvar.at\/wp-content\/uploads\/2019\/07\/gv-tr-38-13.jpg 450w\" sizes=\"auto, (max-width: 300px) 100vw, 300px\" \/><p id=\"caption-attachment-23714\" class=\"wp-caption-text\">Pogled na jugoistok \/ Blick nach S\u00fcdosten<\/p><\/div>\n<p>Am 21.05.2019 wurde der Trim besucht und untersucht<\/p>\n<p>Standort: Garten<br \/>\nUntergrund: geneigt<br \/>\nVerbunden mit: Steinmauer<br \/>\nNutzung: genutzt<br \/>\nZustand: sehr gut erhalten<br \/>\nRinge\/Stufen des Trim: einstufig<br \/>\nZus\u00e4tzlicher Steinring: kein Steinring<br \/>\nStiege: keine Stufen<br \/>\nSteinform: kantig<br \/>\nEingangsbereich: frei<br \/>\nEingangsseite: SW (240\u00b0)<br \/>\nTrimdurchmesser (cm): 360<br \/>\nTrimh\u00f6he (cm): 250<br \/>\nStufen\/Ringh\u00f6he (cm): 150<br \/>\nWandst\u00e4rke: 75<br \/>\nT\u00fcrbreite (cm): 55<br \/>\nT\u00fcrh\u00f6he (cm): 90<br \/>\nInnenraumbreite (cm): 210<br \/>\nInnenraumh\u00f6he (cm): 210<br \/>\nRaumvolumen (m3): 4,5<br \/>\nKeine Nische<\/p><\/div><\/div><div class='clear_column'><\/div><\/p>\n<p><img loading=\"lazy\" decoding=\"async\" class=\"aligncenter size-full wp-image-23715\" src=\"https:\/\/www.topohvar.at\/wp-content\/uploads\/2019\/07\/gv-tr-38-sca.jpg\" alt=\"\" width=\"640\" height=\"972\" srcset=\"https:\/\/www.topohvar.at\/wp-content\/uploads\/2019\/07\/gv-tr-38-sca.jpg 640w, https:\/\/www.topohvar.at\/wp-content\/uploads\/2019\/07\/gv-tr-38-sca-198x300.jpg 198w\" sizes=\"auto, (max-width: 640px) 100vw, 640px\" \/><\/p>\n<p style=\"text-align: right;\"><a href=\"#seite_oben\">natrag na vrh \/ Seitenanfang<\/a><\/p>\n<hr \/>\n<p><strong>Linkovi \/ Links<\/strong><\/p>\n<p><span style=\"color: #3366ff;\"><a style=\"color: #3366ff;\" href=\"https:\/\/www.topohvar.at\/topo\/orte\/gv\/gv-op-00-0\/#op-35\">Objekt \u00bbGustirna uz trim GV-TR-38\u00ab \/ Zisterne beim Trim GV-TR-38<\/a><\/span><\/p>\n","protected":false},"excerpt":{"rendered":"<p>Ime \/ Name Trim \u00bbGV-TR-38\u00ab Code: GV-TR-38\u00a0 \u00a0 \u00a0 \u00a0 \u00a0 \u00a0 \u00a0 \u00a0 \u00a0 \u00a0 \u00a0 \u00a0 \u00a0 \u00a0 \u00a0 \u00a0 Adresa \/ Adresse Velo Grablje, ju\u017eno od prijenosa tornja \/ s\u00fcdlich des Sendemastes Lokacija \/ Position Latitude: N &hellip; <a href=\"https:\/\/www.topohvar.at\/topo\/orte\/gv\/gv-tr-38-1\/\">Weiterlesen <span class=\"meta-nav\">&rarr;<\/span><\/a><\/p>\n","protected":false},"author":1,"featured_media":0,"parent":76,"menu_order":0,"comment_status":"closed","ping_status":"closed","template":"","meta":{"footnotes":""},"class_list":["post-9841","page","type-page","status-publish","hentry"],"_links":{"self":[{"href":"https:\/\/www.topohvar.at\/topo\/wp-json\/wp\/v2\/pages\/9841","targetHints":{"allow":["GET"]}}],"collection":[{"href":"https:\/\/www.topohvar.at\/topo\/wp-json\/wp\/v2\/pages"}],"about":[{"href":"https:\/\/www.topohvar.at\/topo\/wp-json\/wp\/v2\/types\/page"}],"author":[{"embeddable":true,"href":"https:\/\/www.topohvar.at\/topo\/wp-json\/wp\/v2\/users\/1"}],"replies":[{"embeddable":true,"href":"https:\/\/www.topohvar.at\/topo\/wp-json\/wp\/v2\/comments?post=9841"}],"version-history":[{"count":14,"href":"https:\/\/www.topohvar.at\/topo\/wp-json\/wp\/v2\/pages\/9841\/revisions"}],"predecessor-version":[{"id":68799,"href":"https:\/\/www.topohvar.at\/topo\/wp-json\/wp\/v2\/pages\/9841\/revisions\/68799"}],"up":[{"embeddable":true,"href":"https:\/\/www.topohvar.at\/topo\/wp-json\/wp\/v2\/pages\/76"}],"wp:attachment":[{"href":"https:\/\/www.topohvar.at\/topo\/wp-json\/wp\/v2\/media?parent=9841"}],"curies":[{"name":"wp","href":"https:\/\/api.w.org\/{rel}","templated":true}]}}