{"id":9891,"date":"2018-09-05T19:40:53","date_gmt":"2018-09-05T17:40:53","guid":{"rendered":"https:\/\/www.topohvar.at\/?page_id=9891"},"modified":"2024-06-15T16:04:54","modified_gmt":"2024-06-15T14:04:54","slug":"gv-tr-29-1","status":"publish","type":"page","link":"https:\/\/www.topohvar.at\/topo\/orte\/gv\/gv-tr-29-1\/","title":{"rendered":"VELO GRABLJE &#8211; Trim \u00bbGV-TR-29\u00ab"},"content":{"rendered":"<p><a name=\"seite_oben\"><\/a><br \/>\n<strong><img loading=\"lazy\" decoding=\"async\" class=\"alignleft wp-image-24281 size-large\" src=\"https:\/\/www.topohvar.at\/wp-content\/uploads\/2019\/10\/gv-tr-29-20-1024x503.jpg\" alt=\"\" width=\"640\" height=\"314\" srcset=\"https:\/\/www.topohvar.at\/wp-content\/uploads\/2019\/10\/gv-tr-29-20-1024x503.jpg 1024w, https:\/\/www.topohvar.at\/wp-content\/uploads\/2019\/10\/gv-tr-29-20-300x147.jpg 300w, https:\/\/www.topohvar.at\/wp-content\/uploads\/2019\/10\/gv-tr-29-20-768x377.jpg 768w, https:\/\/www.topohvar.at\/wp-content\/uploads\/2019\/10\/gv-tr-29-20.jpg 1080w\" sizes=\"auto, (max-width: 640px) 100vw, 640px\" \/><\/strong><\/p>\n<p><strong>Ime \/ Name<br \/>\n<\/strong>Trim \u00bbGV-TR-29\u00ab<\/p>\n<p><strong>Code: <\/strong>GV-TR-29\u00a0 \u00a0 \u00a0 \u00a0 \u00a0 \u00a0 \u00a0 \u00a0 \u00a0 \u00a0 \u00a0 \u00a0 \u00a0 \u00a0 \u00a0 \u00a0<strong><a href=\"https:\/\/www.topohvar.at\/orte\/gv\/gv-tr-00-1\/\"><img loading=\"lazy\" decoding=\"async\" class=\"alignnone wp-image-12300 size-full\" src=\"https:\/\/www.topohvar.at\/wp-content\/uploads\/2018\/09\/push-vor-30.jpg\" alt=\"\" width=\"61\" height=\"30\" \/><\/a> <a href=\"https:\/\/www.topohvar.at\/orte\/gv\/gv-tr-30-1\/\"><img loading=\"lazy\" decoding=\"async\" class=\"alignnone wp-image-533 size-full\" src=\"https:\/\/www.topohvar.at\/wp-content\/uploads\/2018\/07\/push-l-30.jpg\" alt=\"\" width=\"61\" height=\"30\" \/><\/a> <a href=\"https:\/\/www.topohvar.at\/orte\/gv\/\"><img loading=\"lazy\" decoding=\"async\" class=\"alignnone wp-image-535 size-full\" src=\"https:\/\/www.topohvar.at\/wp-content\/uploads\/2018\/07\/push-o-30.jpg\" alt=\"\" width=\"61\" height=\"30\" \/><\/a> <a href=\"https:\/\/www.topohvar.at\/orte\/gv\/gv-tr-28-1\/\"><img loading=\"lazy\" decoding=\"async\" class=\"alignnone wp-image-536 size-full\" src=\"https:\/\/www.topohvar.at\/wp-content\/uploads\/2018\/07\/push-r-30.jpg\" alt=\"\" width=\"61\" height=\"30\" \/><\/a><\/strong><\/p>\n<hr \/>\n<p><strong>Adresa \/ Adresse<br \/>\n<\/strong>Velo Grablje, put \/ Weg Dubovi dol &#8211; Sv. Nikola<\/p>\n<p><strong>Lokacija \/ Position<a href=\"https:\/\/goo.gl\/maps\/UaWvHuusXr4rsDVYA\"><img loading=\"lazy\" decoding=\"async\" class=\"alignright wp-image-10308\" src=\"https:\/\/www.topohvar.at\/wp-content\/uploads\/2018\/09\/0201.jpg\" alt=\"\" width=\"133\" height=\"100\" \/><\/a><br \/>\n<\/strong><span style=\"color: #3366ff;\"><a style=\"color: #3366ff;\" href=\"https:\/\/goo.gl\/maps\/UaWvHuusXr4rsDVYA\">Latitude: N 43,15618\u00b0\u00a0 \u00a0Longitude: E 16,55651\u00b0<\/a> <\/span><strong><br \/>\n<\/strong>Visina \/ H\u00f6he: 300 m<\/p>\n<p><strong>Katastarska \u010destica \/ Grundst\u00fccke<br \/>\n<\/strong>6809\u00a0<div class='content-column one_half'><div style=\"padding-right:6px;\"><p><strong>Datum snimanja \/ Erfassungsdatum<br \/>\n<\/strong>23.05.2014 11:28:00<\/p>\n<hr \/>\n<p><strong>Informacije<\/strong><\/p>\n<p>Trim se nalazi na padini planine sjeverno od rute od Dubovog Dola (u blizini ju\u017enog portala cestovnog tunela) do Sv. Nikola. Jednostepeni trim je vrlo dobro o\u010duvana i projicira se lijevom stranom u kamenitu planinsku padinu. Nad ulazom napravljena od monolita se nalazi velika zidna ni\u0161a. Ulaz je mogao biti zaklju\u010dan i ranije, ali sada je obrastao grmljem. Unutar se nalaze dvije zidne ni\u0161e.<\/p><\/div><\/div><div class='content-column one_half last_column'><div style=\"padding-right:0px;padding-left:6px;\"><p><strong>Stupanj za\u0161tite \/ Schutzstellung<br \/>\n<\/strong>&#8211;<\/p>\n<hr \/>\n<p><strong>Info<\/strong><\/p>\n<p>Der Trim befindet sich am Berghang n\u00f6rdlich des Weges von Dubovi Dol (nahe des S\u00fcdportales des Stra\u00dfentunnels) nach Sv. Nikola. Der einstufige Trim ist sehr gut erhalten und ragt mit seiner linken Seite in den steinigen Berghang. \u00dcber dem, aus Monolithen geformte Eingang, befindet sich eine gro\u00dfe Wandnische. Der Eingang war ehemals verschlie\u00dfbar jetzt aber durch Buschwerk ziemlich verwachsen. Im Inneren finden sich zwei Wandnischen.<\/p><\/div><\/div><div class='clear_column'><\/div><div class='content-column one_half'><div style=\"padding-right:6px;\"><div id=\"attachment_24746\" style=\"width: 310px\" class=\"wp-caption aligncenter\"><img loading=\"lazy\" decoding=\"async\" aria-describedby=\"caption-attachment-24746\" class=\"size-full wp-image-24746\" src=\"https:\/\/www.topohvar.at\/wp-content\/uploads\/2019\/12\/gv-tr-29-22.jpg\" alt=\"\" width=\"300\" height=\"300\" srcset=\"https:\/\/www.topohvar.at\/wp-content\/uploads\/2019\/12\/gv-tr-29-22.jpg 300w, https:\/\/www.topohvar.at\/wp-content\/uploads\/2019\/12\/gv-tr-29-22-150x150.jpg 150w\" sizes=\"auto, (max-width: 300px) 100vw, 300px\" \/><p id=\"caption-attachment-24746\" class=\"wp-caption-text\">Ulaz \/ Eingang<\/p><\/div>\n<p>Dana 06.10.2019 trim je posje\u0107en i prona\u0111en je sljede\u0107i<\/p>\n<p>Lokacija: livada, vrba<br \/>\nPodzemlje: padina<br \/>\nSklop: izoliran<br \/>\nUpotreba: ne koristi<br \/>\nStanje izgradnje: vrlo dobro uzdr\u017eati<br \/>\nBroj prstenova trima: jedan prsten<br \/>\nDodatni kameni prsten: nema kamenog prstena<br \/>\nStepeni\u0161te: nema stepenica<br \/>\nOblik kamena: uglast<br \/>\nPodru\u010dje ispred ulaza: zarastao<br \/>\nVrata na stranicu: Z (280\u00b0)<br \/>\nPromjer trima (cm): 560<br \/>\nVisina trima (cm): 320<br \/>\nVisina prstena (cm): 240<br \/>\nDebljina zida (cm): 95<br \/>\n\u0160irina vrata (cm): 80<br \/>\nVisina vrata (cm): 95<br \/>\n\u0160irina unutra (cm): 330 &#8211; 370<br \/>\nVisina unutra (cm): 290<br \/>\nVolumen iznutra (m3): 15,71<br \/>\nni\u0161a 1 (P\/\u0160\/V\/D) (cm): 75 \/ 30 \/ 25 \/ 40<br \/>\nni\u0161a 2 (P\/\u0160\/V\/D) (cm): 65 \/ 35 \/ 30 \/ 45<\/p><\/div><\/div><div class='content-column one_half last_column'><div style=\"padding-right:0px;padding-left:6px;\"><div id=\"attachment_24747\" style=\"width: 310px\" class=\"wp-caption aligncenter\"><img loading=\"lazy\" decoding=\"async\" aria-describedby=\"caption-attachment-24747\" class=\"size-full wp-image-24747\" src=\"https:\/\/www.topohvar.at\/wp-content\/uploads\/2019\/12\/gv-tr-29-23.jpg\" alt=\"\" width=\"300\" height=\"300\" srcset=\"https:\/\/www.topohvar.at\/wp-content\/uploads\/2019\/12\/gv-tr-29-23.jpg 300w, https:\/\/www.topohvar.at\/wp-content\/uploads\/2019\/12\/gv-tr-29-23-150x150.jpg 150w\" sizes=\"auto, (max-width: 300px) 100vw, 300px\" \/><p id=\"caption-attachment-24747\" class=\"wp-caption-text\">Pogled na jug \/ Blick nach S\u00fcden<\/p><\/div>\n<p>Am 06.10.2019 wurde der Trim besucht und untersucht<\/p>\n<p>Standort: Wiese, Weide<br \/>\nUntergrund: Hanglage<br \/>\nVerbunden mit: freistehend<br \/>\nNutzung: ungenutzt<br \/>\nZustand: sehr gut erhalten<br \/>\nRinge\/Stufen des Trim: einstufig<br \/>\nZus\u00e4tzlicher Steinring: kein Steinring<br \/>\nStiege: keine Stufen<br \/>\nSteinform: kantig<br \/>\nEingangsbereich: verwachsen<br \/>\nEingangsseite: W (280\u00b0)<br \/>\nTrimdurchmesser (cm): 560<br \/>\nTrimh\u00f6he (cm): 320<br \/>\nStufen\/Ringh\u00f6he (cm): 240<br \/>\nWandst\u00e4rke: 95<br \/>\nT\u00fcrbreite (cm): 80<br \/>\nT\u00fcrh\u00f6he (cm): 95<br \/>\nInnenraumbreite (cm): 330 &#8211; 370<br \/>\nInnenraumh\u00f6he (cm): 290<br \/>\nRaumvolumen (m3): 15,71<br \/>\nNische 1 (P\/B\/H\/T) (cm): 75 \/ 30 \/ 25 \/ 40<br \/>\nNische 2 (P\/B\/H\/T) (cm): 65 \/ 35 \/ 30 \/ 45<\/p><\/div><\/div><div class='clear_column'><\/div><\/p>\n<p><img loading=\"lazy\" decoding=\"async\" class=\"aligncenter size-full wp-image-24745\" src=\"https:\/\/www.topohvar.at\/wp-content\/uploads\/2019\/12\/gv-tr-29-sc.jpg\" alt=\"\" width=\"600\" height=\"916\" srcset=\"https:\/\/www.topohvar.at\/wp-content\/uploads\/2019\/12\/gv-tr-29-sc.jpg 600w, https:\/\/www.topohvar.at\/wp-content\/uploads\/2019\/12\/gv-tr-29-sc-197x300.jpg 197w\" sizes=\"auto, (max-width: 600px) 100vw, 600px\" \/><\/p>\n<p style=\"text-align: right;\"><a href=\"#seite_oben\">natrag na vrh \/ Seitenanfang<\/a><\/p>\n<hr \/>\n<p><strong>Linkovi \/ Links<\/strong><\/p>\n<p><span style=\"color: #3366ff;\"><a style=\"color: #3366ff;\" href=\"https:\/\/www.topohvar.at\/topo\/orte\/gv\/gv-op-00-0\/#op-64\">Objekt \u00bbGustirna (64) \/ Zisterne (64)<\/a><\/span><\/p>\n","protected":false},"excerpt":{"rendered":"<p>Ime \/ Name Trim \u00bbGV-TR-29\u00ab Code: GV-TR-29\u00a0 \u00a0 \u00a0 \u00a0 \u00a0 \u00a0 \u00a0 \u00a0 \u00a0 \u00a0 \u00a0 \u00a0 \u00a0 \u00a0 \u00a0 \u00a0 Adresa \/ Adresse Velo Grablje, put \/ Weg Dubovi dol &#8211; Sv. Nikola Lokacija \/ Position Latitude: N &hellip; <a href=\"https:\/\/www.topohvar.at\/topo\/orte\/gv\/gv-tr-29-1\/\">Weiterlesen <span class=\"meta-nav\">&rarr;<\/span><\/a><\/p>\n","protected":false},"author":1,"featured_media":0,"parent":76,"menu_order":0,"comment_status":"closed","ping_status":"closed","template":"","meta":{"footnotes":""},"class_list":["post-9891","page","type-page","status-publish","hentry"],"_links":{"self":[{"href":"https:\/\/www.topohvar.at\/topo\/wp-json\/wp\/v2\/pages\/9891","targetHints":{"allow":["GET"]}}],"collection":[{"href":"https:\/\/www.topohvar.at\/topo\/wp-json\/wp\/v2\/pages"}],"about":[{"href":"https:\/\/www.topohvar.at\/topo\/wp-json\/wp\/v2\/types\/page"}],"author":[{"embeddable":true,"href":"https:\/\/www.topohvar.at\/topo\/wp-json\/wp\/v2\/users\/1"}],"replies":[{"embeddable":true,"href":"https:\/\/www.topohvar.at\/topo\/wp-json\/wp\/v2\/comments?post=9891"}],"version-history":[{"count":13,"href":"https:\/\/www.topohvar.at\/topo\/wp-json\/wp\/v2\/pages\/9891\/revisions"}],"predecessor-version":[{"id":68804,"href":"https:\/\/www.topohvar.at\/topo\/wp-json\/wp\/v2\/pages\/9891\/revisions\/68804"}],"up":[{"embeddable":true,"href":"https:\/\/www.topohvar.at\/topo\/wp-json\/wp\/v2\/pages\/76"}],"wp:attachment":[{"href":"https:\/\/www.topohvar.at\/topo\/wp-json\/wp\/v2\/media?parent=9891"}],"curies":[{"name":"wp","href":"https:\/\/api.w.org\/{rel}","templated":true}]}}