{"id":9893,"date":"2018-09-05T19:42:36","date_gmt":"2018-09-05T17:42:36","guid":{"rendered":"https:\/\/www.topohvar.at\/?page_id=9893"},"modified":"2024-03-30T11:42:22","modified_gmt":"2024-03-30T10:42:22","slug":"gv-tr-28-1","status":"publish","type":"page","link":"https:\/\/www.topohvar.at\/topo\/orte\/gv\/gv-tr-28-1\/","title":{"rendered":"VELO GRABLJE &#8211; Trim \u00bbGV-TR-28\u00ab"},"content":{"rendered":"<p><a name=\"seite_oben\"><\/a><br \/>\n<strong><img loading=\"lazy\" decoding=\"async\" class=\"alignleft wp-image-24291 size-large\" src=\"https:\/\/www.topohvar.at\/wp-content\/uploads\/2019\/10\/gv-tr-28-22-1024x503.jpg\" alt=\"\" width=\"640\" height=\"314\" srcset=\"https:\/\/www.topohvar.at\/wp-content\/uploads\/2019\/10\/gv-tr-28-22-1024x503.jpg 1024w, https:\/\/www.topohvar.at\/wp-content\/uploads\/2019\/10\/gv-tr-28-22-300x147.jpg 300w, https:\/\/www.topohvar.at\/wp-content\/uploads\/2019\/10\/gv-tr-28-22-768x377.jpg 768w, https:\/\/www.topohvar.at\/wp-content\/uploads\/2019\/10\/gv-tr-28-22.jpg 1080w\" sizes=\"auto, (max-width: 640px) 100vw, 640px\" \/><\/strong><\/p>\n<p><strong>Ime \/ Name<br \/>\n<\/strong>Trim \u00bbGV-TR-28\u00ab<\/p>\n<p><strong>Code: <\/strong>GV-TR-28\u00a0 \u00a0 \u00a0 \u00a0 \u00a0 \u00a0 \u00a0 \u00a0 \u00a0 \u00a0 \u00a0 \u00a0 \u00a0 \u00a0 \u00a0 \u00a0<strong><a href=\"https:\/\/www.topohvar.at\/orte\/gv\/gv-tr-00-1\/\"><img loading=\"lazy\" decoding=\"async\" class=\"alignnone wp-image-12300 size-full\" src=\"https:\/\/www.topohvar.at\/wp-content\/uploads\/2018\/09\/push-vor-30.jpg\" alt=\"\" width=\"61\" height=\"30\" \/><\/a> <a href=\"https:\/\/www.topohvar.at\/orte\/gv\/gv-tr-29-1\/\"><img loading=\"lazy\" decoding=\"async\" class=\"alignnone wp-image-533 size-full\" src=\"https:\/\/www.topohvar.at\/wp-content\/uploads\/2018\/07\/push-l-30.jpg\" alt=\"\" width=\"61\" height=\"30\" \/><\/a> <a href=\"https:\/\/www.topohvar.at\/orte\/gv\/\"><img loading=\"lazy\" decoding=\"async\" class=\"alignnone wp-image-535 size-full\" src=\"https:\/\/www.topohvar.at\/wp-content\/uploads\/2018\/07\/push-o-30.jpg\" alt=\"\" width=\"61\" height=\"30\" \/><\/a> <a href=\"https:\/\/www.topohvar.at\/orte\/gv\/gv-tr-82-1\/\"><img loading=\"lazy\" decoding=\"async\" class=\"alignnone wp-image-536 size-full\" src=\"https:\/\/www.topohvar.at\/wp-content\/uploads\/2018\/07\/push-r-30.jpg\" alt=\"\" width=\"61\" height=\"30\" \/><\/a><\/strong><\/p>\n<hr \/>\n<p><strong>Adresa \/ Adresse<br \/>\n<\/strong>Velo Grablje, put \/ Weg Dubovi dol &#8211; Sv. Nikola<\/p>\n<p><strong>Lokacija \/ Position<a href=\"https:\/\/goo.gl\/maps\/gPaxMSmUX3KwWgJy8\"><img loading=\"lazy\" decoding=\"async\" class=\"alignright wp-image-10312\" src=\"https:\/\/www.topohvar.at\/wp-content\/uploads\/2018\/09\/0200.jpg\" alt=\"\" width=\"133\" height=\"100\" \/><\/a><br \/>\n<\/strong><span style=\"color: #3366ff;\"><a style=\"color: #3366ff;\" href=\"https:\/\/goo.gl\/maps\/gPaxMSmUX3KwWgJy8\">Latitude: N 43,15200\u00b0\u00a0 \u00a0Longitude: E 16,55904\u00b0<\/a><\/span> <strong><br \/>\n<\/strong>Visina \/ H\u00f6he: 350 m<\/p>\n<p><strong>Katastarska \u010destica \/ Grundst\u00fccke<br \/>\n<\/strong>6636\/12\u00a0<div class='content-column one_half'><div style=\"padding-right:6px;\"><p><strong>Datum snimanja \/ Erfassungsdatum<br \/>\n<\/strong>23.05.2014 11:10:00<\/p>\n<hr \/>\n<p><strong>Informacije<\/strong><\/p>\n<p>Trim se nalazi na padini planine ju\u017eno od ceste od Dubovog Dola (u blizini ju\u017enog portala cestovnog tunela) do Sv. Nikola. Stra\u017enji dio jednostepena trima str\u0161i u padinu i lijevom stranom grani\u010di s kamenim zidom koji vodi do planine. Ulaz je oblikovan krupnim kamenjem i vodi u unutra\u0161njost s ni\u0161anom. Trim je vrlo dobro o\u010duvan i koristi se<\/p><\/div><\/div><div class='content-column one_half last_column'><div style=\"padding-right:0px;padding-left:6px;\"><p><strong>Stupanj za\u0161tite \/ Schutzstellung<br \/>\n<\/strong>&#8211;<\/p>\n<hr \/>\n<p><strong>Info<\/strong><\/p>\n<p>Der Trim befindet sich am Berghang s\u00fcdlich der Stra\u00dfe von Dubovi Dol (nahe des S\u00fcdportales des Stra\u00dfentunnels) nach Sv. Nikola. Der einstufige Trim ragt mit seiner R\u00fcckseite in den Abhang und grenzt mit seiner linken Seite an eine Steinmauer die auf den Berg hinauf f\u00fchrt. Der Eingang ist mit gro\u00dfen Steinen geformt und f\u00fchrt in den Innenraum mit Wandnische. Der Trim ist sehr gut erhalten und wird genutzt.<\/p><\/div><\/div><div class='clear_column'><\/div><div class='content-column one_half'><div style=\"padding-right:6px;\"><div id=\"attachment_24757\" style=\"width: 310px\" class=\"wp-caption aligncenter\"><img loading=\"lazy\" decoding=\"async\" aria-describedby=\"caption-attachment-24757\" class=\"size-full wp-image-24757\" src=\"https:\/\/www.topohvar.at\/wp-content\/uploads\/2019\/12\/gv-tr-28-20.jpg\" alt=\"\" width=\"300\" height=\"300\" srcset=\"https:\/\/www.topohvar.at\/wp-content\/uploads\/2019\/12\/gv-tr-28-20.jpg 300w, https:\/\/www.topohvar.at\/wp-content\/uploads\/2019\/12\/gv-tr-28-20-150x150.jpg 150w\" sizes=\"auto, (max-width: 300px) 100vw, 300px\" \/><p id=\"caption-attachment-24757\" class=\"wp-caption-text\">Ulaz \/ Eingang<\/p><\/div>\n<p>Dana 07.10.2019 trim je posje\u0107en i prona\u0111en je sljede\u0107i<\/p>\n<p>Lokacija: livada, vrba<br \/>\nPodzemlje: sklon<br \/>\nSklop: kameni zid<br \/>\nUpotreba: malo se koristi<br \/>\nStanje izgradnje: vrlo dobro uzdr\u017eati<br \/>\nBroj prstenova trima: jedan prsten<br \/>\nDodatni kameni prsten: nema kamenog prstena<br \/>\nStepeni\u0161te: nema stepenica<br \/>\nOblik kamena: uglast<br \/>\nPodru\u010dje ispred ulaza: lako dostupni<br \/>\nVrata na stranicu: I (90\u00b0)<br \/>\nPromjer trima (cm): 400<br \/>\nVisina trima (cm): 250<br \/>\nVisina prstena (cm): 195<br \/>\nDebljina zida (cm): 75<br \/>\n\u0160irina vrata (cm): 60<br \/>\nVisina vrata (cm): 90<br \/>\n\u0160irina unutra (cm): 230 &#8211; 250<br \/>\nVisina unutra (cm): 230<br \/>\nVolumen iznutra (m3): 6,29<br \/>\nni\u0161a 1 (P\/\u0160\/V\/D) (cm): 80 \/ 30 \/ 35 \/ 40<\/p><\/div><\/div><div class='content-column one_half last_column'><div style=\"padding-right:0px;padding-left:6px;\"><div id=\"attachment_24758\" style=\"width: 310px\" class=\"wp-caption aligncenter\"><img loading=\"lazy\" decoding=\"async\" aria-describedby=\"caption-attachment-24758\" class=\"size-full wp-image-24758\" src=\"https:\/\/www.topohvar.at\/wp-content\/uploads\/2019\/12\/gv-tr-28-25.jpg\" alt=\"\" width=\"300\" height=\"300\" srcset=\"https:\/\/www.topohvar.at\/wp-content\/uploads\/2019\/12\/gv-tr-28-25.jpg 300w, https:\/\/www.topohvar.at\/wp-content\/uploads\/2019\/12\/gv-tr-28-25-150x150.jpg 150w\" sizes=\"auto, (max-width: 300px) 100vw, 300px\" \/><p id=\"caption-attachment-24758\" class=\"wp-caption-text\">Pogled na jug \/ Blick nach S\u00fcden<\/p><\/div>\n<p>Am 07.10.2019 wurde der Trim besucht und untersucht<\/p>\n<p>Standort: Wiese, Weide<br \/>\nUntergrund: geneigt<br \/>\nVerbunden mit: Steinmauer<br \/>\nNutzung: kaum genutzt<br \/>\nZustand: sehr gut erhalten<br \/>\nRinge\/Stufen des Trim: einstufig<br \/>\nZus\u00e4tzlicher Steinring: kein Steinring<br \/>\nStiege: keine Stufen<br \/>\nSteinform: kantig<br \/>\nEingangsbereich: frei<br \/>\nEingangsseite: O (90\u00b0)<br \/>\nTrimdurchmesser (cm): 400<br \/>\nTrimh\u00f6he (cm): 250<br \/>\nStufen\/Ringh\u00f6he (cm): 195<br \/>\nWandst\u00e4rke: 75<br \/>\nT\u00fcrbreite (cm): 60<br \/>\nT\u00fcrh\u00f6he (cm): 90<br \/>\nInnenraumbreite (cm): 230 &#8211; 250<br \/>\nInnenraumh\u00f6he (cm): 230<br \/>\nRaumvolumen (m3): 6,29<br \/>\nNische 1 (P\/B\/H\/T) (cm): 80 \/ 30 \/ 35 \/ 40<\/p><\/div><\/div><div class='clear_column'><\/div><\/p>\n<p><img loading=\"lazy\" decoding=\"async\" class=\"aligncenter size-full wp-image-24759\" src=\"https:\/\/www.topohvar.at\/wp-content\/uploads\/2019\/12\/gv-tr-28-sc.jpg\" alt=\"\" width=\"600\" height=\"919\" srcset=\"https:\/\/www.topohvar.at\/wp-content\/uploads\/2019\/12\/gv-tr-28-sc.jpg 600w, https:\/\/www.topohvar.at\/wp-content\/uploads\/2019\/12\/gv-tr-28-sc-196x300.jpg 196w\" sizes=\"auto, (max-width: 600px) 100vw, 600px\" \/><\/p>\n<p style=\"text-align: right;\"><a href=\"#seite_oben\">natrag na vrh \/ Seitenanfang<\/a><\/p>\n<hr \/>\n<p><strong>Linkovi \/ Links<\/strong><\/p>\n<p>&#8211;<\/p>\n","protected":false},"excerpt":{"rendered":"<p>Ime \/ Name Trim \u00bbGV-TR-28\u00ab Code: GV-TR-28\u00a0 \u00a0 \u00a0 \u00a0 \u00a0 \u00a0 \u00a0 \u00a0 \u00a0 \u00a0 \u00a0 \u00a0 \u00a0 \u00a0 \u00a0 \u00a0 Adresa \/ Adresse Velo Grablje, put \/ Weg Dubovi dol &#8211; Sv. Nikola Lokacija \/ Position Latitude: N &hellip; <a href=\"https:\/\/www.topohvar.at\/topo\/orte\/gv\/gv-tr-28-1\/\">Weiterlesen <span class=\"meta-nav\">&rarr;<\/span><\/a><\/p>\n","protected":false},"author":1,"featured_media":0,"parent":76,"menu_order":0,"comment_status":"closed","ping_status":"closed","template":"","meta":{"footnotes":""},"class_list":["post-9893","page","type-page","status-publish","hentry"],"_links":{"self":[{"href":"https:\/\/www.topohvar.at\/topo\/wp-json\/wp\/v2\/pages\/9893","targetHints":{"allow":["GET"]}}],"collection":[{"href":"https:\/\/www.topohvar.at\/topo\/wp-json\/wp\/v2\/pages"}],"about":[{"href":"https:\/\/www.topohvar.at\/topo\/wp-json\/wp\/v2\/types\/page"}],"author":[{"embeddable":true,"href":"https:\/\/www.topohvar.at\/topo\/wp-json\/wp\/v2\/users\/1"}],"replies":[{"embeddable":true,"href":"https:\/\/www.topohvar.at\/topo\/wp-json\/wp\/v2\/comments?post=9893"}],"version-history":[{"count":15,"href":"https:\/\/www.topohvar.at\/topo\/wp-json\/wp\/v2\/pages\/9893\/revisions"}],"predecessor-version":[{"id":65972,"href":"https:\/\/www.topohvar.at\/topo\/wp-json\/wp\/v2\/pages\/9893\/revisions\/65972"}],"up":[{"embeddable":true,"href":"https:\/\/www.topohvar.at\/topo\/wp-json\/wp\/v2\/pages\/76"}],"wp:attachment":[{"href":"https:\/\/www.topohvar.at\/topo\/wp-json\/wp\/v2\/media?parent=9893"}],"curies":[{"name":"wp","href":"https:\/\/api.w.org\/{rel}","templated":true}]}}