{"id":9917,"date":"2018-09-05T20:02:31","date_gmt":"2018-09-05T18:02:31","guid":{"rendered":"https:\/\/www.topohvar.at\/?page_id=9917"},"modified":"2024-06-15T15:43:56","modified_gmt":"2024-06-15T13:43:56","slug":"gv-tr-11-1","status":"publish","type":"page","link":"https:\/\/www.topohvar.at\/topo\/orte\/gv\/gv-tr-11-1\/","title":{"rendered":"VELO GRABLJE &#8211; Trim \u00bbGV-TR-11\u00ab"},"content":{"rendered":"<p><a name=\"seite_oben\"><\/a><br \/>\n<strong><img loading=\"lazy\" decoding=\"async\" class=\"aligncenter wp-image-24243 size-large\" src=\"https:\/\/www.topohvar.at\/wp-content\/uploads\/2019\/10\/gv-tr-11-24-1024x503.jpg\" alt=\"\" width=\"640\" height=\"314\" srcset=\"https:\/\/www.topohvar.at\/wp-content\/uploads\/2019\/10\/gv-tr-11-24-1024x503.jpg 1024w, https:\/\/www.topohvar.at\/wp-content\/uploads\/2019\/10\/gv-tr-11-24-300x147.jpg 300w, https:\/\/www.topohvar.at\/wp-content\/uploads\/2019\/10\/gv-tr-11-24-768x377.jpg 768w, https:\/\/www.topohvar.at\/wp-content\/uploads\/2019\/10\/gv-tr-11-24.jpg 1080w\" sizes=\"auto, (max-width: 640px) 100vw, 640px\" \/><\/strong><\/p>\n<p><strong>Ime \/ Name<br \/>\n<\/strong>Trim \u00bbGV-TR-11\u00ab<\/p>\n<p><strong>Code: <\/strong>GV-TR-11\u00a0 \u00a0 \u00a0 \u00a0 \u00a0 \u00a0 \u00a0 \u00a0 \u00a0 \u00a0 \u00a0 \u00a0 \u00a0 \u00a0 \u00a0 \u00a0<strong><a href=\"https:\/\/www.topohvar.at\/orte\/gv\/gv-tr-00-1\/\"><img loading=\"lazy\" decoding=\"async\" class=\"alignnone wp-image-12300 size-full\" src=\"https:\/\/www.topohvar.at\/wp-content\/uploads\/2018\/09\/push-vor-30.jpg\" alt=\"\" width=\"61\" height=\"30\" \/><\/a> <a href=\"https:\/\/www.topohvar.at\/orte\/gv\/gv-tr-46-1\/\"><img loading=\"lazy\" decoding=\"async\" class=\"alignnone wp-image-533 size-full\" src=\"https:\/\/www.topohvar.at\/wp-content\/uploads\/2018\/07\/push-l-30.jpg\" alt=\"\" width=\"61\" height=\"30\" \/><\/a> <a href=\"https:\/\/www.topohvar.at\/orte\/gv\/\"><img loading=\"lazy\" decoding=\"async\" class=\"alignnone wp-image-535 size-full\" src=\"https:\/\/www.topohvar.at\/wp-content\/uploads\/2018\/07\/push-o-30.jpg\" alt=\"\" width=\"61\" height=\"30\" \/><\/a> <a href=\"https:\/\/www.topohvar.at\/orte\/gv\/gv-tr-65-1\/\"><img loading=\"lazy\" decoding=\"async\" class=\"alignnone wp-image-536 size-full\" src=\"https:\/\/www.topohvar.at\/wp-content\/uploads\/2018\/07\/push-r-30.jpg\" alt=\"\" width=\"61\" height=\"30\" \/><\/a><\/strong><\/p>\n<hr \/>\n<p><strong>Adresa \/ Adresse<br \/>\n<\/strong>Velo Grablje, na putu do Sv. Nikole \/ am Weg nach Sv. Nikola<\/p>\n<p><strong>Lokacija \/ Position<a href=\"https:\/\/goo.gl\/maps\/aUtB2j9ycDSqZkzFA\"><img loading=\"lazy\" decoding=\"async\" class=\"alignright wp-image-10355\" src=\"https:\/\/www.topohvar.at\/wp-content\/uploads\/2018\/09\/0183.jpg\" alt=\"\" width=\"133\" height=\"100\" \/><\/a><br \/>\n<\/strong><span style=\"color: #3366ff;\"><a style=\"color: #3366ff;\" href=\"https:\/\/goo.gl\/maps\/aUtB2j9ycDSqZkzFA\">Latitude: N 43,16011\u00b0\u00a0 \u00a0Longitude: E 16,55712\u00b0<\/a> <\/span><strong><br \/>\n<\/strong>Visina \/ H\u00f6he: 335 m<\/p>\n<p><strong>Katastarska \u010destica \/ Grundst\u00fccke<br \/>\n<\/strong>6132\/2\u00a0<div class='content-column one_half'><div style=\"padding-right:6px;\"><p><strong>Datum snimanja \/ Erfassungsdatum<br \/>\n<\/strong>21.05.2013 12:04:38<\/p>\n<hr \/>\n<p><strong>Informacije<\/strong><\/p>\n<p>Veliki trim stoj kraj ceste od vapnene pe\u0107i na Roskarnici do Sv. Nikola u podno\u017eju Radinjaca. Dvostepeni trim izgra\u0111ena je redovno i okruglo, vrlo je dobro o\u010duvana i koristi se. U unutra\u0161njosti su dvije zidne ni\u0161e i nekoliko kamena sjedala. Oko 3,5 m jugozapadno od trima nalazi se kru\u017ena cisterna promjera oko 6 m i mali bazen vode.<\/p><\/div><\/div><div class='content-column one_half last_column'><div style=\"padding-right:0px;padding-left:6px;\"><p><strong>Stupanj za\u0161tite \/ Schutzstellung<br \/>\n<\/strong>&#8211;<\/p>\n<hr \/>\n<p><strong>Info<\/strong><\/p>\n<p>Der gro\u00dfe Trim steht unweit der Stra\u00dfe vom Kalkofen auf Roskarnica nach Sv. Nikola am Fu\u00dfe des Radinjac. Der zweistufige Trim ist regelm\u00e4\u00dfig-rund errichtet, sehr gut erhalten und wird genutzt. Im Innenraum befinden sich zwei Wandnischen sowie Sitzsteine. Etwa 3,5 m s\u00fcdwestlich des Trims befindet sich eine kreisrunde Zisterne mit etwa 6 m Durchmesser und einem kleinen Wasserbecken.<\/p><\/div><\/div><div class='clear_column'><\/div><div class='content-column one_half'><div style=\"padding-right:6px;\"><div id=\"attachment_24677\" style=\"width: 310px\" class=\"wp-caption aligncenter\"><img loading=\"lazy\" decoding=\"async\" aria-describedby=\"caption-attachment-24677\" class=\"size-full wp-image-24677\" src=\"https:\/\/www.topohvar.at\/wp-content\/uploads\/2019\/12\/gv-tr-11-21.jpg\" alt=\"\" width=\"300\" height=\"300\" srcset=\"https:\/\/www.topohvar.at\/wp-content\/uploads\/2019\/12\/gv-tr-11-21.jpg 300w, https:\/\/www.topohvar.at\/wp-content\/uploads\/2019\/12\/gv-tr-11-21-150x150.jpg 150w\" sizes=\"auto, (max-width: 300px) 100vw, 300px\" \/><p id=\"caption-attachment-24677\" class=\"wp-caption-text\">Ulaz \/ Eingang<\/p><\/div>\n<p>Dana 28.09.2019 trim je posje\u0107en i prona\u0111en je sljede\u0107i<\/p>\n<p>Lokacija: grmlje<br \/>\nPodzemlje: ravan<br \/>\nSklop: izoliran<br \/>\nUpotreba: koristi<br \/>\nStanje izgradnje: vrlo dobro uzdr\u017eati<br \/>\nBroj prstenova trima: dva prstena<br \/>\nDodatni kameni prsten: nema kamenog prstena<br \/>\nStepeni\u0161te: nema stepenica<br \/>\nOblik kamena: uglast<br \/>\nPodru\u010dje ispred ulaza: lako dostupni<br \/>\nVrata na stranicu: Z (270\u00b0)<br \/>\nPromjer trima (cm): 550<br \/>\nVisina trima (cm): 380<br \/>\nVisina prstena (cm): prsten 1: 240 , prsten 2: 350<br \/>\nDebljina zida (cm): 100<br \/>\n\u0160irina vrata (cm): 85<br \/>\nVisina vrata (cm): 130<br \/>\n\u0160irina unutra (cm): 340 &#8211; 350<br \/>\nVisina unutra (cm): 340<br \/>\nVolumen iznutra (m3): 18,93<br \/>\nni\u0161a 1 (P\/\u0160\/V\/D) (cm): 50 \/ 40 \/ 35 \/ 35<br \/>\nni\u0161a 2 (P\/\u0160\/V\/D) (cm): 60 \/ 30 \/ 35 \/ 45<\/p><\/div><\/div><div class='content-column one_half last_column'><div style=\"padding-right:0px;padding-left:6px;\"><div id=\"attachment_24678\" style=\"width: 310px\" class=\"wp-caption aligncenter\"><img loading=\"lazy\" decoding=\"async\" aria-describedby=\"caption-attachment-24678\" class=\"size-full wp-image-24678\" src=\"https:\/\/www.topohvar.at\/wp-content\/uploads\/2019\/12\/gv-tr-11-27.jpg\" alt=\"\" width=\"300\" height=\"300\" srcset=\"https:\/\/www.topohvar.at\/wp-content\/uploads\/2019\/12\/gv-tr-11-27.jpg 300w, https:\/\/www.topohvar.at\/wp-content\/uploads\/2019\/12\/gv-tr-11-27-150x150.jpg 150w\" sizes=\"auto, (max-width: 300px) 100vw, 300px\" \/><p id=\"caption-attachment-24678\" class=\"wp-caption-text\">Kupola &#8211; pogled iznutra \/ Kuppel Innenansicht<\/p><\/div>\n<p>Am 28.09.2019 wurde der Trim besucht und untersucht<\/p>\n<p>Standort: Buschwerk<br \/>\nUntergrund: eben<br \/>\nVerbunden mit: freistehend<br \/>\nNutzung: genutzt<br \/>\nZustand: sehr gut erhalten<br \/>\nRinge\/Stufen des Trim: zweistufig<br \/>\nZus\u00e4tzlicher Steinring: kein Steinring<br \/>\nStiege: keine Stufen<br \/>\nSteinform: kantig<br \/>\nEingangsbereich: frei<br \/>\nEingangsseite: W (270\u00b0)<br \/>\nTrimdurchmesser (cm): 550<br \/>\nTrimh\u00f6he (cm): 380<br \/>\nStufen\/Ringh\u00f6he (cm): Ring 1: 240 , Ring 2: 350<br \/>\nWandst\u00e4rke: 100<br \/>\nT\u00fcrbreite (cm): 85<br \/>\nT\u00fcrh\u00f6he (cm): 130<br \/>\nInnenraumbreite (cm): 340 &#8211; 350<br \/>\nInnenraumh\u00f6he (cm): 340<br \/>\nRaumvolumen (m3): 18,93<br \/>\nNische 1 (P\/B\/H\/T) (cm): 50 \/ 40 \/ 35 \/ 35<br \/>\nNische 2 (P\/B\/H\/T) (cm): 60 \/ 30 \/ 35 \/ 45<\/p><\/div><\/div><div class='clear_column'><\/div><\/p>\n<p><img loading=\"lazy\" decoding=\"async\" class=\"aligncenter size-full wp-image-24679\" src=\"https:\/\/www.topohvar.at\/wp-content\/uploads\/2019\/12\/gv-tr-11-sc.jpg\" alt=\"\" width=\"600\" height=\"918\" srcset=\"https:\/\/www.topohvar.at\/wp-content\/uploads\/2019\/12\/gv-tr-11-sc.jpg 600w, https:\/\/www.topohvar.at\/wp-content\/uploads\/2019\/12\/gv-tr-11-sc-196x300.jpg 196w\" sizes=\"auto, (max-width: 600px) 100vw, 600px\" \/><\/p>\n<div id=\"attachment_25004\" style=\"width: 910px\" class=\"wp-caption aligncenter\"><img loading=\"lazy\" decoding=\"async\" aria-describedby=\"caption-attachment-25004\" class=\"wp-image-25004 size-full\" src=\"https:\/\/www.topohvar.at\/wp-content\/uploads\/2019\/12\/gv-tr-11-26.jpg\" alt=\"\" width=\"900\" height=\"450\" srcset=\"https:\/\/www.topohvar.at\/wp-content\/uploads\/2019\/12\/gv-tr-11-26.jpg 900w, https:\/\/www.topohvar.at\/wp-content\/uploads\/2019\/12\/gv-tr-11-26-300x150.jpg 300w, https:\/\/www.topohvar.at\/wp-content\/uploads\/2019\/12\/gv-tr-11-26-768x384.jpg 768w\" sizes=\"auto, (max-width: 900px) 100vw, 900px\" \/><p id=\"caption-attachment-25004\" class=\"wp-caption-text\">Zidne ni\u0161e i kamena sjedala \/ Wandnischen und Steinsitze<\/p><\/div>\n<p style=\"text-align: right;\"><a href=\"#seite_oben\">natrag na vrh \/ Seitenanfang<\/a><\/p>\n<hr \/>\n<p><strong>Linkovi \/ Links<\/strong><\/p>\n<p><span style=\"color: #3366ff;\"><a style=\"color: #3366ff;\" href=\"https:\/\/www.topohvar.at\/topo\/orte\/gv\/gv-op-00-0\/#op-11\">Objekt \u00bbGustirna uz trim GV-TR-11\u00ab \/ Zisterne beim Trim GV-TR-11<\/a><\/span><\/p>\n","protected":false},"excerpt":{"rendered":"<p>Ime \/ Name Trim \u00bbGV-TR-11\u00ab Code: GV-TR-11\u00a0 \u00a0 \u00a0 \u00a0 \u00a0 \u00a0 \u00a0 \u00a0 \u00a0 \u00a0 \u00a0 \u00a0 \u00a0 \u00a0 \u00a0 \u00a0 Adresa \/ Adresse Velo Grablje, na putu do Sv. Nikole \/ am Weg nach Sv. Nikola Lokacija \/ &hellip; <a href=\"https:\/\/www.topohvar.at\/topo\/orte\/gv\/gv-tr-11-1\/\">Weiterlesen <span class=\"meta-nav\">&rarr;<\/span><\/a><\/p>\n","protected":false},"author":1,"featured_media":0,"parent":76,"menu_order":0,"comment_status":"closed","ping_status":"closed","template":"","meta":{"footnotes":""},"class_list":["post-9917","page","type-page","status-publish","hentry"],"_links":{"self":[{"href":"https:\/\/www.topohvar.at\/topo\/wp-json\/wp\/v2\/pages\/9917","targetHints":{"allow":["GET"]}}],"collection":[{"href":"https:\/\/www.topohvar.at\/topo\/wp-json\/wp\/v2\/pages"}],"about":[{"href":"https:\/\/www.topohvar.at\/topo\/wp-json\/wp\/v2\/types\/page"}],"author":[{"embeddable":true,"href":"https:\/\/www.topohvar.at\/topo\/wp-json\/wp\/v2\/users\/1"}],"replies":[{"embeddable":true,"href":"https:\/\/www.topohvar.at\/topo\/wp-json\/wp\/v2\/comments?post=9917"}],"version-history":[{"count":16,"href":"https:\/\/www.topohvar.at\/topo\/wp-json\/wp\/v2\/pages\/9917\/revisions"}],"predecessor-version":[{"id":68787,"href":"https:\/\/www.topohvar.at\/topo\/wp-json\/wp\/v2\/pages\/9917\/revisions\/68787"}],"up":[{"embeddable":true,"href":"https:\/\/www.topohvar.at\/topo\/wp-json\/wp\/v2\/pages\/76"}],"wp:attachment":[{"href":"https:\/\/www.topohvar.at\/topo\/wp-json\/wp\/v2\/media?parent=9917"}],"curies":[{"name":"wp","href":"https:\/\/api.w.org\/{rel}","templated":true}]}}