{"id":9919,"date":"2018-09-05T20:04:04","date_gmt":"2018-09-05T18:04:04","guid":{"rendered":"https:\/\/www.topohvar.at\/?page_id=9919"},"modified":"2021-05-12T18:23:36","modified_gmt":"2021-05-12T16:23:36","slug":"gv-tr-51-1","status":"publish","type":"page","link":"https:\/\/www.topohvar.at\/topo\/orte\/gv\/gv-tr-51-1\/","title":{"rendered":"VELO GRABLJE &#8211; Trim \u00bbGV-TR-51\u00ab"},"content":{"rendered":"<p><a name=\"seite_oben\"><\/a><br \/>\n<strong><img loading=\"lazy\" decoding=\"async\" class=\"alignnone wp-image-9698 size-large\" src=\"https:\/\/www.topohvar.at\/wp-content\/uploads\/2018\/09\/gv-tr-51-0-1024x503.jpg\" alt=\"\" width=\"640\" height=\"314\" srcset=\"https:\/\/www.topohvar.at\/wp-content\/uploads\/2018\/09\/gv-tr-51-0-1024x503.jpg 1024w, https:\/\/www.topohvar.at\/wp-content\/uploads\/2018\/09\/gv-tr-51-0-300x147.jpg 300w, https:\/\/www.topohvar.at\/wp-content\/uploads\/2018\/09\/gv-tr-51-0-768x377.jpg 768w, https:\/\/www.topohvar.at\/wp-content\/uploads\/2018\/09\/gv-tr-51-0.jpg 1080w\" sizes=\"auto, (max-width: 640px) 100vw, 640px\" \/><\/strong><\/p>\n<p><strong>Ime \/ Name<br \/>\n<\/strong>Trim \u00bbGV-TR-51\u00ab<\/p>\n<p><strong>Code: <\/strong>GV-TR-51\u00a0 \u00a0 \u00a0 \u00a0 \u00a0 \u00a0 \u00a0 \u00a0 \u00a0 \u00a0 \u00a0 \u00a0 \u00a0 \u00a0 \u00a0 \u00a0<strong><a href=\"https:\/\/www.topohvar.at\/orte\/gv\/gv-tr-00-1\/\"><img loading=\"lazy\" decoding=\"async\" class=\"alignnone wp-image-12300 size-full\" src=\"https:\/\/www.topohvar.at\/wp-content\/uploads\/2018\/09\/push-vor-30.jpg\" alt=\"\" width=\"61\" height=\"30\" \/><\/a> <a href=\"https:\/\/www.topohvar.at\/orte\/gv\/gv-tr-68-1\/\"><img loading=\"lazy\" decoding=\"async\" class=\"alignnone wp-image-533 size-full\" src=\"https:\/\/www.topohvar.at\/wp-content\/uploads\/2018\/07\/push-l-30.jpg\" alt=\"\" width=\"61\" height=\"30\" \/><\/a> <a href=\"https:\/\/www.topohvar.at\/orte\/gv\/\"><img loading=\"lazy\" decoding=\"async\" class=\"alignnone wp-image-535 size-full\" src=\"https:\/\/www.topohvar.at\/wp-content\/uploads\/2018\/07\/push-o-30.jpg\" alt=\"\" width=\"61\" height=\"30\" \/><\/a> <a href=\"https:\/\/www.topohvar.at\/orte\/gv\/gv-tr-25-1\/\"><img loading=\"lazy\" decoding=\"async\" class=\"alignnone wp-image-536 size-full\" src=\"https:\/\/www.topohvar.at\/wp-content\/uploads\/2018\/07\/push-r-30.jpg\" alt=\"\" width=\"61\" height=\"30\" \/><\/a><\/strong><\/p>\n<hr \/>\n<p><strong>Adresa \/ Adresse<br \/>\n<\/strong>Velo Grablje, put na \/ Weg nach Sv. Nikole<\/p>\n<p><strong>Lokacija \/ Position<a href=\"https:\/\/goo.gl\/maps\/r8EzbJnyApXEUy6n9\"><img loading=\"lazy\" decoding=\"async\" class=\"alignright wp-image-10359\" src=\"https:\/\/www.topohvar.at\/wp-content\/uploads\/2018\/09\/1543.jpg\" alt=\"\" width=\"134\" height=\"100\" \/><\/a><br \/>\n<\/strong><span style=\"color: #3366ff;\"><a style=\"color: #3366ff;\" href=\"https:\/\/goo.gl\/maps\/r8EzbJnyApXEUy6n9\">Latitude: N 43,15905\u00b0\u00a0 \u00a0Longitude: E 16,56369\u00b0<\/a> <\/span><strong><br \/>\n<\/strong>Visina \/ H\u00f6he: 362 m<\/p>\n<p><strong>Katastarska \u010destica \/ Grundst\u00fccke<br \/>\n<\/strong>6188\u00a0<div class='content-column one_half'><div style=\"padding-right:6px;\"><p><strong>Datum snimanja \/ Erfassungsdatum<br \/>\n<\/strong>05.10.2017 11:25:22<\/p>\n<hr \/>\n<p><strong>Informacije<\/strong><\/p>\n<p>Trim stoji sjeverno od ceste od vapnene pe\u0107i na Roskarnici do Sv. Nikola u podno\u017eju Radinjaca. Trim je integriran u kameni zid na koji se mo\u017ee penjati stepenicama napravljenim od konzolnog kamenja. Kupola trima se sru\u0161ila, a unutra\u0161njost je prekrivena kamenjem. Ulaz sa SZ strane blokiran je grmljem.<\/p><\/div><\/div><div class='content-column one_half last_column'><div style=\"padding-right:0px;padding-left:6px;\"><p><strong>Stupanj za\u0161tite \/ Schutzstellung<br \/>\n<\/strong>&#8211;<\/p>\n<hr \/>\n<p><strong>Info<\/strong><\/p>\n<p>Der Trim steht n\u00f6rdlich der Stra\u00dfe vom Kalkofen auf Roskarnica nach Sv. Nikola am Fu\u00dfe des Radinjac. Der Trim ist in einer Steinmauer integriert, die \u00fcber Stufen aus Kragsteinen erstiegen werden kann. Die Kuppel des Trims ist eingest\u00fcrzt, sein Inneres mit Steinen \u00fcbers\u00e4t. Der Eingang an der NW-Seite ist durch B\u00fcsche versperrt.<\/p><\/div><\/div><div class='clear_column'><\/div><div class='content-column one_half'><div style=\"padding-right:6px;\"><div id=\"attachment_24690\" style=\"width: 310px\" class=\"wp-caption aligncenter\"><img loading=\"lazy\" decoding=\"async\" aria-describedby=\"caption-attachment-24690\" class=\"size-full wp-image-24690\" src=\"https:\/\/www.topohvar.at\/wp-content\/uploads\/2019\/12\/gv-tr-51-20.jpg\" alt=\"\" width=\"300\" height=\"300\" srcset=\"https:\/\/www.topohvar.at\/wp-content\/uploads\/2019\/12\/gv-tr-51-20.jpg 300w, https:\/\/www.topohvar.at\/wp-content\/uploads\/2019\/12\/gv-tr-51-20-150x150.jpg 150w\" sizes=\"auto, (max-width: 300px) 100vw, 300px\" \/><p id=\"caption-attachment-24690\" class=\"wp-caption-text\">Ulaz \/ Eingang<\/p><\/div>\n<p>Dana 29.09.2019 trim je posje\u0107en i prona\u0111en je sljede\u0107i<\/p>\n<p>Lokacija: grmlje<br \/>\nPodzemlje: sklon<br \/>\nSklop: nesre\u0111na kamena gomila , kameni zid<br \/>\nUpotreba: ne koristi<br \/>\nStanje izgradnje: Kupola se sru\u0161ila<br \/>\nBroj prstenova trima: ?<br \/>\nDodatni kameni prsten: nema kamenog prstena<br \/>\nStepeni\u0161te: konzole stepenice<br \/>\nOblik kamena: uglast<br \/>\nPodru\u010dje ispred ulaza: zarastao<br \/>\nVrata na stranicu: SZ (330\u00b0)<br \/>\nPromjer trima (cm): 360<br \/>\nVisina trima (cm): ?<br \/>\nVisina prstena (cm): ?<br \/>\nDebljina zida (cm): 75<br \/>\n\u0160irina vrata (cm): 60<br \/>\nVisina vrata (cm): 95<br \/>\n\u0160irina unutra (cm): 210<br \/>\nVisina unutra (cm): ?<br \/>\nVolumen iznutra (m3): ?<br \/>\nNema ni\u0161e<\/p><\/div><\/div><div class='content-column one_half last_column'><div style=\"padding-right:0px;padding-left:6px;\"><div id=\"attachment_24691\" style=\"width: 310px\" class=\"wp-caption aligncenter\"><img loading=\"lazy\" decoding=\"async\" aria-describedby=\"caption-attachment-24691\" class=\"size-full wp-image-24691\" src=\"https:\/\/www.topohvar.at\/wp-content\/uploads\/2019\/12\/gv-tr-51-24.jpg\" alt=\"\" width=\"300\" height=\"300\" srcset=\"https:\/\/www.topohvar.at\/wp-content\/uploads\/2019\/12\/gv-tr-51-24.jpg 300w, https:\/\/www.topohvar.at\/wp-content\/uploads\/2019\/12\/gv-tr-51-24-150x150.jpg 150w\" sizes=\"auto, (max-width: 300px) 100vw, 300px\" \/><p id=\"caption-attachment-24691\" class=\"wp-caption-text\">Pogled na jugozapad \/ Blick nach S\u00fcdwesten<\/p><\/div>\n<p>Am 29.09.2019 wurde der Trim besucht und untersucht<\/p>\n<p>Standort: Buschwerk<br \/>\nUntergrund: geneigt<br \/>\nVerbunden mit: Steinhaufen ungeordnet , Steinmauer<br \/>\nNutzung: ungenutzt<br \/>\nZustand: Kuppel fehlt<br \/>\nRinge\/Stufen des Trim: ?<br \/>\nZus\u00e4tzlicher Steinring: kein Steinring<br \/>\nStiege: Kragsteine<br \/>\nSteinform: kantig<br \/>\nEingangsbereich: verwachsen<br \/>\nEingangsseite: NW (330\u00b0)<br \/>\nTrimdurchmesser (cm): 360<br \/>\nTrimh\u00f6he (cm): ?<br \/>\nStufen\/Ringh\u00f6he (cm): ?<br \/>\nWandst\u00e4rke: 75<br \/>\nT\u00fcrbreite (cm): 60<br \/>\nT\u00fcrh\u00f6he (cm): 95<br \/>\nInnenraumbreite (cm): 210<br \/>\nInnenraumh\u00f6he (cm): ?<br \/>\nRaumvolumen (m3): ?<br \/>\nKeine Nische<\/p><\/div><\/div><div class='clear_column'><\/div><\/p>\n<p><img loading=\"lazy\" decoding=\"async\" class=\"aligncenter size-full wp-image-24689\" src=\"https:\/\/www.topohvar.at\/wp-content\/uploads\/2019\/12\/gv-tr-51-sc.jpg\" alt=\"\" width=\"600\" height=\"913\" srcset=\"https:\/\/www.topohvar.at\/wp-content\/uploads\/2019\/12\/gv-tr-51-sc.jpg 600w, https:\/\/www.topohvar.at\/wp-content\/uploads\/2019\/12\/gv-tr-51-sc-197x300.jpg 197w\" sizes=\"auto, (max-width: 600px) 100vw, 600px\" \/><\/p>\n<p style=\"text-align: right;\"><a href=\"#seite_oben\">natrag na vrh \/ Seitenanfang<\/a><\/p>\n<p>&nbsp;<\/p>\n<hr \/>\n<p><strong>Linkovi \/ Links<\/strong><\/p>\n<p>&#8211;<\/p>\n","protected":false},"excerpt":{"rendered":"<p>Ime \/ Name Trim \u00bbGV-TR-51\u00ab Code: GV-TR-51\u00a0 \u00a0 \u00a0 \u00a0 \u00a0 \u00a0 \u00a0 \u00a0 \u00a0 \u00a0 \u00a0 \u00a0 \u00a0 \u00a0 \u00a0 \u00a0 Adresa \/ Adresse Velo Grablje, put na \/ Weg nach Sv. Nikole Lokacija \/ Position Latitude: N 43,15905\u00b0\u00a0 &hellip; <a href=\"https:\/\/www.topohvar.at\/topo\/orte\/gv\/gv-tr-51-1\/\">Weiterlesen <span class=\"meta-nav\">&rarr;<\/span><\/a><\/p>\n","protected":false},"author":1,"featured_media":0,"parent":76,"menu_order":0,"comment_status":"closed","ping_status":"closed","template":"","meta":{"footnotes":""},"class_list":["post-9919","page","type-page","status-publish","hentry"],"_links":{"self":[{"href":"https:\/\/www.topohvar.at\/topo\/wp-json\/wp\/v2\/pages\/9919","targetHints":{"allow":["GET"]}}],"collection":[{"href":"https:\/\/www.topohvar.at\/topo\/wp-json\/wp\/v2\/pages"}],"about":[{"href":"https:\/\/www.topohvar.at\/topo\/wp-json\/wp\/v2\/types\/page"}],"author":[{"embeddable":true,"href":"https:\/\/www.topohvar.at\/topo\/wp-json\/wp\/v2\/users\/1"}],"replies":[{"embeddable":true,"href":"https:\/\/www.topohvar.at\/topo\/wp-json\/wp\/v2\/comments?post=9919"}],"version-history":[{"count":12,"href":"https:\/\/www.topohvar.at\/topo\/wp-json\/wp\/v2\/pages\/9919\/revisions"}],"predecessor-version":[{"id":49251,"href":"https:\/\/www.topohvar.at\/topo\/wp-json\/wp\/v2\/pages\/9919\/revisions\/49251"}],"up":[{"embeddable":true,"href":"https:\/\/www.topohvar.at\/topo\/wp-json\/wp\/v2\/pages\/76"}],"wp:attachment":[{"href":"https:\/\/www.topohvar.at\/topo\/wp-json\/wp\/v2\/media?parent=9919"}],"curies":[{"name":"wp","href":"https:\/\/api.w.org\/{rel}","templated":true}]}}