{"id":9923,"date":"2018-09-05T20:07:30","date_gmt":"2018-09-05T18:07:30","guid":{"rendered":"https:\/\/www.topohvar.at\/?page_id=9923"},"modified":"2024-03-23T08:32:34","modified_gmt":"2024-03-23T07:32:34","slug":"gv-tr-24-1","status":"publish","type":"page","link":"https:\/\/www.topohvar.at\/topo\/orte\/gv\/gv-tr-24-1\/","title":{"rendered":"VELO GRABLJE &#8211; Trim \u00bbGV-TR-24\u00ab, trim na Roskarnicu"},"content":{"rendered":"<p><a name=\"seite_oben\"><\/a><br \/>\n<strong><img loading=\"lazy\" decoding=\"async\" class=\"alignnone wp-image-22914 size-large\" src=\"https:\/\/www.topohvar.at\/wp-content\/uploads\/2019\/05\/gv-tr-24-10-1024x503.jpg\" alt=\"\" width=\"640\" height=\"314\" srcset=\"https:\/\/www.topohvar.at\/wp-content\/uploads\/2019\/05\/gv-tr-24-10-1024x503.jpg 1024w, https:\/\/www.topohvar.at\/wp-content\/uploads\/2019\/05\/gv-tr-24-10-300x147.jpg 300w, https:\/\/www.topohvar.at\/wp-content\/uploads\/2019\/05\/gv-tr-24-10-768x377.jpg 768w, https:\/\/www.topohvar.at\/wp-content\/uploads\/2019\/05\/gv-tr-24-10.jpg 1080w\" sizes=\"auto, (max-width: 640px) 100vw, 640px\" \/><\/strong><\/p>\n<p><strong>Ime \/ Name<br \/>\n<\/strong>Trim \u00bbGV-TR-24\u00ab, trim na Roskarnicu<\/p>\n<p><strong>Code: <\/strong>GV-TR-24\u00a0 \u00a0 \u00a0 \u00a0 \u00a0 \u00a0 \u00a0 \u00a0 \u00a0 \u00a0 \u00a0 \u00a0 \u00a0 \u00a0 \u00a0 \u00a0<strong><a href=\"https:\/\/www.topohvar.at\/orte\/gv\/gv-tr-00-1\/\"><img loading=\"lazy\" decoding=\"async\" class=\"alignnone wp-image-12300 size-full\" src=\"https:\/\/www.topohvar.at\/wp-content\/uploads\/2018\/09\/push-vor-30.jpg\" alt=\"\" width=\"61\" height=\"30\" \/><\/a> <a href=\"https:\/\/www.topohvar.at\/orte\/gv\/gv-tr-25-1\/\"><img loading=\"lazy\" decoding=\"async\" class=\"alignnone wp-image-533 size-full\" src=\"https:\/\/www.topohvar.at\/wp-content\/uploads\/2018\/07\/push-l-30.jpg\" alt=\"\" width=\"61\" height=\"30\" \/><\/a> <a href=\"https:\/\/www.topohvar.at\/orte\/gv\/\"><img loading=\"lazy\" decoding=\"async\" class=\"alignnone wp-image-535 size-full\" src=\"https:\/\/www.topohvar.at\/wp-content\/uploads\/2018\/07\/push-o-30.jpg\" alt=\"\" width=\"61\" height=\"30\" \/><\/a> <a href=\"https:\/\/www.topohvar.at\/orte\/gv\/gv-tr-23-1\/\"><img loading=\"lazy\" decoding=\"async\" class=\"alignnone wp-image-536 size-full\" src=\"https:\/\/www.topohvar.at\/wp-content\/uploads\/2018\/07\/push-r-30.jpg\" alt=\"\" width=\"61\" height=\"30\" \/><\/a><\/strong><\/p>\n<hr \/>\n<p><strong>Adresa \/ Adresse<br \/>\n<\/strong>Velo Grablje,\u00a0na ulici prema Selci \/ an der Stra\u00dfe nach Selca<\/p>\n<p><strong>Lokacija \/ Position<a href=\"https:\/\/goo.gl\/maps\/hu9ZhcUArz3byTAJ7\"><img loading=\"lazy\" decoding=\"async\" class=\"alignright wp-image-10365\" src=\"https:\/\/www.topohvar.at\/wp-content\/uploads\/2018\/09\/0196.jpg\" alt=\"\" width=\"133\" height=\"100\" \/><\/a><br \/>\n<\/strong><span style=\"color: #3366ff;\"><a style=\"color: #3366ff;\" href=\"https:\/\/goo.gl\/maps\/hu9ZhcUArz3byTAJ7\">Latitude: N 43,16755\u00b0\u00a0 \u00a0Longitude: E 16,53594\u00b0<\/a> <\/span><strong><br \/>\n<\/strong>Visina \/ H\u00f6he: 359 m<\/p>\n<p><strong>Katastarska \u010destica \/ Grundst\u00fccke<br \/>\n<\/strong>7459\/63\u00a0<div class='content-column one_half'><div style=\"padding-right:6px;\"><p><strong>Datum snimanja \/ Erfassungsdatum<br \/>\n<\/strong>09.05.2014 09:38:55<\/p>\n<hr \/>\n<p><strong>Informacije<\/strong><\/p>\n<p>Trim se nalazi na grebenu iznad puta Brusje &#8211; Selca (na staroj stazi od Starog Grada do Velog Grablja). Sagra\u0111en je na stjenovitom tlu. Njegova kupola vjerojatno nije bila dovr\u0161ena.<\/p><\/div><\/div><div class='content-column one_half last_column'><div style=\"padding-right:0px;padding-left:6px;\"><p><strong>Stupanj za\u0161tite \/ Schutzstellung<br \/>\n<\/strong>&#8211;<\/p>\n<hr \/>\n<p><strong>Info<\/strong><\/p>\n<p>Der Trim befindet sich auf einem Bergr\u00fccken oberhalb der Stra\u00dfe von Brusje nach Selca (am alten Fu\u00dfweg von Stari Grad nach Velo Grablje). Er ist auf felsigen Untergrund errichtet. Seine Kuppel wurde vermutlich nicht fertig gestellt.<\/p><\/div><\/div><div class='clear_column'><\/div><div class='content-column one_half'><div style=\"padding-right:6px;\"><p>U o\u017eujku 2024. godine trim je obnovljen u sklopu \u201eDani suhozida na Hvaru\u201c na inicijativu udruge \u201ePjover\u201c. Gornji dio potpuno je obnovljen pod stru\u010dnim vodstvom me\u0161tra Cvjetka Buratovi\u0107a.<\/p><\/div><\/div><div class='content-column one_half last_column'><div style=\"padding-right:0px;padding-left:6px;\"><p>Im M\u00e4rz 2024 wurde der Trim im Rahmen der &#8222;Tage der Trockensteinmauern auf Hvar&#8220; auf Initiative des Vereins &#8222;Pjover&#8220; erneuert. Es erfolgte der kompletter Neubau des oberen Teils unter der fachkundigen Leitung von Meister Cvjetko Buratovi\u0107.<\/p><\/div><\/div><div class='clear_column'><\/div><div class='content-column one_half'><div style=\"padding-right:6px;\"><div id=\"attachment_23659\" style=\"width: 310px\" class=\"wp-caption aligncenter\"><img loading=\"lazy\" decoding=\"async\" aria-describedby=\"caption-attachment-23659\" class=\"size-medium wp-image-23659\" src=\"https:\/\/www.topohvar.at\/wp-content\/uploads\/2019\/07\/gv-tr-24-11-300x300.jpg\" alt=\"\" width=\"300\" height=\"300\" srcset=\"https:\/\/www.topohvar.at\/wp-content\/uploads\/2019\/07\/gv-tr-24-11-300x300.jpg 300w, https:\/\/www.topohvar.at\/wp-content\/uploads\/2019\/07\/gv-tr-24-11-150x150.jpg 150w, https:\/\/www.topohvar.at\/wp-content\/uploads\/2019\/07\/gv-tr-24-11.jpg 450w\" sizes=\"auto, (max-width: 300px) 100vw, 300px\" \/><p id=\"caption-attachment-23659\" class=\"wp-caption-text\">Ulaz \/ Eingang<\/p><\/div>\n<p>Dana 20.05.2019 trim je posje\u0107en i prona\u0111en je sljede\u0107i.<br \/>\nDodaci nakon obnove 2024. prikazani su <strong><span style=\"color: #ff0000;\">crvenom<\/span><\/strong> bojom.<\/p>\n<p>Lokacija: livada, vrba<br \/>\nPodloga: stjenovit<br \/>\nPovezan s: kameni zid<br \/>\nUpotreba: ne koristi<br \/>\nStanje: kupola djelomi\u010dno uru\u0161ena ili nedovr\u0161ena <span style=\"color: #ff0000;\">\/ renoviran, u vrlo je dobrom stanju.<\/span><br \/>\nBroj stepenica trima: ? <span style=\"color: #ff0000;\">\/ 2<\/span><br \/>\nDodatni kameni prsten: nema prstena<br \/>\nStepeni\u0161te: nema stepenica<br \/>\nOblik kamena: uglast<br \/>\nPodru\u010dje ispred ulaza: lako dostupni<br \/>\nOrientacija ulaza: J (190\u00b0)<br \/>\nPromjer trima (cm): 390<br \/>\nVisina trima (cm): ? <span style=\"color: #ff0000;\">\/ 220<\/span><br \/>\nVisina stepenica (cm): stepenica 1: ? <span style=\"color: #ff0000;\">\/ 165,<\/span><br \/>\n<span style=\"color: #ff0000;\">stepenica 2: 210<\/span><br \/>\nDebljina zida (cm): 75<br \/>\n\u0160irina vrata (cm): 60<br \/>\nVisina vrata (cm): 105<br \/>\n\u0160irina unutra (cm): 240<br \/>\nVisina unutra (cm): ? <span style=\"color: #ff0000;\">\/ 210<\/span><br \/>\nVolumen iznutra (m3): ? <span style=\"color: #ff0000;\">\/ 6,2<\/span><br \/>\nNema ni\u0161e<\/p><\/div><\/div><div class='content-column one_half last_column'><div style=\"padding-right:0px;padding-left:6px;\"><div id=\"attachment_23660\" style=\"width: 310px\" class=\"wp-caption aligncenter\"><img loading=\"lazy\" decoding=\"async\" aria-describedby=\"caption-attachment-23660\" class=\"size-medium wp-image-23660\" src=\"https:\/\/www.topohvar.at\/wp-content\/uploads\/2019\/07\/gv-tr-24-13-300x300.jpg\" alt=\"\" width=\"300\" height=\"300\" srcset=\"https:\/\/www.topohvar.at\/wp-content\/uploads\/2019\/07\/gv-tr-24-13-300x300.jpg 300w, https:\/\/www.topohvar.at\/wp-content\/uploads\/2019\/07\/gv-tr-24-13-150x150.jpg 150w, https:\/\/www.topohvar.at\/wp-content\/uploads\/2019\/07\/gv-tr-24-13.jpg 450w\" sizes=\"auto, (max-width: 300px) 100vw, 300px\" \/><p id=\"caption-attachment-23660\" class=\"wp-caption-text\">Pogled na zapad \/ Blick nach Westen<\/p><\/div>\n<p>Am 20.05.2019 wurde der Trim besucht und untersucht. Die Erg\u00e4nzungen nach der Renovierung im Jahr 2024 sind <strong><span style=\"color: #ff0000;\">rot<\/span><\/strong>\u00a0dargestellt.<\/p>\n<p>Standort: Wiese, Weide<br \/>\nUntergrund: Fels<br \/>\nVerbunden mit: Steinmauer<br \/>\nNutzung: ungenutzt<br \/>\nZustand: Kuppel teilweise eingest\u00fcrzt oder nicht fertiggestellt <span style=\"color: #ff0000;\">\/ renoviert, sehr gut erhalten.<\/span><br \/>\nAnzahl der Trimstufen: ? <span style=\"color: #ff0000;\">\/ 2<\/span><br \/>\nZus\u00e4tzlicher Steinring: kein Steinring<br \/>\nStiege: keine Stufen<br \/>\nSteinform: kantig<br \/>\nEingangsbereich: frei<br \/>\nEingangsseite: S (190\u00b0)<br \/>\nTrimdurchmesser (cm): 390<br \/>\nTrimh\u00f6he (cm): ? <span style=\"color: #ff0000;\">\/ 220<\/span><br \/>\nH\u00f6he der Trimstufen (cm): Stufe 1: ? <span style=\"color: #ff0000;\">\/ 165,<\/span><br \/>\n<span style=\"color: #ff0000;\">Stufe 2: 210<\/span><br \/>\nWandst\u00e4rke: 75<br \/>\nT\u00fcrbreite (cm): 60<br \/>\nT\u00fcrh\u00f6he (cm): 105<br \/>\nInnenraumbreite (cm): 240<br \/>\nInnenraumh\u00f6he (cm): ? <span style=\"color: #ff0000;\">\/ 210<\/span><br \/>\nRaumvolumen (m3): ? <span style=\"color: #ff0000;\">\/ 6,2<\/span><br \/>\nKeine Nische<\/p><\/div><\/div><div class='clear_column'><\/div><\/p>\n<p><img loading=\"lazy\" decoding=\"async\" class=\"aligncenter size-full wp-image-23661\" src=\"https:\/\/www.topohvar.at\/wp-content\/uploads\/2019\/07\/gv-tr-24-sca.jpg\" alt=\"\" width=\"640\" height=\"976\" srcset=\"https:\/\/www.topohvar.at\/wp-content\/uploads\/2019\/07\/gv-tr-24-sca.jpg 640w, https:\/\/www.topohvar.at\/wp-content\/uploads\/2019\/07\/gv-tr-24-sca-197x300.jpg 197w\" sizes=\"auto, (max-width: 640px) 100vw, 640px\" \/><\/p>\n<div class='content-column one_half'><div style=\"padding-right:6px;\"><p><strong>Trim nakon obnove u o\u017eujku 2024.<\/strong><\/p><\/div><\/div><div class='content-column one_half last_column'><div style=\"padding-right:0px;padding-left:6px;\"><p><strong>Der Trim nach der Renovierung im M\u00e4rz 2024.<\/strong><\/p><\/div><\/div><div class='clear_column'><\/div><\/p>\n<p><img loading=\"lazy\" decoding=\"async\" class=\"aligncenter size-full wp-image-65490\" src=\"https:\/\/www.topohvar.at\/wp-content\/uploads\/2024\/03\/gv-tr-24-20.jpg\" alt=\"\" width=\"1080\" height=\"530\" srcset=\"https:\/\/www.topohvar.at\/wp-content\/uploads\/2024\/03\/gv-tr-24-20.jpg 1080w, https:\/\/www.topohvar.at\/wp-content\/uploads\/2024\/03\/gv-tr-24-20-300x147.jpg 300w, https:\/\/www.topohvar.at\/wp-content\/uploads\/2024\/03\/gv-tr-24-20-1024x503.jpg 1024w, https:\/\/www.topohvar.at\/wp-content\/uploads\/2024\/03\/gv-tr-24-20-768x377.jpg 768w\" sizes=\"auto, (max-width: 1080px) 100vw, 1080px\" \/><\/p>\n<div class='content-column one_half'><div style=\"padding-right:6px;\"><div id=\"attachment_65501\" style=\"width: 310px\" class=\"wp-caption aligncenter\"><img loading=\"lazy\" decoding=\"async\" aria-describedby=\"caption-attachment-65501\" class=\"wp-image-65501 size-full\" src=\"https:\/\/www.topohvar.at\/wp-content\/uploads\/2024\/03\/gv-tr-24-23-rotated.jpg\" alt=\"\" width=\"300\" height=\"300\" srcset=\"https:\/\/www.topohvar.at\/wp-content\/uploads\/2024\/03\/gv-tr-24-23-rotated.jpg 300w, https:\/\/www.topohvar.at\/wp-content\/uploads\/2024\/03\/gv-tr-24-23-150x150.jpg 150w\" sizes=\"auto, (max-width: 300px) 100vw, 300px\" \/><p id=\"caption-attachment-65501\" class=\"wp-caption-text\">Nova kupola \/ die neue Kuppel<\/p><\/div><\/div><\/div><div class='content-column one_half last_column'><div style=\"padding-right:0px;padding-left:6px;\"><div id=\"attachment_65500\" style=\"width: 310px\" class=\"wp-caption aligncenter\"><img loading=\"lazy\" decoding=\"async\" aria-describedby=\"caption-attachment-65500\" class=\"wp-image-65500 size-full\" src=\"https:\/\/www.topohvar.at\/wp-content\/uploads\/2024\/03\/gv-tr-24-22.jpg\" alt=\"\" width=\"300\" height=\"300\" srcset=\"https:\/\/www.topohvar.at\/wp-content\/uploads\/2024\/03\/gv-tr-24-22.jpg 300w, https:\/\/www.topohvar.at\/wp-content\/uploads\/2024\/03\/gv-tr-24-22-150x150.jpg 150w\" sizes=\"auto, (max-width: 300px) 100vw, 300px\" \/><p id=\"caption-attachment-65500\" class=\"wp-caption-text\">Pogled na istok \/ Blick nach Osten<\/p><\/div>\n<p style=\"text-align: left;\"><\/div><\/div><div class='clear_column'><\/div><\/p>\n<p><img loading=\"lazy\" decoding=\"async\" class=\"aligncenter size-full wp-image-65506\" src=\"https:\/\/www.topohvar.at\/wp-content\/uploads\/2024\/03\/gv-tr-24-scan2.jpg\" alt=\"\" width=\"640\" height=\"885\" srcset=\"https:\/\/www.topohvar.at\/wp-content\/uploads\/2024\/03\/gv-tr-24-scan2.jpg 640w, https:\/\/www.topohvar.at\/wp-content\/uploads\/2024\/03\/gv-tr-24-scan2-217x300.jpg 217w\" sizes=\"auto, (max-width: 640px) 100vw, 640px\" \/><\/p>\n<p style=\"text-align: right;\"><a href=\"#seite_oben\">natrag na vrh \/ Seitenanfang<\/a><\/p>\n<div class='content-column one_half'><div style=\"padding-right:6px;\"><p>U blizini su informativne plo\u010de \u201cSuhozidi &#8211; spomenici ljudskom radu i trudu\u201d i \u00bbPut Vapnenica &#8211; Sv. Nikole &#8211; Sveta Njedjelja\u00ab, te vapnenica Roskarnicu.<\/p><\/div><\/div><div class='content-column one_half last_column'><div style=\"padding-right:0px;padding-left:6px;\"><p>In der N\u00e4he befinden sich die Infotafeln \u00bbSuhozidi &#8211; spomenici ljudskom radu i trudu\u00ab und \u00bbPut Vapnenica &#8211; Sv. Nikole &#8211; Sveta Njedjelja\u00ab, sowie der Kalkofen auf Roskarnica.<\/p><\/div><\/div><div class='clear_column'><\/div><\/p>\n<hr \/>\n<p><strong>Linkovi \/ Links<\/strong><\/p>\n<p><span style=\"color: #3366ff;\"><a style=\"color: #3366ff;\" href=\"https:\/\/www.topohvar.at\/orte\/gv\/gv-ip-05-1\/\">Informativna plo\u010da \/ Infotafel \u00bbSuhozidi &#8211; spomenici ljudskom radu i trudu\u00ab<\/a><br \/>\n<a style=\"color: #3366ff;\" href=\"https:\/\/www.topohvar.at\/topo\/orte\/gv\/gv-ip-02-1\/\">Informativna plo\u010da \/ Infotafel \u00bbPut Vapnenica &#8211; Sv. Nikole &#8211; Sveta Njedjelja\u00ab<\/a><br \/>\n<a style=\"color: #3366ff;\" href=\"https:\/\/www.topohvar.at\/orte\/gv\/gv-ob-01-1\/\">Objekt \u00bbVapnenica na Roskarsnicu\u00ab \/ Kalkofen auf Roskarnica<\/a><br \/>\n<\/span><\/p>\n","protected":false},"excerpt":{"rendered":"<p>Ime \/ Name Trim \u00bbGV-TR-24\u00ab, trim na Roskarnicu Code: GV-TR-24\u00a0 \u00a0 \u00a0 \u00a0 \u00a0 \u00a0 \u00a0 \u00a0 \u00a0 \u00a0 \u00a0 \u00a0 \u00a0 \u00a0 \u00a0 \u00a0 Adresa \/ Adresse Velo Grablje,\u00a0na ulici prema Selci \/ an der Stra\u00dfe nach Selca Lokacija &hellip; <a href=\"https:\/\/www.topohvar.at\/topo\/orte\/gv\/gv-tr-24-1\/\">Weiterlesen <span class=\"meta-nav\">&rarr;<\/span><\/a><\/p>\n","protected":false},"author":1,"featured_media":0,"parent":76,"menu_order":0,"comment_status":"closed","ping_status":"closed","template":"","meta":{"footnotes":""},"class_list":["post-9923","page","type-page","status-publish","hentry"],"_links":{"self":[{"href":"https:\/\/www.topohvar.at\/topo\/wp-json\/wp\/v2\/pages\/9923","targetHints":{"allow":["GET"]}}],"collection":[{"href":"https:\/\/www.topohvar.at\/topo\/wp-json\/wp\/v2\/pages"}],"about":[{"href":"https:\/\/www.topohvar.at\/topo\/wp-json\/wp\/v2\/types\/page"}],"author":[{"embeddable":true,"href":"https:\/\/www.topohvar.at\/topo\/wp-json\/wp\/v2\/users\/1"}],"replies":[{"embeddable":true,"href":"https:\/\/www.topohvar.at\/topo\/wp-json\/wp\/v2\/comments?post=9923"}],"version-history":[{"count":32,"href":"https:\/\/www.topohvar.at\/topo\/wp-json\/wp\/v2\/pages\/9923\/revisions"}],"predecessor-version":[{"id":65540,"href":"https:\/\/www.topohvar.at\/topo\/wp-json\/wp\/v2\/pages\/9923\/revisions\/65540"}],"up":[{"embeddable":true,"href":"https:\/\/www.topohvar.at\/topo\/wp-json\/wp\/v2\/pages\/76"}],"wp:attachment":[{"href":"https:\/\/www.topohvar.at\/topo\/wp-json\/wp\/v2\/media?parent=9923"}],"curies":[{"name":"wp","href":"https:\/\/api.w.org\/{rel}","templated":true}]}}